{"id":5575,"date":"2026-03-17T15:37:23","date_gmt":"2026-03-17T18:37:23","guid":{"rendered":"https:\/\/eluxfrio.com.br\/belo-horizonte\/?page_id=5575"},"modified":"2026-03-18T11:43:47","modified_gmt":"2026-03-18T14:43:47","slug":"politica-de-privacidade","status":"publish","type":"page","link":"https:\/\/eluxfrio.com.br\/belo-horizonte\/politica-de-privacidade\/","title":{"rendered":"Pol\u00edtica de Privacidade"},"content":{"rendered":"<p>[vc_row][vc_column][vc_column_text]A\u00a0<strong>Eluxfrio Assist\u00eancia T\u00e9cnica<\/strong>\u00a0assumi o compromisso em resguardar sua privacidade. O intuito deste documento \u00e9 esclarecer quais informa\u00e7\u00f5es s\u00e3o coletadas dos usu\u00e1rios de nosso\u00a0<strong>site<\/strong>\u00a0e respectivos servi\u00e7os \u2013 e de que forma esses dados s\u00e3o manipulados e utilizados.<\/p>\n<p>Alertamos que se voc\u00ea n\u00e3o concorda com o conte\u00fado desta pol\u00edtica, n\u00e3o \u00e9 recomend\u00e1vel baixar nossos materiais nem utilizar quaisquer de nossos servi\u00e7os.<\/p>\n<h2><strong>Coleta de Dados<\/strong><\/h2>\n<p><em><strong>Informa\u00e7\u00f5es fornecidas por voc\u00ea<\/strong><\/em>\u00a0\u2013 Coletamos informa\u00e7\u00f5es de identifica\u00e7\u00e3o pessoal \u2013 como nome, email, telefone \u2013 via preenchimento dos formul\u00e1rios. Eventualmente, a solicita\u00e7\u00e3o algumas informa\u00e7\u00f5es podem ser feitas por meio de contato direto da Eluxfrio Assist\u00eancia T\u00e9cnica com os usu\u00e1rios via email ou telefone.<\/p>\n<p><em><strong>Informa\u00e7\u00f5es de navega\u00e7\u00e3o no site<\/strong><\/em>\u00a0\u2013 Quando voc\u00ea visita nosso site, \u00e9 inserido um \u2018cookie\u2019 no seu navegador por meio do software Google Analytics, para identificar quantas vezes voc\u00ea retorna ao nosso endere\u00e7o. S\u00e3o coletadas, anonimamente, informa\u00e7\u00f5es, como endere\u00e7o IP, localiza\u00e7\u00e3o geogr\u00e1fica, fonte de refer\u00eancia, tipo de navegador, dura\u00e7\u00e3o da visita e p\u00e1ginas visitadas.<\/p>\n<p><em><strong>Hist\u00f3rico de contato<\/strong><\/em>\u00a0\u2013 Armazenamos informa\u00e7\u00f5es a respeito de todos os contatos j\u00e1 realizados com nossos usu\u00e1rios, como conte\u00fados baixados a partir de nossas p\u00e1ginas e intera\u00e7\u00f5es via email.<\/p>\n<h2><strong>Informa\u00e7\u00f5es Pessoais<\/strong><\/h2>\n<p>O presente termo permite que Eluxfrio Assist\u00eancia T\u00e9cnica use suas informa\u00e7\u00f5es pessoais para diferentes finalidades.<\/p>\n<p>O email \u00e9 utilizado para a opera\u00e7\u00e3o de envio do material ou informa\u00e7\u00e3o por voc\u00ea requisitada no preenchimento do formul\u00e1rio. Tamb\u00e9m pode ser usado para envio de Newsletters, sempre relacionadas ao tema Assist\u00eancia T\u00e9cnica de Eletrodom\u00e9sticos.<\/p>\n<p>Por fim, o email ser\u00e1 utilizado ainda para comunicar o lan\u00e7amento de novos materiais gratuitos ou de novos produtos e parceiros. No entanto, o usu\u00e1rio pode cancelar a assinatura a qualquer momento.<\/p>\n<p>Os dados de download poder\u00e3o ser divulgados como pesquisas e estat\u00edsticas, n\u00e3o sendo reveladas abertamente nenhuma informa\u00e7\u00e3o pessoal, a menos que autorizada explicitamente.<\/p>\n<p>Funcion\u00e1rios da Eluxfrio Assist\u00eancia T\u00e9cnica poder\u00e3o eventualmente entrar em contato via email ou telefone para fazer pesquisas ou apresentar produtos e servi\u00e7os.<\/p>\n<p>Suas informa\u00e7\u00f5es pessoais ser\u00e3o compartilhadas com nossos parceiros apenas quando a parceria estiver expl\u00edcita na p\u00e1gina onde consta o formul\u00e1rio para o recebimento de conte\u00fado educativo.<\/p>\n<h2><strong>Acesso as Informa\u00e7\u00f5es Pessoais<\/strong><\/h2>\n<p>Poder\u00e3o ver suas informa\u00e7\u00f5es pessoais apenas funcion\u00e1rios da Eluxfrio Assist\u00eancia T\u00e9cnica. Eventualmente, caso a inser\u00e7\u00e3o de suas informa\u00e7\u00f5es se d\u00ea em a\u00e7\u00f5es criadas em parcerias, os parceiros explicitamente identificados tamb\u00e9m ter\u00e3o acesso \u00e0 informa\u00e7\u00e3o. Nenhuma informa\u00e7\u00e3o pessoal poder\u00e1 ser divulgada publicamente.<\/p>\n<p>A Eluxfrio Assist\u00eancia T\u00e9cnica tamb\u00e9m se compromete a n\u00e3o vender, alugar ou repassar suas informa\u00e7\u00f5es para terceiros. A \u00fanica exce\u00e7\u00e3o est\u00e1 em casos em que essas informa\u00e7\u00f5es forem exigidas judicialmente.<\/p>\n<p>Al\u00e9m disso, embora trabalhemos com boas pr\u00e1ticas de prote\u00e7\u00e3o e seguran\u00e7a, nenhum servi\u00e7o web possui 100% de garantia contra invas\u00f5es e n\u00e3o podemos nos responsabilizar caso isso ocorra.<\/p>\n<h3><strong>Compartilhamento de conte\u00fado nas redes sociais<\/strong><\/h3>\n<p>Ao clicar nos bot\u00f5es de compartilhamento de conte\u00fado nas m\u00eddias sociais dispon\u00edveis em nossas p\u00e1ginas, o usu\u00e1rio estar\u00e1 publicando o conte\u00fado por meio de seu perfil na rede selecionada. A Eluxfrio Assist\u00eancia T\u00e9cnica n\u00e3o t\u00eam acesso ao login e senha dos usu\u00e1rios nessas redes, nem publicar\u00e1 conte\u00fado em nome do usu\u00e1rio sem que ele realize esta a\u00e7\u00e3o.<\/p>\n<p>O mesmo princ\u00edpio vale para a obten\u00e7\u00e3o de materiais educativos por meio da op\u00e7\u00e3o \u201cPagamento Social\u201d.<\/p>\n<h3><strong>Informa\u00e7\u00f5es fornecidas a nossos clientes<\/strong><\/h3>\n<p>A Eluxfrio Assist\u00eancia T\u00e9cnica n\u00e3o controla as informa\u00e7\u00f5es solicitadas utilizando seu sistema. Esses dados pertencem aos clientes, que os utilizam, divulgam e protegem de acordo com suas pol\u00edticas de privacidade. S\u00e3o eles tamb\u00e9m os respons\u00e1veis por coletar, gerenciar e processar as informa\u00e7\u00f5es confidenciais.<\/p>\n<h3><strong>Cancelamento da assinatura e altera\u00e7\u00e3o\/exclus\u00e3o de informa\u00e7\u00f5es pessoais<\/strong><\/h3>\n<p>Voc\u00ea pode optar por n\u00e3o receber mais qualquer tipo de email da Eluxfrio Assist\u00eancia T\u00e9cnica.<\/p>\n<p>Em todos os emails que enviamos h\u00e1 sempre um link para cancelar a assinatura dispon\u00edvel nas \u00faltimas linhas. Ao clicar nesse link voc\u00ea ser\u00e1 automaticamente descadastrado da lista.<\/p>\n<p>\u00c9 importante mencionar que ao preencher qualquer formul\u00e1rio novamente ficar\u00e1 caracterizada a reinser\u00e7\u00e3o do seu email \u00e0 lista. Portanto, a requisi\u00e7\u00e3o de cancelamento deve ser feita novamente caso seja de seu interesse.<\/p>\n<p>Para alterar suas informa\u00e7\u00f5es pessoais ou mesmo exclu\u00ed-las do nosso banco de dados, basta enviar um email.<\/p>\n<h3><strong>Mudan\u00e7as na Pol\u00edtica de Privacidade<\/strong><\/h3>\n<p>Essa Pol\u00edtica de Privacidade pode passar por atualiza\u00e7\u00f5es. Desta forma, recomendamos visitar periodicamente esta p\u00e1gina para que voc\u00ea tenha conhecimento sobre as modifica\u00e7\u00f5es.<\/p>\n<p>Antes de usar informa\u00e7\u00f5es para outros fins que n\u00e3o os definidos nesta Pol\u00edtica de Privacidade, solicitaremos sua autoriza\u00e7\u00e3o.<\/p>\n<p><strong>Contato com Eluxfrio Assist\u00eancia T\u00e9cnica para esclarecimento de d\u00favidas<\/strong><\/p>\n<p>Qualquer d\u00favida em rela\u00e7\u00e3o \u00e0 nossa pol\u00edtica de privacidade pode ser esclarecida entrando em contato conosco.<\/p>\n<p>Envie um email para\u00a0<a href=\"mailto:contato@eluxfrio.com.br\"><strong>contato@eluxfrio.com.br<\/strong>\u00a0<\/a>ou ligando <strong>(31) 3181-2938<\/strong><\/p>\n<p>Estamos localizados na cidade do\u00a0<strong>S\u00e3o Pa<\/strong><strong>u<\/strong><strong>lo<\/strong>.[\/vc_column_text][\/vc_column][\/vc_row]<\/p>\n","protected":false},"excerpt":{"rendered":"<p>[vc_row][vc_column][vc_column_text]A\u00a0Eluxfrio Assist\u00eancia T\u00e9cnica\u00a0assumi o compromisso em resguardar sua privacidade. O intuito deste documento \u00e9 esclarecer quais informa\u00e7\u00f5es s\u00e3o coletadas dos usu\u00e1rios de nosso\u00a0site\u00a0e respectivos servi\u00e7os \u2013 e de que forma esses dados s\u00e3o manipulados e utilizados. Alertamos que se voc\u00ea n\u00e3o concorda com o conte\u00fado desta pol\u00edtica, n\u00e3o \u00e9 recomend\u00e1vel baixar nossos materiais nem utilizar [&hellip;]<\/p>\n","protected":false},"author":1,"featured_media":0,"parent":0,"menu_order":0,"comment_status":"closed","ping_status":"closed","template":"","meta":{"footnotes":""},"class_list":["post-5575","page","type-page","status-publish","hentry","no-post-thumbnail"],"_links":{"self":[{"href":"https:\/\/eluxfrio.com.br\/belo-horizonte\/wp-json\/wp\/v2\/pages\/5575","targetHints":{"allow":["GET"]}}],"collection":[{"href":"https:\/\/eluxfrio.com.br\/belo-horizonte\/wp-json\/wp\/v2\/pages"}],"about":[{"href":"https:\/\/eluxfrio.com.br\/belo-horizonte\/wp-json\/wp\/v2\/types\/page"}],"author":[{"embeddable":true,"href":"https:\/\/eluxfrio.com.br\/belo-horizonte\/wp-json\/wp\/v2\/users\/1"}],"replies":[{"embeddable":true,"href":"https:\/\/eluxfrio.com.br\/belo-horizonte\/wp-json\/wp\/v2\/comments?post=5575"}],"version-history":[{"count":0,"href":"https:\/\/eluxfrio.com.br\/belo-horizonte\/wp-json\/wp\/v2\/pages\/5575\/revisions"}],"wp:attachment":[{"href":"https:\/\/eluxfrio.com.br\/belo-horizonte\/wp-json\/wp\/v2\/media?parent=5575"}],"curies":[{"name":"wp","href":"https:\/\/api.w.org\/{rel}","templated":true}]}}