{"id":5578,"date":"2026-03-17T15:37:59","date_gmt":"2026-03-17T18:37:59","guid":{"rendered":"https:\/\/eluxfrio.com.br\/belo-horizonte\/?page_id=5578"},"modified":"2026-03-18T11:43:16","modified_gmt":"2026-03-18T14:43:16","slug":"politica-de-cookies","status":"publish","type":"page","link":"https:\/\/eluxfrio.com.br\/belo-horizonte\/politica-de-cookies\/","title":{"rendered":"Pol\u00edtica de Cookies"},"content":{"rendered":"<p>[vc_row][vc_column][vc_column_text]N\u00f3s utilizamos cookies em nosso site para melhorar o desempenho e as funcionalidades que podemos oferecer a voc\u00ea.<\/p>\n<p>Com isto o nosso objetivo \u00e9 melhorar a sua experi\u00eancia durante a utiliza\u00e7\u00e3o de nosso site.<\/p>\n<h2><strong>Mas o que s\u00e3o Cookies?<\/strong><\/h2>\n<p>Apesar do nome sugerir um alimento, os cookies dos quais tratamos aqui n\u00e3o tem nenhuma rela\u00e7\u00e3o com os biscoitos.<br \/>\nS\u00e3o chamados de cookies, pequenos arquivos de texto, que um site utiliza quando visitado.<\/p>\n<p>Estes cookies colocam no computador do usu\u00e1rio ou em seu dispositivo m\u00f3vel, atrav\u00e9s de seu navegador de internet (browser), dispositivos que reconhecem ele em uma pr\u00f3xima visita ao nosso site.<\/p>\n<p>Estes cookies n\u00e3o recolhem informa\u00e7\u00f5es que identificam o usu\u00e1rio, no entanto, se este usu\u00e1rio j\u00e1 for um cliente nosso, podemos monitorar as suas visitas.<\/p>\n<p>Para que estas visitas ao nosso site sejam monitoradas, ser\u00e1 necess\u00e1rio que o usu\u00e1rio, em algum momento, tenha nos enviado um e-mail, SMS ou outro tipo de mensagem de texto.<\/p>\n<p>Nossos cookies recolhem informa\u00e7\u00f5es gen\u00e9ricas, relacionadas com as suas prefer\u00eancias, visando, principalmente, identificar a forma como estes visitantes nos encontram na internet.<\/p>\n<p>S\u00e3o exemplos de assuntos de nosso interesse, dentre outros, a regi\u00e3o do pa\u00eds\/pa\u00edses que visitam nosso site etc.<\/p>\n<p>\u00c9 muito importante que voc\u00ea saiba que voc\u00ea pode, a qualquer momento, alterar a forma como os cookies interagem com o seu aparelho.<\/p>\n<p>Portanto, a qualquer instante, voc\u00ea pode bloquear a entrada de nossos cookies em seu sistema.<\/p>\n<p>Tamb\u00e9m temos o dever de lhe informar que o bloqueio da utiliza\u00e7\u00e3o dos cookies pode, eventualmente, impossibilitando que voc\u00ea utilize algumas \u00e1reas de nosso site, ou de receber informa\u00e7\u00f5es personalizadas de assuntos de seu interesse.<\/p>\n<h2><strong>Quais tipos de Cookies utilizamos?<\/strong><\/h2>\n<p><strong>Cookies Necess\u00e1rios:<\/strong>\u00a0S\u00e3o aqueles que s\u00e3o estritamente necess\u00e1rios para que o site funcione corretamente, e para que voc\u00ea possa utilizar todos os recursos dispon\u00edveis.<\/p>\n<p>Estes cookies n\u00e3o coletam informa\u00e7\u00f5es sobre voc\u00ea, que poderiam vir a ser utilizadas em nossas campanhas de marketing, ou rastrear por onde voc\u00ea navegou na internet.<\/p>\n<p><strong>Cookies Anal\u00edticos:<\/strong>\u00a0Estes cookies coletam algumas informa\u00e7\u00f5es sobre os visitantes que utilizam o nosso site.<br \/>\nPodemos trazer como exemplo, meramente ilustrativo, quais s\u00e3o as p\u00e1ginas mais visitadas.<\/p>\n<p>Importante destacar que estes cookies n\u00e3o coletam informa\u00e7\u00f5es que identificam o usu\u00e1rio ou visitante.<\/p>\n<p>Estas informa\u00e7\u00f5es s\u00e3o an\u00f4nimas.<\/p>\n<p>Nosso site utiliza a tecnologia do Google Analytics, portanto, esses cookies ter\u00e3o as informa\u00e7\u00f5es coletadas, transferidas e armazenadas pelo Google em seus servidores nos EUA.<\/p>\n<p>Para mais informa\u00e7\u00f5es do uso destas informa\u00e7\u00f5es por parte do Googles, acesse os sites abaixo:<\/p>\n<ul>\n<li>Google Analytics privacy overview<\/li>\n<li>Opt out of Google Analytics tracking<\/li>\n<\/ul>\n<p><strong>Cookies de Funcionalidade:<\/strong>\u00a0Esta categoria de cookies permite que n\u00f3s saibamos as prefer\u00eancias do usu\u00e1rio.<\/p>\n<p>Estes cookies, em linhas gerais, guardam as prefer\u00eancias dos usu\u00e1rios, evitando, por exemplo, que voc\u00ea tenha que reconfigurar o site a cada visita.<\/p>\n<p><strong>Cookies de Terceiros:<\/strong>\u00a0Como j\u00e1 citamos acima, utilizamos aplicativos do Google Analytics, e estes Cookies s\u00e3o utilizados para avaliar a efici\u00eancia da publicidade de terceiros em nosso site.<\/p>\n<p><strong>Cookies de Publicidade:<\/strong>\u00a0Estes cookies t\u00eam por finalidade, tomando como base as prefer\u00eancias do usu\u00e1rio, incluindo nesta an\u00e1lise, por exemplo, o n\u00famero de visitas, para exibi\u00e7\u00e3o de an\u00fancios.<\/p>\n<p>Outra da fun\u00e7\u00e3o deste tipo de cookies \u00e9 avaliar quanto os m\u00e9todos de publicidade est\u00e3o sendo efetivos.<\/p>\n<h2><strong>Estes cookies podem ser<\/strong><\/h2>\n<p><strong>Permanentes:<\/strong>\u00a0Estes tipos de cookie ficam armazenados no navegador de internet do usu\u00e1rio (browser) dos dispositivos utilizados para acesso a nossa p\u00e1gina (pode ser um pc, celular ou tablet, por exemplo), e comunicam-se com o nosso site a cada visita, e s\u00e3o utilizados para direcionamento da navega\u00e7\u00e3o, tomando como base as prefer\u00eancias do usu\u00e1rio.<\/p>\n<p><strong>De sess\u00e3o:<\/strong>\u00a0Estes cookies s\u00e3o tempor\u00e1rios, e permanecem no seu browser (ou navegador de internet), at\u00e9 o final de sua visita ao nosso site.<\/p>\n<p>As informa\u00e7\u00f5es captadas por estes cookies t\u00eam como principal objetivo oferecer a voc\u00ea usu\u00e1rio, uma melhor experi\u00eancia em site.<\/p>\n<h3><strong>Orienta\u00e7\u00f5es Gerais<\/strong><\/h3>\n<p>Os navegadores de internet (browsers), em regra geral, permitem que o usu\u00e1rio possa recusar, apagar, aceitar os cookies.<\/p>\n<p>Esta op\u00e7\u00e3o, de tratamento dos cookies, est\u00e1 nas defini\u00e7\u00f5es, configura\u00e7\u00f5es ou op\u00e7\u00f5es do seu navegador (browsers).<\/p>\n<p>Uma vez que o usu\u00e1rio autorizar o uso de cookies, a qualquer momento ele pode desativar esta op\u00e7\u00e3o, parcial ou totalmente.<\/p>\n<p>Destacamos que, uma vez desativados os cookies, eventualmente, algumas \u00e1reas de nosso site podem n\u00e3o funcionar adequadamente.[\/vc_column_text][\/vc_column][\/vc_row]<\/p>\n","protected":false},"excerpt":{"rendered":"<p>[vc_row][vc_column][vc_column_text]N\u00f3s utilizamos cookies em nosso site para melhorar o desempenho e as funcionalidades que podemos oferecer a voc\u00ea. Com isto o nosso objetivo \u00e9 melhorar a sua experi\u00eancia durante a utiliza\u00e7\u00e3o de nosso site. Mas o que s\u00e3o Cookies? Apesar do nome sugerir um alimento, os cookies dos quais tratamos aqui n\u00e3o tem nenhuma rela\u00e7\u00e3o [&hellip;]<\/p>\n","protected":false},"author":1,"featured_media":0,"parent":0,"menu_order":0,"comment_status":"closed","ping_status":"closed","template":"","meta":{"footnotes":""},"class_list":["post-5578","page","type-page","status-publish","hentry","no-post-thumbnail"],"_links":{"self":[{"href":"https:\/\/eluxfrio.com.br\/belo-horizonte\/wp-json\/wp\/v2\/pages\/5578","targetHints":{"allow":["GET"]}}],"collection":[{"href":"https:\/\/eluxfrio.com.br\/belo-horizonte\/wp-json\/wp\/v2\/pages"}],"about":[{"href":"https:\/\/eluxfrio.com.br\/belo-horizonte\/wp-json\/wp\/v2\/types\/page"}],"author":[{"embeddable":true,"href":"https:\/\/eluxfrio.com.br\/belo-horizonte\/wp-json\/wp\/v2\/users\/1"}],"replies":[{"embeddable":true,"href":"https:\/\/eluxfrio.com.br\/belo-horizonte\/wp-json\/wp\/v2\/comments?post=5578"}],"version-history":[{"count":0,"href":"https:\/\/eluxfrio.com.br\/belo-horizonte\/wp-json\/wp\/v2\/pages\/5578\/revisions"}],"wp:attachment":[{"href":"https:\/\/eluxfrio.com.br\/belo-horizonte\/wp-json\/wp\/v2\/media?parent=5578"}],"curies":[{"name":"wp","href":"https:\/\/api.w.org\/{rel}","templated":true}]}}