{"id":3788,"date":"2025-02-10T10:57:56","date_gmt":"2025-02-10T13:57:56","guid":{"rendered":"https:\/\/eluxfrio.com.br\/df\/?page_id=3788"},"modified":"2025-03-18T11:00:32","modified_gmt":"2025-03-18T14:00:32","slug":"assistencia-tecnica-electrolux-df","status":"publish","type":"page","link":"https:\/\/eluxfrio.com.br\/df\/assistencia-tecnica-electrolux-df\/","title":{"rendered":"Assist\u00eancia T\u00e9cnica Electrolux DF"},"content":{"rendered":"<p>[vc_row][vc_column][vc_column_text]Se voc\u00ea est\u00e1 em busca de uma <strong>Assist\u00eancia T\u00e9cnica Electrolux<\/strong> confi\u00e1vel em <strong>Bras\u00edlia<\/strong>, a <a href=\"https:\/\/eluxfrio.com.br\/df\/\"><strong>Eluxfrio Bras\u00edlia<\/strong><\/a> \u00e9 a melhor escolha para o <strong>conserto de eletrodom\u00e9stico em Bras\u00edlia<\/strong>. Contamos com uma equipe de t\u00e9cnicos altamente qualificados e oferecemos <strong>90 dias de garantia<\/strong> em todos os servi\u00e7os prestados. Trabalhamos com uma ampla gama de produtos da marca <strong>Electrolux<\/strong>, garantindo solu\u00e7\u00f5es r\u00e1pidas e eficientes para seu dia a dia.<\/p>\n<h2 style=\"text-align: center;\"><span style=\"color: #002745;\"><strong>Servi\u00e7os Especializados em Eletrodom\u00e9sticos Electrolux<\/strong><\/span><\/h2>\n<p style=\"text-align: center;\">Na<a href=\"https:\/\/eluxfrio.com.br\/df\/\"> <strong>Eluxfrio Bras\u00edlia<\/strong><\/a>, realizamos manuten\u00e7\u00e3o e reparo em diversos <strong>eletrodom\u00e9sticos da Electrolux<\/strong>.<\/p>\n<p style=\"text-align: center;\"><strong>Confira abaixo os principais servi\u00e7os que oferecemos:<\/strong><\/p>\n<p>[\/vc_column_text][vc_empty_space height=&#8221;60px&#8221;][\/vc_column][\/vc_row][vc_row][vc_column width=&#8221;1\/2&#8243;][vc_btn title=&#8221;Fale conosco pelo Whatsapp&#8221; style=&#8221;custom&#8221; custom_background=&#8221;#0da300&#8243; custom_text=&#8221;#ffffff&#8221; shape=&#8221;round&#8221; size=&#8221;lg&#8221; align=&#8221;center&#8221; i_align=&#8221;right&#8221; i_icon_fontawesome=&#8221;fa fa-whatsapp&#8221; link=&#8221;url:https%3A%2F%2Fapi.whatsapp.com%2Fsend%3Fphone%3D556135503896%26text%3DPreciso%2520de%2520uma%2520Assist%25C3%25AAncia%2520T%25C3%25A9cnica&#8230;.|||&#8221; add_icon=&#8221;true&#8221;][\/vc_column][vc_column width=&#8221;1\/2&#8243;][vc_btn title=&#8221;Ligue agora: (61) 3550-3896&#8243; style=&#8221;custom&#8221; custom_background=&#8221;#191596&#8243; custom_text=&#8221;#ffffff&#8221; shape=&#8221;round&#8221; size=&#8221;lg&#8221; align=&#8221;center&#8221; i_icon_fontawesome=&#8221;fa fa-volume-control-phone&#8221; link=&#8221;url:tel%3A%2B556135503896|||&#8221; add_icon=&#8221;true&#8221;][\/vc_column][\/vc_row][vc_row][vc_column][vc_empty_space height=&#8221;60px&#8221;][vc_row_inner][vc_column_inner width=&#8221;1\/4&#8243;][vc_empty_space height=&#8221;10px&#8221;][vc_single_image image=&#8221;3850&#8243; img_size=&#8221;full&#8221; alignment=&#8221;center&#8221;][\/vc_column_inner][vc_column_inner width=&#8221;3\/4&#8243;][vc_column_text]<\/p>\n<h3><strong><span style=\"color: #002745;\">Conserto de Geladeira Electrolux DF<\/span><\/strong><\/h3>\n<p>A geladeira \u00e9 um dos eletrodom\u00e9sticos mais essenciais para qualquer resid\u00eancia. Caso sua <strong>geladeira Electrolux<\/strong> esteja apresentando problemas, como vazamento de g\u00e1s, motor n\u00e3o funcionando ou excesso de gelo, nossa equipe especializada pode ajudar. Tamb\u00e9m realizamos o <strong>conserto de geladeira side by side Electrolux<\/strong>, garantindo que sua unidade funcione perfeitamente e preserve seus alimentos da melhor forma poss\u00edvel.[\/vc_column_text][vc_empty_space height=&#8221;30px&#8221;][vc_btn title=&#8221;Fale conosco pelo Whatsapp&#8221; style=&#8221;custom&#8221; custom_background=&#8221;#0da300&#8243; custom_text=&#8221;#ffffff&#8221; shape=&#8221;round&#8221; size=&#8221;lg&#8221; i_align=&#8221;right&#8221; i_icon_fontawesome=&#8221;fa fa-whatsapp&#8221; link=&#8221;url:https%3A%2F%2Fapi.whatsapp.com%2Fsend%3Fphone%3D556135503896%26text%3DPreciso%2520de%2520uma%2520Assist%25C3%25AAncia%2520T%25C3%25A9cnica&#8230;.|||&#8221; add_icon=&#8221;true&#8221;][\/vc_column_inner][\/vc_row_inner][vc_empty_space height=&#8221;40px&#8221;][vc_row_inner][vc_column_inner width=&#8221;1\/4&#8243;][vc_empty_space height=&#8221;10px&#8221;][vc_single_image image=&#8221;3849&#8243; img_size=&#8221;medium&#8221; alignment=&#8221;center&#8221;][\/vc_column_inner][vc_column_inner width=&#8221;3\/4&#8243;][vc_column_text]<\/p>\n<h3><strong><span style=\"color: #002745;\">Conserto de Fog\u00e3o Electrolux DF<\/span><\/strong><\/h3>\n<p>Um fog\u00e3o que n\u00e3o acende ou que apresenta problemas nas bocas pode dificultar a rotina da sua cozinha. Nossa<strong> assist\u00eancia t\u00e9cnica fog\u00e3o Electrolux<\/strong> est\u00e1 preparada para solucionar desde falhas simples at\u00e9 problemas mais complexos no funcionamento do seu aparelho.[\/vc_column_text][vc_empty_space height=&#8221;30px&#8221;][vc_btn title=&#8221;Fale conosco pelo Whatsapp&#8221; style=&#8221;custom&#8221; custom_background=&#8221;#0da300&#8243; custom_text=&#8221;#ffffff&#8221; shape=&#8221;round&#8221; size=&#8221;lg&#8221; i_align=&#8221;right&#8221; i_icon_fontawesome=&#8221;fa fa-whatsapp&#8221; link=&#8221;url:https%3A%2F%2Fapi.whatsapp.com%2Fsend%3Fphone%3D556135503896%26text%3DPreciso%2520de%2520uma%2520Assist%25C3%25AAncia%2520T%25C3%25A9cnica&#8230;.|||&#8221; add_icon=&#8221;true&#8221;][\/vc_column_inner][\/vc_row_inner][vc_empty_space height=&#8221;40px&#8221;][vc_row_inner][vc_column_inner width=&#8221;1\/4&#8243;][vc_single_image image=&#8221;2571&#8243; img_size=&#8221;medium&#8221; alignment=&#8221;center&#8221;][\/vc_column_inner][vc_column_inner width=&#8221;3\/4&#8243;][vc_column_text]<\/p>\n<h3><strong><span style=\"color: #002745;\">Conserto de M\u00e1quina de Lavar Electrolux DF<\/span><\/strong><\/h3>\n<p>Se sua <strong>m\u00e1quina de lavar Electrolux<\/strong> parou de funcionar, est\u00e1 fazendo barulhos estranhos ou n\u00e3o centrifuga corretamente, n\u00e3o se preocupe! Oferecemos <strong>assist\u00eancia t\u00e9cnica m\u00e1quina de lavar Electrolux<\/strong> para diagnosticar e resolver qualquer problema rapidamente.[\/vc_column_text][vc_empty_space height=&#8221;30px&#8221;][vc_btn title=&#8221;Fale conosco pelo Whatsapp&#8221; style=&#8221;custom&#8221; custom_background=&#8221;#0da300&#8243; custom_text=&#8221;#ffffff&#8221; shape=&#8221;round&#8221; size=&#8221;lg&#8221; i_align=&#8221;right&#8221; i_icon_fontawesome=&#8221;fa fa-whatsapp&#8221; link=&#8221;url:https%3A%2F%2Fapi.whatsapp.com%2Fsend%3Fphone%3D556135503896%26text%3DPreciso%2520de%2520uma%2520Assist%25C3%25AAncia%2520T%25C3%25A9cnica&#8230;.|||&#8221; add_icon=&#8221;true&#8221;][\/vc_column_inner][\/vc_row_inner][vc_empty_space height=&#8221;40px&#8221;][vc_row_inner][vc_column_inner width=&#8221;1\/4&#8243;][vc_empty_space height=&#8221;20px&#8221;][vc_single_image image=&#8221;3851&#8243; img_size=&#8221;full&#8221; alignment=&#8221;center&#8221;][\/vc_column_inner][vc_column_inner width=&#8221;3\/4&#8243;][vc_column_text]<\/p>\n<h3><strong><span style=\"color: #002745;\">Conserto de Micro-ondas Electrolux DF<\/span><\/strong><\/h3>\n<p>O <strong>micro-ondas Electrolux<\/strong> \u00e9 um item indispens\u00e1vel para facilitar o preparo de alimentos. Caso esteja com falhas no aquecimento, no painel digital ou qualquer outro defeito, nossa <strong>assist\u00eancia t\u00e9cnica micro-ondas Electrolux<\/strong> est\u00e1 pronta para restaurar seu funcionamento.[\/vc_column_text][vc_empty_space height=&#8221;30px&#8221;][vc_btn title=&#8221;Fale conosco pelo Whatsapp&#8221; style=&#8221;custom&#8221; custom_background=&#8221;#0da300&#8243; custom_text=&#8221;#ffffff&#8221; shape=&#8221;round&#8221; size=&#8221;lg&#8221; i_align=&#8221;right&#8221; i_icon_fontawesome=&#8221;fa fa-whatsapp&#8221; link=&#8221;url:https%3A%2F%2Fapi.whatsapp.com%2Fsend%3Fphone%3D556135503896%26text%3DPreciso%2520de%2520uma%2520Assist%25C3%25AAncia%2520T%25C3%25A9cnica&#8230;.|||&#8221; add_icon=&#8221;true&#8221;][\/vc_column_inner][\/vc_row_inner][vc_empty_space height=&#8221;40px&#8221;][vc_row_inner][vc_column_inner width=&#8221;1\/4&#8243;][vc_single_image image=&#8221;3348&#8243; img_size=&#8221;full&#8221; alignment=&#8221;center&#8221;][\/vc_column_inner][vc_column_inner width=&#8221;3\/4&#8243;][vc_column_text]<\/p>\n<h3><strong><span style=\"color: #002745;\">Conserto de Purificador de \u00c1gua Electrolux DF<\/span><\/strong><\/h3>\n<p>Manter seu <strong>purificador de \u00e1gua Electrolux<\/strong> em boas condi\u00e7\u00f5es \u00e9 fundamental para garantir a qualidade da \u00e1gua que voc\u00ea consome. Nossa equipe est\u00e1 apta para realizar <strong>conserto de purificador de \u00e1gua Electrolux<\/strong>, incluindo <strong>troca de filtros<\/strong>, limpeza e reparos diversos.[\/vc_column_text][vc_empty_space height=&#8221;30px&#8221;][vc_btn title=&#8221;Fale conosco pelo Whatsapp&#8221; style=&#8221;custom&#8221; custom_background=&#8221;#0da300&#8243; custom_text=&#8221;#ffffff&#8221; shape=&#8221;round&#8221; size=&#8221;lg&#8221; i_align=&#8221;right&#8221; i_icon_fontawesome=&#8221;fa fa-whatsapp&#8221; link=&#8221;url:https%3A%2F%2Fapi.whatsapp.com%2Fsend%3Fphone%3D556135503896%26text%3DPreciso%2520de%2520uma%2520Assist%25C3%25AAncia%2520T%25C3%25A9cnica&#8230;.|||&#8221; add_icon=&#8221;true&#8221;][\/vc_column_inner][\/vc_row_inner][vc_empty_space height=&#8221;40px&#8221;][vc_row_inner][vc_column_inner width=&#8221;1\/4&#8243;][vc_single_image image=&#8221;2618&#8243; img_size=&#8221;medium&#8221; alignment=&#8221;center&#8221;][\/vc_column_inner][vc_column_inner width=&#8221;3\/4&#8243;][vc_column_text]<\/p>\n<h3><strong><span style=\"color: #002745;\">Conserto de Lava e Seca Electrolux DF<\/span><\/strong><\/h3>\n<p>A <strong>lava e seca Electrolux<\/strong> \u00e9 um eletrodom\u00e9stico pr\u00e1tico, mas que pode apresentar problemas ao longo do tempo. Nossa <strong>assist\u00eancia t\u00e9cnica lava e seca Electrolux<\/strong> oferece diagn\u00f3stico preciso e solu\u00e7\u00f5es eficazes para manter seu equipamento sempre funcionando.[\/vc_column_text][vc_empty_space height=&#8221;30px&#8221;][vc_btn title=&#8221;Fale conosco pelo Whatsapp&#8221; style=&#8221;custom&#8221; custom_background=&#8221;#0da300&#8243; custom_text=&#8221;#ffffff&#8221; shape=&#8221;round&#8221; size=&#8221;lg&#8221; i_align=&#8221;right&#8221; i_icon_fontawesome=&#8221;fa fa-whatsapp&#8221; link=&#8221;url:https%3A%2F%2Fapi.whatsapp.com%2Fsend%3Fphone%3D556135503896%26text%3DPreciso%2520de%2520uma%2520Assist%25C3%25AAncia%2520T%25C3%25A9cnica&#8230;.|||&#8221; add_icon=&#8221;true&#8221;][\/vc_column_inner][\/vc_row_inner][vc_empty_space height=&#8221;40px&#8221;][\/vc_column][\/vc_row][vc_row][vc_column][vc_column_text]<\/p>\n<h2 style=\"text-align: center;\"><span style=\"color: #002745;\"><strong>Por Que Escolher a Eluxfrio Bras\u00edlia?<\/strong><\/span><\/h2>\n<p style=\"text-align: center;\">A <strong>Eluxfrio Bras\u00edlia<\/strong> se destaca no mercado de<strong> assist\u00eancia t\u00e9cnica Electrolux em Bras\u00edlia<\/strong> por diversos motivos.<\/p>\n<p style=\"text-align: center;\"><strong>Veja por que somos a melhor op\u00e7\u00e3o:<\/strong><\/p>\n<p>[\/vc_column_text][vc_row_inner][vc_column_inner width=&#8221;1\/2&#8243;][vc_column_text]<\/p>\n<ul>\n<li><strong>T\u00e9cnicos Qualificados:<\/strong> Nossa equipe \u00e9 composta por profissionais treinados e especializados nos produtos Electrolux.<\/li>\n<li><strong>Atendimento R\u00e1pido e Eficiente:<\/strong> Sabemos o quanto seus eletrodom\u00e9sticos s\u00e3o importantes para seu dia a dia, por isso oferecemos um servi\u00e7o \u00e1gil.<\/li>\n<\/ul>\n<p>[\/vc_column_text][\/vc_column_inner][vc_column_inner width=&#8221;1\/2&#8243;][vc_column_text]<\/p>\n<ul>\n<li><strong>Pe\u00e7as Originais:<\/strong> Trabalhamos apenas com pe\u00e7as de reposi\u00e7\u00e3o originais Electrolux para garantir maior durabilidade e desempenho.<\/li>\n<li><strong>Garantia de 90 Dias:<\/strong> Todos os nossos servi\u00e7os possuem 90 dias de garantia, proporcionando mais seguran\u00e7a para nossos clientes.<\/li>\n<\/ul>\n<p>[\/vc_column_text][\/vc_column_inner][\/vc_row_inner][vc_empty_space height=&#8221;40px&#8221;][\/vc_column][\/vc_row][vc_row][vc_column width=&#8221;1\/2&#8243;][vc_btn title=&#8221;Fale conosco pelo Whatsapp&#8221; style=&#8221;custom&#8221; custom_background=&#8221;#0da300&#8243; custom_text=&#8221;#ffffff&#8221; shape=&#8221;round&#8221; size=&#8221;lg&#8221; align=&#8221;center&#8221; i_align=&#8221;right&#8221; i_icon_fontawesome=&#8221;fa fa-whatsapp&#8221; link=&#8221;url:https%3A%2F%2Fapi.whatsapp.com%2Fsend%3Fphone%3D556135503896%26text%3DPreciso%2520de%2520uma%2520Assist%25C3%25AAncia%2520T%25C3%25A9cnica&#8230;.|||&#8221; add_icon=&#8221;true&#8221;][\/vc_column][vc_column width=&#8221;1\/2&#8243;][vc_btn title=&#8221;Ligue agora: (61) 3550-3896&#8243; style=&#8221;custom&#8221; custom_background=&#8221;#191596&#8243; custom_text=&#8221;#ffffff&#8221; shape=&#8221;round&#8221; size=&#8221;lg&#8221; align=&#8221;center&#8221; i_icon_fontawesome=&#8221;fa fa-volume-control-phone&#8221; link=&#8221;url:tel%3A%2B556135503896|||&#8221; add_icon=&#8221;true&#8221;][\/vc_column][\/vc_row][vc_row][vc_column][vc_empty_space height=&#8221;40px&#8221;][vc_column_text]<\/p>\n<h2 style=\"text-align: center;\"><span style=\"color: #002745;\"><strong>Quando Procurar uma Assist\u00eancia T\u00e9cnica Electrolux?<\/strong><\/span><\/h2>\n<p>Muitas pessoas esperam at\u00e9 que seus eletrodom\u00e9sticos parem de funcionar completamente antes de buscar ajuda profissional. No entanto, alguns sinais indicam que \u00e9 hora de chamar a <strong>assist\u00eancia t\u00e9cnica Electrolux<\/strong>:<\/p>\n<ul>\n<li><strong>Ru\u00eddos estranhos:<\/strong> Sons incomuns podem indicar desgaste de pe\u00e7as internas.<\/li>\n<li><strong>Desempenho reduzido:<\/strong> Se seu eletrodom\u00e9stico n\u00e3o funciona como antes, pode ser hora de uma revis\u00e3o.<\/li>\n<li><strong>Falta de manuten\u00e7\u00e3o:<\/strong> Manuten\u00e7\u00f5es preventivas evitam problemas maiores e prolongam a vida \u00fatil dos aparelhos.<\/li>\n<\/ul>\n<p>[\/vc_column_text][vc_empty_space height=&#8221;40px&#8221;][\/vc_column][\/vc_row][vc_row][vc_column][vc_column_text]<\/p>\n<h3 style=\"text-align: center;\"><strong><span style=\"color: #002745;\">Entre em Contato Agora Mesmo!<\/span><\/strong><\/h3>\n<p>Se voc\u00ea precisa de um servi\u00e7o de qualidade e confian\u00e7a para seus <strong>eletrodom\u00e9sticos Electrolux<\/strong>, n\u00e3o hesite em chamar a <strong>Eluxfrio Bras\u00edlia<\/strong>. Nossa equipe est\u00e1 pronta para atender voc\u00ea com rapidez e efici\u00eancia![\/vc_column_text][vc_empty_space height=&#8221;40px&#8221;][\/vc_column][\/vc_row][vc_row][vc_column width=&#8221;1\/2&#8243;][vc_btn title=&#8221;Fale conosco pelo Whatsapp&#8221; style=&#8221;custom&#8221; custom_background=&#8221;#0da300&#8243; custom_text=&#8221;#ffffff&#8221; shape=&#8221;round&#8221; size=&#8221;lg&#8221; align=&#8221;center&#8221; i_align=&#8221;right&#8221; i_icon_fontawesome=&#8221;fa fa-whatsapp&#8221; link=&#8221;url:https%3A%2F%2Fapi.whatsapp.com%2Fsend%3Fphone%3D556135503896%26text%3DPreciso%2520de%2520uma%2520Assist%25C3%25AAncia%2520T%25C3%25A9cnica&#8230;.|||&#8221; add_icon=&#8221;true&#8221;][\/vc_column][vc_column width=&#8221;1\/2&#8243;][vc_btn title=&#8221;Ligue agora: (61) 3550-3896&#8243; style=&#8221;custom&#8221; custom_background=&#8221;#191596&#8243; custom_text=&#8221;#ffffff&#8221; shape=&#8221;round&#8221; size=&#8221;lg&#8221; align=&#8221;center&#8221; i_icon_fontawesome=&#8221;fa fa-volume-control-phone&#8221; link=&#8221;url:tel%3A%2B556135503896|||&#8221; add_icon=&#8221;true&#8221;][\/vc_column][\/vc_row][vc_row][vc_column][vc_empty_space height=&#8221;60px&#8221;][\/vc_column][\/vc_row]<\/p>\n","protected":false},"excerpt":{"rendered":"<p>[vc_row][vc_column][vc_column_text]Se voc\u00ea est\u00e1 em busca de uma Assist\u00eancia T\u00e9cnica Electrolux confi\u00e1vel em Bras\u00edlia, a Eluxfrio Bras\u00edlia \u00e9 a melhor escolha para o conserto de eletrodom\u00e9stico em Bras\u00edlia. Contamos com uma equipe de t\u00e9cnicos altamente qualificados e oferecemos 90 dias de garantia em todos os servi\u00e7os prestados. Trabalhamos com uma ampla gama de produtos da marca [&hellip;]<\/p>\n","protected":false},"author":1,"featured_media":0,"parent":0,"menu_order":0,"comment_status":"closed","ping_status":"closed","template":"","meta":{"footnotes":""},"yst_prominent_words":[],"class_list":["post-3788","page","type-page","status-publish","hentry","no-post-thumbnail"],"_links":{"self":[{"href":"https:\/\/eluxfrio.com.br\/df\/wp-json\/wp\/v2\/pages\/3788","targetHints":{"allow":["GET"]}}],"collection":[{"href":"https:\/\/eluxfrio.com.br\/df\/wp-json\/wp\/v2\/pages"}],"about":[{"href":"https:\/\/eluxfrio.com.br\/df\/wp-json\/wp\/v2\/types\/page"}],"author":[{"embeddable":true,"href":"https:\/\/eluxfrio.com.br\/df\/wp-json\/wp\/v2\/users\/1"}],"replies":[{"embeddable":true,"href":"https:\/\/eluxfrio.com.br\/df\/wp-json\/wp\/v2\/comments?post=3788"}],"version-history":[{"count":0,"href":"https:\/\/eluxfrio.com.br\/df\/wp-json\/wp\/v2\/pages\/3788\/revisions"}],"wp:attachment":[{"href":"https:\/\/eluxfrio.com.br\/df\/wp-json\/wp\/v2\/media?parent=3788"}],"wp:term":[{"taxonomy":"yst_prominent_words","embeddable":true,"href":"https:\/\/eluxfrio.com.br\/df\/wp-json\/wp\/v2\/yst_prominent_words?post=3788"}],"curies":[{"name":"wp","href":"https:\/\/api.w.org\/{rel}","templated":true}]}}