{"id":3792,"date":"2025-02-10T12:04:52","date_gmt":"2025-02-10T15:04:52","guid":{"rendered":"https:\/\/eluxfrio.com.br\/df\/?page_id=3792"},"modified":"2025-03-18T11:00:42","modified_gmt":"2025-03-18T14:00:42","slug":"assistencia-tecnica-brastemp-df","status":"publish","type":"page","link":"https:\/\/eluxfrio.com.br\/df\/assistencia-tecnica-brastemp-df\/","title":{"rendered":"Assist\u00eancia T\u00e9cnica Brastemp DF"},"content":{"rendered":"<p>[vc_row][vc_column][vc_column_text]Se voc\u00ea procura uma<strong><a href=\"https:\/\/eluxfrio.com.br\/df\/assistencia-tecnica-df\/\"> Assist\u00eancia T\u00e9cnica<\/a> Brastemp<\/strong> confi\u00e1vel em<strong> Bras\u00edlia<\/strong>, a <a href=\"https:\/\/eluxfrio.com.br\/df\/\"><strong>Eluxfrio Bras\u00edlia<\/strong><\/a> \u00e9 a melhor escolha. Contamos com uma equipe de t\u00e9cnicos altamente qualificados para garantir que seus eletrodom\u00e9sticos Brastemp voltem a funcionar perfeitamente. Oferecemos <strong>90 dias de garantia<\/strong> em todos os servi\u00e7os e utilizamos pe\u00e7as originais para assegurar a durabilidade dos reparos.<\/p>\n<h2 style=\"text-align: center;\"><span style=\"color: #002745;\"><strong>Conserto de Eletrodom\u00e9stico Bras\u00edlia com Profissionalismo<\/strong><\/span><\/h2>\n<p>Seja qual for o seu problema, estamos prontos para ajudar. A <a href=\"https:\/\/eluxfrio.com.br\/df\/\"><strong>Eluxfrio Bras\u00edlia<\/strong><\/a> \u00e9 especializada no <a href=\"https:\/\/eluxfrio.com.br\/df\/conserto-de-eletrodomestico-brasilia\/\"><strong>conserto de eletrodom\u00e9stico Bras\u00edlia<\/strong><\/a>, prestando suporte t\u00e9cnico para <strong>geladeiras<\/strong>, <strong>fog\u00f5es<\/strong>, <strong>m\u00e1quinas de lavar<\/strong>, <strong>micro-ondas<\/strong>,<strong> lava-lou\u00e7as<\/strong> e <strong>lava e seca<\/strong> da marca <strong>Brastemp<\/strong>.[\/vc_column_text][vc_empty_space height=&#8221;60px&#8221;][\/vc_column][\/vc_row][vc_row][vc_column width=&#8221;1\/2&#8243;][vc_btn title=&#8221;Fale conosco pelo Whatsapp&#8221; style=&#8221;custom&#8221; custom_background=&#8221;#0da300&#8243; custom_text=&#8221;#ffffff&#8221; shape=&#8221;round&#8221; size=&#8221;lg&#8221; align=&#8221;center&#8221; i_align=&#8221;right&#8221; i_icon_fontawesome=&#8221;fa fa-whatsapp&#8221; link=&#8221;url:https%3A%2F%2Fapi.whatsapp.com%2Fsend%3Fphone%3D556135503896%26text%3DPreciso%2520de%2520uma%2520Assist%25C3%25AAncia%2520T%25C3%25A9cnica&#8230;.|||&#8221; add_icon=&#8221;true&#8221;][\/vc_column][vc_column width=&#8221;1\/2&#8243;][vc_btn title=&#8221;Ligue agora: (61) 3550-3896&#8243; style=&#8221;custom&#8221; custom_background=&#8221;#191596&#8243; custom_text=&#8221;#ffffff&#8221; shape=&#8221;round&#8221; size=&#8221;lg&#8221; align=&#8221;center&#8221; i_icon_fontawesome=&#8221;fa fa-volume-control-phone&#8221; link=&#8221;url:tel%3A%2B556135503896|||&#8221; add_icon=&#8221;true&#8221;][\/vc_column][\/vc_row][vc_row][vc_column][vc_empty_space height=&#8221;60px&#8221;][vc_row_inner][vc_column_inner width=&#8221;1\/4&#8243;][vc_empty_space height=&#8221;50px&#8221;][vc_single_image image=&#8221;3828&#8243; img_size=&#8221;medium&#8221; alignment=&#8221;center&#8221;][\/vc_column_inner][vc_column_inner width=&#8221;3\/4&#8243;][vc_column_text]<\/p>\n<h3><strong><span style=\"color: #002745;\">Especialistas em Geladeira Brastemp DF<\/span><\/strong><\/h3>\n<p>A <strong>geladeira Brastemp<\/strong> \u00e9 essencial no dia a dia, e qualquer falha pode causar transtornos. Nossa<strong> Assist\u00eancia T\u00e9cnica Geladeira Brastemp<\/strong> realiza diagn\u00f3stico preciso e oferece solu\u00e7\u00f5es eficientes para problemas como:<\/p>\n<ul>\n<li>Falha no resfriamento<\/li>\n<li>Vazamento de \u00e1gua<\/li>\n<li>Ru\u00eddos excessivos<\/li>\n<li>Defeitos no termostato<\/li>\n<\/ul>\n<p>Realizamos o <strong>conserto de geladeira Brastemp<\/strong> com agilidade e qualidade para garantir o funcionamento adequado do seu eletrodom\u00e9stico.[\/vc_column_text][vc_empty_space height=&#8221;30px&#8221;][vc_btn title=&#8221;Fale conosco pelo Whatsapp&#8221; style=&#8221;custom&#8221; custom_background=&#8221;#0da300&#8243; custom_text=&#8221;#ffffff&#8221; shape=&#8221;round&#8221; size=&#8221;lg&#8221; i_align=&#8221;right&#8221; i_icon_fontawesome=&#8221;fa fa-whatsapp&#8221; link=&#8221;url:https%3A%2F%2Fapi.whatsapp.com%2Fsend%3Fphone%3D556135503896%26text%3DPreciso%2520de%2520uma%2520Assist%25C3%25AAncia%2520T%25C3%25A9cnica&#8230;.|||&#8221; add_icon=&#8221;true&#8221;][\/vc_column_inner][\/vc_row_inner][vc_empty_space height=&#8221;40px&#8221;][vc_row_inner][vc_column_inner width=&#8221;1\/4&#8243;][vc_empty_space height=&#8221;50px&#8221;][vc_single_image image=&#8221;3829&#8243; img_size=&#8221;medium&#8221; alignment=&#8221;center&#8221;][\/vc_column_inner][vc_column_inner width=&#8221;3\/4&#8243;][vc_column_text]<\/p>\n<h3><strong><span style=\"color: #002745;\">Conserto de Fog\u00e3o Brastemp DF com Seguran\u00e7a<\/span><\/strong><\/h3>\n<p>Problemas no seu <strong>fog\u00e3o Brastemp<\/strong> podem comprometer sua seguran\u00e7a e o preparo das suas refei\u00e7\u00f5es. Contamos com uma <strong>Assist\u00eancia T\u00e9cnica Fog\u00e3o Brastemp<\/strong> especializada em resolver falhas como:<\/p>\n<ul>\n<li>Queimadores com chama fraca ou irregular<\/li>\n<li>Vazamento de g\u00e1s<\/li>\n<li>Problemas na igni\u00e7\u00e3o<\/li>\n<li>Falhas no forno<\/li>\n<\/ul>\n<p>Nosso servi\u00e7o de <strong>conserto de fog\u00e3o Brastemp<\/strong> \u00e9 realizado por t\u00e9cnicos experientes, garantindo total seguran\u00e7a e efici\u00eancia.[\/vc_column_text][vc_empty_space height=&#8221;30px&#8221;][vc_btn title=&#8221;Preciso de uma assist\u00eancia! &#8221; style=&#8221;custom&#8221; custom_background=&#8221;#0da300&#8243; custom_text=&#8221;#ffffff&#8221; shape=&#8221;round&#8221; size=&#8221;lg&#8221; i_align=&#8221;right&#8221; i_icon_fontawesome=&#8221;fa fa-whatsapp&#8221; link=&#8221;url:https%3A%2F%2Fapi.whatsapp.com%2Fsend%3Fphone%3D556135503896%26text%3DPreciso%2520de%2520uma%2520Assist%25C3%25AAncia%2520T%25C3%25A9cnica&#8230;.|||&#8221; add_icon=&#8221;true&#8221;][\/vc_column_inner][\/vc_row_inner][vc_empty_space height=&#8221;40px&#8221;][vc_row_inner][vc_column_inner width=&#8221;1\/4&#8243;][vc_empty_space height=&#8221;50px&#8221;][vc_single_image image=&#8221;3830&#8243; img_size=&#8221;medium&#8221; alignment=&#8221;center&#8221;][\/vc_column_inner][vc_column_inner width=&#8221;3\/4&#8243;][vc_column_text]<\/p>\n<h3><span style=\"color: #002745;\"><strong>Assist\u00eancia T\u00e9cnica M\u00e1quina de Lavar Brastemp DF<\/strong><\/span><\/h3>\n<p>Uma<strong> m\u00e1quina de lavar Brastemp<\/strong> que n\u00e3o funciona corretamente pode dificultar sua rotina. Nossa <strong>Assist\u00eancia T\u00e9cnica M\u00e1quina de Lavar Brastemp<\/strong> soluciona problemas como:<\/p>\n<ul>\n<li>M\u00e1quina n\u00e3o liga<\/li>\n<li>Ru\u00eddos anormais<\/li>\n<li>Vazamento de \u00e1gua<\/li>\n<li>Erros no painel eletr\u00f4nico<\/li>\n<\/ul>\n<p>Com o <strong>conserto de m\u00e1quina de lavar Brastemp<\/strong>, voc\u00ea ter\u00e1 seu eletrodom\u00e9stico de volta em pleno funcionamento rapidamente.[\/vc_column_text][vc_empty_space height=&#8221;30px&#8221;][vc_btn title=&#8221;Preciso de uma assist\u00eancia! &#8221; style=&#8221;custom&#8221; custom_background=&#8221;#0da300&#8243; custom_text=&#8221;#ffffff&#8221; shape=&#8221;round&#8221; size=&#8221;lg&#8221; i_align=&#8221;right&#8221; i_icon_fontawesome=&#8221;fa fa-whatsapp&#8221; link=&#8221;url:https%3A%2F%2Fapi.whatsapp.com%2Fsend%3Fphone%3D556135503896%26text%3DPreciso%2520de%2520uma%2520Assist%25C3%25AAncia%2520T%25C3%25A9cnica&#8230;.|||&#8221; add_icon=&#8221;true&#8221;][\/vc_column_inner][\/vc_row_inner][vc_empty_space height=&#8221;40px&#8221;][vc_row_inner][vc_column_inner width=&#8221;1\/4&#8243;][vc_empty_space height=&#8221;80px&#8221;][vc_single_image image=&#8221;3166&#8243; img_size=&#8221;full&#8221; alignment=&#8221;center&#8221;][\/vc_column_inner][vc_column_inner width=&#8221;3\/4&#8243;][vc_column_text]<\/p>\n<h3><span style=\"color: #002745;\"><strong>Conserto de Micro-ondas Brastemp DF<\/strong><\/span><\/h3>\n<p>O<strong> micro-ondas Brastemp<\/strong> facilita o dia a dia, e quando apresenta defeitos, \u00e9 essencial contar com uma <strong>Assist\u00eancia T\u00e9cnica Micro-ondas Brastemp<\/strong> confi\u00e1vel. Resolvemos falhas como:<\/p>\n<ul>\n<li>Micro-ondas n\u00e3o aquece<\/li>\n<li>Painel n\u00e3o responde<\/li>\n<li>Porta com problemas<\/li>\n<li>Ru\u00eddos estranhos<\/li>\n<\/ul>\n<p>Nosso <strong>conserto de micro-ondas Brastemp<\/strong> \u00e9 realizado com rapidez para que voc\u00ea n\u00e3o fique sem seu eletrodom\u00e9stico por muito tempo.[\/vc_column_text][vc_empty_space height=&#8221;30px&#8221;][vc_btn title=&#8221;Preciso de uma assist\u00eancia! &#8221; style=&#8221;custom&#8221; custom_background=&#8221;#0da300&#8243; custom_text=&#8221;#ffffff&#8221; shape=&#8221;round&#8221; size=&#8221;lg&#8221; i_align=&#8221;right&#8221; i_icon_fontawesome=&#8221;fa fa-whatsapp&#8221; link=&#8221;url:https%3A%2F%2Fapi.whatsapp.com%2Fsend%3Fphone%3D556135503896%26text%3DPreciso%2520de%2520uma%2520Assist%25C3%25AAncia%2520T%25C3%25A9cnica&#8230;.|||&#8221; add_icon=&#8221;true&#8221;][\/vc_column_inner][\/vc_row_inner][vc_empty_space height=&#8221;40px&#8221;][vc_row_inner][vc_column_inner width=&#8221;1\/4&#8243;][vc_empty_space height=&#8221;50px&#8221;][vc_single_image image=&#8221;3836&#8243; img_size=&#8221;medium&#8221; alignment=&#8221;center&#8221;][\/vc_column_inner][vc_column_inner width=&#8221;3\/4&#8243;][vc_column_text]<\/p>\n<h3><span style=\"color: #002745;\"><strong>Manuten\u00e7\u00e3o de Lava-lou\u00e7as Brastemp DF<\/strong><\/span><\/h3>\n<p>Se sua <strong>lava-lou\u00e7as Brastemp<\/strong> apresenta falhas, nossa <strong>Assist\u00eancia T\u00e9cnica Lava-lou\u00e7as Brastemp<\/strong> oferece solu\u00e7\u00f5es eficazes para problemas como:<\/p>\n<ul>\n<li>M\u00e1quina n\u00e3o liga<\/li>\n<li>\u00c1gua n\u00e3o drena corretamente<\/li>\n<li>Lavagem ineficiente<\/li>\n<li>Erros no painel de controle<\/li>\n<\/ul>\n<p>Com o <strong>conserto de lava-lou\u00e7as Brastemp<\/strong>, seu eletrodom\u00e9stico voltar\u00e1 a funcionar perfeitamente, proporcionando mais praticidade no seu dia a dia.[\/vc_column_text][vc_empty_space height=&#8221;30px&#8221;][vc_btn title=&#8221;Preciso de uma assist\u00eancia! &#8221; style=&#8221;custom&#8221; custom_background=&#8221;#0da300&#8243; custom_text=&#8221;#ffffff&#8221; shape=&#8221;round&#8221; size=&#8221;lg&#8221; i_align=&#8221;right&#8221; i_icon_fontawesome=&#8221;fa fa-whatsapp&#8221; link=&#8221;url:https%3A%2F%2Fapi.whatsapp.com%2Fsend%3Fphone%3D556135503896%26text%3DPreciso%2520de%2520uma%2520Assist%25C3%25AAncia%2520T%25C3%25A9cnica&#8230;.|||&#8221; add_icon=&#8221;true&#8221;][\/vc_column_inner][\/vc_row_inner][vc_empty_space height=&#8221;40px&#8221;][\/vc_column][\/vc_row][vc_row][vc_column][vc_column_text]<\/p>\n<h2 style=\"text-align: center;\"><strong><span style=\"color: #002745;\">Por que Escolher a Eluxfrio Bras\u00edlia?<\/span><\/strong><\/h2>\n<p style=\"text-align: center;\">A <a href=\"https:\/\/eluxfrio.com.br\/df\/\"><strong>Eluxfrio Bras\u00edlia<\/strong><\/a> \u00e9 refer\u00eancia em <strong><a href=\"https:\/\/eluxfrio.com.br\/df\/assistencia-tecnica-df\/\">Assist\u00eancia T\u00e9cnica<\/a> Brastemp<\/strong> e se destaca pelos seguintes diferenciais:<\/p>\n<ul>\n<li><strong>T\u00e9cnicos Qualificados:<\/strong> Nossa equipe passa por treinamentos constantes para oferecer servi\u00e7os de alta qualidade.<\/li>\n<li><strong>90 Dias de Garantia:<\/strong> Todos os servi\u00e7os possuem garantia para sua seguran\u00e7a e tranquilidade.<\/li>\n<li><strong>Atendimento R\u00e1pido e Eficiente:<\/strong> Priorizamos a agilidade no atendimento e na execu\u00e7\u00e3o dos servi\u00e7os.<\/li>\n<li><strong>Pe\u00e7as Originais:<\/strong> Utilizamos apenas componentes originais para garantir a durabilidade dos reparos.<\/li>\n<li><strong>Or\u00e7amento Transparente:<\/strong> Informamos os valores antes da execu\u00e7\u00e3o do servi\u00e7o, sem surpresas na cobran\u00e7a.<\/li>\n<\/ul>\n<p>[\/vc_column_text][vc_empty_space height=&#8221;30px&#8221;][\/vc_column][\/vc_row][vc_row][vc_column][vc_column_text]<\/p>\n<h3 style=\"text-align: center;\"><strong><span style=\"color: #002745;\">Como Solicitar a Assist\u00eancia T\u00e9cnica Brastemp em Bras\u00edlia?<\/span><\/strong><\/h3>\n<p>Se voc\u00ea precisa de um servi\u00e7o de <a href=\"https:\/\/eluxfrio.com.br\/df\/assistencia-tecnica-df\/\"><strong>Assist\u00eancia T\u00e9cnica Bras\u00edlia<\/strong><\/a>, entre em contato com a <strong><a href=\"https:\/\/eluxfrio.com.br\/df\/\">Eluxfrio Bras\u00edli<\/a>a<\/strong>. Nossa equipe est\u00e1 pronta para atender suas necessidades com profissionalismo e efici\u00eancia.<\/p>\n<p style=\"text-align: center;\"><a href=\"#\"><strong>Ligue agora e agende seu atendimento!<\/strong><\/a><\/p>\n<p>Garanta o melhor servi\u00e7o de <a href=\"https:\/\/eluxfrio.com.br\/df\/conserto-de-eletrodomestico-brasilia\/\"><strong>conserto de eletrodom\u00e9stico Bras\u00edlia<\/strong><\/a> e tenha seus produtos Brastemp funcionando como novos![\/vc_column_text][vc_empty_space height=&#8221;40px&#8221;][\/vc_column][\/vc_row][vc_row][vc_column width=&#8221;1\/2&#8243;][vc_btn title=&#8221;Fale conosco pelo Whatsapp&#8221; style=&#8221;custom&#8221; custom_background=&#8221;#0da300&#8243; custom_text=&#8221;#ffffff&#8221; shape=&#8221;round&#8221; size=&#8221;lg&#8221; align=&#8221;center&#8221; i_align=&#8221;right&#8221; i_icon_fontawesome=&#8221;fa fa-whatsapp&#8221; link=&#8221;url:https%3A%2F%2Fapi.whatsapp.com%2Fsend%3Fphone%3D556135503896%26text%3DPreciso%2520de%2520uma%2520Assist%25C3%25AAncia%2520T%25C3%25A9cnica&#8230;.|||&#8221; add_icon=&#8221;true&#8221;][\/vc_column][vc_column width=&#8221;1\/2&#8243;][vc_btn title=&#8221;Ligue agora: (61) 3550-3896&#8243; style=&#8221;custom&#8221; custom_background=&#8221;#191596&#8243; custom_text=&#8221;#ffffff&#8221; shape=&#8221;round&#8221; size=&#8221;lg&#8221; align=&#8221;center&#8221; i_icon_fontawesome=&#8221;fa fa-volume-control-phone&#8221; link=&#8221;url:tel%3A%2B556135503896|||&#8221; add_icon=&#8221;true&#8221;][\/vc_column][\/vc_row][vc_row][vc_column][vc_empty_space height=&#8221;60px&#8221;][\/vc_column][\/vc_row]<\/p>\n","protected":false},"excerpt":{"rendered":"<p>[vc_row][vc_column][vc_column_text]Se voc\u00ea procura uma Assist\u00eancia T\u00e9cnica Brastemp confi\u00e1vel em Bras\u00edlia, a Eluxfrio Bras\u00edlia \u00e9 a melhor escolha. Contamos com uma equipe de t\u00e9cnicos altamente qualificados para garantir que seus eletrodom\u00e9sticos Brastemp voltem a funcionar perfeitamente. Oferecemos 90 dias de garantia em todos os servi\u00e7os e utilizamos pe\u00e7as originais para assegurar a durabilidade dos reparos. Conserto [&hellip;]<\/p>\n","protected":false},"author":1,"featured_media":0,"parent":0,"menu_order":0,"comment_status":"closed","ping_status":"closed","template":"","meta":{"footnotes":""},"yst_prominent_words":[],"class_list":["post-3792","page","type-page","status-publish","hentry","no-post-thumbnail"],"_links":{"self":[{"href":"https:\/\/eluxfrio.com.br\/df\/wp-json\/wp\/v2\/pages\/3792","targetHints":{"allow":["GET"]}}],"collection":[{"href":"https:\/\/eluxfrio.com.br\/df\/wp-json\/wp\/v2\/pages"}],"about":[{"href":"https:\/\/eluxfrio.com.br\/df\/wp-json\/wp\/v2\/types\/page"}],"author":[{"embeddable":true,"href":"https:\/\/eluxfrio.com.br\/df\/wp-json\/wp\/v2\/users\/1"}],"replies":[{"embeddable":true,"href":"https:\/\/eluxfrio.com.br\/df\/wp-json\/wp\/v2\/comments?post=3792"}],"version-history":[{"count":0,"href":"https:\/\/eluxfrio.com.br\/df\/wp-json\/wp\/v2\/pages\/3792\/revisions"}],"wp:attachment":[{"href":"https:\/\/eluxfrio.com.br\/df\/wp-json\/wp\/v2\/media?parent=3792"}],"wp:term":[{"taxonomy":"yst_prominent_words","embeddable":true,"href":"https:\/\/eluxfrio.com.br\/df\/wp-json\/wp\/v2\/yst_prominent_words?post=3792"}],"curies":[{"name":"wp","href":"https:\/\/api.w.org\/{rel}","templated":true}]}}