{"id":3795,"date":"2025-02-10T13:43:23","date_gmt":"2025-02-10T16:43:23","guid":{"rendered":"https:\/\/eluxfrio.com.br\/df\/?page_id=3795"},"modified":"2025-03-18T11:00:18","modified_gmt":"2025-03-18T14:00:18","slug":"assistencia-tecnica-samsung-df","status":"publish","type":"page","link":"https:\/\/eluxfrio.com.br\/df\/assistencia-tecnica-samsung-df\/","title":{"rendered":"Assist\u00eancia T\u00e9cnica Samsung DF"},"content":{"rendered":"<p>[vc_row][vc_column][vc_column_text]Se voc\u00ea mora em Bras\u00edlia e precisa de servi\u00e7os de <strong>Assist\u00eancia T\u00e9cnica Samsung<\/strong>, voc\u00ea veio ao lugar certo! A<a href=\"https:\/\/eluxfrio.com.br\/df\/\"><strong> Eluxfrio Bras\u00edlia<\/strong><\/a> \u00e9 especializada em <strong>Assist\u00eancia T\u00e9cnica Samsung<\/strong> e oferece uma ampla gama de servi\u00e7os para <strong>conserto de eletrodom\u00e9sticos Samsung<\/strong>. Com t\u00e9cnicos altamente qualificados e experi\u00eancia no mercado, podemos garantir que seu aparelho ser\u00e1 tratado com o m\u00e1ximo de cuidado e efici\u00eancia.<\/p>\n<h2 style=\"text-align: center;\"><span style=\"color: #002745;\"><strong>Por que escolher a Eluxfrio Bras\u00edlia?<\/strong><\/span><\/h2>\n<p>A <a href=\"https:\/\/eluxfrio.com.br\/df\/\"><strong>Eluxfrio Bras\u00edlia<\/strong> <\/a>\u00e9 uma <strong>Assist\u00eancia T\u00e9cnica Samsung<\/strong> de confian\u00e7a, oferecendo solu\u00e7\u00f5es r\u00e1pidas e eficazes para os mais diversos problemas que podem surgir com seus eletrodom\u00e9sticos. Nosso compromisso \u00e9 garantir a satisfa\u00e7\u00e3o de nossos clientes, por isso, oferecemos <strong>90 dias de garantia<\/strong> em todos os servi\u00e7os realizados.<\/p>\n<p>Al\u00e9m disso, contamos com uma equipe de t\u00e9cnicos qualificados que s\u00e3o especializados em diversos modelos de produtos Samsung. Seja uma <strong>geladeira Samsung<\/strong>, <strong>m\u00e1quina de lavar Samsung<\/strong>, <strong>lava e seca Samsung<\/strong>, ou <strong>lava-lou\u00e7as Samsung<\/strong>, temos a experi\u00eancia necess\u00e1ria para diagnosticar e resolver rapidamente o problema do seu eletrodom\u00e9stico.[\/vc_column_text][vc_empty_space height=&#8221;60px&#8221;][\/vc_column][\/vc_row][vc_row][vc_column width=&#8221;1\/2&#8243;][vc_btn title=&#8221;Fale conosco pelo Whatsapp&#8221; style=&#8221;custom&#8221; custom_background=&#8221;#0da300&#8243; custom_text=&#8221;#ffffff&#8221; shape=&#8221;round&#8221; size=&#8221;lg&#8221; align=&#8221;center&#8221; i_align=&#8221;right&#8221; i_icon_fontawesome=&#8221;fa fa-whatsapp&#8221; link=&#8221;url:https%3A%2F%2Fapi.whatsapp.com%2Fsend%3Fphone%3D556135503896%26text%3DPreciso%2520de%2520uma%2520Assist%25C3%25AAncia%2520T%25C3%25A9cnica&#8230;.|||&#8221; add_icon=&#8221;true&#8221;][\/vc_column][vc_column width=&#8221;1\/2&#8243;][vc_btn title=&#8221;Ligue agora: (61) 3550-3896&#8243; style=&#8221;custom&#8221; custom_background=&#8221;#191596&#8243; custom_text=&#8221;#ffffff&#8221; shape=&#8221;round&#8221; size=&#8221;lg&#8221; align=&#8221;center&#8221; i_icon_fontawesome=&#8221;fa fa-volume-control-phone&#8221; link=&#8221;url:tel%3A%2B556135503896|||&#8221; add_icon=&#8221;true&#8221;][\/vc_column][\/vc_row][vc_row][vc_column][vc_empty_space height=&#8221;60px&#8221;][vc_row_inner][vc_column_inner width=&#8221;1\/4&#8243;][vc_empty_space height=&#8221;40px&#8221;][vc_single_image image=&#8221;2757&#8243; img_size=&#8221;full&#8221; alignment=&#8221;center&#8221;][\/vc_column_inner][vc_column_inner width=&#8221;3\/4&#8243;][vc_column_text]<\/p>\n<h3><span style=\"color: #002745;\"><strong>Conserto de Geladeira Samsung DF<\/strong><\/span><\/h3>\n<p>A<strong> geladeira Samsung<\/strong> \u00e9 um dos eletrodom\u00e9sticos mais essenciais de uma casa, e qualquer falha pode gerar grandes inconvenientes. Se a sua geladeira come\u00e7ou a apresentar problemas, n\u00e3o espere que a situa\u00e7\u00e3o se agrave. Com a <strong>Assist\u00eancia T\u00e9cnica Geladeira Samsung da Eluxfrio Bras\u00edlia<\/strong>, seu aparelho ser\u00e1 consertado de forma eficiente e segura. Nosso time \u00e9 capaz de lidar com quest\u00f5es como falhas no compressor, problemas de termostato, vazamentos de g\u00e1s, dificuldades no funcionamento do congelador, entre outros.<\/p>\n<p>Oferecemos <strong>conserto de geladeira Samsung<\/strong> com <strong>pe\u00e7as originais<\/strong> e <strong>garantia de 90 dias<\/strong>, proporcionando tranquilidade e seguran\u00e7a para voc\u00ea e sua fam\u00edlia.[\/vc_column_text][vc_empty_space height=&#8221;30px&#8221;][vc_btn title=&#8221;Fale conosco pelo Whatsapp&#8221; style=&#8221;custom&#8221; custom_background=&#8221;#0da300&#8243; custom_text=&#8221;#ffffff&#8221; shape=&#8221;round&#8221; size=&#8221;lg&#8221; i_align=&#8221;right&#8221; i_icon_fontawesome=&#8221;fa fa-whatsapp&#8221; link=&#8221;url:https%3A%2F%2Fapi.whatsapp.com%2Fsend%3Fphone%3D556135503896%26text%3DPreciso%2520de%2520uma%2520Assist%25C3%25AAncia%2520T%25C3%25A9cnica&#8230;.|||&#8221; add_icon=&#8221;true&#8221;][\/vc_column_inner][\/vc_row_inner][vc_empty_space height=&#8221;40px&#8221;][vc_row_inner][vc_column_inner width=&#8221;1\/4&#8243;][vc_empty_space height=&#8221;40px&#8221;][vc_single_image image=&#8221;2454&#8243; img_size=&#8221;full&#8221; alignment=&#8221;center&#8221;][\/vc_column_inner][vc_column_inner width=&#8221;3\/4&#8243;][vc_column_text]<\/p>\n<h3><strong><span style=\"color: #002745;\">Conserto de M\u00e1quina de Lavar Samsung DF<\/span><\/strong><\/h3>\n<p>Quando sua <strong>m\u00e1quina de lavar Samsung<\/strong> apresenta problemas, pode ser um grande transtorno, especialmente em momentos de maior necessidade. Na <strong>Eluxfrio Bras\u00edlia<\/strong>, contamos com uma <strong>Assist\u00eancia T\u00e9cnica M\u00e1quina de Lavar Samsung<\/strong> especializada em resolver desde falhas no sistema de drenagem at\u00e9 problemas mais complexos no motor ou no painel de controle.<\/p>\n<p>Nosso servi\u00e7o de <strong>conserto de m\u00e1quina de lavar Samsung<\/strong> \u00e9 realizado por t\u00e9cnicos treinados para garantir que o seu eletrodom\u00e9stico volte a funcionar perfeitamente. Al\u00e9m disso, trabalhamos com <strong>pe\u00e7as originais<\/strong> e oferecemos<strong> garantia de 90 dias<\/strong> em todos os consertos realizados.[\/vc_column_text][vc_empty_space height=&#8221;30px&#8221;][vc_btn title=&#8221;Fale conosco pelo Whatsapp&#8221; style=&#8221;custom&#8221; custom_background=&#8221;#0da300&#8243; custom_text=&#8221;#ffffff&#8221; shape=&#8221;round&#8221; size=&#8221;lg&#8221; i_align=&#8221;right&#8221; i_icon_fontawesome=&#8221;fa fa-whatsapp&#8221; link=&#8221;url:https%3A%2F%2Fapi.whatsapp.com%2Fsend%3Fphone%3D556135503896%26text%3DPreciso%2520de%2520uma%2520Assist%25C3%25AAncia%2520T%25C3%25A9cnica&#8230;.|||&#8221; add_icon=&#8221;true&#8221;][\/vc_column_inner][\/vc_row_inner][vc_empty_space height=&#8221;40px&#8221;][vc_row_inner][vc_column_inner width=&#8221;1\/4&#8243;][vc_empty_space height=&#8221;40px&#8221;][vc_single_image image=&#8221;1059&#8243; img_size=&#8221;medium&#8221; alignment=&#8221;center&#8221;][\/vc_column_inner][vc_column_inner width=&#8221;3\/4&#8243;][vc_column_text]<\/p>\n<h3><strong><span style=\"color: #002745;\">Conserto de Lava e Seca Samsung DF<\/span><\/strong><\/h3>\n<p>Se voc\u00ea possui uma <strong>lava e seca Samsung<\/strong> e ela est\u00e1 apresentando problemas, como falhas no ciclo de secagem, \u00e1gua vazando ou dificuldades no programa de lavagem, a <strong>Eluxfrio Bras\u00edlia<\/strong> \u00e9 a <strong>Assist\u00eancia T\u00e9cnica Lava e Seca Samsung<\/strong> ideal para voc\u00ea. Com uma equipe de profissionais especializados, podemos diagnosticar o problema com rapidez e realizar o <strong>conserto de lava e seca Samsung<\/strong> de forma eficiente.<\/p>\n<p>Entendemos como \u00e9 importante ter um eletrodom\u00e9stico como esse funcionando bem, por isso garantimos que a <strong>Assist\u00eancia T\u00e9cnica Lava e Seca Samsung<\/strong> que oferecemos seja de alta qualidade, com o uso de <strong>pe\u00e7as originais<\/strong> e <strong>90 dias de garantia<\/strong>.[\/vc_column_text][vc_empty_space height=&#8221;30px&#8221;][vc_btn title=&#8221;Fale conosco pelo Whatsapp&#8221; style=&#8221;custom&#8221; custom_background=&#8221;#0da300&#8243; custom_text=&#8221;#ffffff&#8221; shape=&#8221;round&#8221; size=&#8221;lg&#8221; i_align=&#8221;right&#8221; i_icon_fontawesome=&#8221;fa fa-whatsapp&#8221; link=&#8221;url:https%3A%2F%2Fapi.whatsapp.com%2Fsend%3Fphone%3D556135503896%26text%3DPreciso%2520de%2520uma%2520Assist%25C3%25AAncia%2520T%25C3%25A9cnica&#8230;.|||&#8221; add_icon=&#8221;true&#8221;][\/vc_column_inner][\/vc_row_inner][vc_empty_space height=&#8221;40px&#8221;][vc_row_inner][vc_column_inner width=&#8221;1\/4&#8243;][vc_empty_space height=&#8221;40px&#8221;][vc_single_image image=&#8221;2879&#8243; img_size=&#8221;medium&#8221; alignment=&#8221;center&#8221;][\/vc_column_inner][vc_column_inner width=&#8221;3\/4&#8243;][vc_column_text]<\/p>\n<h3><strong><span style=\"color: #002745;\">Conserto de Lava-lou\u00e7as Samsung DF<\/span><\/strong><\/h3>\n<p>A <strong>lava-lou\u00e7as Samsung<\/strong> \u00e9 um aparelho pr\u00e1tico que facilita muito a rotina, mas quando come\u00e7a a apresentar defeitos, como n\u00e3o ligar ou n\u00e3o funcionar corretamente, pode ser um grande aborrecimento. Nessa hora, \u00e9 essencial contar com a <strong>Assist\u00eancia T\u00e9cnica Lava-lou\u00e7as Samsung<\/strong> certa para resolver o problema. A <strong>Eluxfrio Bras\u00edlia<\/strong> \u00e9 a op\u00e7\u00e3o ideal para quem precisa de<strong> conserto de lava-lou\u00e7as Samsung<\/strong>, pois nossos t\u00e9cnicos s\u00e3o treinados para reparar qualquer tipo de defeito, como falhas no sistema de lavagem ou problemas no painel de controle.<\/p>\n<p>Al\u00e9m disso, ao optar pela nossa <strong>Assist\u00eancia T\u00e9cnica Lava-lou\u00e7as Samsung<\/strong>, voc\u00ea conta com a tranquilidade de saber que estamos utilizando <strong>pe\u00e7as originais<\/strong> e <strong>oferecemos 90 dias de garantia<\/strong> em todos os servi\u00e7os.[\/vc_column_text][vc_empty_space height=&#8221;30px&#8221;][vc_btn title=&#8221;Fale conosco pelo Whatsapp&#8221; style=&#8221;custom&#8221; custom_background=&#8221;#0da300&#8243; custom_text=&#8221;#ffffff&#8221; shape=&#8221;round&#8221; size=&#8221;lg&#8221; i_align=&#8221;right&#8221; i_icon_fontawesome=&#8221;fa fa-whatsapp&#8221; link=&#8221;url:https%3A%2F%2Fapi.whatsapp.com%2Fsend%3Fphone%3D556135503896%26text%3DPreciso%2520de%2520uma%2520Assist%25C3%25AAncia%2520T%25C3%25A9cnica&#8230;.|||&#8221; add_icon=&#8221;true&#8221;][\/vc_column_inner][\/vc_row_inner][vc_empty_space height=&#8221;40px&#8221;][\/vc_column][\/vc_row][vc_row][vc_column][vc_column_text]<\/p>\n<h2 style=\"text-align: center;\"><strong><span style=\"color: #002745;\">Assist\u00eancia T\u00e9cnica Samsung: Atendimento de Qualidade<\/span><\/strong><\/h2>\n<p>A <strong>Eluxfrio Bras\u00edlia<\/strong> \u00e9 uma empresa comprometida em oferecer a melhor<strong> Assist\u00eancia T\u00e9cnica Samsung em Bras\u00edlia<\/strong>. Seja para <strong>conserto de geladeira Samsung<\/strong>, <strong>m\u00e1quina de lavar Samsung<\/strong>, <strong>lava e seca Samsung<\/strong> ou <strong>lava-lou\u00e7as Samsung<\/strong>, nossa equipe de t\u00e9cnicos altamente capacitados est\u00e1 pronta para diagnosticar e resolver os problemas de forma r\u00e1pida e eficiente.<\/p>\n<p>Al\u00e9m de garantir a qualidade e a durabilidade do servi\u00e7o com o uso de <strong>pe\u00e7as originais<\/strong>, a <strong>Eluxfrio Bras\u00edlia<\/strong> oferece um atendimento personalizado e suporte para todos os modelos de produtos Samsung, garantindo que seu aparelho seja tratado da melhor forma poss\u00edvel. Tamb\u00e9m oferecemos <strong>90 dias de garantia<\/strong> em todos os servi\u00e7os, para que voc\u00ea tenha a confian\u00e7a de que seu eletrodom\u00e9stico est\u00e1 em boas m\u00e3os.[\/vc_column_text][vc_empty_space height=&#8221;40px&#8221;][\/vc_column][\/vc_row][vc_row][vc_column width=&#8221;1\/2&#8243;][vc_btn title=&#8221;Fale conosco pelo Whatsapp&#8221; style=&#8221;custom&#8221; custom_background=&#8221;#0da300&#8243; custom_text=&#8221;#ffffff&#8221; shape=&#8221;round&#8221; size=&#8221;lg&#8221; align=&#8221;center&#8221; i_align=&#8221;right&#8221; i_icon_fontawesome=&#8221;fa fa-whatsapp&#8221; link=&#8221;url:https%3A%2F%2Fapi.whatsapp.com%2Fsend%3Fphone%3D556135503896%26text%3DPreciso%2520de%2520uma%2520Assist%25C3%25AAncia%2520T%25C3%25A9cnica&#8230;.|||&#8221; add_icon=&#8221;true&#8221;][\/vc_column][vc_column width=&#8221;1\/2&#8243;][vc_btn title=&#8221;Ligue agora: (61) 3550-3896&#8243; style=&#8221;custom&#8221; custom_background=&#8221;#191596&#8243; custom_text=&#8221;#ffffff&#8221; shape=&#8221;round&#8221; size=&#8221;lg&#8221; align=&#8221;center&#8221; i_icon_fontawesome=&#8221;fa fa-volume-control-phone&#8221; link=&#8221;url:tel%3A%2B556135503896|||&#8221; add_icon=&#8221;true&#8221;][\/vc_column][\/vc_row][vc_row][vc_column][vc_empty_space height=&#8221;40px&#8221;][vc_column_text]<\/p>\n<h3 style=\"text-align: center;\"><span style=\"color: #002745;\"><strong>Por que \u00e9 importante contar com uma Assist\u00eancia T\u00e9cnica autorizada?<\/strong><\/span><\/h3>\n<p>Optar por uma <strong>Assist\u00eancia T\u00e9cnica Samsung<\/strong>, como a <strong>Eluxfrio Bras\u00edlia<\/strong>, \u00e9 essencial para garantir a qualidade do conserto o que garante o bom funcionamento do seu aparelho e aumenta sua vida \u00fatil.<\/p>\n<p>Al\u00e9m disso, nossa equipe de t\u00e9cnicos especializados possui conhecimento profundo sobre os <strong>produtos Samsung<\/strong>, o que permite um diagn\u00f3stico preciso e um reparo eficiente. Escolher uma <strong>assist\u00eancia t\u00e9cnica especializada<\/strong> \u00e9 a melhor maneira de evitar problemas futuros e garantir que seus eletrodom\u00e9sticos funcionem de forma ideal.[\/vc_column_text][vc_empty_space height=&#8221;40px&#8221;][\/vc_column][\/vc_row][vc_row][vc_column][vc_column_text]<\/p>\n<h3 style=\"text-align: center;\"><span style=\"color: #002745;\"><strong>Entre em contato conosco!<\/strong><\/span><\/h3>\n<p>Se voc\u00ea est\u00e1 em Bras\u00edlia e precisa de uma <strong>Assist\u00eancia T\u00e9cnica Samsung<\/strong>, n\u00e3o hesite em <a href=\"#\"><strong>entrar em contato com a Eluxfrio Bras\u00edlia<\/strong><\/a>. Estamos prontos para ajudar voc\u00ea com o <strong>conserto de geladeira Samsung<\/strong>, <strong>m\u00e1quina de lavar Samsung<\/strong>, <strong>lava e seca Samsung<\/strong> ou <strong>lava-lou\u00e7as Samsung<\/strong>. Garantimos a qualidade do nosso trabalho, com <strong>90 dias de garantia<\/strong> e<strong> t\u00e9cnicos especializados<\/strong> para atender a todas as suas necessidades.<\/p>\n<p>Estamos \u00e0 disposi\u00e7\u00e3o para atender a sua demanda com rapidez, efici\u00eancia e o melhor atendimento poss\u00edvel. A <strong>Eluxfrio Bras\u00edlia<\/strong> \u00e9 a sua solu\u00e7\u00e3o para problemas com <strong>eletrodom\u00e9sticos Samsung<\/strong>![\/vc_column_text][vc_empty_space height=&#8221;40px&#8221;][\/vc_column][\/vc_row][vc_row][vc_column width=&#8221;1\/2&#8243;][vc_btn title=&#8221;Fale conosco pelo Whatsapp&#8221; style=&#8221;custom&#8221; custom_background=&#8221;#0da300&#8243; custom_text=&#8221;#ffffff&#8221; shape=&#8221;round&#8221; size=&#8221;lg&#8221; align=&#8221;center&#8221; i_align=&#8221;right&#8221; i_icon_fontawesome=&#8221;fa fa-whatsapp&#8221; link=&#8221;url:https%3A%2F%2Fapi.whatsapp.com%2Fsend%3Fphone%3D556135503896%26text%3DPreciso%2520de%2520uma%2520Assist%25C3%25AAncia%2520T%25C3%25A9cnica&#8230;.|||&#8221; add_icon=&#8221;true&#8221;][\/vc_column][vc_column width=&#8221;1\/2&#8243;][vc_btn title=&#8221;Ligue agora: (61) 3550-3896&#8243; style=&#8221;custom&#8221; custom_background=&#8221;#191596&#8243; custom_text=&#8221;#ffffff&#8221; shape=&#8221;round&#8221; size=&#8221;lg&#8221; align=&#8221;center&#8221; i_icon_fontawesome=&#8221;fa fa-volume-control-phone&#8221; link=&#8221;url:tel%3A%2B556135503896|||&#8221; add_icon=&#8221;true&#8221;][\/vc_column][\/vc_row][vc_row][vc_column][vc_empty_space height=&#8221;60px&#8221;][\/vc_column][\/vc_row]<\/p>\n","protected":false},"excerpt":{"rendered":"<p>[vc_row][vc_column][vc_column_text]Se voc\u00ea mora em Bras\u00edlia e precisa de servi\u00e7os de Assist\u00eancia T\u00e9cnica Samsung, voc\u00ea veio ao lugar certo! A Eluxfrio Bras\u00edlia \u00e9 especializada em Assist\u00eancia T\u00e9cnica Samsung e oferece uma ampla gama de servi\u00e7os para conserto de eletrodom\u00e9sticos Samsung. Com t\u00e9cnicos altamente qualificados e experi\u00eancia no mercado, podemos garantir que seu aparelho ser\u00e1 tratado com [&hellip;]<\/p>\n","protected":false},"author":1,"featured_media":0,"parent":0,"menu_order":0,"comment_status":"closed","ping_status":"closed","template":"","meta":{"footnotes":""},"yst_prominent_words":[],"class_list":["post-3795","page","type-page","status-publish","hentry","no-post-thumbnail"],"_links":{"self":[{"href":"https:\/\/eluxfrio.com.br\/df\/wp-json\/wp\/v2\/pages\/3795","targetHints":{"allow":["GET"]}}],"collection":[{"href":"https:\/\/eluxfrio.com.br\/df\/wp-json\/wp\/v2\/pages"}],"about":[{"href":"https:\/\/eluxfrio.com.br\/df\/wp-json\/wp\/v2\/types\/page"}],"author":[{"embeddable":true,"href":"https:\/\/eluxfrio.com.br\/df\/wp-json\/wp\/v2\/users\/1"}],"replies":[{"embeddable":true,"href":"https:\/\/eluxfrio.com.br\/df\/wp-json\/wp\/v2\/comments?post=3795"}],"version-history":[{"count":0,"href":"https:\/\/eluxfrio.com.br\/df\/wp-json\/wp\/v2\/pages\/3795\/revisions"}],"wp:attachment":[{"href":"https:\/\/eluxfrio.com.br\/df\/wp-json\/wp\/v2\/media?parent=3795"}],"wp:term":[{"taxonomy":"yst_prominent_words","embeddable":true,"href":"https:\/\/eluxfrio.com.br\/df\/wp-json\/wp\/v2\/yst_prominent_words?post=3795"}],"curies":[{"name":"wp","href":"https:\/\/api.w.org\/{rel}","templated":true}]}}