{"id":3797,"date":"2025-02-10T13:50:23","date_gmt":"2025-02-10T16:50:23","guid":{"rendered":"https:\/\/eluxfrio.com.br\/df\/?page_id=3797"},"modified":"2025-03-18T11:00:26","modified_gmt":"2025-03-18T14:00:26","slug":"assistencia-tecnica-lg-em-brasilia","status":"publish","type":"page","link":"https:\/\/eluxfrio.com.br\/df\/assistencia-tecnica-lg-em-brasilia\/","title":{"rendered":"Assist\u00eancia T\u00e9cnica LG em Bras\u00edlia"},"content":{"rendered":"<p>[vc_row][vc_column][vc_column_text]Quando o assunto \u00e9 <strong>Assist\u00eancia T\u00e9cnica LG em Bras\u00edlia<\/strong>, a <a href=\"https:\/\/eluxfrio.com.br\/df\/\"><strong>Eluxfrio Bras\u00edlia<\/strong><\/a> se destaca como uma das principais refer\u00eancias na regi\u00e3o. Especializada em <strong>Conserto de Eletrodom\u00e9stico Bras\u00edlia<\/strong>, a empresa oferece servi\u00e7os de alta qualidade para <strong>reparos e manuten\u00e7\u00e3o de produtos da marca LG<\/strong>, com t\u00e9cnicos qualificados, <strong>garantia de 90 dias<\/strong> e um atendimento \u00e1gil, a <a href=\"https:\/\/eluxfrio.com.br\/df\/\"><strong>Eluxfrio DF<\/strong> <\/a>\u00e9 a solu\u00e7\u00e3o ideal para quem busca <strong>Assist\u00eancia T\u00e9cnica LG<\/strong> confi\u00e1vel e eficiente.<\/p>\n<h2 style=\"text-align: center;\"><span style=\"color: #002745;\"><strong>Por que Escolher a Eluxfrio Bras\u00edlia para Assist\u00eancia T\u00e9cnica LG?<\/strong><\/span><\/h2>\n<p>A <a href=\"https:\/\/eluxfrio.com.br\/df\/\"><strong>Eluxfrio Bras\u00edlia<\/strong> <\/a>\u00e9 uma <strong>Assist\u00eancia T\u00e9cnica LG<\/strong>, o que garante que todos os servi\u00e7os realizados seguem os padr\u00f5es de qualidade exigidos pela fabricante. Seja para <strong>Conserto de Geladeira LG<\/strong>, <strong>Conserto de M\u00e1quina de Lavar LG<\/strong>, <strong>Conserto de Micro-ondas LG<\/strong>, <strong>Conserto de Lava e Seca LG<\/strong> ou <strong>Conserto de Geladeira Side by Side LG<\/strong>, a empresa conta com uma equipe de t\u00e9cnicos altamente capacitados e treinados para lidar com qualquer tipo de problema.<\/p>\n<p>Al\u00e9m disso, a <a href=\"https:\/\/eluxfrio.com.br\/df\/\"><strong>Eluxfrio Bras\u00edlia<\/strong><\/a> oferece <strong>90 dias de garantia<\/strong> em todos os servi\u00e7os prestados, proporcionando tranquilidade e seguran\u00e7a aos clientes. Isso significa que, caso o problema persista ap\u00f3s o reparo, a empresa assume a responsabilidade de resolver a quest\u00e3o sem custos adicionais. Essa pol\u00edtica de garantia \u00e9 um dos principais diferenciais da <a href=\"https:\/\/eluxfrio.com.br\/df\/\"><strong>Eluxfrio DF<\/strong><\/a>, refor\u00e7ando seu compromisso com a satisfa\u00e7\u00e3o do cliente.[\/vc_column_text][vc_empty_space height=&#8221;60px&#8221;][\/vc_column][\/vc_row][vc_row][vc_column width=&#8221;1\/2&#8243;][vc_btn title=&#8221;Fale conosco pelo Whatsapp&#8221; style=&#8221;custom&#8221; custom_background=&#8221;#0da300&#8243; custom_text=&#8221;#ffffff&#8221; shape=&#8221;round&#8221; size=&#8221;lg&#8221; align=&#8221;center&#8221; i_align=&#8221;right&#8221; i_icon_fontawesome=&#8221;fa fa-whatsapp&#8221; link=&#8221;url:https%3A%2F%2Fapi.whatsapp.com%2Fsend%3Fphone%3D556135503896%26text%3DPreciso%2520de%2520uma%2520Assist%25C3%25AAncia%2520T%25C3%25A9cnica&#8230;.|||&#8221; add_icon=&#8221;true&#8221;][\/vc_column][vc_column width=&#8221;1\/2&#8243;][vc_btn title=&#8221;Ligue agora: (61) 3550-3896&#8243; style=&#8221;custom&#8221; custom_background=&#8221;#191596&#8243; custom_text=&#8221;#ffffff&#8221; shape=&#8221;round&#8221; size=&#8221;lg&#8221; align=&#8221;center&#8221; i_icon_fontawesome=&#8221;fa fa-volume-control-phone&#8221; link=&#8221;url:tel%3A%2B556135503896|||&#8221; add_icon=&#8221;true&#8221;][\/vc_column][\/vc_row][vc_row][vc_column][vc_empty_space height=&#8221;60px&#8221;][vc_column_text]<\/p>\n<h2 style=\"text-align: center;\"><span style=\"color: #002745;\"><strong>Servi\u00e7os Oferecidos pela Eluxfrio Bras\u00edlia<\/strong><\/span><\/h2>\n<p>A <strong>Eluxfrio Bras\u00edlia<\/strong> atende a uma ampla gama de produtos da LG, garantindo que seus eletrodom\u00e9sticos funcionem com a m\u00e1xima efici\u00eancia.<\/p>\n<p style=\"text-align: center;\"><strong>Confira os principais servi\u00e7os oferecidos:<\/strong><\/p>\n<p>[\/vc_column_text][\/vc_column][\/vc_row][vc_row][vc_column][vc_empty_space height=&#8221;40px&#8221;][vc_row_inner][vc_column_inner width=&#8221;1\/4&#8243;][vc_empty_space height=&#8221;40px&#8221;][vc_single_image image=&#8221;2759&#8243; img_size=&#8221;full&#8221; alignment=&#8221;center&#8221;][\/vc_column_inner][vc_column_inner width=&#8221;3\/4&#8243;][vc_column_text]<\/p>\n<h3><span style=\"color: #002745;\"><strong>Assist\u00eancia T\u00e9cnica Geladeira LG DF<\/strong><\/span><\/h3>\n<p>A <strong>Geladeira LG<\/strong> \u00e9 um dos eletrodom\u00e9sticos mais essenciais em qualquer resid\u00eancia, e quando apresenta problemas, pode causar grandes transtornos. A <strong>Eluxfrio Bras\u00edlia <\/strong>oferece <strong>Assist\u00eancia T\u00e9cnica Geladeira LG<\/strong> para resolver quest\u00f5es como falta de resfriamento, vazamentos, barulhos estranhos e muito mais. Seja uma geladeira comum ou uma <strong>Geladeira Side by Side LG<\/strong>, a equipe est\u00e1 preparada para realizar o <strong>Conserto de Geladeira LG<\/strong> com agilidade e precis\u00e3o.<\/p>\n<p>Problemas como falhas no sistema de refrigera\u00e7\u00e3o, dispensador de \u00e1gua ou gelo quebrado, ou at\u00e9 mesmo quest\u00f5es relacionadas ao controle de temperatura podem ser resolvidos pela equipe da <strong>Eluxfrio<\/strong>. Com pe\u00e7as originais e t\u00e9cnicos especializados, o <strong>Conserto de Geladeira LG<\/strong> \u00e9 realizado com excel\u00eancia.[\/vc_column_text][vc_empty_space height=&#8221;30px&#8221;][vc_btn title=&#8221;Fale conosco pelo Whatsapp&#8221; style=&#8221;custom&#8221; custom_background=&#8221;#0da300&#8243; custom_text=&#8221;#ffffff&#8221; shape=&#8221;round&#8221; size=&#8221;lg&#8221; i_align=&#8221;right&#8221; i_icon_fontawesome=&#8221;fa fa-whatsapp&#8221; link=&#8221;url:https%3A%2F%2Fapi.whatsapp.com%2Fsend%3Fphone%3D556135503896%26text%3DPreciso%2520de%2520uma%2520Assist%25C3%25AAncia%2520T%25C3%25A9cnica&#8230;.|||&#8221; add_icon=&#8221;true&#8221;][\/vc_column_inner][\/vc_row_inner][vc_empty_space height=&#8221;40px&#8221;][vc_row_inner][vc_column_inner width=&#8221;1\/4&#8243;][vc_empty_space height=&#8221;40px&#8221;][vc_single_image image=&#8221;3855&#8243; img_size=&#8221;medium&#8221; alignment=&#8221;center&#8221;][\/vc_column_inner][vc_column_inner width=&#8221;3\/4&#8243;][vc_column_text]<\/p>\n<h3><strong><span style=\"color: #002745;\">Assist\u00eancia T\u00e9cnica M\u00e1quina de Lavar LG DF<\/span><\/strong><\/h3>\n<p>A <strong>M\u00e1quina de Lavar LG<\/strong> \u00e9 conhecida por sua tecnologia avan\u00e7ada e durabilidade, mas mesmo os melhores equipamentos podem apresentar falhas. A <strong>Eluxfrio Bras\u00edlia<\/strong> oferece <strong>Assist\u00eancia T\u00e9cnica M\u00e1quina de Lavar LG<\/strong> para problemas como vazamentos, barulhos excessivos, falhas no centrifugador ou na lavagem. O <strong>Conserto de M\u00e1quina de Lavar LG<\/strong> \u00e9 realizado com pe\u00e7as originais e t\u00e9cnicas modernas, garantindo a recupera\u00e7\u00e3o total do aparelho.<\/p>\n<p>Um dos problemas mais comuns em <strong>m\u00e1quinas de lavar<\/strong> \u00e9 o ac\u00famulo de res\u00edduos no filtro ou no sistema de drenagem, o que pode causar mau funcionamento. A equipe da <strong>Eluxfrio Bras\u00edlia <\/strong>realiza uma limpeza completa e verifica todos os componentes para garantir que a m\u00e1quina volte a funcionar perfeitamente. Al\u00e9m disso, a empresa oferece dicas de manuten\u00e7\u00e3o preventiva para evitar problemas futuros.[\/vc_column_text][vc_empty_space height=&#8221;30px&#8221;][vc_btn title=&#8221;Fale conosco pelo Whatsapp&#8221; style=&#8221;custom&#8221; custom_background=&#8221;#0da300&#8243; custom_text=&#8221;#ffffff&#8221; shape=&#8221;round&#8221; size=&#8221;lg&#8221; i_align=&#8221;right&#8221; i_icon_fontawesome=&#8221;fa fa-whatsapp&#8221; link=&#8221;url:https%3A%2F%2Fapi.whatsapp.com%2Fsend%3Fphone%3D556135503896%26text%3DPreciso%2520de%2520uma%2520Assist%25C3%25AAncia%2520T%25C3%25A9cnica&#8230;.|||&#8221; add_icon=&#8221;true&#8221;][\/vc_column_inner][\/vc_row_inner][vc_empty_space height=&#8221;40px&#8221;][vc_row_inner][vc_column_inner width=&#8221;1\/4&#8243;][vc_empty_space height=&#8221;80px&#8221;][vc_single_image image=&#8221;1768&#8243; img_size=&#8221;full&#8221; alignment=&#8221;center&#8221;][\/vc_column_inner][vc_column_inner width=&#8221;3\/4&#8243;][vc_column_text]<\/p>\n<h3><span style=\"color: #002745;\"><strong>Assist\u00eancia T\u00e9cnica Micro-ondas LG DF<\/strong><\/span><\/h3>\n<p>O <strong>Micro-ondas LG<\/strong> \u00e9 um eletrodom\u00e9stico indispens\u00e1vel no dia a dia, e quando para de funcionar corretamente, pode atrapalhar a rotina da casa. A <strong>Eluxfrio Bras\u00edlia<\/strong> oferece <strong>Assist\u00eancia T\u00e9cnica Micro-ondas LG<\/strong> para resolver problemas como aquecimento irregular, falhas no painel de controle ou mau funcionamento geral. O <strong>Conserto de Micro-ondas LG<\/strong> \u00e9 feito com rapidez e efici\u00eancia, devolvendo o aparelho \u00e0s suas condi\u00e7\u00f5es ideais.<\/p>\n<p>Problemas com o prato girat\u00f3rio, a luz interna ou o magnetron (respons\u00e1vel pelo aquecimento) s\u00e3o comuns em micro-ondas. A equipe da <strong>Eluxfrio<\/strong> est\u00e1 preparada para diagnosticar e resolver essas quest\u00f5es, utilizando <strong>pe\u00e7as originais<\/strong> e t\u00e9cnicas avan\u00e7adas. Al\u00e9m disso, a empresa oferece orienta\u00e7\u00f5es sobre o uso correto do aparelho para prolongar sua vida \u00fatil.[\/vc_column_text][vc_empty_space height=&#8221;30px&#8221;][vc_btn title=&#8221;Fale conosco pelo Whatsapp&#8221; style=&#8221;custom&#8221; custom_background=&#8221;#0da300&#8243; custom_text=&#8221;#ffffff&#8221; shape=&#8221;round&#8221; size=&#8221;lg&#8221; i_align=&#8221;right&#8221; i_icon_fontawesome=&#8221;fa fa-whatsapp&#8221; link=&#8221;url:https%3A%2F%2Fapi.whatsapp.com%2Fsend%3Fphone%3D556135503896%26text%3DPreciso%2520de%2520uma%2520Assist%25C3%25AAncia%2520T%25C3%25A9cnica&#8230;.|||&#8221; add_icon=&#8221;true&#8221;][\/vc_column_inner][\/vc_row_inner][vc_empty_space height=&#8221;40px&#8221;][vc_row_inner][vc_column_inner width=&#8221;1\/4&#8243;][vc_empty_space height=&#8221;40px&#8221;][vc_single_image image=&#8221;3854&#8243; img_size=&#8221;medium&#8221; alignment=&#8221;center&#8221;][\/vc_column_inner][vc_column_inner width=&#8221;3\/4&#8243;][vc_column_text]<\/p>\n<h3><span style=\"color: #002745;\"><strong>Assist\u00eancia T\u00e9cnica Lava e Seca LG DF<\/strong><\/span><\/h3>\n<p>A<strong> Lava e Seca LG<\/strong> \u00e9 uma das op\u00e7\u00f5es mais modernas e pr\u00e1ticas para quem busca conveni\u00eancia na lavagem de roupas. No entanto, problemas como falhas no sistema de lavagem, secagem ou vazamentos podem ocorrer. A <strong>Eluxfrio Bras\u00edlia<\/strong> oferece <strong>Assist\u00eancia T\u00e9cnica Lava e Seca LG<\/strong> para realizar o <strong>Conserto de Lava e Seca LG<\/strong> com <strong>pe\u00e7as originais<\/strong> e m\u00e3o de obra especializada.<\/p>\n<p>Um dos desafios comuns em lava e seca \u00e9 o desequil\u00edbrio durante o ciclo de centrifuga\u00e7\u00e3o, o que pode causar barulhos excessivos ou at\u00e9 mesmo danos ao aparelho. A equipe da <strong>Eluxfrio Bras\u00edlia <\/strong>realiza uma inspe\u00e7\u00e3o completa para identificar a causa do problema e realizar os ajustes necess\u00e1rios. Al\u00e9m disso, a empresa oferece servi\u00e7os de limpeza interna para garantir o bom funcionamento do aparelho.[\/vc_column_text][vc_empty_space height=&#8221;30px&#8221;][vc_btn title=&#8221;Fale conosco pelo Whatsapp&#8221; style=&#8221;custom&#8221; custom_background=&#8221;#0da300&#8243; custom_text=&#8221;#ffffff&#8221; shape=&#8221;round&#8221; size=&#8221;lg&#8221; i_align=&#8221;right&#8221; i_icon_fontawesome=&#8221;fa fa-whatsapp&#8221; link=&#8221;url:https%3A%2F%2Fapi.whatsapp.com%2Fsend%3Fphone%3D556135503896%26text%3DPreciso%2520de%2520uma%2520Assist%25C3%25AAncia%2520T%25C3%25A9cnica&#8230;.|||&#8221; add_icon=&#8221;true&#8221;][\/vc_column_inner][\/vc_row_inner][vc_empty_space height=&#8221;40px&#8221;][vc_row_inner][vc_column_inner width=&#8221;1\/4&#8243;][vc_empty_space height=&#8221;20px&#8221;][vc_single_image image=&#8221;3856&#8243; img_size=&#8221;full&#8221; alignment=&#8221;center&#8221;][\/vc_column_inner][vc_column_inner width=&#8221;3\/4&#8243;][vc_column_text]<\/p>\n<h3><span style=\"color: #002745;\"><strong>Assist\u00eancia T\u00e9cnica Geladeira Side by Side LG DF<\/strong><\/span><\/h3>\n<p>A <strong>Geladeira Side by Side LG<\/strong> \u00e9 um modelo sofisticado e cheio de funcionalidades, mas tamb\u00e9m pode apresentar problemas t\u00e9cnicos. A <strong>Eluxfrio Bras\u00edlia<\/strong> oferece <strong>Assist\u00eancia T\u00e9cnica Geladeira Side by Side LG<\/strong> para resolver quest\u00f5es como falhas no sistema de refrigera\u00e7\u00e3o, problemas no dispenser de \u00e1gua ou gelo e muito mais. O <strong>Conserto de Geladeira Side by Side LG<\/strong> \u00e9 realizado com precis\u00e3o, garantindo a recupera\u00e7\u00e3o total do aparelho.<\/p>\n<p>Al\u00e9m disso, a <strong>Eluxfrio<\/strong> oferece servi\u00e7os de <strong>manuten\u00e7\u00e3o preventiva para geladeiras Side by Side<\/strong>, como limpeza de condensadores, verifica\u00e7\u00e3o de vazamentos e ajustes no sistema de refrigera\u00e7\u00e3o. Esses cuidados ajudam a prolongar a vida \u00fatil do aparelho e evitar problemas futuros.[\/vc_column_text][vc_empty_space height=&#8221;30px&#8221;][vc_btn title=&#8221;Fale conosco pelo Whatsapp&#8221; style=&#8221;custom&#8221; custom_background=&#8221;#0da300&#8243; custom_text=&#8221;#ffffff&#8221; shape=&#8221;round&#8221; size=&#8221;lg&#8221; i_align=&#8221;right&#8221; i_icon_fontawesome=&#8221;fa fa-whatsapp&#8221; link=&#8221;url:https%3A%2F%2Fapi.whatsapp.com%2Fsend%3Fphone%3D556135503896%26text%3DPreciso%2520de%2520uma%2520Assist%25C3%25AAncia%2520T%25C3%25A9cnica&#8230;.|||&#8221; add_icon=&#8221;true&#8221;][\/vc_column_inner][\/vc_row_inner][vc_empty_space height=&#8221;40px&#8221;][\/vc_column][\/vc_row][vc_row][vc_column][vc_column_text]<\/p>\n<h2 style=\"text-align: center;\"><strong><span style=\"color: #002745;\">Vantagens de Contratar a Eluxfrio Bras\u00edlia<\/span><\/strong><\/h2>\n<p style=\"text-align: center;\">Al\u00e9m de ser uma <strong>Assist\u00eancia T\u00e9cnica LG<\/strong> de confian\u00e7a, a <strong>Eluxfrio Bras\u00edlia<\/strong> oferece uma s\u00e9rie de vantagens para seus clientes:<\/p>\n<p><strong>Atendimento R\u00e1pido:<\/strong> A empresa prioriza a agilidade no atendimento, entendendo que problemas com eletrodom\u00e9sticos podem causar grandes transtornos no dia a dia.<\/p>\n<p><strong>T\u00e9cnicos Qualificados:<\/strong> A equipe \u00e9 composta por profissionais treinados e certificados pela LG, garantindo que os reparos sejam feitos com a m\u00e1xima qualidade.<\/p>\n<p><strong>Pe\u00e7as Originais:<\/strong> A <strong>Eluxfrio<\/strong> utiliza apenas pe\u00e7as originais em todos os reparos, o que garante a durabilidade e o bom funcionamento dos aparelhos.<\/p>\n<p><strong>Or\u00e7amento Sem Compromisso:<\/strong> Antes de iniciar qualquer servi\u00e7o, a empresa fornece um or\u00e7amento detalhado e sem compromisso, permitindo que o cliente tome a decis\u00e3o mais adequada.<\/p>\n<p><strong>90 Dias de Garantia:<\/strong> Todos os servi\u00e7os prestados pela <strong>Eluxfrio<\/strong> v\u00eam com <strong>90 dias de garantia<\/strong>, assegurando que o cliente fique satisfeito com o resultado.[\/vc_column_text][vc_empty_space height=&#8221;40px&#8221;][\/vc_column][\/vc_row][vc_row][vc_column width=&#8221;1\/2&#8243;][vc_btn title=&#8221;Fale conosco pelo Whatsapp&#8221; style=&#8221;custom&#8221; custom_background=&#8221;#0da300&#8243; custom_text=&#8221;#ffffff&#8221; shape=&#8221;round&#8221; size=&#8221;lg&#8221; align=&#8221;center&#8221; i_align=&#8221;right&#8221; i_icon_fontawesome=&#8221;fa fa-whatsapp&#8221; link=&#8221;url:https%3A%2F%2Fapi.whatsapp.com%2Fsend%3Fphone%3D556135503896%26text%3DPreciso%2520de%2520uma%2520Assist%25C3%25AAncia%2520T%25C3%25A9cnica&#8230;.|||&#8221; add_icon=&#8221;true&#8221;][\/vc_column][vc_column width=&#8221;1\/2&#8243;][vc_btn title=&#8221;Ligue agora: (61) 3550-3896&#8243; style=&#8221;custom&#8221; custom_background=&#8221;#191596&#8243; custom_text=&#8221;#ffffff&#8221; shape=&#8221;round&#8221; size=&#8221;lg&#8221; align=&#8221;center&#8221; i_icon_fontawesome=&#8221;fa fa-volume-control-phone&#8221; link=&#8221;url:tel%3A%2B556135503896|||&#8221; add_icon=&#8221;true&#8221;][\/vc_column][\/vc_row][vc_row][vc_column][vc_empty_space height=&#8221;40px&#8221;][vc_column_text]<\/p>\n<h3 style=\"text-align: center;\"><span style=\"color: #002745;\"><strong>Como Solicitar a Assist\u00eancia T\u00e9cnica LG em Bras\u00edlia?<\/strong><\/span><\/h3>\n<p>Solicitar a <strong>Assist\u00eancia T\u00e9cnica LG<\/strong> da <strong>Eluxfrio Bras\u00edlia<\/strong> \u00e9 muito simples. Basta <strong>entrar em contato com a empresa por <a href=\"#\">telefone<\/a> ou <a href=\"#\">WhatsApp para agendar uma visita t\u00e9cnica<\/a><\/strong>. A equipe est\u00e1 dispon\u00edvel para atender em toda a regi\u00e3o de Bras\u00edlia, oferecendo um servi\u00e7o r\u00e1pido, eficiente e com toda a comodidade que voc\u00ea merece.<\/p>\n<p>Se voc\u00ea est\u00e1 em busca de uma <strong>Assist\u00eancia T\u00e9cnica LG em Bras\u00edlia<\/strong>, a <strong>Eluxfrio<\/strong> \u00e9 a escolha certa. Com servi\u00e7os especializados em <strong>Conserto de Eletrodom\u00e9stico Bras\u00edlia<\/strong>, t\u00e9cnicos qualificados, pe\u00e7as originais e 90 dias de garantia, a empresa garante a solu\u00e7\u00e3o ideal para esses problema, n\u00e3o deixe que problemas com eletrodom\u00e9sticos atrapalhem sua rotina. Conte com a <strong>Eluxfrio Bras\u00edlia<\/strong> e tenha a tranquilidade de saber que seus aparelhos est\u00e3o em boas m\u00e3os.<\/p>\n<p style=\"text-align: center;\"><strong><a href=\"#\">Entre em contato hoje mesmo e agende sua visita t\u00e9cnica. A Eluxfrio est\u00e1 pronta para ajudar voc\u00ea!<\/a><\/strong><\/p>\n<p>[\/vc_column_text][vc_empty_space height=&#8221;40px&#8221;][\/vc_column][\/vc_row][vc_row][vc_column width=&#8221;1\/2&#8243;][vc_btn title=&#8221;Fale conosco pelo Whatsapp&#8221; style=&#8221;custom&#8221; custom_background=&#8221;#0da300&#8243; custom_text=&#8221;#ffffff&#8221; shape=&#8221;round&#8221; size=&#8221;lg&#8221; align=&#8221;center&#8221; i_align=&#8221;right&#8221; i_icon_fontawesome=&#8221;fa fa-whatsapp&#8221; link=&#8221;url:https%3A%2F%2Fapi.whatsapp.com%2Fsend%3Fphone%3D556135503896%26text%3DPreciso%2520de%2520uma%2520Assist%25C3%25AAncia%2520T%25C3%25A9cnica&#8230;.|||&#8221; add_icon=&#8221;true&#8221;][\/vc_column][vc_column width=&#8221;1\/2&#8243;][vc_btn title=&#8221;Ligue agora: (61) 3550-3896&#8243; style=&#8221;custom&#8221; custom_background=&#8221;#191596&#8243; custom_text=&#8221;#ffffff&#8221; shape=&#8221;round&#8221; size=&#8221;lg&#8221; align=&#8221;center&#8221; i_icon_fontawesome=&#8221;fa fa-volume-control-phone&#8221; link=&#8221;url:tel%3A%2B556135503896|||&#8221; add_icon=&#8221;true&#8221;][\/vc_column][\/vc_row][vc_row][vc_column][vc_empty_space height=&#8221;60px&#8221;][\/vc_column][\/vc_row]<\/p>\n","protected":false},"excerpt":{"rendered":"<p>[vc_row][vc_column][vc_column_text]Quando o assunto \u00e9 Assist\u00eancia T\u00e9cnica LG em Bras\u00edlia, a Eluxfrio Bras\u00edlia se destaca como uma das principais refer\u00eancias na regi\u00e3o. Especializada em Conserto de Eletrodom\u00e9stico Bras\u00edlia, a empresa oferece servi\u00e7os de alta qualidade para reparos e manuten\u00e7\u00e3o de produtos da marca LG, com t\u00e9cnicos qualificados, garantia de 90 dias e um atendimento \u00e1gil, a [&hellip;]<\/p>\n","protected":false},"author":1,"featured_media":0,"parent":0,"menu_order":0,"comment_status":"closed","ping_status":"closed","template":"","meta":{"footnotes":""},"yst_prominent_words":[],"class_list":["post-3797","page","type-page","status-publish","hentry","no-post-thumbnail"],"_links":{"self":[{"href":"https:\/\/eluxfrio.com.br\/df\/wp-json\/wp\/v2\/pages\/3797","targetHints":{"allow":["GET"]}}],"collection":[{"href":"https:\/\/eluxfrio.com.br\/df\/wp-json\/wp\/v2\/pages"}],"about":[{"href":"https:\/\/eluxfrio.com.br\/df\/wp-json\/wp\/v2\/types\/page"}],"author":[{"embeddable":true,"href":"https:\/\/eluxfrio.com.br\/df\/wp-json\/wp\/v2\/users\/1"}],"replies":[{"embeddable":true,"href":"https:\/\/eluxfrio.com.br\/df\/wp-json\/wp\/v2\/comments?post=3797"}],"version-history":[{"count":0,"href":"https:\/\/eluxfrio.com.br\/df\/wp-json\/wp\/v2\/pages\/3797\/revisions"}],"wp:attachment":[{"href":"https:\/\/eluxfrio.com.br\/df\/wp-json\/wp\/v2\/media?parent=3797"}],"wp:term":[{"taxonomy":"yst_prominent_words","embeddable":true,"href":"https:\/\/eluxfrio.com.br\/df\/wp-json\/wp\/v2\/yst_prominent_words?post=3797"}],"curies":[{"name":"wp","href":"https:\/\/api.w.org\/{rel}","templated":true}]}}