{"id":3805,"date":"2025-02-10T13:58:36","date_gmt":"2025-02-10T16:58:36","guid":{"rendered":"https:\/\/eluxfrio.com.br\/df\/?page_id=3805"},"modified":"2025-03-18T11:00:36","modified_gmt":"2025-03-18T14:00:36","slug":"assistencia-tecnica-continental-df","status":"publish","type":"page","link":"https:\/\/eluxfrio.com.br\/df\/assistencia-tecnica-continental-df\/","title":{"rendered":"Assist\u00eancia T\u00e9cnica Continental DF"},"content":{"rendered":"<p>[vc_row][vc_column][vc_column_text]Se voc\u00ea est\u00e1 \u00e0 procura de uma <strong>assist\u00eancia t\u00e9cnica Bras\u00edlia<\/strong> especializada para o<strong> conserto de eletrodom\u00e9sticos Continental<\/strong>, a <a href=\"https:\/\/eluxfrio.com.br\/df\/\"><strong>Eluxfrio Bras\u00edlia<\/strong><\/a> \u00e9 a solu\u00e7\u00e3o que voc\u00ea precisa. Com anos de experi\u00eancia no mercado e um time de t\u00e9cnicos qualificados, a <strong>Eluxfrio Bras\u00edlia<\/strong> oferece servi\u00e7os de alta qualidade para garantir o bom funcionamento de seus eletrodom\u00e9sticos, seja uma <strong>geladeira Continental<\/strong>, <strong>fog\u00e3o Continental<\/strong> ou<strong> micro-ondas Continental<\/strong>.<\/p>\n<h2 style=\"text-align: center;\"><span style=\"color: #002745;\"><strong>Por que escolher a Eluxfrio Bras\u00edlia?<\/strong><\/span><\/h2>\n<p>A <a href=\"https:\/\/eluxfrio.com.br\/df\/\"><strong>Eluxfrio DF<\/strong><\/a> \u00e9 uma <strong>Assist\u00eancia T\u00e9cnica Continental<\/strong> reconhecida pela sua excel\u00eancia no atendimento e na repara\u00e7\u00e3o de aparelhos da marca. Contamos com uma equipe treinada, atualizada e preparada para lidar com qualquer tipo de problema nos seus <strong>eletrodom\u00e9sticos Continental<\/strong>. Se voc\u00ea precisa de um <strong>conserto de geladeira Continental<\/strong>, <strong>conserto de fog\u00e3o Continental<\/strong> ou <strong>conserto de micro-ondas Continental<\/strong>, a nossa equipe est\u00e1 pronta para ajudar.<\/p>\n<p>O compromisso da <a href=\"https:\/\/eluxfrio.com.br\/df\/\"><strong>Eluxfrio DF<\/strong> <\/a>\u00e9 garantir que o seu aparelho funcione corretamente e de forma eficiente, prolongando sua vida \u00fatil e evitando danos maiores que possam gerar custos elevados. Com uma <strong>garantia de 90 dias<\/strong> sobre todos os servi\u00e7os prestados, voc\u00ea pode ter certeza de que o conserto realizado \u00e9 duradouro e que a qualidade do atendimento ser\u00e1 sempre a melhor.[\/vc_column_text][vc_empty_space height=&#8221;60px&#8221;][\/vc_column][\/vc_row][vc_row][vc_column width=&#8221;1\/2&#8243;][vc_btn title=&#8221;Fale conosco pelo Whatsapp&#8221; style=&#8221;custom&#8221; custom_background=&#8221;#0da300&#8243; custom_text=&#8221;#ffffff&#8221; shape=&#8221;round&#8221; size=&#8221;lg&#8221; align=&#8221;center&#8221; i_align=&#8221;right&#8221; i_icon_fontawesome=&#8221;fa fa-whatsapp&#8221; link=&#8221;url:https%3A%2F%2Fapi.whatsapp.com%2Fsend%3Fphone%3D556135503896%26text%3DPreciso%2520de%2520uma%2520Assist%25C3%25AAncia%2520T%25C3%25A9cnica&#8230;.|||&#8221; add_icon=&#8221;true&#8221;][\/vc_column][vc_column width=&#8221;1\/2&#8243;][vc_btn title=&#8221;Ligue agora: (61) 3550-3896&#8243; style=&#8221;custom&#8221; custom_background=&#8221;#191596&#8243; custom_text=&#8221;#ffffff&#8221; shape=&#8221;round&#8221; size=&#8221;lg&#8221; align=&#8221;center&#8221; i_icon_fontawesome=&#8221;fa fa-volume-control-phone&#8221; link=&#8221;url:tel%3A%2B556135503896|||&#8221; add_icon=&#8221;true&#8221;][\/vc_column][\/vc_row][vc_row][vc_column][vc_empty_space height=&#8221;60px&#8221;][vc_column_text]<\/p>\n<h2 style=\"text-align: center;\"><span style=\"color: #002745;\"><strong>Como funciona o servi\u00e7o de Assist\u00eancia T\u00e9cnica Continental?<\/strong><\/span><\/h2>\n<p>O processo de atendimento da<strong> Eluxfrio Bras\u00edlia<\/strong> come\u00e7a com uma an\u00e1lise detalhada do seu equipamento. Nossos t\u00e9cnicos especializados realizam uma inspe\u00e7\u00e3o minuciosa para identificar a origem do problema. A partir disso, oferecemos a solu\u00e7\u00e3o mais eficaz e econ\u00f4mica para o <strong>conserto de geladeira Continental<\/strong>, <strong>conserto de fog\u00e3o Continental<\/strong> ou <strong>conserto de micro-ondas Continental<\/strong>.[\/vc_column_text][\/vc_column][\/vc_row][vc_row][vc_column][vc_empty_space height=&#8221;40px&#8221;][vc_row_inner][vc_column_inner width=&#8221;1\/4&#8243;][vc_empty_space height=&#8221;40px&#8221;][vc_single_image image=&#8221;3845&#8243; img_size=&#8221;medium&#8221; alignment=&#8221;center&#8221;][\/vc_column_inner][vc_column_inner width=&#8221;3\/4&#8243;][vc_column_text]<\/p>\n<h3><span style=\"color: #002745;\"><strong>Conserto de Geladeira Continental DF<\/strong><\/span><\/h3>\n<p>Se a sua <strong>geladeira Continental<\/strong> est\u00e1 apresentando falhas, como n\u00e3o resfriar corretamente, fazer barulhos estranhos ou at\u00e9 mesmo n\u00e3o ligar, a <strong>Eluxfrio Bras\u00edlia<\/strong> pode ajudar. Realizamos reparos nos sistemas de refrigera\u00e7\u00e3o, motores e componentes eletr\u00f4nicos da geladeira, utilizando pe\u00e7as originais e com a garantia de um servi\u00e7o de qualidade.<\/p>\n<p>Nosso objetivo \u00e9 devolver a funcionalidade completa \u00e0 sua <strong>geladeira Continental<\/strong>, para que ela continue funcionando de maneira eficiente, sem desperd\u00edcio de energia e com o m\u00e1ximo de durabilidade.[\/vc_column_text][vc_empty_space height=&#8221;30px&#8221;][vc_btn title=&#8221;Fale conosco pelo Whatsapp&#8221; style=&#8221;custom&#8221; custom_background=&#8221;#0da300&#8243; custom_text=&#8221;#ffffff&#8221; shape=&#8221;round&#8221; size=&#8221;lg&#8221; i_align=&#8221;right&#8221; i_icon_fontawesome=&#8221;fa fa-whatsapp&#8221; link=&#8221;url:https%3A%2F%2Fapi.whatsapp.com%2Fsend%3Fphone%3D556135503896%26text%3DPreciso%2520de%2520uma%2520Assist%25C3%25AAncia%2520T%25C3%25A9cnica&#8230;.|||&#8221; add_icon=&#8221;true&#8221;][\/vc_column_inner][\/vc_row_inner][vc_empty_space height=&#8221;40px&#8221;][vc_row_inner][vc_column_inner width=&#8221;1\/4&#8243;][vc_empty_space height=&#8221;20px&#8221;][vc_single_image image=&#8221;3844&#8243; img_size=&#8221;medium&#8221; alignment=&#8221;center&#8221;][\/vc_column_inner][vc_column_inner width=&#8221;3\/4&#8243;][vc_column_text]<\/p>\n<h3><span style=\"color: #002745;\"><strong>Conserto de Fog\u00e3o Continental DF<\/strong><\/span><\/h3>\n<p>Se o seu <strong>fog\u00e3o Continental<\/strong> est\u00e1 com problemas como acendimento dif\u00edcil, forno que n\u00e3o aquece ou queimadores que n\u00e3o funcionam corretamente, a <strong>assist\u00eancia da Eluxfrio Bras\u00edlia <\/strong>tamb\u00e9m \u00e9 a escolha certa. Nossos t\u00e9cnicos especializados t\u00eam conhecimento profundo sobre os <strong>fog\u00f5es Continental<\/strong>, sendo capazes de realizar ajustes no sistema de igni\u00e7\u00e3o, <strong>troca de pe\u00e7as<\/strong> e <strong>reparos no forno<\/strong>, garantindo que seu fog\u00e3o volte a funcionar como novo.[\/vc_column_text][vc_empty_space height=&#8221;30px&#8221;][vc_btn title=&#8221;Fale conosco pelo Whatsapp&#8221; style=&#8221;custom&#8221; custom_background=&#8221;#0da300&#8243; custom_text=&#8221;#ffffff&#8221; shape=&#8221;round&#8221; size=&#8221;lg&#8221; i_align=&#8221;right&#8221; i_icon_fontawesome=&#8221;fa fa-whatsapp&#8221; link=&#8221;url:https%3A%2F%2Fapi.whatsapp.com%2Fsend%3Fphone%3D556135503896%26text%3DPreciso%2520de%2520uma%2520Assist%25C3%25AAncia%2520T%25C3%25A9cnica&#8230;.|||&#8221; add_icon=&#8221;true&#8221;][\/vc_column_inner][\/vc_row_inner][vc_empty_space height=&#8221;40px&#8221;][vc_row_inner][vc_column_inner width=&#8221;1\/4&#8243;][vc_empty_space height=&#8221;60px&#8221;][vc_single_image image=&#8221;3846&#8243; img_size=&#8221;medium&#8221; alignment=&#8221;center&#8221;][\/vc_column_inner][vc_column_inner width=&#8221;3\/4&#8243;][vc_column_text]<\/p>\n<h3><span style=\"color: #002745;\"><strong>Conserto de Micro-ondas Continental DF<\/strong><\/span><\/h3>\n<p>O <strong>micro-ondas Continental<\/strong> \u00e9 um dos eletrodom\u00e9sticos mais \u00fateis em qualquer cozinha, mas quando ele apresenta falhas, pode causar transtornos. Se o seu micro-ondas n\u00e3o est\u00e1 esquentando corretamente, faz barulhos estranhos ou simplesmente n\u00e3o liga, nossa <strong>Assist\u00eancia T\u00e9cnica Micro-ondas Continental<\/strong> est\u00e1 pronta para resolver o problema. Realizamos consertos no magnetron, placa eletr\u00f4nica e outros componentes essenciais, usando pe\u00e7as originais e de qualidade.[\/vc_column_text][vc_empty_space height=&#8221;30px&#8221;][vc_btn title=&#8221;Fale conosco pelo Whatsapp&#8221; style=&#8221;custom&#8221; custom_background=&#8221;#0da300&#8243; custom_text=&#8221;#ffffff&#8221; shape=&#8221;round&#8221; size=&#8221;lg&#8221; i_align=&#8221;right&#8221; i_icon_fontawesome=&#8221;fa fa-whatsapp&#8221; link=&#8221;url:https%3A%2F%2Fapi.whatsapp.com%2Fsend%3Fphone%3D556135503896%26text%3DPreciso%2520de%2520uma%2520Assist%25C3%25AAncia%2520T%25C3%25A9cnica&#8230;.|||&#8221; add_icon=&#8221;true&#8221;][\/vc_column_inner][\/vc_row_inner][vc_empty_space height=&#8221;40px&#8221;][\/vc_column][\/vc_row][vc_row][vc_column][vc_column_text]<\/p>\n<h2 style=\"text-align: center;\"><span style=\"color: #002745;\"><strong>Garantia e Confian\u00e7a no Conserto de Eletrodom\u00e9sticos<\/strong><\/span><\/h2>\n<p>Ao escolher a <strong>Eluxfrio<\/strong> como sua <strong>Assist\u00eancia T\u00e9cnica Continental<\/strong>, voc\u00ea tem a garantia de que o servi\u00e7o prestado ser\u00e1 de alta qualidade. Oferecemos uma<strong> garantia de 90 dias<\/strong> para todos os nossos servi\u00e7os, o que demonstra nosso compromisso com a satisfa\u00e7\u00e3o do cliente e com a durabilidade dos consertos realizados. Caso algum problema surja ap\u00f3s o conserto, basta nos contatar, e nossos t\u00e9cnicos ir\u00e3o at\u00e9 voc\u00ea para resolver a situa\u00e7\u00e3o sem custos adicionais.<\/p>\n<p>Al\u00e9m disso, a <strong>Eluxfrio<\/strong> trabalha exclusivamente com pe\u00e7as originais da marca Continental, garantindo que seu eletrodom\u00e9stico tenha a reposi\u00e7\u00e3o mais adequada e duradoura. Isso evita problemas futuros e garante que o desempenho do seu aparelho seja o melhor poss\u00edvel.[\/vc_column_text][vc_empty_space height=&#8221;40px&#8221;][\/vc_column][\/vc_row][vc_row][vc_column width=&#8221;1\/2&#8243;][vc_btn title=&#8221;Fale conosco pelo Whatsapp&#8221; style=&#8221;custom&#8221; custom_background=&#8221;#0da300&#8243; custom_text=&#8221;#ffffff&#8221; shape=&#8221;round&#8221; size=&#8221;lg&#8221; align=&#8221;center&#8221; i_align=&#8221;right&#8221; i_icon_fontawesome=&#8221;fa fa-whatsapp&#8221; link=&#8221;url:https%3A%2F%2Fapi.whatsapp.com%2Fsend%3Fphone%3D556135503896%26text%3DPreciso%2520de%2520uma%2520Assist%25C3%25AAncia%2520T%25C3%25A9cnica&#8230;.|||&#8221; add_icon=&#8221;true&#8221;][\/vc_column][vc_column width=&#8221;1\/2&#8243;][vc_btn title=&#8221;Ligue agora: (61) 3550-3896&#8243; style=&#8221;custom&#8221; custom_background=&#8221;#191596&#8243; custom_text=&#8221;#ffffff&#8221; shape=&#8221;round&#8221; size=&#8221;lg&#8221; align=&#8221;center&#8221; i_icon_fontawesome=&#8221;fa fa-volume-control-phone&#8221; link=&#8221;url:tel%3A%2B556135503896|||&#8221; add_icon=&#8221;true&#8221;][\/vc_column][\/vc_row][vc_row][vc_column][vc_empty_space height=&#8221;40px&#8221;][vc_column_text]<\/p>\n<h3 style=\"text-align: center;\"><span style=\"color: #002745;\"><strong>Assist\u00eancia T\u00e9cnica Geladeira Continental, Fog\u00e3o Continental e Micro-ondas Continental em Bras\u00edlia<\/strong><\/span><\/h3>\n<p>A <strong>Eluxfrio<\/strong> \u00e9 a <strong>assist\u00eancia t\u00e9cnica de confian\u00e7a<\/strong> para quem precisa de reparo nos produtos Continental em <strong>Bras\u00edlia<\/strong>. Se voc\u00ea est\u00e1 tendo problemas com a sua <strong>geladeira Continental<\/strong>, <strong>fog\u00e3o Continental<\/strong> ou <strong>micro-ondas Continental<\/strong>, <a href=\"#\"><strong>entre em contato com a gente para um atendimento especializado e eficiente<\/strong><\/a>.<\/p>\n<p>Nosso time de t\u00e9cnicos qualificados est\u00e1 pronto para resolver todos os problemas de forma r\u00e1pida e eficaz, utilizando as melhores pr\u00e1ticas de reparo e as ferramentas mais modernas. N\u00f3s entendemos a import\u00e2ncia dos seus eletrodom\u00e9sticos no seu dia a dia, e \u00e9 por isso que trabalhamos para garantir que o seu aparelho fique como novo novamente.[\/vc_column_text][vc_empty_space height=&#8221;40px&#8221;][\/vc_column][\/vc_row][vc_row][vc_column width=&#8221;1\/2&#8243;][vc_btn title=&#8221;Fale conosco pelo Whatsapp&#8221; style=&#8221;custom&#8221; custom_background=&#8221;#0da300&#8243; custom_text=&#8221;#ffffff&#8221; shape=&#8221;round&#8221; size=&#8221;lg&#8221; align=&#8221;center&#8221; i_align=&#8221;right&#8221; i_icon_fontawesome=&#8221;fa fa-whatsapp&#8221; link=&#8221;url:https%3A%2F%2Fapi.whatsapp.com%2Fsend%3Fphone%3D556135503896%26text%3DPreciso%2520de%2520uma%2520Assist%25C3%25AAncia%2520T%25C3%25A9cnica&#8230;.|||&#8221; add_icon=&#8221;true&#8221;][\/vc_column][vc_column width=&#8221;1\/2&#8243;][vc_btn title=&#8221;Ligue agora: (61) 3550-3896&#8243; style=&#8221;custom&#8221; custom_background=&#8221;#191596&#8243; custom_text=&#8221;#ffffff&#8221; shape=&#8221;round&#8221; size=&#8221;lg&#8221; align=&#8221;center&#8221; i_icon_fontawesome=&#8221;fa fa-volume-control-phone&#8221; link=&#8221;url:tel%3A%2B556135503896|||&#8221; add_icon=&#8221;true&#8221;][\/vc_column][\/vc_row][vc_row][vc_column][vc_empty_space height=&#8221;40px&#8221;][vc_column_text]<\/p>\n<h3 style=\"text-align: center;\"><span style=\"color: #002745;\"><strong>Quando \u00e9 necess\u00e1rio chamar a Assist\u00eancia T\u00e9cnica?<\/strong><\/span><\/h3>\n<p>A qualquer sinal de mau funcionamento, \u00e9 essencial que voc\u00ea procure uma assist\u00eancia t\u00e9cnica Continental qualificada para evitar danos maiores ao seu aparelho.<\/p>\n<p style=\"text-align: center;\"><strong>Os problemas mais comuns que podem ocorrer:<\/strong><\/p>\n<ul>\n<li><strong>Geladeira Continental:<\/strong> Falha no compressor, vazamento de g\u00e1s, problemas com o termostato, falha no sistema de degelo.<\/li>\n<li><strong>Fog\u00e3o Continental:<\/strong> Acendimento dif\u00edcil, queimadores que n\u00e3o acendem, forno que n\u00e3o aquece, problemas com a v\u00e1lvula de g\u00e1s.<\/li>\n<li><strong>Micro-ondas Continental:<\/strong> Magnetron queimado, problemas na placa eletr\u00f4nica, falha no painel de controle.<\/li>\n<\/ul>\n<p>Caso seu eletrodom\u00e9stico esteja apresentando qualquer um desses sintomas, n\u00e3o espere mais e <strong>entre em contato com a Eluxfrio<\/strong>. Nossa <strong>assist\u00eancia t\u00e9cnica<\/strong> est\u00e1 dispon\u00edvel para resolver os problemas de forma eficiente e r\u00e1pida.<\/p>\n<p>A <strong>Eluxfrio Bras\u00edlia<\/strong> \u00e9 a <strong>assist\u00eancia t\u00e9cnica Continental<\/strong> que voc\u00ea pode confiar. Com t\u00e9cnicos qualificados, atendimento especializado e <strong>garantia de 90 dias<\/strong>, garantimos o melhor servi\u00e7o para o <strong>conserto de geladeira Continental<\/strong>, <strong>conserto de fog\u00e3o Continental<\/strong> e <strong>conserto de micro-ondas Continental<\/strong>. Se voc\u00ea precisa de ajuda para <strong>reparar seu eletrodom\u00e9stico Continental em Bras\u00edlia<\/strong>, n\u00e3o hesite em nos contatar. Estamos prontos para garantir o melhor desempenho e a durabilidade dos seus aparelhos![\/vc_column_text][vc_empty_space height=&#8221;60px&#8221;][\/vc_column][\/vc_row][vc_row][vc_column width=&#8221;1\/2&#8243;][vc_btn title=&#8221;Fale conosco pelo Whatsapp&#8221; style=&#8221;custom&#8221; custom_background=&#8221;#0da300&#8243; custom_text=&#8221;#ffffff&#8221; shape=&#8221;round&#8221; size=&#8221;lg&#8221; align=&#8221;center&#8221; i_align=&#8221;right&#8221; i_icon_fontawesome=&#8221;fa fa-whatsapp&#8221; link=&#8221;url:https%3A%2F%2Fapi.whatsapp.com%2Fsend%3Fphone%3D556135503896%26text%3DPreciso%2520de%2520uma%2520Assist%25C3%25AAncia%2520T%25C3%25A9cnica&#8230;.|||&#8221; add_icon=&#8221;true&#8221;][\/vc_column][vc_column width=&#8221;1\/2&#8243;][vc_btn title=&#8221;Ligue agora: (61) 3550-3896&#8243; style=&#8221;custom&#8221; custom_background=&#8221;#191596&#8243; custom_text=&#8221;#ffffff&#8221; shape=&#8221;round&#8221; size=&#8221;lg&#8221; align=&#8221;center&#8221; i_icon_fontawesome=&#8221;fa fa-volume-control-phone&#8221; link=&#8221;url:tel%3A%2B556135503896|||&#8221; add_icon=&#8221;true&#8221;][\/vc_column][\/vc_row][vc_row][vc_column][vc_empty_space height=&#8221;60px&#8221;][\/vc_column][\/vc_row]<\/p>\n","protected":false},"excerpt":{"rendered":"<p>[vc_row][vc_column][vc_column_text]Se voc\u00ea est\u00e1 \u00e0 procura de uma assist\u00eancia t\u00e9cnica Bras\u00edlia especializada para o conserto de eletrodom\u00e9sticos Continental, a Eluxfrio Bras\u00edlia \u00e9 a solu\u00e7\u00e3o que voc\u00ea precisa. Com anos de experi\u00eancia no mercado e um time de t\u00e9cnicos qualificados, a Eluxfrio Bras\u00edlia oferece servi\u00e7os de alta qualidade para garantir o bom funcionamento de seus eletrodom\u00e9sticos, seja [&hellip;]<\/p>\n","protected":false},"author":1,"featured_media":0,"parent":0,"menu_order":0,"comment_status":"closed","ping_status":"closed","template":"","meta":{"footnotes":""},"yst_prominent_words":[],"class_list":["post-3805","page","type-page","status-publish","hentry","no-post-thumbnail"],"_links":{"self":[{"href":"https:\/\/eluxfrio.com.br\/df\/wp-json\/wp\/v2\/pages\/3805","targetHints":{"allow":["GET"]}}],"collection":[{"href":"https:\/\/eluxfrio.com.br\/df\/wp-json\/wp\/v2\/pages"}],"about":[{"href":"https:\/\/eluxfrio.com.br\/df\/wp-json\/wp\/v2\/types\/page"}],"author":[{"embeddable":true,"href":"https:\/\/eluxfrio.com.br\/df\/wp-json\/wp\/v2\/users\/1"}],"replies":[{"embeddable":true,"href":"https:\/\/eluxfrio.com.br\/df\/wp-json\/wp\/v2\/comments?post=3805"}],"version-history":[{"count":0,"href":"https:\/\/eluxfrio.com.br\/df\/wp-json\/wp\/v2\/pages\/3805\/revisions"}],"wp:attachment":[{"href":"https:\/\/eluxfrio.com.br\/df\/wp-json\/wp\/v2\/media?parent=3805"}],"wp:term":[{"taxonomy":"yst_prominent_words","embeddable":true,"href":"https:\/\/eluxfrio.com.br\/df\/wp-json\/wp\/v2\/yst_prominent_words?post=3805"}],"curies":[{"name":"wp","href":"https:\/\/api.w.org\/{rel}","templated":true}]}}