{"id":3865,"date":"2025-02-12T11:49:41","date_gmt":"2025-02-12T14:49:41","guid":{"rendered":"https:\/\/eluxfrio.com.br\/df\/?page_id=3865"},"modified":"2025-03-18T11:00:12","modified_gmt":"2025-03-18T14:00:12","slug":"conserto-de-geladeira-df","status":"publish","type":"page","link":"https:\/\/eluxfrio.com.br\/df\/conserto-de-geladeira-df\/","title":{"rendered":"Conserto de Geladeira DF"},"content":{"rendered":"<p>[vc_row][vc_column][vc_column_text]Se voc\u00ea est\u00e1 enfrentando problemas com sua geladeira, sabe o qu\u00e3o importante \u00e9 contar com um servi\u00e7o de confian\u00e7a para o conserto de geladeira. Em <strong>Bras\u00edlia<\/strong> no Distrito Federal, a <a href=\"https:\/\/eluxfrio.com.br\/df\/\"><strong>Eluxfrio Bras\u00edlia<\/strong><\/a> \u00e9 a solu\u00e7\u00e3o ideal para quem precisa de um <strong>conserto de geladeira DF<\/strong> r\u00e1pido e eficiente. Como uma empresa especializada em <strong>assist\u00eancia t\u00e9cnica geladeira DF<\/strong>, a <a href=\"https:\/\/eluxfrio.com.br\/df\/\"><strong>Eluxfrio DF<\/strong><\/a> oferece servi\u00e7os de alta qualidade para diversos modelos e marcas, garantindo a satisfa\u00e7\u00e3o de seus clientes.<\/p>\n<p>Neste artigo, vamos explicar como a <a href=\"https:\/\/eluxfrio.com.br\/df\/\"><strong>Eluxfrio Bras\u00edlia<\/strong><\/a> pode ajudar voc\u00ea com o <strong>conserto de geladeira Bras\u00edlia<\/strong>, com a confian\u00e7a de que voc\u00ea est\u00e1 recebendo um servi\u00e7o garantido e de excel\u00eancia. Al\u00e9m disso, vamos falar sobre os principais tipos de geladeiras que atendemos, como as marcas <strong>Electrolux<\/strong>, <strong>Brastemp<\/strong>, <strong>Samsung<\/strong>, <strong>LG<\/strong>, <strong>Consul<\/strong> e <strong>Continental<\/strong>, e o que voc\u00ea pode esperar da nossa <strong>assist\u00eancia t\u00e9cnica especializada<\/strong>.[\/vc_column_text][vc_empty_space height=&#8221;40px&#8221;][\/vc_column][\/vc_row][vc_row][vc_column][vc_column_text]<\/p>\n<h2 style=\"text-align: center;\"><strong>Conserto de Geladeira DF: Por Que Escolher a Eluxfrio Bras\u00edlia?<\/strong><\/h2>\n<p>Quando sua geladeira apresenta problemas, \u00e9 essencial que voc\u00ea escolha uma empresa que tenha experi\u00eancia no mercado e profissionais qualificados para diagnosticar e corrigir a falha. A <strong>Eluxfrio Bras\u00edlia<\/strong> se destaca como uma das melhores op\u00e7\u00f5es para <strong>assist\u00eancia t\u00e9cnica geladeira DF<\/strong> devido \u00e0 sua expertise e comprometimento com a qualidade.<\/p>\n<p>Com t\u00e9cnicos altamente treinados e especializados, a <strong>Eluxfrio<\/strong> oferece o <strong>conserto de geladeira Bras\u00edlia<\/strong> com rapidez e precis\u00e3o. N\u00e3o importa o modelo ou a marca da sua geladeira, a nossa equipe est\u00e1 preparada para lidar com uma ampla gama de problemas, desde falhas no compressor at\u00e9 quest\u00f5es relacionadas ao termostato ou a circula\u00e7\u00e3o de ar no aparelho. E o melhor de tudo: oferecemos uma <strong>garantia de 90 dias<\/strong> para todos os nossos servi\u00e7os, o que garante a tranquilidade de que seu conserto foi feito corretamente.[\/vc_column_text][vc_empty_space height=&#8221;60px&#8221;][\/vc_column][\/vc_row][vc_row][vc_column width=&#8221;1\/2&#8243;][vc_btn title=&#8221;Fale conosco pelo Whatsapp&#8221; style=&#8221;custom&#8221; custom_background=&#8221;#0da300&#8243; custom_text=&#8221;#ffffff&#8221; shape=&#8221;round&#8221; size=&#8221;lg&#8221; align=&#8221;center&#8221; i_align=&#8221;right&#8221; i_icon_fontawesome=&#8221;fa fa-whatsapp&#8221; link=&#8221;url:https%3A%2F%2Fapi.whatsapp.com%2Fsend%3Fphone%3D556135503896%26text%3DPreciso%2520de%2520uma%2520Assist%25C3%25AAncia%2520T%25C3%25A9cnica&#8230;.|||&#8221; add_icon=&#8221;true&#8221;][\/vc_column][vc_column width=&#8221;1\/2&#8243;][vc_btn title=&#8221;Ligue agora: (61) 3550-3896&#8243; style=&#8221;custom&#8221; custom_background=&#8221;#191596&#8243; custom_text=&#8221;#ffffff&#8221; shape=&#8221;round&#8221; size=&#8221;lg&#8221; align=&#8221;center&#8221; i_icon_fontawesome=&#8221;fa fa-volume-control-phone&#8221; link=&#8221;url:tel%3A%2B556135503896|||&#8221; add_icon=&#8221;true&#8221;][\/vc_column][\/vc_row][vc_row][vc_column][vc_empty_space height=&#8221;60px&#8221;][vc_column_text]<\/p>\n<h2 style=\"text-align: center;\"><span style=\"color: #002745;\"><strong>Marcas de Geladeiras Atendidas pela Eluxfrio Bras\u00edlia<\/strong><\/span><\/h2>\n<p style=\"text-align: center;\">A <strong>Eluxfrio Bras\u00edlia<\/strong> realiza o<strong> conserto de geladeira DF<\/strong> de diversas marcas populares, entre elas:<\/p>\n<p>[\/vc_column_text][vc_empty_space height=&#8221;40px&#8221;][vc_row_inner][vc_column_inner width=&#8221;1\/4&#8243;][vc_single_image image=&#8221;2755&#8243; img_size=&#8221;medium&#8221; alignment=&#8221;center&#8221;][\/vc_column_inner][vc_column_inner width=&#8221;3\/4&#8243;][vc_column_text]<\/p>\n<h3><span style=\"color: #002745;\"><strong>Conserto de Geladeira Electrolux<\/strong><\/span><\/h3>\n<p>Se a sua <strong>geladeira Electrolux<\/strong> parou de funcionar corretamente, a <strong>Eluxfrio<\/strong> \u00e9 a escolha certa. Nossos t\u00e9cnicos s\u00e3o especializados no <strong>conserto de geladeira Electrolux<\/strong> e t\u00eam conhecimento profundo sobre os modelos dessa marca. Problemas com a temperatura ou com o sistema de degelo? Podemos resolver rapidamente.[\/vc_column_text][vc_empty_space height=&#8221;30px&#8221;][vc_btn title=&#8221;Fale conosco pelo Whatsapp&#8221; style=&#8221;custom&#8221; custom_background=&#8221;#0da300&#8243; custom_text=&#8221;#ffffff&#8221; shape=&#8221;round&#8221; size=&#8221;lg&#8221; i_align=&#8221;right&#8221; i_icon_fontawesome=&#8221;fa fa-whatsapp&#8221; link=&#8221;url:https%3A%2F%2Fapi.whatsapp.com%2Fsend%3Fphone%3D556135503896%26text%3DPreciso%2520de%2520uma%2520Assist%25C3%25AAncia%2520T%25C3%25A9cnica&#8230;.|||&#8221; add_icon=&#8221;true&#8221;][\/vc_column_inner][\/vc_row_inner][vc_empty_space height=&#8221;60px&#8221;][vc_row_inner][vc_column_inner width=&#8221;1\/4&#8243;][vc_single_image image=&#8221;3828&#8243; img_size=&#8221;medium&#8221; alignment=&#8221;center&#8221;][\/vc_column_inner][vc_column_inner width=&#8221;3\/4&#8243;][vc_column_text]<\/p>\n<h3><span style=\"color: #002745;\"><strong>Conserto de Geladeira Brastemp<\/strong><\/span><\/h3>\n<p>A <strong>Brastemp<\/strong> \u00e9 uma marca que garante qualidade e durabilidade, mas como qualquer aparelho, pode apresentar falhas. A <strong>Eluxfrio<\/strong> realiza o <strong>conserto de geladeira Brastemp<\/strong> com a precis\u00e3o necess\u00e1ria para devolver o bom funcionamento do seu equipamento.[\/vc_column_text][vc_empty_space height=&#8221;30px&#8221;][vc_btn title=&#8221;Fale conosco pelo Whatsapp&#8221; style=&#8221;custom&#8221; custom_background=&#8221;#0da300&#8243; custom_text=&#8221;#ffffff&#8221; shape=&#8221;round&#8221; size=&#8221;lg&#8221; i_align=&#8221;right&#8221; i_icon_fontawesome=&#8221;fa fa-whatsapp&#8221; link=&#8221;url:https%3A%2F%2Fapi.whatsapp.com%2Fsend%3Fphone%3D556135503896%26text%3DPreciso%2520de%2520uma%2520Assist%25C3%25AAncia%2520T%25C3%25A9cnica&#8230;.|||&#8221; add_icon=&#8221;true&#8221;][\/vc_column_inner][\/vc_row_inner][vc_empty_space height=&#8221;60px&#8221;][vc_row_inner][vc_column_inner width=&#8221;1\/4&#8243;][vc_single_image image=&#8221;2757&#8243; img_size=&#8221;medium&#8221; alignment=&#8221;center&#8221;][\/vc_column_inner][vc_column_inner width=&#8221;3\/4&#8243;][vc_column_text]<\/p>\n<h3><span style=\"color: #002745;\"><strong>Conserto de Geladeira Samsung<\/strong><\/span><\/h3>\n<p>As <strong>geladeiras Samsung<\/strong> s\u00e3o conhecidas por sua tecnologia avan\u00e7ada, mas podem exigir manuten\u00e7\u00e3o espec\u00edfica. A nossa <strong>assist\u00eancia t\u00e9cnica geladeira Bras\u00edlia<\/strong> inclui o <strong>conserto de modelos Samsung<\/strong>, com t\u00e9cnicos qualificados para resolver problemas de funcionamento, desde falhas no display at\u00e9 quest\u00f5es mec\u00e2nicas.[\/vc_column_text][vc_empty_space height=&#8221;30px&#8221;][vc_btn title=&#8221;Fale conosco pelo Whatsapp&#8221; style=&#8221;custom&#8221; custom_background=&#8221;#0da300&#8243; custom_text=&#8221;#ffffff&#8221; shape=&#8221;round&#8221; size=&#8221;lg&#8221; i_align=&#8221;right&#8221; i_icon_fontawesome=&#8221;fa fa-whatsapp&#8221; link=&#8221;url:https%3A%2F%2Fapi.whatsapp.com%2Fsend%3Fphone%3D556135503896%26text%3DPreciso%2520de%2520uma%2520Assist%25C3%25AAncia%2520T%25C3%25A9cnica&#8230;.|||&#8221; add_icon=&#8221;true&#8221;][\/vc_column_inner][\/vc_row_inner][vc_empty_space height=&#8221;60px&#8221;][vc_row_inner][vc_column_inner width=&#8221;1\/4&#8243;][vc_single_image image=&#8221;3856&#8243; img_size=&#8221;medium&#8221; alignment=&#8221;center&#8221;][\/vc_column_inner][vc_column_inner width=&#8221;3\/4&#8243;][vc_column_text]<\/p>\n<h3><span style=\"color: #002745;\"><strong>Conserto de Geladeira LG<\/strong><\/span><\/h3>\n<p>As <strong>geladeiras LG<\/strong> oferecem inova\u00e7\u00e3o, mas tamb\u00e9m podem apresentar problemas t\u00e9cnicos. A <strong>Eluxfrio<\/strong> realiza o <strong>conserto de geladeira LG<\/strong> com pe\u00e7as originais e profissionais treinados para diagnosticar e corrigir defeitos, garantindo que sua<strong> geladeira LG<\/strong> volte a funcionar como nova.[\/vc_column_text][vc_empty_space height=&#8221;30px&#8221;][vc_btn title=&#8221;Fale conosco pelo Whatsapp&#8221; style=&#8221;custom&#8221; custom_background=&#8221;#0da300&#8243; custom_text=&#8221;#ffffff&#8221; shape=&#8221;round&#8221; size=&#8221;lg&#8221; i_align=&#8221;right&#8221; i_icon_fontawesome=&#8221;fa fa-whatsapp&#8221; link=&#8221;url:https%3A%2F%2Fapi.whatsapp.com%2Fsend%3Fphone%3D556135503896%26text%3DPreciso%2520de%2520uma%2520Assist%25C3%25AAncia%2520T%25C3%25A9cnica&#8230;.|||&#8221; add_icon=&#8221;true&#8221;][\/vc_column_inner][\/vc_row_inner][vc_empty_space height=&#8221;60px&#8221;][vc_row_inner][vc_column_inner width=&#8221;1\/4&#8243;][vc_single_image image=&#8221;3839&#8243; img_size=&#8221;medium&#8221; alignment=&#8221;center&#8221;][\/vc_column_inner][vc_column_inner width=&#8221;3\/4&#8243;][vc_column_text]<\/p>\n<h3><span style=\"color: #002745;\"><strong>Conserto de Geladeira Consul<\/strong><\/span><\/h3>\n<p>As <strong>geladeiras Consul<\/strong> s\u00e3o bastante populares em muitas casas brasileiras, mas, como qualquer eletrodom\u00e9stico, precisam de manuten\u00e7\u00e3o. O <strong>conserto de geladeira Consul<\/strong> \u00e9 uma das especialidades da <strong>Eluxfrio Bras\u00edlia<\/strong>, que realiza reparos r\u00e1pidos e eficientes para devolver a funcionalidade da sua geladeira.[\/vc_column_text][vc_empty_space height=&#8221;30px&#8221;][vc_btn title=&#8221;Fale conosco pelo Whatsapp&#8221; style=&#8221;custom&#8221; custom_background=&#8221;#0da300&#8243; custom_text=&#8221;#ffffff&#8221; shape=&#8221;round&#8221; size=&#8221;lg&#8221; i_align=&#8221;right&#8221; i_icon_fontawesome=&#8221;fa fa-whatsapp&#8221; link=&#8221;url:https%3A%2F%2Fapi.whatsapp.com%2Fsend%3Fphone%3D556135503896%26text%3DPreciso%2520de%2520uma%2520Assist%25C3%25AAncia%2520T%25C3%25A9cnica&#8230;.|||&#8221; add_icon=&#8221;true&#8221;][\/vc_column_inner][\/vc_row_inner][vc_empty_space height=&#8221;60px&#8221;][vc_row_inner][vc_column_inner width=&#8221;1\/4&#8243;][vc_single_image image=&#8221;3845&#8243; img_size=&#8221;medium&#8221; alignment=&#8221;center&#8221;][\/vc_column_inner][vc_column_inner width=&#8221;3\/4&#8243;][vc_column_text]<\/p>\n<h3><span style=\"color: #002745;\"><strong>Conserto de Geladeira Continental<\/strong><\/span><\/h3>\n<p>A Continental \u00e9 uma marca de longa tradi\u00e7\u00e3o, e a <strong>Eluxfrio<\/strong> oferece o <strong>conserto de geladeira Continental<\/strong> com toda a compet\u00eancia necess\u00e1ria para garantir a durabilidade do seu equipamento. Se voc\u00ea est\u00e1 com problemas em sua <strong>geladeira Continental,<\/strong> n\u00e3o hesite em chamar a nossa <strong>assist\u00eancia t\u00e9cnica<\/strong>.[\/vc_column_text][vc_empty_space height=&#8221;30px&#8221;][vc_btn title=&#8221;Fale conosco pelo Whatsapp&#8221; style=&#8221;custom&#8221; custom_background=&#8221;#0da300&#8243; custom_text=&#8221;#ffffff&#8221; shape=&#8221;round&#8221; size=&#8221;lg&#8221; i_align=&#8221;right&#8221; i_icon_fontawesome=&#8221;fa fa-whatsapp&#8221; link=&#8221;url:https%3A%2F%2Fapi.whatsapp.com%2Fsend%3Fphone%3D556135503896%26text%3DPreciso%2520de%2520uma%2520Assist%25C3%25AAncia%2520T%25C3%25A9cnica&#8230;.|||&#8221; add_icon=&#8221;true&#8221;][\/vc_column_inner][\/vc_row_inner][vc_empty_space height=&#8221;60px&#8221;][\/vc_column][\/vc_row][vc_row][vc_column][vc_column_text]<\/p>\n<h3 style=\"text-align: center;\"><span style=\"color: #002745;\"><strong>Por Que a Eluxfrio Bras\u00edlia \u00e9 a Melhor Op\u00e7\u00e3o para o Conserto de Sua Geladeira?<\/strong><\/span><\/h3>\n<p>[\/vc_column_text][vc_row_inner][vc_column_inner width=&#8221;1\/2&#8243;][vc_column_text]<\/p>\n<ul>\n<li><strong>T\u00e9cnicos Qualificados:<\/strong> Todos os nossos profissionais s\u00e3o treinados e possuem vasta experi\u00eancia no conserto de geladeira DF. Eles passam por um rigoroso processo de capacita\u00e7\u00e3o para garantir que cada servi\u00e7o prestado seja realizado de maneira eficaz e segura.<\/li>\n<li><strong>Pe\u00e7as de Alta Qualidade:<\/strong> A Eluxfrio utiliza apenas pe\u00e7as originais e de alta qualidade para realizar o conserto de geladeira Bras\u00edlia. Isso garante a durabilidade e o bom funcionamento da sua geladeira ap\u00f3s o reparo.<\/li>\n<li><strong>Garantia de 90 Dias:<\/strong> A Eluxfrio oferece uma garantia de 90 dias para todos os seus servi\u00e7os. Isso significa que, se o problema persistir dentro desse per\u00edodo, voc\u00ea poder\u00e1 contar com nossa equipe para resolver a situa\u00e7\u00e3o sem custos adicionais.<\/li>\n<\/ul>\n<p>[\/vc_column_text][\/vc_column_inner][vc_column_inner width=&#8221;1\/2&#8243;][vc_column_text]<\/p>\n<ul>\n<li><strong>Atendimento R\u00e1pido e Eficiente:<\/strong> Sabemos o quanto \u00e9 frustrante ficar sem geladeira, especialmente em per\u00edodos quentes. Por isso, nossa equipe se compromete a oferecer um atendimento r\u00e1pido e eficiente, resolvendo o problema de sua geladeira com agilidade e sem complica\u00e7\u00f5es.<\/li>\n<li><strong>Assist\u00eancia T\u00e9cnica Especializada:<\/strong> Al\u00e9m do conserto de geladeira DF, a Eluxfrio tamb\u00e9m realiza diagn\u00f3stico e manuten\u00e7\u00e3o preventiva, ajudando a evitar futuros problemas. O servi\u00e7o de assist\u00eancia t\u00e9cnica geladeira Bras\u00edlia da Eluxfrio \u00e9 ideal para garantir que seu equipamento continue funcionando por muito mais tempo.<\/li>\n<\/ul>\n<p>[\/vc_column_text][\/vc_column_inner][\/vc_row_inner][vc_empty_space height=&#8221;40px&#8221;][\/vc_column][\/vc_row][vc_row][vc_column][vc_empty_space height=&#8221;40px&#8221;][vc_column_text]<\/p>\n<h2 style=\"text-align: center;\"><span style=\"color: #002745;\"><strong>Como Solicitar o Conserto de Geladeira na Eluxfrio Bras\u00edlia?<\/strong><\/span><\/h2>\n<p>Se voc\u00ea precisa de um <strong>conserto de geladeira DF<\/strong>, n\u00e3o hesite em entrar em contato com a <strong>Eluxfrio Bras\u00edlia<\/strong>. Voc\u00ea pode solicitar o nosso servi\u00e7o de <strong>assist\u00eancia t\u00e9cnica geladeira Bras\u00edlia<\/strong> de forma simples e r\u00e1pida. <strong><a href=\"#\">Basta Ligar<\/a> <\/strong>ou <strong><a href=\"#\">entrar em contato pelo Whatsapp<\/a><\/strong> e um de nossos t\u00e9cnicos estar\u00e1 dispon\u00edvel para realizar o diagn\u00f3stico e o<strong> conserto de sua geladeira<\/strong>.<\/p>\n<p>N\u00e3o importa a marca ou o modelo da sua geladeira, a<strong> Eluxfrio Bras\u00edlia<\/strong> est\u00e1 pronta para oferecer o <strong>conserto de geladeira DF<\/strong> com o melhor atendimento e a qualidade que voc\u00ea merece. Com <strong>garantia de 90 dias<\/strong>, t\u00e9cnicos qualificados e um servi\u00e7o r\u00e1pido e eficaz, voc\u00ea pode confiar na <strong>Eluxfrio<\/strong> para resolver qualquer problema que sua<strong> geladeira<\/strong> possa ter.<\/p>\n<p><strong>Entre em contato conosco e deixe sua geladeira nas m\u00e3os de quem entende do assunto!<\/strong>[\/vc_column_text][vc_empty_space height=&#8221;40px&#8221;][\/vc_column][\/vc_row][vc_row][vc_column width=&#8221;1\/2&#8243;][vc_btn title=&#8221;Fale conosco pelo Whatsapp&#8221; style=&#8221;custom&#8221; custom_background=&#8221;#0da300&#8243; custom_text=&#8221;#ffffff&#8221; shape=&#8221;round&#8221; size=&#8221;lg&#8221; align=&#8221;center&#8221; i_align=&#8221;right&#8221; i_icon_fontawesome=&#8221;fa fa-whatsapp&#8221; link=&#8221;url:https%3A%2F%2Fapi.whatsapp.com%2Fsend%3Fphone%3D556135503896%26text%3DPreciso%2520de%2520uma%2520Assist%25C3%25AAncia%2520T%25C3%25A9cnica&#8230;.|||&#8221; add_icon=&#8221;true&#8221;][\/vc_column][vc_column width=&#8221;1\/2&#8243;][vc_btn title=&#8221;Ligue agora: (61) 3550-3896&#8243; style=&#8221;custom&#8221; custom_background=&#8221;#191596&#8243; custom_text=&#8221;#ffffff&#8221; shape=&#8221;round&#8221; size=&#8221;lg&#8221; align=&#8221;center&#8221; i_icon_fontawesome=&#8221;fa fa-volume-control-phone&#8221; link=&#8221;url:tel%3A%2B556135503896|||&#8221; add_icon=&#8221;true&#8221;][\/vc_column][\/vc_row][vc_row][vc_column][vc_empty_space height=&#8221;40px&#8221;][vc_column_text]<\/p>\n<h2 style=\"text-align: center;\"><span style=\"color: #002745;\"><strong>Dicas para Prolongar a Vida \u00datil dos Seus Eletrodom\u00e9sticos<\/strong><\/span><\/h2>\n<p>Al\u00e9m de oferecer um excelente servi\u00e7o de <strong>Assist\u00eancia T\u00e9cnica Bras\u00edlia<\/strong>, tamb\u00e9m queremos ajudar voc\u00ea a manter seus eletrodom\u00e9sticos funcionando por mais tempo.<\/p>\n<p style=\"text-align: center;\"><strong>Aqui est\u00e3o algumas dicas:<\/strong><\/p>\n<p>[\/vc_column_text][vc_row_inner][vc_column_inner width=&#8221;1\/2&#8243;][vc_column_text]<\/p>\n<ul>\n<li><strong>Geladeira:<\/strong> Evite abrir a porta com frequ\u00eancia e mantenha a borracha de veda\u00e7\u00e3o sempre em bom estado.<\/li>\n<li><strong>Fog\u00e3o:<\/strong> Fa\u00e7a a limpeza regularmente para evitar o ac\u00famulo de res\u00edduos que podem obstruir os queimadores.<\/li>\n<li><strong>M\u00e1quina de Lavar:<\/strong> Utilize a quantidade adequada de sab\u00e3o e amaciante para evitar o entupimento do sistema.<\/li>\n<li><strong>Micro-ondas:<\/strong> Nunca utilize recipientes de metal e mantenha a cavidade interna limpa.<\/li>\n<li><strong>Purificador de \u00c1gua:<\/strong> Troque os filtros regularmente para garantir a qualidade da \u00e1gua.<\/li>\n<\/ul>\n<p>[\/vc_column_text][\/vc_column_inner][vc_column_inner width=&#8221;1\/2&#8243;][vc_column_text]<\/p>\n<ul>\n<li><strong>Lava e Seca:<\/strong> N\u00e3o sobrecarregue o tambor e fa\u00e7a a limpeza do filtro com frequ\u00eancia.<\/li>\n<li><strong>Lava Lou\u00e7as:<\/strong> Utilize detergentes espec\u00edficos e evite sobrecarregar o equipamento.<\/li>\n<li><strong>Evite sobrecarga el\u00e9trica:<\/strong> Conecte seus aparelhos em tomadas apropriadas e evite ligar muitos eletrodom\u00e9sticos ao mesmo tempo.<\/li>\n<li><strong>Realize manuten\u00e7\u00f5es preventivas:<\/strong> Isso evita que pequenos problemas se tornem grandes defeitos.<\/li>\n<\/ul>\n<p>[\/vc_column_text][\/vc_column_inner][\/vc_row_inner][vc_empty_space height=&#8221;40px&#8221;][\/vc_column][\/vc_row][vc_row][vc_column][vc_column_text]<\/p>\n<p style=\"text-align: center;\">Seguir essas recomenda\u00e7\u00f5es pode ajudar a evitar problemas e reduzir a necessidade de manuten\u00e7\u00e3o frequente.<\/p>\n<p>[\/vc_column_text][\/vc_column][\/vc_row][vc_row][vc_column][vc_empty_space height=&#8221;40px&#8221;][vc_column_text]<\/p>\n<h3 style=\"text-align: center;\"><span style=\"color: #002745;\"><strong>Como Solicitar um Or\u00e7amento?<\/strong><\/span><\/h3>\n<p>Se voc\u00ea precisa de um <strong>conserto de eletrodom\u00e9stico Bras\u00edlia<\/strong>, <strong>entre em contato com a Eluxfrio Bras\u00edlia agora mesmo<\/strong>. Nossa equipe est\u00e1 pronta para oferecer a melhor solu\u00e7\u00e3o para o seu problema. <a href=\"#\"><strong>Solicite um or\u00e7amento sem compromisso<\/strong><\/a> e descubra por que somos a melhor <strong>Assist\u00eancia T\u00e9cnica DF<\/strong>!<\/p>\n<p>Oferecemos atendimento domiciliar e empresarial, garantindo rapidez e praticidade no <strong>reparo dos seus eletrodom\u00e9sticos<\/strong>. Trabalhamos com transpar\u00eancia e comprometimento para garantir um servi\u00e7o de qualidade superior.<\/p>\n<p>Atendemos com profissionalismo, qualidade e rapidez. Conte conosco para manter seus eletrodom\u00e9sticos sempre funcionando perfeitamente![\/vc_column_text][vc_empty_space height=&#8221;40px&#8221;][\/vc_column][\/vc_row][vc_row][vc_column width=&#8221;1\/2&#8243;][vc_btn title=&#8221;Fale conosco pelo Whatsapp&#8221; style=&#8221;custom&#8221; custom_background=&#8221;#0da300&#8243; custom_text=&#8221;#ffffff&#8221; shape=&#8221;round&#8221; size=&#8221;lg&#8221; align=&#8221;center&#8221; i_align=&#8221;right&#8221; i_icon_fontawesome=&#8221;fa fa-whatsapp&#8221; link=&#8221;url:https%3A%2F%2Fapi.whatsapp.com%2Fsend%3Fphone%3D556135503896%26text%3DPreciso%2520de%2520uma%2520Assist%25C3%25AAncia%2520T%25C3%25A9cnica&#8230;.|||&#8221; add_icon=&#8221;true&#8221;][\/vc_column][vc_column width=&#8221;1\/2&#8243;][vc_btn title=&#8221;Ligue agora: (61) 3550-3896&#8243; style=&#8221;custom&#8221; custom_background=&#8221;#191596&#8243; custom_text=&#8221;#ffffff&#8221; shape=&#8221;round&#8221; size=&#8221;lg&#8221; align=&#8221;center&#8221; i_icon_fontawesome=&#8221;fa fa-volume-control-phone&#8221; link=&#8221;url:tel%3A%2B556135503896|||&#8221; add_icon=&#8221;true&#8221;][\/vc_column][\/vc_row][vc_row][vc_column][vc_empty_space height=&#8221;60px&#8221;][\/vc_column][\/vc_row]<\/p>\n","protected":false},"excerpt":{"rendered":"<p>[vc_row][vc_column][vc_column_text]Se voc\u00ea est\u00e1 enfrentando problemas com sua geladeira, sabe o qu\u00e3o importante \u00e9 contar com um servi\u00e7o de confian\u00e7a para o conserto de geladeira. Em Bras\u00edlia no Distrito Federal, a Eluxfrio Bras\u00edlia \u00e9 a solu\u00e7\u00e3o ideal para quem precisa de um conserto de geladeira DF r\u00e1pido e eficiente. Como uma empresa especializada em assist\u00eancia t\u00e9cnica [&hellip;]<\/p>\n","protected":false},"author":1,"featured_media":0,"parent":0,"menu_order":0,"comment_status":"closed","ping_status":"closed","template":"","meta":{"footnotes":""},"yst_prominent_words":[],"class_list":["post-3865","page","type-page","status-publish","hentry","no-post-thumbnail"],"_links":{"self":[{"href":"https:\/\/eluxfrio.com.br\/df\/wp-json\/wp\/v2\/pages\/3865","targetHints":{"allow":["GET"]}}],"collection":[{"href":"https:\/\/eluxfrio.com.br\/df\/wp-json\/wp\/v2\/pages"}],"about":[{"href":"https:\/\/eluxfrio.com.br\/df\/wp-json\/wp\/v2\/types\/page"}],"author":[{"embeddable":true,"href":"https:\/\/eluxfrio.com.br\/df\/wp-json\/wp\/v2\/users\/1"}],"replies":[{"embeddable":true,"href":"https:\/\/eluxfrio.com.br\/df\/wp-json\/wp\/v2\/comments?post=3865"}],"version-history":[{"count":0,"href":"https:\/\/eluxfrio.com.br\/df\/wp-json\/wp\/v2\/pages\/3865\/revisions"}],"wp:attachment":[{"href":"https:\/\/eluxfrio.com.br\/df\/wp-json\/wp\/v2\/media?parent=3865"}],"wp:term":[{"taxonomy":"yst_prominent_words","embeddable":true,"href":"https:\/\/eluxfrio.com.br\/df\/wp-json\/wp\/v2\/yst_prominent_words?post=3865"}],"curies":[{"name":"wp","href":"https:\/\/api.w.org\/{rel}","templated":true}]}}