{"id":3868,"date":"2025-02-12T11:49:46","date_gmt":"2025-02-12T14:49:46","guid":{"rendered":"https:\/\/eluxfrio.com.br\/df\/?page_id=3868"},"modified":"2025-03-10T14:17:07","modified_gmt":"2025-03-10T17:17:07","slug":"conserto-de-micro-ondas-df","status":"publish","type":"page","link":"https:\/\/eluxfrio.com.br\/df\/conserto-de-micro-ondas-df\/","title":{"rendered":"Conserto de Micro-ondas DF"},"content":{"rendered":"<p>[vc_row][vc_column][vc_column_text]Se voc\u00ea est\u00e1 enfrentando <strong>problemas com o seu micro-ondas<\/strong> e mora no Distrito Federal, a <strong>Eluxfrio Bras\u00edlia<\/strong> \u00e9 a solu\u00e7\u00e3o que voc\u00ea precisa! Oferecemos <strong>conserto de micro-ondas DF<\/strong> com a garantia de um servi\u00e7o especializado, r\u00e1pido e com o melhor atendimento. Al\u00e9m disso, contamos com t\u00e9cnicos qualificados que s\u00e3o experientes no <strong>conserto de micro-ondas Bras\u00edlia<\/strong> e est\u00e3o prontos para devolver a funcionalidade ao seu aparelho, com at\u00e9<strong> 90 dias de garantia<\/strong>.<\/p>\n<p>Os micro-ondas s\u00e3o eletrodom\u00e9sticos indispens\u00e1veis na rotina de muitas casas e estabelecimentos comerciais. Seja para aquecer alimentos rapidamente, preparar receitas f\u00e1ceis ou descongelar carnes, eles s\u00e3o essenciais no dia a dia. Contudo, como qualquer equipamento eletr\u00f4nico, os <strong>micro-ondas podem apresentar falhas ao longo do tempo<\/strong>. Nesse momento, \u00e9 importante contar com um servi\u00e7o de <strong>assist\u00eancia t\u00e9cnica micro-ondas DF<\/strong> que tenha conhecimento especializado, ferramentas adequadas e um compromisso com a qualidade.[\/vc_column_text][vc_empty_space height=&#8221;40px&#8221;][\/vc_column][\/vc_row][vc_row][vc_column][vc_column_text]<\/p>\n<h2 style=\"text-align: center;\"><strong>A Eluxfrio Bras\u00edlia: Sua Assist\u00eancia T\u00e9cnica de Confian\u00e7a<\/strong><\/h2>\n<p>A <strong>Eluxfrio Bras\u00edlia<\/strong> se destaca no mercado de assist\u00eancia t\u00e9cnica por seu compromisso com a qualidade e a satisfa\u00e7\u00e3o do cliente. Oferecemos <strong>conserto de micro-ondas Bras\u00edlia<\/strong> para diversos modelos e marcas, como <strong>Electrolux,<\/strong> <strong>Brastemp<\/strong>, <strong>LG<\/strong>, <strong>Consul,<\/strong> <strong>Continental<\/strong>, entre outras. Nosso time de t\u00e9cnicos \u00e9 altamente capacitado e est\u00e1 sempre pronto para diagnosticar e solucionar qualquer problema que o seu micro-ondas possa apresentar.<\/p>\n<p>Nosso trabalho \u00e9 pautado pela transpar\u00eancia e pelo respeito ao cliente. Quando voc\u00ea entra em contato com a nossa <strong>assist\u00eancia t\u00e9cnica micro-ondas DF<\/strong>, voc\u00ea pode ficar tranquilo sabendo que est\u00e1 em boas m\u00e3os. Oferecemos <strong>90 dias de garanti<\/strong>a em nossos servi\u00e7os, o que demonstra a confian\u00e7a que temos na qualidade do nosso trabalho.[\/vc_column_text][vc_empty_space height=&#8221;60px&#8221;][\/vc_column][\/vc_row][vc_row][vc_column width=&#8221;1\/2&#8243;][vc_btn title=&#8221;Fale conosco pelo Whatsapp&#8221; style=&#8221;custom&#8221; custom_background=&#8221;#0da300&#8243; custom_text=&#8221;#ffffff&#8221; shape=&#8221;round&#8221; size=&#8221;lg&#8221; align=&#8221;center&#8221; i_align=&#8221;right&#8221; i_icon_fontawesome=&#8221;fa fa-whatsapp&#8221; link=&#8221;url:https%3A%2F%2Fapi.whatsapp.com%2Fsend%3Fphone%3D556135503896%26text%3DPreciso%2520de%2520uma%2520Assist%25C3%25AAncia%2520T%25C3%25A9cnica&#8230;.|||&#8221; add_icon=&#8221;true&#8221;][\/vc_column][vc_column width=&#8221;1\/2&#8243;][vc_btn title=&#8221;Ligue agora: (61) 3550-3896&#8243; style=&#8221;custom&#8221; custom_background=&#8221;#191596&#8243; custom_text=&#8221;#ffffff&#8221; shape=&#8221;round&#8221; size=&#8221;lg&#8221; align=&#8221;center&#8221; i_icon_fontawesome=&#8221;fa fa-volume-control-phone&#8221; link=&#8221;url:tel%3A%2B556135503896|||&#8221; add_icon=&#8221;true&#8221;][\/vc_column][\/vc_row][vc_row][vc_column][vc_column_text]<\/p>\n<h2 style=\"text-align: center;\"><strong>Por Que Escolher a Eluxfrio Bras\u00edlia?<\/strong><\/h2>\n<p>A <strong>Eluxfrio Bras\u00edlia<\/strong> tem se consolidado como refer\u00eancia em <strong>assist\u00eancia t\u00e9cnica micro-ondas DF<\/strong> por diversos motivos. Um dos principais diferenciais \u00e9 a nossa equipe de t\u00e9cnicos qualificados, que realiza cada conserto com cuidado e aten\u00e7\u00e3o aos detalhes. Al\u00e9m disso, estamos sempre atualizados com as novas tecnologias e modelos de<strong> micro-ondas<\/strong>, garantindo que conseguimos atender a qualquer demanda.<\/p>\n<p>Outro ponto que nos diferencia \u00e9 a <strong>garantia de 90 dias<\/strong> que oferecemos em todos os nossos servi\u00e7os. Isso significa que, caso o problema persista ap\u00f3s o <strong>conserto<\/strong>, voc\u00ea poder\u00e1 contar com a nossa ajuda sem custos adicionais. Esse tipo de compromisso com o cliente \u00e9 essencial para construir uma rela\u00e7\u00e3o de confian\u00e7a e garantir a sua satisfa\u00e7\u00e3o.[\/vc_column_text][vc_empty_space height=&#8221;60px&#8221;][\/vc_column][\/vc_row][vc_row][vc_column][vc_empty_space height=&#8221;60px&#8221;][vc_column_text]<\/p>\n<h2 style=\"text-align: center;\"><strong>Conserto de Micro-ondas Electrolux, Brastemp, LG, Consul e Continental<\/strong><\/h2>\n<p>A <strong>Eluxfrio Bras\u00edlia<\/strong> \u00e9 especializada no <strong>conserto de micro-ondas Electrolux<\/strong>, <strong>conserto de micro-ondas Brastemp<\/strong>, <strong>conserto de micro-ondas LG<\/strong>, <strong>conserto de micro-ondas Consul<\/strong> e <strong>conserto de micro-ondas Continental<\/strong>. Sabemos que cada marca possui suas particularidades, e nossos t\u00e9cnicos s\u00e3o treinados para diagnosticar e reparar qualquer tipo de problema, seja no motor, no painel de controle, no magnetron ou em qualquer outro componente do micro-ondas.[\/vc_column_text][vc_empty_space height=&#8221;40px&#8221;][vc_row_inner][vc_column_inner width=&#8221;1\/4&#8243;][vc_empty_space height=&#8221;40px&#8221;][vc_single_image image=&#8221;3851&#8243; img_size=&#8221;medium&#8221; alignment=&#8221;center&#8221;][\/vc_column_inner][vc_column_inner width=&#8221;3\/4&#8243;][vc_column_text]<\/p>\n<h3><strong>Conserto de Micro-ondas Electrolux<\/strong><\/h3>\n<p>A Electrolux \u00e9 conhecida por seus produtos dur\u00e1veis e de alta performance. No entanto, como qualquer equipamento, o<strong> micro-ondas Electrolux<\/strong> tamb\u00e9m pode apresentar falhas, como a falta de aquecimento, problemas no display ou at\u00e9 falhas no sistema de ventila\u00e7\u00e3o. Nossa <strong>assist\u00eancia t\u00e9cnica<\/strong> est\u00e1 preparada para lidar com todas essas quest\u00f5es.[\/vc_column_text][vc_empty_space height=&#8221;30px&#8221;][vc_btn title=&#8221;Fale conosco pelo Whatsapp&#8221; style=&#8221;custom&#8221; custom_background=&#8221;#0da300&#8243; custom_text=&#8221;#ffffff&#8221; shape=&#8221;round&#8221; size=&#8221;lg&#8221; i_align=&#8221;right&#8221; i_icon_fontawesome=&#8221;fa fa-whatsapp&#8221; link=&#8221;url:https%3A%2F%2Fapi.whatsapp.com%2Fsend%3Fphone%3D556135503896%26text%3DPreciso%2520de%2520uma%2520Assist%25C3%25AAncia%2520T%25C3%25A9cnica&#8230;.|||&#8221; add_icon=&#8221;true&#8221;][\/vc_column_inner][\/vc_row_inner][vc_empty_space height=&#8221;60px&#8221;][vc_row_inner][vc_column_inner width=&#8221;1\/4&#8243;][vc_empty_space height=&#8221;40px&#8221;][vc_single_image image=&#8221;3954&#8243; img_size=&#8221;medium&#8221; alignment=&#8221;center&#8221;][\/vc_column_inner][vc_column_inner width=&#8221;3\/4&#8243;][vc_column_text]<\/p>\n<h3><strong>Conserto de Micro-ondas Brastemp<\/strong><\/h3>\n<p>A Brastemp \u00e9 uma das marcas mais tradicionais do Brasil e possui modelos variados de micro-ondas. Se voc\u00ea est\u00e1 enfrentando dificuldades com o seu <strong>micro-ondas Brastemp<\/strong>, como falhas no timer ou no bot\u00e3o de pot\u00eancia, nossos t\u00e9cnicos especializados podem ajud\u00e1-lo com o reparo adequado.[\/vc_column_text][vc_empty_space height=&#8221;30px&#8221;][vc_btn title=&#8221;Fale conosco pelo Whatsapp&#8221; style=&#8221;custom&#8221; custom_background=&#8221;#0da300&#8243; custom_text=&#8221;#ffffff&#8221; shape=&#8221;round&#8221; size=&#8221;lg&#8221; i_align=&#8221;right&#8221; i_icon_fontawesome=&#8221;fa fa-whatsapp&#8221; link=&#8221;url:https%3A%2F%2Fapi.whatsapp.com%2Fsend%3Fphone%3D556135503896%26text%3DPreciso%2520de%2520uma%2520Assist%25C3%25AAncia%2520T%25C3%25A9cnica&#8230;.|||&#8221; add_icon=&#8221;true&#8221;][\/vc_column_inner][\/vc_row_inner][vc_empty_space height=&#8221;60px&#8221;][vc_row_inner][vc_column_inner width=&#8221;1\/4&#8243;][vc_empty_space height=&#8221;40px&#8221;][vc_single_image image=&#8221;3955&#8243; img_size=&#8221;medium&#8221; alignment=&#8221;center&#8221;][\/vc_column_inner][vc_column_inner width=&#8221;3\/4&#8243;][vc_column_text]<\/p>\n<h3><strong>Conserto de Micro-ondas LG<\/strong><\/h3>\n<p>Os<strong> micro-ondas LG<\/strong> s\u00e3o bastante populares por sua tecnologia e design inovador. Se o seu aparelho n\u00e3o est\u00e1 funcionando corretamente, a <strong>Eluxfrio Bras\u00edlia<\/strong> pode realizar o <strong>conserto de micro-ondas LG<\/strong> de maneira eficiente, restaurando a funcionalidade e a seguran\u00e7a do seu equipamento.[\/vc_column_text][vc_empty_space height=&#8221;30px&#8221;][vc_btn title=&#8221;Fale conosco pelo Whatsapp&#8221; style=&#8221;custom&#8221; custom_background=&#8221;#0da300&#8243; custom_text=&#8221;#ffffff&#8221; shape=&#8221;round&#8221; size=&#8221;lg&#8221; i_align=&#8221;right&#8221; i_icon_fontawesome=&#8221;fa fa-whatsapp&#8221; link=&#8221;url:https%3A%2F%2Fapi.whatsapp.com%2Fsend%3Fphone%3D556135503896%26text%3DPreciso%2520de%2520uma%2520Assist%25C3%25AAncia%2520T%25C3%25A9cnica&#8230;.|||&#8221; add_icon=&#8221;true&#8221;][\/vc_column_inner][\/vc_row_inner][vc_empty_space height=&#8221;60px&#8221;][vc_row_inner][vc_column_inner width=&#8221;1\/4&#8243;][vc_empty_space height=&#8221;40px&#8221;][vc_single_image image=&#8221;3841&#8243; img_size=&#8221;medium&#8221; alignment=&#8221;center&#8221;][\/vc_column_inner][vc_column_inner width=&#8221;3\/4&#8243;][vc_column_text]<\/p>\n<h3><strong>Conserto de Micro-ondas Consul<\/strong><\/h3>\n<p>A <strong>Consul<\/strong> \u00e9 outra marca renomada que oferece <strong>micro-ondas<\/strong> com \u00f3timos recursos. Se o seu aparelho apresenta problemas de aquecimento ou dificuldades no funcionamento geral, a nossa equipe de t\u00e9cnicos qualificados pode realizar o <strong>conserto de micro-ondas Consul<\/strong> rapidamente, deixando-o pronto para uso.[\/vc_column_text][vc_empty_space height=&#8221;30px&#8221;][vc_btn title=&#8221;Fale conosco pelo Whatsapp&#8221; style=&#8221;custom&#8221; custom_background=&#8221;#0da300&#8243; custom_text=&#8221;#ffffff&#8221; shape=&#8221;round&#8221; size=&#8221;lg&#8221; i_align=&#8221;right&#8221; i_icon_fontawesome=&#8221;fa fa-whatsapp&#8221; link=&#8221;url:https%3A%2F%2Fapi.whatsapp.com%2Fsend%3Fphone%3D556135503896%26text%3DPreciso%2520de%2520uma%2520Assist%25C3%25AAncia%2520T%25C3%25A9cnica&#8230;.|||&#8221; add_icon=&#8221;true&#8221;][\/vc_column_inner][\/vc_row_inner][vc_empty_space height=&#8221;60px&#8221;][vc_row_inner][vc_column_inner width=&#8221;1\/4&#8243;][vc_empty_space height=&#8221;40px&#8221;][vc_single_image image=&#8221;3846&#8243; img_size=&#8221;medium&#8221; alignment=&#8221;center&#8221;][\/vc_column_inner][vc_column_inner width=&#8221;3\/4&#8243;][vc_column_text]<\/p>\n<h3><strong>Conserto de Micro-ondas Continental<\/strong><\/h3>\n<p>A <strong>Continental<\/strong> tamb\u00e9m oferece modelos confi\u00e1veis de <strong>micro-ondas<\/strong>, e se voc\u00ea est\u00e1 tendo problemas, como o <strong>micro-ondas n\u00e3o ligar<\/strong> ou o prato girat\u00f3rio n\u00e3o funcionar, a <strong>Eluxfrio Bras\u00edlia<\/strong> \u00e9 a <strong>assist\u00eancia t\u00e9cnica<\/strong> ideal para realizar o <strong>conserto de micro-ondas Continental<\/strong>.[\/vc_column_text][vc_empty_space height=&#8221;30px&#8221;][vc_btn title=&#8221;Fale conosco pelo Whatsapp&#8221; style=&#8221;custom&#8221; custom_background=&#8221;#0da300&#8243; custom_text=&#8221;#ffffff&#8221; shape=&#8221;round&#8221; size=&#8221;lg&#8221; i_align=&#8221;right&#8221; i_icon_fontawesome=&#8221;fa fa-whatsapp&#8221; link=&#8221;url:https%3A%2F%2Fapi.whatsapp.com%2Fsend%3Fphone%3D556135503896%26text%3DPreciso%2520de%2520uma%2520Assist%25C3%25AAncia%2520T%25C3%25A9cnica&#8230;.|||&#8221; add_icon=&#8221;true&#8221;][\/vc_column_inner][\/vc_row_inner][vc_empty_space height=&#8221;60px&#8221;][\/vc_column][\/vc_row][vc_row][vc_column][vc_column_text]<\/p>\n<h2 style=\"text-align: center;\"><strong>Diagn\u00f3stico R\u00e1pido e Preciso<\/strong><\/h2>\n<p>Uma das principais vantagens de contar com a <strong>Eluxfrio Bras\u00edlia<\/strong> \u00e9 o diagn\u00f3stico r\u00e1pido e preciso. Sabemos que ficar sem o <strong>micro-ondas<\/strong> por muito tempo pode ser inc\u00f4modo, por isso, nossos t\u00e9cnicos realizam um diagn\u00f3stico detalhado, identificando o problema de forma eficiente para que o <strong>conserto<\/strong> seja feito o quanto antes.<\/p>\n<p>Ap\u00f3s o diagn\u00f3stico, explicamos para o cliente o que precisa ser feito e apresentamos um or\u00e7amento claro e justo. Com isso, n\u00e3o h\u00e1 surpresas e voc\u00ea pode tomar a decis\u00e3o com total transpar\u00eancia sobre o que ser\u00e1 feito no seu aparelho.[\/vc_column_text][vc_empty_space height=&#8221;40px&#8221;][\/vc_column][\/vc_row][vc_row][vc_column width=&#8221;1\/2&#8243;][vc_btn title=&#8221;Fale conosco pelo Whatsapp&#8221; style=&#8221;custom&#8221; custom_background=&#8221;#0da300&#8243; custom_text=&#8221;#ffffff&#8221; shape=&#8221;round&#8221; size=&#8221;lg&#8221; align=&#8221;center&#8221; i_align=&#8221;right&#8221; i_icon_fontawesome=&#8221;fa fa-whatsapp&#8221; link=&#8221;url:https%3A%2F%2Fapi.whatsapp.com%2Fsend%3Fphone%3D556135503896%26text%3DPreciso%2520de%2520uma%2520Assist%25C3%25AAncia%2520T%25C3%25A9cnica&#8230;.|||&#8221; add_icon=&#8221;true&#8221;][\/vc_column][vc_column width=&#8221;1\/2&#8243;][vc_btn title=&#8221;Ligue agora: (61) 3550-3896&#8243; style=&#8221;custom&#8221; custom_background=&#8221;#191596&#8243; custom_text=&#8221;#ffffff&#8221; shape=&#8221;round&#8221; size=&#8221;lg&#8221; align=&#8221;center&#8221; i_icon_fontawesome=&#8221;fa fa-volume-control-phone&#8221; link=&#8221;url:tel%3A%2B556135503896|||&#8221; add_icon=&#8221;true&#8221;][\/vc_column][\/vc_row][vc_row][vc_column][vc_empty_space height=&#8221;40px&#8221;][vc_column_text]<\/p>\n<h2 style=\"text-align: center;\"><strong>Agilidade e Comodidade<\/strong><\/h2>\n<p>Al\u00e9m de ser especializada no <strong>conserto de micro-ondas DF<\/strong>, a <strong>Eluxfrio Bras\u00edlia<\/strong> tamb\u00e9m preza pela agilidade e comodidade no atendimento. Oferecemos servi\u00e7os de <strong>assist\u00eancia t\u00e9cnica micro-ondas DF<\/strong> com agendamento flex\u00edvel, podendo atender em sua resid\u00eancia ou no nosso centro de <strong>assist\u00eancia<\/strong>. Assim, voc\u00ea pode escolher a op\u00e7\u00e3o que melhor se encaixa na sua rotina.<\/p>\n<p>Se voc\u00ea est\u00e1 enfrentando problemas com o seu<strong> micro-ondas<\/strong>, n\u00e3o deixe de procurar a <strong>Eluxfrio Bras\u00edlia<\/strong>, a <strong>assist\u00eancia t\u00e9cnica micro-ondas DF<\/strong> de confian\u00e7a. Com<strong> 90 dias de garantia<\/strong>, t\u00e9cnicos qualificados e a experi\u00eancia necess\u00e1ria, somos a melhor escolha para o <strong>conserto de micro-ondas Bras\u00edlia<\/strong>. Seja qual for a marca do seu <strong>micro-ondas<\/strong>, como <strong>Electrolux<\/strong>, <strong>Brastemp<\/strong>, <strong>LG<\/strong>, <strong>Consul<\/strong> ou <strong>Continental<\/strong>, podemos ajudar voc\u00ea a resolver qualquer falha e devolver a funcionalidade ao seu aparelho.<\/p>\n<p style=\"text-align: center;\"><strong>N\u00e3o hesite em nos contatar e agendar o seu conserto. Estamos aqui para ajudar!<\/strong><\/p>\n<p>[\/vc_column_text][vc_empty_space height=&#8221;40px&#8221;][\/vc_column][\/vc_row][vc_row][vc_column width=&#8221;1\/2&#8243;][vc_btn title=&#8221;Fale conosco pelo Whatsapp&#8221; style=&#8221;custom&#8221; custom_background=&#8221;#0da300&#8243; custom_text=&#8221;#ffffff&#8221; shape=&#8221;round&#8221; size=&#8221;lg&#8221; align=&#8221;center&#8221; i_align=&#8221;right&#8221; i_icon_fontawesome=&#8221;fa fa-whatsapp&#8221; link=&#8221;url:https%3A%2F%2Fapi.whatsapp.com%2Fsend%3Fphone%3D556135503896%26text%3DPreciso%2520de%2520uma%2520Assist%25C3%25AAncia%2520T%25C3%25A9cnica&#8230;.|||&#8221; add_icon=&#8221;true&#8221;][\/vc_column][vc_column width=&#8221;1\/2&#8243;][vc_btn title=&#8221;Ligue agora: (61) 3550-3896&#8243; style=&#8221;custom&#8221; custom_background=&#8221;#191596&#8243; custom_text=&#8221;#ffffff&#8221; shape=&#8221;round&#8221; size=&#8221;lg&#8221; align=&#8221;center&#8221; i_icon_fontawesome=&#8221;fa fa-volume-control-phone&#8221; link=&#8221;url:tel%3A%2B556135503896|||&#8221; add_icon=&#8221;true&#8221;][\/vc_column][\/vc_row][vc_row][vc_column][vc_empty_space height=&#8221;60px&#8221;][\/vc_column][\/vc_row]<\/p>\n","protected":false},"excerpt":{"rendered":"<p>[vc_row][vc_column][vc_column_text]Se voc\u00ea est\u00e1 enfrentando problemas com o seu micro-ondas e mora no Distrito Federal, a Eluxfrio Bras\u00edlia \u00e9 a solu\u00e7\u00e3o que voc\u00ea precisa! Oferecemos conserto de micro-ondas DF com a garantia de um servi\u00e7o especializado, r\u00e1pido e com o melhor atendimento. Al\u00e9m disso, contamos com t\u00e9cnicos qualificados que s\u00e3o experientes no conserto de micro-ondas Bras\u00edlia [&hellip;]<\/p>\n","protected":false},"author":1,"featured_media":0,"parent":0,"menu_order":0,"comment_status":"closed","ping_status":"closed","template":"","meta":{"footnotes":""},"yst_prominent_words":[],"class_list":["post-3868","page","type-page","status-publish","hentry","no-post-thumbnail"],"_links":{"self":[{"href":"https:\/\/eluxfrio.com.br\/df\/wp-json\/wp\/v2\/pages\/3868","targetHints":{"allow":["GET"]}}],"collection":[{"href":"https:\/\/eluxfrio.com.br\/df\/wp-json\/wp\/v2\/pages"}],"about":[{"href":"https:\/\/eluxfrio.com.br\/df\/wp-json\/wp\/v2\/types\/page"}],"author":[{"embeddable":true,"href":"https:\/\/eluxfrio.com.br\/df\/wp-json\/wp\/v2\/users\/1"}],"replies":[{"embeddable":true,"href":"https:\/\/eluxfrio.com.br\/df\/wp-json\/wp\/v2\/comments?post=3868"}],"version-history":[{"count":0,"href":"https:\/\/eluxfrio.com.br\/df\/wp-json\/wp\/v2\/pages\/3868\/revisions"}],"wp:attachment":[{"href":"https:\/\/eluxfrio.com.br\/df\/wp-json\/wp\/v2\/media?parent=3868"}],"wp:term":[{"taxonomy":"yst_prominent_words","embeddable":true,"href":"https:\/\/eluxfrio.com.br\/df\/wp-json\/wp\/v2\/yst_prominent_words?post=3868"}],"curies":[{"name":"wp","href":"https:\/\/api.w.org\/{rel}","templated":true}]}}