{"id":3910,"date":"2025-02-17T14:04:25","date_gmt":"2025-02-17T17:04:25","guid":{"rendered":"https:\/\/eluxfrio.com.br\/df\/?page_id=3910"},"modified":"2025-03-18T11:00:15","modified_gmt":"2025-03-18T14:00:15","slug":"conserto-de-eletrodomestico-brasilia","status":"publish","type":"page","link":"https:\/\/eluxfrio.com.br\/df\/conserto-de-eletrodomestico-brasilia\/","title":{"rendered":"Conserto de Eletrodom\u00e9stico Bras\u00edlia"},"content":{"rendered":"<p>[vc_row][vc_column][vc_column_text]<\/p>\n<h2 style=\"text-align: center;\"><span style=\"color: #002745;\"><strong>A Melhor empresa para Conserto de Eletrodom\u00e9sticos<\/strong><\/span><\/h2>\n<p>A empesa <a href=\"https:\/\/eluxfrio.com.br\/df\/\"><strong>Eluxfrio Bras\u00edlia<\/strong><\/a> \u00e9 a op\u00e7\u00e3o ideal para voc\u00ea, somos uma empresa especializada em <strong>Conserto de Eletrodom\u00e9stico<\/strong>, oferecendo servi\u00e7os de alta qualidade com <strong>garantia de 90 dias.<\/strong> Contamos com t\u00e9cnicos qualificados, prontos para realizar o melhor<strong> conserto de eletrodom\u00e9stico<\/strong>.<\/p>\n<h2 style=\"text-align: center;\"><span style=\"color: #002745;\"><strong>Servi\u00e7os Especializados em Assist\u00eancia T\u00e9cnica DF<\/strong><\/span><\/h2>\n<p style=\"text-align: center;\">Na <a href=\"https:\/\/eluxfrio.com.br\/df\/\"><strong>Eluxfrio Bras\u00edlia<\/strong><\/a>, trabalhamos com um amplo portf\u00f3lio de servi\u00e7os para garantir que seu eletrodom\u00e9stico volte a funcionar perfeitamente.<\/p>\n<p>[\/vc_column_text][vc_empty_space height=&#8221;60px&#8221;][\/vc_column][\/vc_row][vc_row][vc_column width=&#8221;1\/2&#8243;][vc_btn title=&#8221;Fale conosco pelo Whatsapp&#8221; style=&#8221;custom&#8221; custom_background=&#8221;#0da300&#8243; custom_text=&#8221;#ffffff&#8221; shape=&#8221;round&#8221; size=&#8221;lg&#8221; align=&#8221;center&#8221; i_align=&#8221;right&#8221; i_icon_fontawesome=&#8221;fa fa-whatsapp&#8221; link=&#8221;url:https%3A%2F%2Fapi.whatsapp.com%2Fsend%3Fphone%3D556135503896%26text%3DPreciso%2520de%2520uma%2520Assist%25C3%25AAncia%2520T%25C3%25A9cnica&#8230;.|||&#8221; add_icon=&#8221;true&#8221;][\/vc_column][vc_column width=&#8221;1\/2&#8243;][vc_btn title=&#8221;Ligue agora: (61) 3550-3896&#8243; style=&#8221;custom&#8221; custom_background=&#8221;#191596&#8243; custom_text=&#8221;#ffffff&#8221; shape=&#8221;round&#8221; size=&#8221;lg&#8221; align=&#8221;center&#8221; i_icon_fontawesome=&#8221;fa fa-volume-control-phone&#8221; link=&#8221;url:tel%3A%2B556135503896|||&#8221; add_icon=&#8221;true&#8221;][\/vc_column][\/vc_row][vc_row][vc_column][vc_empty_space height=&#8221;60px&#8221;][vc_column_text]<\/p>\n<h2 style=\"text-align: center;\"><span style=\"color: #002745;\"><strong>Tipos de conserto que realizamos:<\/strong><\/span><\/h2>\n<p>[\/vc_column_text][vc_empty_space height=&#8221;40px&#8221;][vc_row_inner][vc_column_inner width=&#8221;1\/4&#8243;][vc_single_image image=&#8221;2755&#8243; img_size=&#8221;full&#8221; alignment=&#8221;center&#8221;][\/vc_column_inner][vc_column_inner width=&#8221;3\/4&#8243;][vc_column_text]<\/p>\n<h3><strong><span style=\"color: #002745;\">Conserto de Geladeira DF<\/span><\/strong><\/h3>\n<p>Realizamos o <strong>reparo de diversos tipos de geladeiras<\/strong>, incluindo modelos tradicionais e modernos, como a <strong>geladeira Side by Side<\/strong>. Se sua geladeira n\u00e3o est\u00e1 gelando corretamente, faz muito barulho ou apresenta vazamento, nossos especialistas est\u00e3o prontos para resolver.[\/vc_column_text][vc_empty_space height=&#8221;30px&#8221;][vc_btn title=&#8221;Fale conosco pelo Whatsapp&#8221; style=&#8221;custom&#8221; custom_background=&#8221;#0da300&#8243; custom_text=&#8221;#ffffff&#8221; shape=&#8221;round&#8221; size=&#8221;lg&#8221; i_align=&#8221;right&#8221; i_icon_fontawesome=&#8221;fa fa-whatsapp&#8221; link=&#8221;url:https%3A%2F%2Fapi.whatsapp.com%2Fsend%3Fphone%3D556135503896%26text%3DPreciso%2520de%2520uma%2520Assist%25C3%25AAncia%2520T%25C3%25A9cnica&#8230;.|||&#8221; add_icon=&#8221;true&#8221;][\/vc_column_inner][\/vc_row_inner][vc_empty_space height=&#8221;40px&#8221;][vc_row_inner][vc_column_inner width=&#8221;1\/4&#8243;][vc_empty_space height=&#8221;10px&#8221;][vc_single_image image=&#8221;1942&#8243; img_size=&#8221;full&#8221; alignment=&#8221;center&#8221;][\/vc_column_inner][vc_column_inner width=&#8221;3\/4&#8243;][vc_column_text]<\/p>\n<h3><strong><span style=\"color: #002745;\">Conserto de Fog\u00e3o DF<\/span><\/strong><\/h3>\n<p>Um<strong> fog\u00e3o com defeito<\/strong> pode ser um grande inc\u00f4modo na rotina da cozinha. Se seu fog\u00e3o n\u00e3o acende, tem chamas fracas ou apresenta vazamento de g\u00e1s, nossa equipe pode identificar e solucionar o problema com seguran\u00e7a.[\/vc_column_text][vc_empty_space height=&#8221;30px&#8221;][vc_btn title=&#8221;Fale conosco pelo Whatsapp&#8221; style=&#8221;custom&#8221; custom_background=&#8221;#0da300&#8243; custom_text=&#8221;#ffffff&#8221; shape=&#8221;round&#8221; size=&#8221;lg&#8221; i_align=&#8221;right&#8221; i_icon_fontawesome=&#8221;fa fa-whatsapp&#8221; link=&#8221;url:https%3A%2F%2Fapi.whatsapp.com%2Fsend%3Fphone%3D556135503896%26text%3DPreciso%2520de%2520uma%2520Assist%25C3%25AAncia%2520T%25C3%25A9cnica&#8230;.|||&#8221; add_icon=&#8221;true&#8221;][\/vc_column_inner][\/vc_row_inner][vc_empty_space height=&#8221;40px&#8221;][vc_row_inner][vc_column_inner width=&#8221;1\/4&#8243;][vc_single_image image=&#8221;1767&#8243; img_size=&#8221;full&#8221; alignment=&#8221;center&#8221;][\/vc_column_inner][vc_column_inner width=&#8221;3\/4&#8243;][vc_column_text]<\/p>\n<h3><strong><span style=\"color: #002745;\">Conserto de M\u00e1quina de Lavar DF<\/span><\/strong><\/h3>\n<p>Sua <strong>m\u00e1quina de lavar est\u00e1 vazando \u00e1gua<\/strong>, n\u00e3o est\u00e1 centrifugando ou apresenta algum erro no painel? Podemos diagnosticar e consertar qualquer tipo de falha, garantindo o funcionamento correto do seu equipamento.[\/vc_column_text][vc_empty_space height=&#8221;30px&#8221;][vc_btn title=&#8221;Fale conosco pelo Whatsapp&#8221; style=&#8221;custom&#8221; custom_background=&#8221;#0da300&#8243; custom_text=&#8221;#ffffff&#8221; shape=&#8221;round&#8221; size=&#8221;lg&#8221; i_align=&#8221;right&#8221; i_icon_fontawesome=&#8221;fa fa-whatsapp&#8221; link=&#8221;url:https%3A%2F%2Fapi.whatsapp.com%2Fsend%3Fphone%3D556135503896%26text%3DPreciso%2520de%2520uma%2520Assist%25C3%25AAncia%2520T%25C3%25A9cnica&#8230;.|||&#8221; add_icon=&#8221;true&#8221;][\/vc_column_inner][\/vc_row_inner][vc_empty_space height=&#8221;40px&#8221;][vc_row_inner][vc_column_inner width=&#8221;1\/4&#8243;][vc_empty_space height=&#8221;20px&#8221;][vc_single_image image=&#8221;3166&#8243; img_size=&#8221;full&#8221; alignment=&#8221;center&#8221;][\/vc_column_inner][vc_column_inner width=&#8221;3\/4&#8243;][vc_column_text]<\/p>\n<h3><strong><span style=\"color: #002745;\">Conserto de Micro-ondas DF<\/span><\/strong><\/h3>\n<p>O <strong>micro-ondas<\/strong> \u00e9 um eletrodom\u00e9stico essencial na cozinha moderna. Se ele parou de esquentar, faz ru\u00eddos incomuns ou n\u00e3o liga, nossos especialistas podem restaur\u00e1-lo rapidamente.[\/vc_column_text][vc_empty_space height=&#8221;30px&#8221;][vc_btn title=&#8221;Fale conosco pelo Whatsapp&#8221; style=&#8221;custom&#8221; custom_background=&#8221;#0da300&#8243; custom_text=&#8221;#ffffff&#8221; shape=&#8221;round&#8221; size=&#8221;lg&#8221; i_align=&#8221;right&#8221; i_icon_fontawesome=&#8221;fa fa-whatsapp&#8221; link=&#8221;url:https%3A%2F%2Fapi.whatsapp.com%2Fsend%3Fphone%3D556135503896%26text%3DPreciso%2520de%2520uma%2520Assist%25C3%25AAncia%2520T%25C3%25A9cnica&#8230;.|||&#8221; add_icon=&#8221;true&#8221;][\/vc_column_inner][\/vc_row_inner][vc_empty_space height=&#8221;40px&#8221;][vc_row_inner][vc_column_inner width=&#8221;1\/4&#8243;][vc_single_image image=&#8221;3348&#8243; img_size=&#8221;full&#8221; alignment=&#8221;center&#8221;][\/vc_column_inner][vc_column_inner width=&#8221;3\/4&#8243;][vc_column_text]<\/p>\n<h3><strong><span style=\"color: #002745;\">Conserto de Purificador de \u00c1gua DF<\/span><\/strong><\/h3>\n<p>Um <strong>purificador de \u00e1gua com defeito<\/strong> pode comprometer a qualidade da \u00e1gua que voc\u00ea consome. Se h\u00e1 vazamentos, problemas no fluxo de \u00e1gua ou no sistema de filtra\u00e7\u00e3o, podemos realizar os ajustes necess\u00e1rios para garantir \u00e1gua limpa e segura.[\/vc_column_text][vc_empty_space height=&#8221;30px&#8221;][vc_btn title=&#8221;Fale conosco pelo Whatsapp&#8221; style=&#8221;custom&#8221; custom_background=&#8221;#0da300&#8243; custom_text=&#8221;#ffffff&#8221; shape=&#8221;round&#8221; size=&#8221;lg&#8221; i_align=&#8221;right&#8221; i_icon_fontawesome=&#8221;fa fa-whatsapp&#8221; link=&#8221;url:https%3A%2F%2Fapi.whatsapp.com%2Fsend%3Fphone%3D556135503896%26text%3DPreciso%2520de%2520uma%2520Assist%25C3%25AAncia%2520T%25C3%25A9cnica&#8230;.|||&#8221; add_icon=&#8221;true&#8221;][\/vc_column_inner][\/vc_row_inner][vc_empty_space height=&#8221;40px&#8221;][vc_row_inner][vc_column_inner width=&#8221;1\/4&#8243;][vc_single_image image=&#8221;856&#8243; img_size=&#8221;full&#8221; alignment=&#8221;center&#8221;][\/vc_column_inner][vc_column_inner width=&#8221;3\/4&#8243;][vc_column_text]<\/p>\n<h3><strong><span style=\"color: #002745;\">Conserto de Lava e Seca DF<\/span><\/strong><\/h3>\n<p>Equipamentos <strong>lava e seca s\u00e3o extremamente pr\u00e1ticos<\/strong>, mas tamb\u00e9m podem apresentar problemas complexos. Se seu aparelho n\u00e3o est\u00e1 lavando corretamente, demora muito para secar ou apresenta falhas el\u00e9tricas, nossos t\u00e9cnicos est\u00e3o preparados para consert\u00e1-lo.[\/vc_column_text][vc_empty_space height=&#8221;30px&#8221;][vc_btn title=&#8221;Fale conosco pelo Whatsapp&#8221; style=&#8221;custom&#8221; custom_background=&#8221;#0da300&#8243; custom_text=&#8221;#ffffff&#8221; shape=&#8221;round&#8221; size=&#8221;lg&#8221; i_align=&#8221;right&#8221; i_icon_fontawesome=&#8221;fa fa-whatsapp&#8221; link=&#8221;url:https%3A%2F%2Fapi.whatsapp.com%2Fsend%3Fphone%3D556135503896%26text%3DPreciso%2520de%2520uma%2520Assist%25C3%25AAncia%2520T%25C3%25A9cnica&#8230;.|||&#8221; add_icon=&#8221;true&#8221;][\/vc_column_inner][\/vc_row_inner][vc_empty_space height=&#8221;40px&#8221;][vc_row_inner][vc_column_inner width=&#8221;1\/4&#8243;][vc_single_image image=&#8221;1766&#8243; img_size=&#8221;full&#8221; alignment=&#8221;center&#8221;][\/vc_column_inner][vc_column_inner width=&#8221;3\/4&#8243;][vc_column_text]<\/p>\n<h3><span style=\"color: #002745;\"><strong>Conserto de Lava Lou\u00e7as DF<\/strong><\/span><\/h3>\n<p>Uma <strong>lava lou\u00e7as que n\u00e3o drena a \u00e1gua<\/strong> ou deixa os utens\u00edlios sujos pode ser um grande problema. Nossos especialistas analisam cada detalhe para identificar e corrigir defeitos, garantindo que sua lava lou\u00e7as funcione perfeitamente.[\/vc_column_text][vc_empty_space height=&#8221;30px&#8221;][vc_btn title=&#8221;Fale conosco pelo Whatsapp&#8221; style=&#8221;custom&#8221; custom_background=&#8221;#0da300&#8243; custom_text=&#8221;#ffffff&#8221; shape=&#8221;round&#8221; size=&#8221;lg&#8221; i_align=&#8221;right&#8221; i_icon_fontawesome=&#8221;fa fa-whatsapp&#8221; link=&#8221;url:https%3A%2F%2Fapi.whatsapp.com%2Fsend%3Fphone%3D556135503896%26text%3DPreciso%2520de%2520uma%2520Assist%25C3%25AAncia%2520T%25C3%25A9cnica&#8230;.|||&#8221; add_icon=&#8221;true&#8221;][\/vc_column_inner][\/vc_row_inner][vc_empty_space height=&#8221;40px&#8221;][\/vc_column][\/vc_row][vc_row][vc_column][vc_column_text]<\/p>\n<h2 style=\"text-align: center;\"><span style=\"color: #002745;\"><strong>Especialistas nas Principais Marcas do Mercado<\/strong><\/span><\/h2>\n<p>[\/vc_column_text][vc_empty_space height=&#8221;30px&#8221;][vc_images_carousel images=&#8221;761,758,764,763,759,760&#8243; img_size=&#8221;full&#8221; onclick=&#8221;custom_link&#8221; slides_per_view=&#8221;3&#8243; autoplay=&#8221;yes&#8221; hide_pagination_control=&#8221;yes&#8221; wrap=&#8221;yes&#8221; custom_links=&#8221;#E-8_aHR0cHMlM0ElMkYlMkZlbHV4ZnJpby5jb20uYnIlMkZkZiUyRmFzc2lzdGVuY2lhLXRlY25pY2EtZWxlY3Ryb2x1eC1kZiUyRiUyQ2h0dHBzJTNBJTJGJTJGZWx1eGZyaW8uY29tLmJyJTJGZGYlMkZhc3Npc3RlbmNpYS10ZWNuaWNhLWJyYXN0ZW1wLWRmJTJGJTJDaHR0cHMlM0ElMkYlMkZlbHV4ZnJpby5jb20uYnIlMkZkZiUyRmFzc2lzdGVuY2lhLXRlY25pY2Etc2Ftc3VuZy1kZiUyRiUyQ2h0dHBzJTNBJTJGJTJGZWx1eGZyaW8uY29tLmJyJTJGZGYlMkZhc3Npc3RlbmNpYS10ZWNuaWNhLWxnLWVtLWJyYXNpbGlhJTJGJTJDaHR0cHMlM0ElMkYlMkZlbHV4ZnJpby5jb20uYnIlMkZkZiUyRmFzc2lzdGVuY2lhLXRlY25pY2EtY29uc3VsLWRmJTJGJTJDaHR0cHMlM0ElMkYlMkZlbHV4ZnJpby5jb20uYnIlMkZkZiUyRmFzc2lzdGVuY2lhLXRlY25pY2EtY29udGluZW50YWwtZGYlMkY=&#8221;][vc_empty_space height=&#8221;40px&#8221;][\/vc_column][\/vc_row][vc_row][vc_column][vc_column_text]<\/p>\n<h3 style=\"text-align: center;\"><span style=\"color: #002745;\"><strong>Por que Escolher a Eluxfrio Bras\u00edlia?<\/strong><\/span><\/h3>\n<p>[\/vc_column_text][vc_row_inner][vc_column_inner width=&#8221;1\/2&#8243;][vc_column_text]<\/p>\n<ul>\n<li>Garantia de 90 Dias<\/li>\n<li>T\u00e9cnicos Qualificados e Experientes<\/li>\n<li>Atendimento R\u00e1pido e Eficiente<\/li>\n<li>Pe\u00e7as Originais e de Qualidade<\/li>\n<\/ul>\n<p>[\/vc_column_text][\/vc_column_inner][vc_column_inner width=&#8221;1\/2&#8243;][vc_column_text]<\/p>\n<ul>\n<li>Atendimento em Todo o Distrito Federal<\/li>\n<li>Or\u00e7amento sem compromisso<\/li>\n<li>Atendimento personalizado para cada cliente<\/li>\n<\/ul>\n<p>[\/vc_column_text][\/vc_column_inner][\/vc_row_inner][vc_empty_space height=&#8221;40px&#8221;][\/vc_column][\/vc_row][vc_row][vc_column][vc_column_text]<\/p>\n<p style=\"text-align: center;\">Nosso compromisso \u00e9 garantir que voc\u00ea tenha um servi\u00e7o confi\u00e1vel e seguro. A satisfa\u00e7\u00e3o do cliente \u00e9 a nossa prioridade!<\/p>\n<p>[\/vc_column_text][vc_empty_space height=&#8221;40px&#8221;][\/vc_column][\/vc_row][vc_row][vc_column width=&#8221;1\/2&#8243;][vc_btn title=&#8221;Fale conosco pelo Whatsapp&#8221; style=&#8221;custom&#8221; custom_background=&#8221;#0da300&#8243; custom_text=&#8221;#ffffff&#8221; shape=&#8221;round&#8221; size=&#8221;lg&#8221; align=&#8221;center&#8221; i_align=&#8221;right&#8221; i_icon_fontawesome=&#8221;fa fa-whatsapp&#8221; link=&#8221;url:https%3A%2F%2Fapi.whatsapp.com%2Fsend%3Fphone%3D556135503896%26text%3DPreciso%2520de%2520uma%2520Assist%25C3%25AAncia%2520T%25C3%25A9cnica&#8230;.|||&#8221; add_icon=&#8221;true&#8221;][\/vc_column][vc_column width=&#8221;1\/2&#8243;][vc_btn title=&#8221;Ligue agora: (61) 3550-3896&#8243; style=&#8221;custom&#8221; custom_background=&#8221;#191596&#8243; custom_text=&#8221;#ffffff&#8221; shape=&#8221;round&#8221; size=&#8221;lg&#8221; align=&#8221;center&#8221; i_icon_fontawesome=&#8221;fa fa-volume-control-phone&#8221; link=&#8221;url:tel%3A%2B556135503896|||&#8221; add_icon=&#8221;true&#8221;][\/vc_column][\/vc_row][vc_row][vc_column][vc_empty_space height=&#8221;60px&#8221;][\/vc_column][\/vc_row]<\/p>\n","protected":false},"excerpt":{"rendered":"<p>[vc_row][vc_column][vc_column_text] A Melhor empresa para Conserto de Eletrodom\u00e9sticos A empesa Eluxfrio Bras\u00edlia \u00e9 a op\u00e7\u00e3o ideal para voc\u00ea, somos uma empresa especializada em Conserto de Eletrodom\u00e9stico, oferecendo servi\u00e7os de alta qualidade com garantia de 90 dias. Contamos com t\u00e9cnicos qualificados, prontos para realizar o melhor conserto de eletrodom\u00e9stico. Servi\u00e7os Especializados em Assist\u00eancia T\u00e9cnica DF Na [&hellip;]<\/p>\n","protected":false},"author":1,"featured_media":0,"parent":0,"menu_order":0,"comment_status":"closed","ping_status":"closed","template":"","meta":{"footnotes":""},"yst_prominent_words":[],"class_list":["post-3910","page","type-page","status-publish","hentry","no-post-thumbnail"],"_links":{"self":[{"href":"https:\/\/eluxfrio.com.br\/df\/wp-json\/wp\/v2\/pages\/3910","targetHints":{"allow":["GET"]}}],"collection":[{"href":"https:\/\/eluxfrio.com.br\/df\/wp-json\/wp\/v2\/pages"}],"about":[{"href":"https:\/\/eluxfrio.com.br\/df\/wp-json\/wp\/v2\/types\/page"}],"author":[{"embeddable":true,"href":"https:\/\/eluxfrio.com.br\/df\/wp-json\/wp\/v2\/users\/1"}],"replies":[{"embeddable":true,"href":"https:\/\/eluxfrio.com.br\/df\/wp-json\/wp\/v2\/comments?post=3910"}],"version-history":[{"count":0,"href":"https:\/\/eluxfrio.com.br\/df\/wp-json\/wp\/v2\/pages\/3910\/revisions"}],"wp:attachment":[{"href":"https:\/\/eluxfrio.com.br\/df\/wp-json\/wp\/v2\/media?parent=3910"}],"wp:term":[{"taxonomy":"yst_prominent_words","embeddable":true,"href":"https:\/\/eluxfrio.com.br\/df\/wp-json\/wp\/v2\/yst_prominent_words?post=3910"}],"curies":[{"name":"wp","href":"https:\/\/api.w.org\/{rel}","templated":true}]}}