{"id":3965,"date":"2025-03-17T11:35:20","date_gmt":"2025-03-17T14:35:20","guid":{"rendered":"https:\/\/eluxfrio.com.br\/df\/?page_id=3965"},"modified":"2025-03-18T11:20:09","modified_gmt":"2025-03-18T14:20:09","slug":"assistencia-tecnica-lago-sul-df","status":"publish","type":"page","link":"https:\/\/eluxfrio.com.br\/df\/assistencia-tecnica-lago-sul-df\/","title":{"rendered":"Assist\u00eancia T\u00e9cnica Lago Sul DF"},"content":{"rendered":"<p>[vc_row][vc_column][vc_column_text]Se voc\u00ea mora no Lago Sul, em Bras\u00edlia, e est\u00e1 precisando de um servi\u00e7o de <a href=\"https:\/\/eluxfrio.com.br\/df\/assistencia-tecnica-df\/\"><strong>Assist\u00eancia T\u00e9cnica confi\u00e1vel<\/strong><\/a> para seus eletrodom\u00e9sticos, a <a href=\"https:\/\/eluxfrio.com.br\/df\/\"><strong>Eluxfrio DF<\/strong><\/a> \u00e9 a solu\u00e7\u00e3o ideal para voc\u00ea. Contamos com uma equipe altamente qualificada para atender suas necessidades com agilidade e profissionalismo. Nosso compromisso \u00e9 garantir que seus aparelhos funcionem perfeitamente, proporcionando mais conforto e praticidade no seu dia a dia.<\/p>\n<h2 style=\"text-align: center;\"><strong>Especialistas em Conserto de Eletrodom\u00e9stico DF<\/strong><\/h2>\n<p>A <a href=\"https:\/\/eluxfrio.com.br\/df\/\"><strong>Eluxfrio DF<\/strong><\/a> \u00e9 refer\u00eancia em<strong><a href=\"https:\/\/eluxfrio.com.br\/df\/assistencia-tecnica-df\/\"> Assist\u00eancia T\u00e9cnica Bras\u00edlia<\/a>,<\/strong>\u00a0atendendo clientes em diversas regi\u00f5es, incluindo o <strong>Lago Sul<\/strong>. Se o seu eletrodom\u00e9stico apresentou falhas ou parou de funcionar, nossa equipe est\u00e1 preparada para identificar e resolver o problema de forma r\u00e1pida e eficiente. Trabalhamos com pe\u00e7as originais e seguimos os mais altos padr\u00f5es de qualidade para garantir um servi\u00e7o seguro e duradouro.[\/vc_column_text][vc_empty_space height=&#8221;60px&#8221;][\/vc_column][\/vc_row][vc_row][vc_column width=&#8221;1\/2&#8243;][vc_btn title=&#8221;Fale conosco pelo Whatsapp&#8221; style=&#8221;custom&#8221; custom_background=&#8221;#0da300&#8243; custom_text=&#8221;#ffffff&#8221; shape=&#8221;round&#8221; size=&#8221;lg&#8221; align=&#8221;center&#8221; i_align=&#8221;right&#8221; i_icon_fontawesome=&#8221;fa fa-whatsapp&#8221; link=&#8221;url:https%3A%2F%2Fapi.whatsapp.com%2Fsend%3Fphone%3D556135503896%26text%3DPreciso%2520de%2520uma%2520Assist%25C3%25AAncia%2520T%25C3%25A9cnica&#8230;.|||&#8221; add_icon=&#8221;true&#8221;][\/vc_column][vc_column width=&#8221;1\/2&#8243;][vc_btn title=&#8221;Ligue agora: (61) 3550-3896&#8243; style=&#8221;custom&#8221; custom_background=&#8221;#191596&#8243; custom_text=&#8221;#ffffff&#8221; shape=&#8221;round&#8221; size=&#8221;lg&#8221; align=&#8221;center&#8221; i_icon_fontawesome=&#8221;fa fa-volume-control-phone&#8221; link=&#8221;url:tel%3A%2B556135503896|||&#8221; add_icon=&#8221;true&#8221;][\/vc_column][\/vc_row][vc_row][vc_column][vc_empty_space height=&#8221;60px&#8221;][vc_column_text]<\/p>\n<h2 style=\"text-align: center;\"><strong>Servi\u00e7os de Assist\u00eancia T\u00e9cnica Lago Sul DF<\/strong><\/h2>\n<p style=\"text-align: center;\">Nossa empresa oferece <strong>Assist\u00eancia T\u00e9cnica Lago Sul DF<\/strong> para diversos tipos de eletrodom\u00e9sticos, incluindo:<\/p>\n<p>[\/vc_column_text][vc_empty_space height=&#8221;40px&#8221;][vc_row_inner][vc_column_inner width=&#8221;1\/6&#8243;][vc_single_image image=&#8221;2755&#8243; img_size=&#8221;full&#8221; alignment=&#8221;center&#8221;][vc_column_text]<\/p>\n<p style=\"text-align: center;\"><strong>Geladeira<\/strong><\/p>\n<p>[\/vc_column_text][\/vc_column_inner][vc_column_inner width=&#8221;1\/6&#8243;][vc_empty_space height=&#8221;70px&#8221;][vc_single_image image=&#8221;3849&#8243; img_size=&#8221;full&#8221; alignment=&#8221;center&#8221;][vc_column_text]<\/p>\n<p style=\"text-align: center;\"><strong>Fog\u00e3o<\/strong><\/p>\n<p>[\/vc_column_text][\/vc_column_inner][vc_column_inner width=&#8221;1\/6&#8243;][vc_empty_space height=&#8221;40px&#8221;][vc_single_image image=&#8221;3830&#8243; img_size=&#8221;full&#8221; alignment=&#8221;center&#8221;][vc_column_text]<\/p>\n<p style=\"text-align: center;\"><strong>M\u00e1quina de Lavar<\/strong><\/p>\n<p>[\/vc_column_text][\/vc_column_inner][vc_column_inner width=&#8221;1\/6&#8243;][vc_empty_space height=&#8221;170px&#8221;][vc_single_image image=&#8221;3955&#8243; img_size=&#8221;full&#8221; alignment=&#8221;center&#8221;][vc_column_text]<\/p>\n<p style=\"text-align: center;\"><strong>Micro-ondas<\/strong><\/p>\n<p>[\/vc_column_text][\/vc_column_inner][vc_column_inner width=&#8221;1\/6&#8243;][vc_empty_space height=&#8221;50px&#8221;][vc_single_image image=&#8221;3362&#8243; img_size=&#8221;full&#8221; alignment=&#8221;center&#8221;][vc_column_text]<\/p>\n<p style=\"text-align: center;\"><strong>Purificador de \u00c1gua<\/strong><\/p>\n<p>[\/vc_column_text][\/vc_column_inner][vc_column_inner width=&#8221;1\/6&#8243;][vc_empty_space height=&#8221;50px&#8221;][vc_single_image image=&#8221;3959&#8243; img_size=&#8221;full&#8221; alignment=&#8221;center&#8221;][vc_column_text]<\/p>\n<p style=\"text-align: center;\"><strong>Lava e Seca<\/strong><\/p>\n<p>[\/vc_column_text][\/vc_column_inner][\/vc_row_inner][vc_empty_space height=&#8221;20px&#8221;][vc_column_text]Independentemente do problema, nossos t\u00e9cnicos realizam o diagn\u00f3stico preciso e apresentam a melhor solu\u00e7\u00e3o para o seu equipamento. Nosso objetivo \u00e9 restaurar o funcionamento do seu eletrodom\u00e9stico sem que voc\u00ea precise investir em um novo.[\/vc_column_text][vc_empty_space height=&#8221;40px&#8221;][\/vc_column][\/vc_row][vc_row][vc_column width=&#8221;1\/2&#8243;][vc_btn title=&#8221;Fale conosco pelo Whatsapp&#8221; style=&#8221;custom&#8221; custom_background=&#8221;#0da300&#8243; custom_text=&#8221;#ffffff&#8221; shape=&#8221;round&#8221; size=&#8221;lg&#8221; align=&#8221;center&#8221; i_align=&#8221;right&#8221; i_icon_fontawesome=&#8221;fa fa-whatsapp&#8221; link=&#8221;url:https%3A%2F%2Fapi.whatsapp.com%2Fsend%3Fphone%3D556135503896%26text%3DPreciso%2520de%2520uma%2520Assist%25C3%25AAncia%2520T%25C3%25A9cnica&#8230;.|||&#8221; add_icon=&#8221;true&#8221;][\/vc_column][vc_column width=&#8221;1\/2&#8243;][vc_btn title=&#8221;Ligue agora: (61) 3550-3896&#8243; style=&#8221;custom&#8221; custom_background=&#8221;#191596&#8243; custom_text=&#8221;#ffffff&#8221; shape=&#8221;round&#8221; size=&#8221;lg&#8221; align=&#8221;center&#8221; i_icon_fontawesome=&#8221;fa fa-volume-control-phone&#8221; link=&#8221;url:tel%3A%2B556135503896|||&#8221; add_icon=&#8221;true&#8221;][\/vc_column][\/vc_row][vc_row][vc_column][vc_empty_space height=&#8221;40px&#8221;][vc_column_text]<\/p>\n<h2 style=\"text-align: center;\"><strong>Por que Escolher a Eluxfrio para Assist\u00eancia T\u00e9cnica Eletrodom\u00e9stico?<\/strong><\/h2>\n<p><strong>Atendimento R\u00e1pido e Eficiente:<\/strong> Entendemos a import\u00e2ncia dos eletrodom\u00e9sticos no seu dia a dia e, por isso, oferecemos um servi\u00e7o \u00e1gil para minimizar qualquer transtorno.<\/p>\n<p><strong>Equipe Qualificada:<\/strong> Nossos t\u00e9cnicos s\u00e3o experientes e passam por treinamentos constantes para garantir um atendimento de excel\u00eancia.<\/p>\n<p><strong>Pe\u00e7as Originais:<\/strong> Trabalhamos apenas com componentes de qualidade para garantir a durabilidade e efici\u00eancia do reparo.<\/p>\n<p><strong>Or\u00e7amento Transparente:<\/strong> Antes de qualquer servi\u00e7o, oferecemos um diagn\u00f3stico detalhado e um or\u00e7amento justo, sem surpresas na hora do pagamento.<\/p>\n<p><strong>Garantia:<\/strong> Todos os nossos servi\u00e7os recebem garantia de 90 dias.[\/vc_column_text][vc_empty_space height=&#8221;30px&#8221;][\/vc_column][\/vc_row][vc_row][vc_column][vc_column_text]<\/p>\n<h3 style=\"text-align: center;\"><strong>Conserto de Eletrodom\u00e9stico Bras\u00edlia com Garantia de Qualidade<\/strong><\/h3>\n<p>Se voc\u00ea procura um servi\u00e7o de <a href=\"https:\/\/eluxfrio.com.br\/df\/conserto-de-eletrodomestico-brasilia\/\"><strong>Conserto de Eletrodom\u00e9stico Bras\u00edlia<\/strong><\/a>, a <a href=\"https:\/\/eluxfrio.com.br\/df\/\"><strong>Eluxfrio DF<\/strong><\/a> \u00e9 a escolha certa. Contamos com um hist\u00f3rico de clientes satisfeitos que confiam em nosso trabalho para manter seus aparelhos funcionando perfeitamente. Nosso compromisso \u00e9 oferecer solu\u00e7\u00f5es eficazes e acess\u00edveis, sempre priorizando a satisfa\u00e7\u00e3o do cliente.<\/p>\n<h3 style=\"text-align: center;\"><strong>Agende Seu Atendimento em Bras\u00edlia e DF<\/strong><\/h3>\n<p>N\u00e3o deixe um eletrodom\u00e9stico quebrado atrapalhar sua rotina. <strong>Entre em contato com a <a href=\"https:\/\/eluxfrio.com.br\/df\/\">Eluxfrio DF<\/a> e solicite um atendimento<\/strong> especializado para<a href=\"https:\/\/eluxfrio.com.br\/df\/conserto-de-eletrodomestico-brasilia\/\"><strong> Conserto de Eletrodom\u00e9stico DF<\/strong><\/a>. Estamos prontos para atender voc\u00ea com rapidez e qualidade, garantindo que seus aparelhos voltem a funcionar como novos.<\/p>\n<p>A <a href=\"https:\/\/eluxfrio.com.br\/df\/\"><strong>Eluxfrio DF<\/strong><\/a> \u00e9 a sua melhor op\u00e7\u00e3o em <strong><a href=\"https:\/\/eluxfrio.com.br\/df\/assistencia-tecnica-df\/\">Assist\u00eancia T\u00e9cnica<\/a> Lago Sul<\/strong>. Conte conosco para solucionar qualquer problema com seus eletrodom\u00e9sticos e tenha a tranquilidade de um servi\u00e7o bem-feito!<\/p>\n<p style=\"text-align: center;\"><strong>Entre em contato agora mesmo e agende seu atendimento!<\/strong><\/p>\n<p>[\/vc_column_text][vc_empty_space height=&#8221;40px&#8221;][\/vc_column][\/vc_row][vc_row][vc_column width=&#8221;1\/2&#8243;][vc_btn title=&#8221;Fale conosco pelo Whatsapp&#8221; style=&#8221;custom&#8221; custom_background=&#8221;#0da300&#8243; custom_text=&#8221;#ffffff&#8221; shape=&#8221;round&#8221; size=&#8221;lg&#8221; align=&#8221;center&#8221; i_align=&#8221;right&#8221; i_icon_fontawesome=&#8221;fa fa-whatsapp&#8221; link=&#8221;url:https%3A%2F%2Fapi.whatsapp.com%2Fsend%3Fphone%3D556135503896%26text%3DPreciso%2520de%2520uma%2520Assist%25C3%25AAncia%2520T%25C3%25A9cnica&#8230;.|||&#8221; add_icon=&#8221;true&#8221;][\/vc_column][vc_column width=&#8221;1\/2&#8243;][vc_btn title=&#8221;Ligue agora: (61) 3550-3896&#8243; style=&#8221;custom&#8221; custom_background=&#8221;#191596&#8243; custom_text=&#8221;#ffffff&#8221; shape=&#8221;round&#8221; size=&#8221;lg&#8221; align=&#8221;center&#8221; i_icon_fontawesome=&#8221;fa fa-volume-control-phone&#8221; link=&#8221;url:tel%3A%2B556135503896|||&#8221; add_icon=&#8221;true&#8221;][\/vc_column][\/vc_row][vc_row][vc_column][vc_empty_space height=&#8221;60px&#8221;][\/vc_column][\/vc_row]<\/p>\n","protected":false},"excerpt":{"rendered":"<p>[vc_row][vc_column][vc_column_text]Se voc\u00ea mora no Lago Sul, em Bras\u00edlia, e est\u00e1 precisando de um servi\u00e7o de Assist\u00eancia T\u00e9cnica confi\u00e1vel para seus eletrodom\u00e9sticos, a Eluxfrio DF \u00e9 a solu\u00e7\u00e3o ideal para voc\u00ea. Contamos com uma equipe altamente qualificada para atender suas necessidades com agilidade e profissionalismo. Nosso compromisso \u00e9 garantir que seus aparelhos funcionem perfeitamente, proporcionando mais [&hellip;]<\/p>\n","protected":false},"author":1,"featured_media":0,"parent":0,"menu_order":0,"comment_status":"closed","ping_status":"closed","template":"","meta":{"footnotes":""},"yst_prominent_words":[],"class_list":["post-3965","page","type-page","status-publish","hentry","no-post-thumbnail"],"_links":{"self":[{"href":"https:\/\/eluxfrio.com.br\/df\/wp-json\/wp\/v2\/pages\/3965","targetHints":{"allow":["GET"]}}],"collection":[{"href":"https:\/\/eluxfrio.com.br\/df\/wp-json\/wp\/v2\/pages"}],"about":[{"href":"https:\/\/eluxfrio.com.br\/df\/wp-json\/wp\/v2\/types\/page"}],"author":[{"embeddable":true,"href":"https:\/\/eluxfrio.com.br\/df\/wp-json\/wp\/v2\/users\/1"}],"replies":[{"embeddable":true,"href":"https:\/\/eluxfrio.com.br\/df\/wp-json\/wp\/v2\/comments?post=3965"}],"version-history":[{"count":0,"href":"https:\/\/eluxfrio.com.br\/df\/wp-json\/wp\/v2\/pages\/3965\/revisions"}],"wp:attachment":[{"href":"https:\/\/eluxfrio.com.br\/df\/wp-json\/wp\/v2\/media?parent=3965"}],"wp:term":[{"taxonomy":"yst_prominent_words","embeddable":true,"href":"https:\/\/eluxfrio.com.br\/df\/wp-json\/wp\/v2\/yst_prominent_words?post=3965"}],"curies":[{"name":"wp","href":"https:\/\/api.w.org\/{rel}","templated":true}]}}