{"id":3987,"date":"2025-03-17T12:05:00","date_gmt":"2025-03-17T15:05:00","guid":{"rendered":"https:\/\/eluxfrio.com.br\/df\/?page_id=3987"},"modified":"2025-03-18T11:22:49","modified_gmt":"2025-03-18T14:22:49","slug":"assistencia-tecnica-sudoeste-df","status":"publish","type":"page","link":"https:\/\/eluxfrio.com.br\/df\/assistencia-tecnica-sudoeste-df\/","title":{"rendered":"Assist\u00eancia T\u00e9cnica Sudoeste DF"},"content":{"rendered":"<p>[vc_row][vc_column][vc_column_text]Se voc\u00ea est\u00e1 enfrentando problemas com seus eletrodom\u00e9sticos e busca uma <strong>Assist\u00eancia T\u00e9cnica confi\u00e1vel na regi\u00e3o do Sudoeste DF<\/strong>, a <a href=\"https:\/\/eluxfrio.com.br\/df\/\"><strong>Eluxfrio DF<\/strong><\/a> \u00e9 a solu\u00e7\u00e3o ideal. Com uma equipe altamente qualificada e anos de experi\u00eancia no mercado, nossa empresa oferece servi\u00e7os de manuten\u00e7\u00e3o e <strong>conserto de eletrodom\u00e9stico em Bras\u00edlia<\/strong> e todo o <strong>Distrito Federal<\/strong>.<\/p>\n<h2 style=\"text-align: center;\"><strong>Por que escolher a Eluxfrio?<\/strong><\/h2>\n<p>A <a href=\"https:\/\/eluxfrio.com.br\/df\/\"><strong>Eluxfrio DF<\/strong> <\/a>se destaca no mercado de<strong> Assist\u00eancia T\u00e9cnica DF<\/strong> por oferecer um servi\u00e7o r\u00e1pido, eficiente e transparente. Nossa equipe \u00e9 composta por t\u00e9cnicos especializados em diversas marcas e modelos de eletrodom\u00e9sticos, garantindo um atendimento de qualidade e pe\u00e7as originais para reposi\u00e7\u00e3o.<\/p>\n<p>Al\u00e9m disso, trabalhamos com valores acess\u00edveis e condi\u00e7\u00f5es flex\u00edveis de pagamento, sempre priorizando a satisfa\u00e7\u00e3o do cliente. Se voc\u00ea precisa de um <strong>conserto de eletrodom\u00e9stico Bras\u00edlia<\/strong>, conte com a nossa expertise para solucionar qualquer problema com seguran\u00e7a e efici\u00eancia.[\/vc_column_text][vc_empty_space height=&#8221;60px&#8221;][\/vc_column][\/vc_row][vc_row][vc_column width=&#8221;1\/2&#8243;][vc_btn title=&#8221;Fale conosco pelo Whatsapp&#8221; style=&#8221;custom&#8221; custom_background=&#8221;#0da300&#8243; custom_text=&#8221;#ffffff&#8221; shape=&#8221;round&#8221; size=&#8221;lg&#8221; align=&#8221;center&#8221; i_align=&#8221;right&#8221; i_icon_fontawesome=&#8221;fa fa-whatsapp&#8221; link=&#8221;url:https%3A%2F%2Fapi.whatsapp.com%2Fsend%3Fphone%3D556135503896%26text%3DPreciso%2520de%2520uma%2520Assist%25C3%25AAncia%2520T%25C3%25A9cnica&#8230;.|||&#8221; add_icon=&#8221;true&#8221;][\/vc_column][vc_column width=&#8221;1\/2&#8243;][vc_btn title=&#8221;Ligue agora: (61) 3550-3896&#8243; style=&#8221;custom&#8221; custom_background=&#8221;#191596&#8243; custom_text=&#8221;#ffffff&#8221; shape=&#8221;round&#8221; size=&#8221;lg&#8221; align=&#8221;center&#8221; i_icon_fontawesome=&#8221;fa fa-volume-control-phone&#8221; link=&#8221;url:tel%3A%2B556135503896|||&#8221; add_icon=&#8221;true&#8221;][\/vc_column][\/vc_row][vc_row][vc_column][vc_empty_space height=&#8221;60px&#8221;][vc_column_text]<\/p>\n<h2 style=\"text-align: center;\"><strong>Servi\u00e7os oferecidos<\/strong><\/h2>\n<p style=\"text-align: center;\">Nossa <strong>Assist\u00eancia T\u00e9cnica Sudoeste DF<\/strong> atende uma ampla variedade de eletrodom\u00e9sticos, incluindo:<\/p>\n<p>[\/vc_column_text][vc_empty_space height=&#8221;40px&#8221;][vc_row_inner][vc_column_inner width=&#8221;1\/6&#8243;][vc_single_image image=&#8221;2755&#8243; img_size=&#8221;full&#8221; alignment=&#8221;center&#8221;][vc_column_text]<\/p>\n<p style=\"text-align: center;\"><strong>Geladeira<\/strong><\/p>\n<p>[\/vc_column_text][\/vc_column_inner][vc_column_inner width=&#8221;1\/6&#8243;][vc_empty_space height=&#8221;70px&#8221;][vc_single_image image=&#8221;3849&#8243; img_size=&#8221;full&#8221; alignment=&#8221;center&#8221;][vc_column_text]<\/p>\n<p style=\"text-align: center;\"><strong>Fog\u00e3o<\/strong><\/p>\n<p>[\/vc_column_text][\/vc_column_inner][vc_column_inner width=&#8221;1\/6&#8243;][vc_empty_space height=&#8221;40px&#8221;][vc_single_image image=&#8221;3830&#8243; img_size=&#8221;full&#8221; alignment=&#8221;center&#8221;][vc_column_text]<\/p>\n<p style=\"text-align: center;\"><strong>M\u00e1quina de Lavar<\/strong><\/p>\n<p>[\/vc_column_text][\/vc_column_inner][vc_column_inner width=&#8221;1\/6&#8243;][vc_empty_space height=&#8221;170px&#8221;][vc_single_image image=&#8221;3955&#8243; img_size=&#8221;full&#8221; alignment=&#8221;center&#8221;][vc_column_text]<\/p>\n<p style=\"text-align: center;\"><strong>Micro-ondas<\/strong><\/p>\n<p>[\/vc_column_text][\/vc_column_inner][vc_column_inner width=&#8221;1\/6&#8243;][vc_empty_space height=&#8221;50px&#8221;][vc_single_image image=&#8221;3362&#8243; img_size=&#8221;full&#8221; alignment=&#8221;center&#8221;][vc_column_text]<\/p>\n<p style=\"text-align: center;\"><strong>Purificador de \u00c1gua<\/strong><\/p>\n<p>[\/vc_column_text][\/vc_column_inner][vc_column_inner width=&#8221;1\/6&#8243;][vc_empty_space height=&#8221;50px&#8221;][vc_single_image image=&#8221;3959&#8243; img_size=&#8221;full&#8221; alignment=&#8221;center&#8221;][vc_column_text]<\/p>\n<p style=\"text-align: center;\"><strong>Lava e Seca<\/strong><\/p>\n<p>[\/vc_column_text][\/vc_column_inner][\/vc_row_inner][vc_empty_space height=&#8221;20px&#8221;][vc_column_text]Independentemente do tipo de problema que seu eletrodom\u00e9stico apresentar, nossa equipe de <strong>Assist\u00eancia T\u00e9cnica Eletrodom\u00e9stico<\/strong> est\u00e1 preparada para oferecer o melhor suporte.[\/vc_column_text][vc_empty_space height=&#8221;40px&#8221;][\/vc_column][\/vc_row][vc_row][vc_column width=&#8221;1\/2&#8243;][vc_btn title=&#8221;Fale conosco pelo Whatsapp&#8221; style=&#8221;custom&#8221; custom_background=&#8221;#0da300&#8243; custom_text=&#8221;#ffffff&#8221; shape=&#8221;round&#8221; size=&#8221;lg&#8221; align=&#8221;center&#8221; i_align=&#8221;right&#8221; i_icon_fontawesome=&#8221;fa fa-whatsapp&#8221; link=&#8221;url:https%3A%2F%2Fapi.whatsapp.com%2Fsend%3Fphone%3D556135503896%26text%3DPreciso%2520de%2520uma%2520Assist%25C3%25AAncia%2520T%25C3%25A9cnica&#8230;.|||&#8221; add_icon=&#8221;true&#8221;][\/vc_column][vc_column width=&#8221;1\/2&#8243;][vc_btn title=&#8221;Ligue agora: (61) 3550-3896&#8243; style=&#8221;custom&#8221; custom_background=&#8221;#191596&#8243; custom_text=&#8221;#ffffff&#8221; shape=&#8221;round&#8221; size=&#8221;lg&#8221; align=&#8221;center&#8221; i_icon_fontawesome=&#8221;fa fa-volume-control-phone&#8221; link=&#8221;url:tel%3A%2B556135503896|||&#8221; add_icon=&#8221;true&#8221;][\/vc_column][\/vc_row][vc_row][vc_column][vc_empty_space height=&#8221;40px&#8221;][vc_column_text]<\/p>\n<h2 style=\"text-align: center;\"><strong>Atendemos toda a regi\u00e3o do Sudoeste DF<\/strong><\/h2>\n<p>Se voc\u00ea mora no<strong> Sudoeste DF<\/strong> ou em qualquer outra<strong> regi\u00e3o de Bras\u00edlia<\/strong>, pode contar com nossos servi\u00e7os. Temos uma estrutura organizada para oferecer um atendimento \u00e1gil e eficiente, seja na sua resid\u00eancia ou estabelecimento comercial. Nossa miss\u00e3o \u00e9 minimizar o tempo de inatividade dos seus eletrodom\u00e9sticos e garantir seu conforto e comodidade.<\/p>\n<h2 style=\"text-align: center;\"><strong>Benef\u00edcios de contratar uma Assist\u00eancia T\u00e9cnica Especializada<\/strong><\/h2>\n<p>Muitas pessoas tentam solucionar problemas com eletrodom\u00e9sticos por conta pr\u00f3pria ou recorrem a profissionais sem qualifica\u00e7\u00e3o. No entanto, essa pr\u00e1tica pode resultar em danos ainda maiores e custos mais elevados. Veja por que \u00e9 importante contar com uma<strong> Assist\u00eancia T\u00e9cnica DF especializada<\/strong>:<\/p>\n<ul>\n<li><strong>Seguran\u00e7a:<\/strong> T\u00e9cnicos capacitados sabem lidar com componentes el\u00e9tricos e mec\u00e2nicos com total seguran\u00e7a.<\/li>\n<li><strong>Economia:<\/strong> Consertar um eletrodom\u00e9stico \u00e9 geralmente mais barato do que comprar um novo.<\/li>\n<li><strong>Pe\u00e7as originais:<\/strong> Trabalhamos apenas com pe\u00e7as originais, garantindo durabilidade e melhor desempenho.<\/li>\n<li><strong>Garantia de servi\u00e7o:<\/strong> Oferecemos garantia de 90 dias em nossos servi\u00e7os, trazendo mais tranquilidade para voc\u00ea.<\/li>\n<\/ul>\n<p>[\/vc_column_text][vc_empty_space height=&#8221;30px&#8221;][\/vc_column][\/vc_row][vc_row][vc_column][vc_column_text]<\/p>\n<h3 style=\"text-align: center;\"><strong>Como solicitar um atendimento?<\/strong><\/h3>\n<p>Para agendar um atendimento com a<strong> Assist\u00eancia T\u00e9cnica Sudoeste<\/strong>, \u00e9 muito simples. Voc\u00ea pode <strong>entrar em contato pelo nosso site<\/strong> <strong>Eluxfrio DF<\/strong> e solicitar um or\u00e7amento sem compromisso. Nossa equipe responder\u00e1 rapidamente para entender seu problema e oferecer a melhor solu\u00e7\u00e3o.<\/p>\n<p>Al\u00e9m disso, contamos com um atendimento diferenciado via <strong>telefone<\/strong> e <strong>WhatsApp<\/strong>, tornando o processo ainda mais \u00e1gil e conveniente para nossos clientes.<\/p>\n<h3 style=\"text-align: center;\"><strong>Compromisso com a Qualidade<\/strong><\/h3>\n<p>Nosso compromisso vai al\u00e9m de apenas oferecer um<strong> conserto de eletrodom\u00e9stico DF<\/strong>. Queremos proporcionar um servi\u00e7o que fa\u00e7a a diferen\u00e7a na vida dos nossos clientes, oferecendo solu\u00e7\u00f5es eficazes e um atendimento humanizado.<\/p>\n<p>Sabemos o quanto os eletrodom\u00e9sticos s\u00e3o essenciais no dia a dia e, por isso, trabalhamos com agilidade para garantir que voc\u00ea n\u00e3o fique sem seus equipamentos funcionando perfeitamente por muito tempo.<\/p>\n<p>Se voc\u00ea precisa de uma<strong> Assist\u00eancia T\u00e9cnica Eletrodom\u00e9stico confi\u00e1vel<\/strong>, eficiente e que realmente entende do assunto, a <strong>Eluxfrio DF<\/strong> \u00e9 a escolha certa. Nossa empresa atua com excel\u00eancia no segmento de <strong>Assist\u00eancia T\u00e9cnica Sudoeste DF<\/strong>, oferecendo reparos de qualidade e atendimento diferenciado.<\/p>\n<p><strong>N\u00e3o deixe seus eletrodom\u00e9sticos parados! Entre em contato agora mesmo e conte com os melhores profissionais para solucionar qualquer problema com rapidez e garantia de servi\u00e7o.<\/strong>[\/vc_column_text][vc_empty_space height=&#8221;40px&#8221;][\/vc_column][\/vc_row][vc_row][vc_column width=&#8221;1\/2&#8243;][vc_btn title=&#8221;Fale conosco pelo Whatsapp&#8221; style=&#8221;custom&#8221; custom_background=&#8221;#0da300&#8243; custom_text=&#8221;#ffffff&#8221; shape=&#8221;round&#8221; size=&#8221;lg&#8221; align=&#8221;center&#8221; i_align=&#8221;right&#8221; i_icon_fontawesome=&#8221;fa fa-whatsapp&#8221; link=&#8221;url:https%3A%2F%2Fapi.whatsapp.com%2Fsend%3Fphone%3D556135503896%26text%3DPreciso%2520de%2520uma%2520Assist%25C3%25AAncia%2520T%25C3%25A9cnica&#8230;.|||&#8221; add_icon=&#8221;true&#8221;][\/vc_column][vc_column width=&#8221;1\/2&#8243;][vc_btn title=&#8221;Ligue agora: (61) 3550-3896&#8243; style=&#8221;custom&#8221; custom_background=&#8221;#191596&#8243; custom_text=&#8221;#ffffff&#8221; shape=&#8221;round&#8221; size=&#8221;lg&#8221; align=&#8221;center&#8221; i_icon_fontawesome=&#8221;fa fa-volume-control-phone&#8221; link=&#8221;url:tel%3A%2B556135503896|||&#8221; add_icon=&#8221;true&#8221;][\/vc_column][\/vc_row][vc_row][vc_column][vc_empty_space height=&#8221;60px&#8221;][\/vc_column][\/vc_row]<\/p>\n","protected":false},"excerpt":{"rendered":"<p>[vc_row][vc_column][vc_column_text]Se voc\u00ea est\u00e1 enfrentando problemas com seus eletrodom\u00e9sticos e busca uma Assist\u00eancia T\u00e9cnica confi\u00e1vel na regi\u00e3o do Sudoeste DF, a Eluxfrio DF \u00e9 a solu\u00e7\u00e3o ideal. Com uma equipe altamente qualificada e anos de experi\u00eancia no mercado, nossa empresa oferece servi\u00e7os de manuten\u00e7\u00e3o e conserto de eletrodom\u00e9stico em Bras\u00edlia e todo o Distrito Federal. Por [&hellip;]<\/p>\n","protected":false},"author":1,"featured_media":0,"parent":0,"menu_order":0,"comment_status":"closed","ping_status":"closed","template":"","meta":{"footnotes":""},"yst_prominent_words":[],"class_list":["post-3987","page","type-page","status-publish","hentry","no-post-thumbnail"],"_links":{"self":[{"href":"https:\/\/eluxfrio.com.br\/df\/wp-json\/wp\/v2\/pages\/3987","targetHints":{"allow":["GET"]}}],"collection":[{"href":"https:\/\/eluxfrio.com.br\/df\/wp-json\/wp\/v2\/pages"}],"about":[{"href":"https:\/\/eluxfrio.com.br\/df\/wp-json\/wp\/v2\/types\/page"}],"author":[{"embeddable":true,"href":"https:\/\/eluxfrio.com.br\/df\/wp-json\/wp\/v2\/users\/1"}],"replies":[{"embeddable":true,"href":"https:\/\/eluxfrio.com.br\/df\/wp-json\/wp\/v2\/comments?post=3987"}],"version-history":[{"count":0,"href":"https:\/\/eluxfrio.com.br\/df\/wp-json\/wp\/v2\/pages\/3987\/revisions"}],"wp:attachment":[{"href":"https:\/\/eluxfrio.com.br\/df\/wp-json\/wp\/v2\/media?parent=3987"}],"wp:term":[{"taxonomy":"yst_prominent_words","embeddable":true,"href":"https:\/\/eluxfrio.com.br\/df\/wp-json\/wp\/v2\/yst_prominent_words?post=3987"}],"curies":[{"name":"wp","href":"https:\/\/api.w.org\/{rel}","templated":true}]}}