{"id":3989,"date":"2025-03-18T11:00:20","date_gmt":"2025-03-18T14:00:20","guid":{"rendered":"https:\/\/eluxfrio.com.br\/df\/?page_id=3989"},"modified":"2025-03-18T11:22:24","modified_gmt":"2025-03-18T14:22:24","slug":"assistencia-tecnica-park-way-df","status":"publish","type":"page","link":"https:\/\/eluxfrio.com.br\/df\/assistencia-tecnica-park-way-df\/","title":{"rendered":"Assist\u00eancia T\u00e9cnica Park Way DF"},"content":{"rendered":"<p>[vc_row][vc_column][vc_column_text]Se voc\u00ea mora no Park Way e precisa de uma<strong> Assist\u00eancia T\u00e9cnica confi\u00e1vel<\/strong> para seus eletrodom\u00e9sticos, a <a href=\"https:\/\/eluxfrio.com.br\/df\/\"><strong>Eluxfrio DF<\/strong><\/a> \u00e9 a melhor escolha. Somos uma empresa especializada no <strong>Conserto de Eletrodom\u00e9stico<\/strong> e oferecemos um servi\u00e7o de alta qualidade para garantir o bom funcionamento dos seus aparelhos. Com uma equipe de t\u00e9cnicos experientes e qualificados, atendemos toda a regi\u00e3o de <strong>Bras\u00edlia<\/strong> no <strong>Distrito Federal,<\/strong> garantindo um suporte r\u00e1pido e eficiente.[\/vc_column_text][vc_empty_space height=&#8221;60px&#8221;][\/vc_column][\/vc_row][vc_row][vc_column width=&#8221;1\/2&#8243;][vc_btn title=&#8221;Fale conosco pelo Whatsapp&#8221; style=&#8221;custom&#8221; custom_background=&#8221;#0da300&#8243; custom_text=&#8221;#ffffff&#8221; shape=&#8221;round&#8221; size=&#8221;lg&#8221; align=&#8221;center&#8221; i_align=&#8221;right&#8221; i_icon_fontawesome=&#8221;fa fa-whatsapp&#8221; link=&#8221;url:https%3A%2F%2Fapi.whatsapp.com%2Fsend%3Fphone%3D556135503896%26text%3DPreciso%2520de%2520uma%2520Assist%25C3%25AAncia%2520T%25C3%25A9cnica&#8230;.|||&#8221; add_icon=&#8221;true&#8221;][\/vc_column][vc_column width=&#8221;1\/2&#8243;][vc_btn title=&#8221;Ligue agora: (61) 3550-3896&#8243; style=&#8221;custom&#8221; custom_background=&#8221;#191596&#8243; custom_text=&#8221;#ffffff&#8221; shape=&#8221;round&#8221; size=&#8221;lg&#8221; align=&#8221;center&#8221; i_icon_fontawesome=&#8221;fa fa-volume-control-phone&#8221; link=&#8221;url:tel%3A%2B556135503896|||&#8221; add_icon=&#8221;true&#8221;][\/vc_column][\/vc_row][vc_row][vc_column][vc_empty_space height=&#8221;60px&#8221;][vc_column_text]<\/p>\n<h2 style=\"text-align: center;\"><strong>Por que escolher a Assist\u00eancia T\u00e9cnica Eluxfrio?<\/strong><\/h2>\n<p>Na <strong>Eluxfrio DF<\/strong>, entendemos que eletrodom\u00e9sticos desempenham um papel essencial no dia a dia. Por isso, oferecemos um servi\u00e7o de <strong>Assist\u00eancia T\u00e9cnica DF<\/strong> que prioriza a qualidade, agilidade e seguran\u00e7a.<\/p>\n<p style=\"text-align: center;\">Confira alguns dos motivos para confiar na nossa equipe:<\/p>\n<ul>\n<li><strong>Profissionais Especializados:<\/strong> Contamos com t\u00e9cnicos altamente capacitados para realizar o <strong>Conserto de Eletrodom\u00e9stico Bras\u00edlia<\/strong> com precis\u00e3o e efici\u00eancia.<\/li>\n<li><strong>Atendimento R\u00e1pido e Personalizado:<\/strong> Sabemos que um eletrodom\u00e9stico quebrado pode atrapalhar sua rotina, por isso trabalhamos para oferecer solu\u00e7\u00f5es \u00e1geis.<\/li>\n<li><strong>Pe\u00e7as Originais:<\/strong> Utilizamos somente pe\u00e7as originais, garantindo maior durabilidade e desempenho para o seu equipamento.<\/li>\n<li><strong>Garantia de Servi\u00e7o:<\/strong> Nossos servi\u00e7os possuem garantia de 90 dias, proporcionando mais tranquilidade para voc\u00ea.<\/li>\n<li><strong>Assist\u00eancia T\u00e9cnica Park Way DF:<\/strong> Atendemos Diversas Marcas e Modelos<\/li>\n<\/ul>\n<p>Nosso servi\u00e7o de <strong>Assist\u00eancia T\u00e9cnica Park Way DF<\/strong> \u00e9 especializado em diversas marcas e modelos de eletrodom\u00e9sticos. Se seu equipamento apresentou falhas, n\u00e3o se preocupe! Nossa equipe est\u00e1 pronta para resolver o problema de forma r\u00e1pida e eficiente. Trabalhamos com:[\/vc_column_text][vc_empty_space height=&#8221;40px&#8221;][vc_row_inner][vc_column_inner width=&#8221;1\/6&#8243;][vc_single_image image=&#8221;2755&#8243; img_size=&#8221;full&#8221; alignment=&#8221;center&#8221;][vc_column_text]<\/p>\n<p style=\"text-align: center;\"><strong>Geladeira<\/strong><\/p>\n<p>[\/vc_column_text][\/vc_column_inner][vc_column_inner width=&#8221;1\/6&#8243;][vc_empty_space height=&#8221;70px&#8221;][vc_single_image image=&#8221;3849&#8243; img_size=&#8221;full&#8221; alignment=&#8221;center&#8221;][vc_column_text]<\/p>\n<p style=\"text-align: center;\"><strong>Fog\u00e3o<\/strong><\/p>\n<p>[\/vc_column_text][\/vc_column_inner][vc_column_inner width=&#8221;1\/6&#8243;][vc_empty_space height=&#8221;40px&#8221;][vc_single_image image=&#8221;3830&#8243; img_size=&#8221;full&#8221; alignment=&#8221;center&#8221;][vc_column_text]<\/p>\n<p style=\"text-align: center;\"><strong>M\u00e1quina de Lavar<\/strong><\/p>\n<p>[\/vc_column_text][\/vc_column_inner][vc_column_inner width=&#8221;1\/6&#8243;][vc_empty_space height=&#8221;170px&#8221;][vc_single_image image=&#8221;3955&#8243; img_size=&#8221;full&#8221; alignment=&#8221;center&#8221;][vc_column_text]<\/p>\n<p style=\"text-align: center;\"><strong>Micro-ondas<\/strong><\/p>\n<p>[\/vc_column_text][\/vc_column_inner][vc_column_inner width=&#8221;1\/6&#8243;][vc_empty_space height=&#8221;50px&#8221;][vc_single_image image=&#8221;3362&#8243; img_size=&#8221;full&#8221; alignment=&#8221;center&#8221;][vc_column_text]<\/p>\n<p style=\"text-align: center;\"><strong>Purificador de \u00c1gua<\/strong><\/p>\n<p>[\/vc_column_text][\/vc_column_inner][vc_column_inner width=&#8221;1\/6&#8243;][vc_empty_space height=&#8221;50px&#8221;][vc_single_image image=&#8221;3959&#8243; img_size=&#8221;full&#8221; alignment=&#8221;center&#8221;][vc_column_text]<\/p>\n<p style=\"text-align: center;\"><strong>Lava e Seca<\/strong><\/p>\n<p>[\/vc_column_text][\/vc_column_inner][\/vc_row_inner][vc_empty_space height=&#8221;20px&#8221;][vc_column_text]Seja qual for o problema, nossa <strong>Assist\u00eancia T\u00e9cnica Eletrodom\u00e9stico<\/strong> tem a solu\u00e7\u00e3o ideal para voc\u00ea. Basta entrar em contato e agendar uma visita t\u00e9cnica.[\/vc_column_text][vc_empty_space height=&#8221;40px&#8221;][\/vc_column][\/vc_row][vc_row][vc_column width=&#8221;1\/2&#8243;][vc_btn title=&#8221;Fale conosco pelo Whatsapp&#8221; style=&#8221;custom&#8221; custom_background=&#8221;#0da300&#8243; custom_text=&#8221;#ffffff&#8221; shape=&#8221;round&#8221; size=&#8221;lg&#8221; align=&#8221;center&#8221; i_align=&#8221;right&#8221; i_icon_fontawesome=&#8221;fa fa-whatsapp&#8221; link=&#8221;url:https%3A%2F%2Fapi.whatsapp.com%2Fsend%3Fphone%3D556135503896%26text%3DPreciso%2520de%2520uma%2520Assist%25C3%25AAncia%2520T%25C3%25A9cnica&#8230;.|||&#8221; add_icon=&#8221;true&#8221;][\/vc_column][vc_column width=&#8221;1\/2&#8243;][vc_btn title=&#8221;Ligue agora: (61) 3550-3896&#8243; style=&#8221;custom&#8221; custom_background=&#8221;#191596&#8243; custom_text=&#8221;#ffffff&#8221; shape=&#8221;round&#8221; size=&#8221;lg&#8221; align=&#8221;center&#8221; i_icon_fontawesome=&#8221;fa fa-volume-control-phone&#8221; link=&#8221;url:tel%3A%2B556135503896|||&#8221; add_icon=&#8221;true&#8221;][\/vc_column][\/vc_row][vc_row][vc_column][vc_empty_space height=&#8221;40px&#8221;][vc_column_text]<\/p>\n<h2 style=\"text-align: center;\"><strong>Principais Problemas Resolvidos pela Nossa Assist\u00eancia T\u00e9cnica<\/strong><\/h2>\n<p>Eletrodom\u00e9sticos podem apresentar diversos problemas ao longo do tempo. Felizmente, nossa equipe tem experi\u00eancia no diagn\u00f3stico e reparo de diversas falhas. Entre os problemas mais comuns que resolvemos, est\u00e3o:<\/p>\n<ul>\n<li>M\u00e1quina de lavar n\u00e3o liga ou n\u00e3o centrifuga<\/li>\n<li>Geladeira n\u00e3o gela corretamente<\/li>\n<li>Fog\u00e3o com chama fraca ou vazamento de g\u00e1s<\/li>\n<li>Purificador de \u00e1gua com vazamento<\/li>\n<li>Ar-condicionado com falha no resfriamento<\/li>\n<\/ul>\n<p>Se voc\u00ea enfrenta qualquer um desses problemas, entre em contato com nossa <strong>Assist\u00eancia T\u00e9cnica Park Way<\/strong> para uma solu\u00e7\u00e3o r\u00e1pida e eficiente.<\/p>\n<h2 style=\"text-align: center;\"><strong>Conserto de Eletrodom\u00e9stico DF com Atendimento em Domic\u00edlio<\/strong><\/h2>\n<p>Sabemos o quanto pode ser inconveniente transportar um eletrodom\u00e9stico com defeito at\u00e9 uma oficina. Por isso, oferecemos atendimento em domic\u00edlio para o <strong>Conserto de Eletrodom\u00e9stico DF<\/strong>. Nossos t\u00e9cnicos v\u00e3o at\u00e9 sua casa no Park Way ou em qualquer outra regi\u00e3o do Distrito Federal para diagnosticar e reparar o problema no local, sempre com a m\u00e1xima efici\u00eancia.<\/p>\n<h3 style=\"text-align: center;\"><strong>Dicas para Manter seus Eletrodom\u00e9sticos em Bom Estado<\/strong><\/h3>\n<p>Al\u00e9m de contar com uma <strong>Assist\u00eancia T\u00e9cnica Bras\u00edlia<\/strong> confi\u00e1vel, \u00e9 importante adotar alguns cuidados para aumentar a vida \u00fatil dos seus eletrodom\u00e9sticos.<\/p>\n<p style=\"text-align: center;\">Veja algumas dicas:<\/p>\n<ul>\n<li><strong>Evite sobrecarga na m\u00e1quina de lavar:<\/strong> Isso pode danificar o motor e reduzir a efici\u00eancia da lavagem.<\/li>\n<li><strong>N\u00e3o obstrua as sa\u00eddas de ar da geladeira:<\/strong> Isso compromete a circula\u00e7\u00e3o de ar frio e aumenta o consumo de energia.<\/li>\n<li><strong>Limpe os filtros do ar-condicionado regularmente:<\/strong> Assim, voc\u00ea evita o ac\u00famulo de sujeira e melhora a efici\u00eancia do aparelho.<\/li>\n<li><strong>Use detergente adequado na lava-lou\u00e7as:<\/strong> Produtos inadequados podem danificar o equipamento e comprometer o funcionamento.<\/li>\n<li><strong>Fa\u00e7a manuten\u00e7\u00f5es peri\u00f3dicas:<\/strong> Pequenos reparos e ajustes podem evitar problemas maiores no futuro.<\/li>\n<\/ul>\n<h3 style=\"text-align: center;\"><strong>Entre em Contato com a Melhor Assist\u00eancia T\u00e9cnica Park Way DF<\/strong><\/h3>\n<p>Se voc\u00ea precisa de uma <strong>Assist\u00eancia T\u00e9cnica Eletrodom\u00e9stico no Park Way<\/strong> ou em qualquer outra regi\u00e3o do DF, a<strong> Eluxfrio DF<\/strong> est\u00e1 pronta para te ajudar! Oferecemos servi\u00e7os de qualidade, t\u00e9cnicos especializados e solu\u00e7\u00f5es r\u00e1pidas para que seus eletrodom\u00e9sticos voltem a funcionar perfeitamente.<\/p>\n<p>N\u00e3o deixe que um eletrodom\u00e9stico quebrado atrapalhe seu dia a dia.<\/p>\n<p style=\"text-align: center;\"><strong>Entre em contato conosco agora mesmo e agende uma visita t\u00e9cnica!<\/strong><\/p>\n<p>[\/vc_column_text][vc_empty_space height=&#8221;30px&#8221;][\/vc_column][\/vc_row][vc_row][vc_column width=&#8221;1\/2&#8243;][vc_btn title=&#8221;Fale conosco pelo Whatsapp&#8221; style=&#8221;custom&#8221; custom_background=&#8221;#0da300&#8243; custom_text=&#8221;#ffffff&#8221; shape=&#8221;round&#8221; size=&#8221;lg&#8221; align=&#8221;center&#8221; i_align=&#8221;right&#8221; i_icon_fontawesome=&#8221;fa fa-whatsapp&#8221; link=&#8221;url:https%3A%2F%2Fapi.whatsapp.com%2Fsend%3Fphone%3D556135503896%26text%3DPreciso%2520de%2520uma%2520Assist%25C3%25AAncia%2520T%25C3%25A9cnica&#8230;.|||&#8221; add_icon=&#8221;true&#8221;][\/vc_column][vc_column width=&#8221;1\/2&#8243;][vc_btn title=&#8221;Ligue agora: (61) 3550-3896&#8243; style=&#8221;custom&#8221; custom_background=&#8221;#191596&#8243; custom_text=&#8221;#ffffff&#8221; shape=&#8221;round&#8221; size=&#8221;lg&#8221; align=&#8221;center&#8221; i_icon_fontawesome=&#8221;fa fa-volume-control-phone&#8221; link=&#8221;url:tel%3A%2B556135503896|||&#8221; add_icon=&#8221;true&#8221;][\/vc_column][\/vc_row][vc_row][vc_column][vc_empty_space height=&#8221;60px&#8221;][\/vc_column][\/vc_row]<\/p>\n","protected":false},"excerpt":{"rendered":"<p>[vc_row][vc_column][vc_column_text]Se voc\u00ea mora no Park Way e precisa de uma Assist\u00eancia T\u00e9cnica confi\u00e1vel para seus eletrodom\u00e9sticos, a Eluxfrio DF \u00e9 a melhor escolha. Somos uma empresa especializada no Conserto de Eletrodom\u00e9stico e oferecemos um servi\u00e7o de alta qualidade para garantir o bom funcionamento dos seus aparelhos. Com uma equipe de t\u00e9cnicos experientes e qualificados, atendemos [&hellip;]<\/p>\n","protected":false},"author":1,"featured_media":0,"parent":0,"menu_order":0,"comment_status":"closed","ping_status":"closed","template":"","meta":{"footnotes":""},"yst_prominent_words":[],"class_list":["post-3989","page","type-page","status-publish","hentry","no-post-thumbnail"],"_links":{"self":[{"href":"https:\/\/eluxfrio.com.br\/df\/wp-json\/wp\/v2\/pages\/3989","targetHints":{"allow":["GET"]}}],"collection":[{"href":"https:\/\/eluxfrio.com.br\/df\/wp-json\/wp\/v2\/pages"}],"about":[{"href":"https:\/\/eluxfrio.com.br\/df\/wp-json\/wp\/v2\/types\/page"}],"author":[{"embeddable":true,"href":"https:\/\/eluxfrio.com.br\/df\/wp-json\/wp\/v2\/users\/1"}],"replies":[{"embeddable":true,"href":"https:\/\/eluxfrio.com.br\/df\/wp-json\/wp\/v2\/comments?post=3989"}],"version-history":[{"count":0,"href":"https:\/\/eluxfrio.com.br\/df\/wp-json\/wp\/v2\/pages\/3989\/revisions"}],"wp:attachment":[{"href":"https:\/\/eluxfrio.com.br\/df\/wp-json\/wp\/v2\/media?parent=3989"}],"wp:term":[{"taxonomy":"yst_prominent_words","embeddable":true,"href":"https:\/\/eluxfrio.com.br\/df\/wp-json\/wp\/v2\/yst_prominent_words?post=3989"}],"curies":[{"name":"wp","href":"https:\/\/api.w.org\/{rel}","templated":true}]}}