{"id":4002,"date":"2025-03-18T10:13:44","date_gmt":"2025-03-18T13:13:44","guid":{"rendered":"https:\/\/eluxfrio.com.br\/df\/?page_id=4002"},"modified":"2025-03-18T11:17:27","modified_gmt":"2025-03-18T14:17:27","slug":"assistencia-tecnica-aguas-claras-df","status":"publish","type":"page","link":"https:\/\/eluxfrio.com.br\/df\/assistencia-tecnica-aguas-claras-df\/","title":{"rendered":"Assist\u00eancia T\u00e9cnica \u00c1guas Claras DF"},"content":{"rendered":"<p>[vc_row][vc_column][vc_column_text]Se voc\u00ea est\u00e1 em busca de uma <a href=\"https:\/\/eluxfrio.com.br\/df\/assistencia-tecnica-df\/\"><strong>assist\u00eancia t\u00e9cnica confi\u00e1vel<\/strong><\/a> e especializada em <strong>\u00c1guas Claras<\/strong>,<strong> em Bras\u00edlia<\/strong>, voc\u00ea est\u00e1 no lugar certo. A <a href=\"https:\/\/eluxfrio.com.br\/df\/\"><strong>Eluxfrio DF<\/strong><\/a>, empresa especializada em <a href=\"https:\/\/eluxfrio.com.br\/df\/assistencia-tecnica-df\/\"><strong>assist\u00eancia t\u00e9cnica para eletrodom\u00e9sticos<\/strong><\/a>, oferece o melhor servi\u00e7o de <strong>Assist\u00eancia T\u00e9cnica \u00c1guas Claras DF<\/strong>. Com anos de experi\u00eancia e uma equipe de profissionais altamente qualificados, nossa miss\u00e3o \u00e9 garantir que seus eletrodom\u00e9sticos voltem a funcionar como novos, com o conserto r\u00e1pido e eficiente que voc\u00ea precisa.<\/p>\n<p>Seja qual for o problema com o seu eletrodom\u00e9stico, a <a href=\"https:\/\/eluxfrio.com.br\/df\/\"><strong>Eluxfrio DF<\/strong><\/a> \u00e9 a solu\u00e7\u00e3o ideal. Atuamos na <a href=\"https:\/\/eluxfrio.com.br\/df\/assistencia-tecnica-aguas-claras-df\/\"><strong>Assist\u00eancia T\u00e9cnica Eletrodom\u00e9stico em \u00c1guas Claras<\/strong><\/a> e em toda a regi\u00e3o do DF, oferecendo consertos de alta qualidade para diversos tipos de aparelhos, como <strong><a href=\"https:\/\/eluxfrio.com.br\/df\/conserto-de-fogao-df\/\">fog\u00f5es<\/a>,<\/strong> <a href=\"https:\/\/eluxfrio.com.br\/df\/conserto-de-geladeira-df\/\"><strong>geladeiras<\/strong><\/a>, <a href=\"https:\/\/eluxfrio.com.br\/df\/conserto-de-maquina-de-lavar-df\/\"><strong>lavadoras<\/strong><\/a>, <a href=\"https:\/\/eluxfrio.com.br\/df\/conserto-de-lava-e-seca-df\/\"><strong>secadoras<\/strong> <\/a>e outros equipamentos de grande uso no seu dia a dia.[\/vc_column_text][vc_empty_space height=&#8221;60px&#8221;][\/vc_column][\/vc_row][vc_row][vc_column][vc_empty_space height=&#8221;60px&#8221;][vc_column_text]<\/p>\n<h2 style=\"text-align: center;\"><strong>Servi\u00e7os Abrangentes<\/strong><\/h2>\n<p style=\"text-align: center;\">Oferecemos <a href=\"https:\/\/eluxfrio.com.br\/df\/assistencia-tecnica-df\/\"><strong>Assist\u00eancia T\u00e9cnica Eletrodom\u00e9stico<\/strong><\/a> para uma grande variedade de aparelhos, como:<\/p>\n<p>[\/vc_column_text][vc_empty_space height=&#8221;40px&#8221;][vc_row_inner][vc_column_inner width=&#8221;1\/6&#8243;][vc_single_image image=&#8221;2755&#8243; img_size=&#8221;full&#8221; alignment=&#8221;center&#8221;][vc_column_text]<\/p>\n<p style=\"text-align: center;\"><strong>Geladeira<\/strong><\/p>\n<p>[\/vc_column_text][\/vc_column_inner][vc_column_inner width=&#8221;1\/6&#8243;][vc_empty_space height=&#8221;70px&#8221;][vc_single_image image=&#8221;3849&#8243; img_size=&#8221;full&#8221; alignment=&#8221;center&#8221;][vc_column_text]<\/p>\n<p style=\"text-align: center;\"><strong>Fog\u00e3o<\/strong><\/p>\n<p>[\/vc_column_text][\/vc_column_inner][vc_column_inner width=&#8221;1\/6&#8243;][vc_empty_space height=&#8221;40px&#8221;][vc_single_image image=&#8221;3830&#8243; img_size=&#8221;full&#8221; alignment=&#8221;center&#8221;][vc_column_text]<\/p>\n<p style=\"text-align: center;\"><strong>M\u00e1quina de Lavar<\/strong><\/p>\n<p>[\/vc_column_text][\/vc_column_inner][vc_column_inner width=&#8221;1\/6&#8243;][vc_empty_space height=&#8221;170px&#8221;][vc_single_image image=&#8221;3955&#8243; img_size=&#8221;full&#8221; alignment=&#8221;center&#8221;][vc_column_text]<\/p>\n<p style=\"text-align: center;\"><strong>Micro-ondas<\/strong><\/p>\n<p>[\/vc_column_text][\/vc_column_inner][vc_column_inner width=&#8221;1\/6&#8243;][vc_empty_space height=&#8221;50px&#8221;][vc_single_image image=&#8221;3362&#8243; img_size=&#8221;full&#8221; alignment=&#8221;center&#8221;][vc_column_text]<\/p>\n<p style=\"text-align: center;\"><strong>Purificador de \u00c1gua<\/strong><\/p>\n<p>[\/vc_column_text][\/vc_column_inner][vc_column_inner width=&#8221;1\/6&#8243;][vc_empty_space height=&#8221;50px&#8221;][vc_single_image image=&#8221;3959&#8243; img_size=&#8221;full&#8221; alignment=&#8221;center&#8221;][vc_column_text]<\/p>\n<p style=\"text-align: center;\"><strong>Lava e Seca<\/strong><\/p>\n<p>[\/vc_column_text][\/vc_column_inner][\/vc_row_inner][vc_empty_space height=&#8221;40px&#8221;][\/vc_column][\/vc_row][vc_row][vc_column width=&#8221;1\/2&#8243;][vc_btn title=&#8221;Fale conosco pelo Whatsapp&#8221; style=&#8221;custom&#8221; custom_background=&#8221;#0da300&#8243; custom_text=&#8221;#ffffff&#8221; shape=&#8221;round&#8221; size=&#8221;lg&#8221; align=&#8221;center&#8221; i_align=&#8221;right&#8221; i_icon_fontawesome=&#8221;fa fa-whatsapp&#8221; link=&#8221;url:https%3A%2F%2Fapi.whatsapp.com%2Fsend%3Fphone%3D556135503896%26text%3DPreciso%2520de%2520uma%2520Assist%25C3%25AAncia%2520T%25C3%25A9cnica&#8230;.|||&#8221; add_icon=&#8221;true&#8221;][\/vc_column][vc_column width=&#8221;1\/2&#8243;][vc_btn title=&#8221;Ligue agora: (61) 3550-3896&#8243; style=&#8221;custom&#8221; custom_background=&#8221;#191596&#8243; custom_text=&#8221;#ffffff&#8221; shape=&#8221;round&#8221; size=&#8221;lg&#8221; align=&#8221;center&#8221; i_icon_fontawesome=&#8221;fa fa-volume-control-phone&#8221; link=&#8221;url:tel%3A%2B556135503896|||&#8221; add_icon=&#8221;true&#8221;][\/vc_column][\/vc_row][vc_row][vc_column][vc_empty_space height=&#8221;40px&#8221;][vc_column_text]<\/p>\n<h2 style=\"text-align: center;\"><strong>Por que escolher a Eluxfrio DF para a sua assist\u00eancia t\u00e9cnica em \u00c1guas Claras?<\/strong><\/h2>\n<p>Quando se trata de<strong> Assist\u00eancia T\u00e9cnica \u00c1guas Claras<\/strong>, muitas op\u00e7\u00f5es est\u00e3o dispon\u00edveis. Por\u00e9m, poucos prestadores de servi\u00e7os conseguem oferecer o mesmo n\u00edvel de experi\u00eancia, compet\u00eancia e atendimento personalizado que a <strong><a href=\"https:\/\/eluxfrio.com.br\/df\/\">Eluxfrio DF<\/a>.<\/strong> Nossa empresa \u00e9 uma refer\u00eancia na <a href=\"https:\/\/eluxfrio.com.br\/df\/assistencia-tecnica-df\/\"><strong>Assist\u00eancia T\u00e9cnica DF<\/strong><\/a>, com foco na qualidade do servi\u00e7o e na satisfa\u00e7\u00e3o do cliente.<\/p>\n<p>A seguir, explicamos algumas raz\u00f5es pelas quais a <strong><a href=\"https:\/\/eluxfrio.com.br\/df\/\">Eluxfrio DF<\/a>.<\/strong> se destaca como a melhor escolha para o <a href=\"https:\/\/eluxfrio.com.br\/df\/conserto-de-eletrodomestico-brasilia\/\"><strong>conserto de eletrodom\u00e9stico Bras\u00edlia<\/strong><\/a>:<\/p>\n<h3>Especializa\u00e7\u00e3o no Conserto de Eletrodom\u00e9sticos<\/h3>\n<p>A <a href=\"https:\/\/eluxfrio.com.br\/df\/\"><strong>Eluxfrio DF<\/strong><\/a>\u00a0tem ampla experi\u00eancia no reparo e manuten\u00e7\u00e3o de eletrodom\u00e9sticos de diversas marcas e modelos. Nossa equipe t\u00e9cnica \u00e9 treinada para diagnosticar problemas rapidamente e oferecer solu\u00e7\u00f5es eficientes. Se o seu aparelho estiver apresentando algum defeito, n\u00e3o h\u00e1 raz\u00e3o para se preocupar. Nossos t\u00e9cnicos especializados garantir\u00e3o um servi\u00e7o de alta qualidade.<\/p>\n<h3>Servi\u00e7o de Assist\u00eancia T\u00e9cnica em \u00c1guas Claras e Regi\u00e3o do DF<\/h3>\n<p>Se voc\u00ea reside em \u00c1guas Claras ou nas proximidades, sabe o qu\u00e3o importante \u00e9 ter acesso a um servi\u00e7o de <strong><a href=\"https:\/\/eluxfrio.com.br\/df\/assistencia-tecnica-df\/\">assist\u00eancia t\u00e9cnica \u00e1gil e confi\u00e1vel<\/a>.<\/strong> N\u00f3s oferecemos <strong>Assist\u00eancia T\u00e9cnica \u00c1guas Claras<\/strong> de forma r\u00e1pida e eficiente, com atendimento personalizado para resolver qualquer problema com o seu eletrodom\u00e9stico, seja ele um conserto simples ou um reparo mais complexo.<\/p>\n<h3>Profissionais Capacitados e Experientes<\/h3>\n<p>Nossa equipe \u00e9 formada por t\u00e9cnicos altamente qualificados, que possuem amplo conhecimento sobre <strong><a href=\"https:\/\/eluxfrio.com.br\/df\/conserto-de-eletrodomestico-brasilia\/\">conserto de eletrodom\u00e9sticos<\/a>.<\/strong> Cada membro da nossa equipe \u00e9 treinado para lidar com uma ampla variedade de problemas e marcas, incluindo problemas el\u00e9tricos, de funcionamento e de pe\u00e7as danificadas.<\/p>\n<h3>Atendimento Personalizado e Garantia de Satisfa\u00e7\u00e3o<\/h3>\n<p>Quando voc\u00ea nos procura para o<a href=\"https:\/\/eluxfrio.com.br\/df\/conserto-de-eletrodomestico-brasilia\/\"><strong> conserto de eletrodom\u00e9stico Bras\u00edlia<\/strong><\/a>, nossa principal prioridade \u00e9 oferecer o melhor atendimento ao cliente. Acreditamos que a transpar\u00eancia e a comunica\u00e7\u00e3o s\u00e3o essenciais durante o processo de <a href=\"https:\/\/eluxfrio.com.br\/df\/assistencia-tecnica-df\/\"><strong>assist\u00eancia t\u00e9cnica<\/strong><\/a>. Oferecemos um atendimento personalizado para entender suas necessidades e fornecer o melhor servi\u00e7o, com garantia de satisfa\u00e7\u00e3o.<\/p>\n<h3>Agilidade no Conserto de Eletrodom\u00e9sticos em Bras\u00edlia e no DF<\/h3>\n<p>Na <a href=\"https:\/\/eluxfrio.com.br\/df\/\"><strong>Eluxfrio DF<\/strong><\/a>, entendemos a import\u00e2ncia de manter seus aparelhos funcionando corretamente. Por isso, nosso compromisso \u00e9 realizar o <a href=\"https:\/\/eluxfrio.com.br\/df\/conserto-de-eletrodomestico-brasilia\/\"><strong>conserto de eletrodom\u00e9stico DF<\/strong><\/a> de maneira \u00e1gil e eficiente, sem comprometer a qualidade do servi\u00e7o. Nossa equipe est\u00e1 sempre pronta para atender \u00e0s suas necessidades, seja em \u00c1guas Claras ou em qualquer outra regi\u00e3o do Distrito Federal.[\/vc_column_text][vc_empty_space height=&#8221;30px&#8221;][\/vc_column][\/vc_row][vc_row][vc_column width=&#8221;1\/2&#8243;][vc_btn title=&#8221;Fale conosco pelo Whatsapp&#8221; style=&#8221;custom&#8221; custom_background=&#8221;#0da300&#8243; custom_text=&#8221;#ffffff&#8221; shape=&#8221;round&#8221; size=&#8221;lg&#8221; align=&#8221;center&#8221; i_align=&#8221;right&#8221; i_icon_fontawesome=&#8221;fa fa-whatsapp&#8221; link=&#8221;url:https%3A%2F%2Fapi.whatsapp.com%2Fsend%3Fphone%3D556135503896%26text%3DPreciso%2520de%2520uma%2520Assist%25C3%25AAncia%2520T%25C3%25A9cnica&#8230;.|||&#8221; add_icon=&#8221;true&#8221;][\/vc_column][vc_column width=&#8221;1\/2&#8243;][vc_btn title=&#8221;Ligue agora: (61) 3550-3896&#8243; style=&#8221;custom&#8221; custom_background=&#8221;#191596&#8243; custom_text=&#8221;#ffffff&#8221; shape=&#8221;round&#8221; size=&#8221;lg&#8221; align=&#8221;center&#8221; i_icon_fontawesome=&#8221;fa fa-volume-control-phone&#8221; link=&#8221;url:tel%3A%2B556135503896|||&#8221; add_icon=&#8221;true&#8221;][\/vc_column][\/vc_row][vc_row][vc_column][vc_column_text]<\/p>\n<h2 style=\"text-align: center;\"><strong>Como funciona o processo de conserto de eletrodom\u00e9sticos com a Eluxfrio DF?<\/strong><\/h2>\n<p>Se voc\u00ea est\u00e1 com dificuldades no funcionamento do seu aparelho e precisa de<strong> Assist\u00eancia T\u00e9cnica \u00c1guas Claras DF<\/strong>, o processo conosco \u00e9 simples e r\u00e1pido. Veja como funciona:<\/p>\n<h3>Solicita\u00e7\u00e3o de Atendimento<\/h3>\n<p>Voc\u00ea pode entrar em contato conosco atrav\u00e9s do <strong>Telefone <\/strong>ou<strong> WhatsApp<\/strong>. O primeiro passo \u00e9 relatar o problema do seu eletrodom\u00e9stico. Nossa equipe ouvir\u00e1 atentamente sua descri\u00e7\u00e3o e fornecer\u00e1 um diagn\u00f3stico inicial.<\/p>\n<h3>Diagn\u00f3stico e Or\u00e7amento<\/h3>\n<p>Ap\u00f3s a an\u00e1lise do problema, nosso t\u00e9cnico especializado realizar\u00e1 um diagn\u00f3stico completo do aparelho. Em seguida, elaboramos um or\u00e7amento transparente e sem custos adicionais. O valor ser\u00e1 acordado antes de iniciarmos qualquer servi\u00e7o.<\/p>\n<h3>Execu\u00e7\u00e3o do Servi\u00e7o<\/h3>\n<p>Com o or\u00e7amento aprovado, nossa equipe t\u00e9cnica se desloca at\u00e9 o seu endere\u00e7o em <strong>\u00c1guas Claras<\/strong> ou em qualquer regi\u00e3o do DF para realizar o <a href=\"https:\/\/eluxfrio.com.br\/df\/conserto-de-eletrodomestico-brasilia\/\"><strong>conserto de eletrodom\u00e9stico<\/strong><\/a>. Garantimos que o servi\u00e7o seja feito com pe\u00e7as originais e com a m\u00e1xima precis\u00e3o.<\/p>\n<h3>Testes e Garantia<\/h3>\n<p>Ap\u00f3s o conserto, realizamos uma s\u00e9rie de testes para garantir que o eletrodom\u00e9stico esteja funcionando corretamente. Oferecemos garantia de nosso servi\u00e7o e das pe\u00e7as substitu\u00eddas, para que voc\u00ea tenha tranquilidade e seguran\u00e7a de que seu aparelho estar\u00e1 em perfeitas condi\u00e7\u00f5es.<\/p>\n<p>Se voc\u00ea precisa de <strong>Assist\u00eancia T\u00e9cnica \u00c1guas Claras<\/strong> para resolver problemas com seu eletrodom\u00e9stico, a <a href=\"https:\/\/eluxfrio.com.br\/df\"><strong>Eluxfrio DF<\/strong><\/a> \u00e9 a melhor escolha. Nossa equipe est\u00e1 pronta para atender a todos os moradores de \u00c1guas Claras e de outras regi\u00f5es do DF, oferecendo<a href=\"https:\/\/eluxfrio.com.br\/df\/assistencia-tecnica-df\/\"> <strong>Assist\u00eancia T\u00e9cnica DF<\/strong><\/a> de qualidade, com rapidez, efici\u00eancia e garantia de satisfa\u00e7\u00e3o.<\/p>\n<p>N\u00e3o importa o problema que seu eletrodom\u00e9stico esteja apresentando, seja ele um simples defeito ou uma falha mais complexa, nossa equipe est\u00e1 pronta para oferecer o melhor <a href=\"https:\/\/eluxfrio.com.br\/df\/conserto-de-eletrodomestico-brasilia\/\"><strong>conserto de eletrodom\u00e9stico Bras\u00edlia<\/strong><\/a>.<\/p>\n<p><strong>Entre em contato conosco hoje mesmo e descubra como podemos ajudar voc\u00ea!<\/strong>[\/vc_column_text][vc_empty_space height=&#8221;40px&#8221;][\/vc_column][\/vc_row][vc_row][vc_column width=&#8221;1\/2&#8243;][vc_btn title=&#8221;Fale conosco pelo Whatsapp&#8221; style=&#8221;custom&#8221; custom_background=&#8221;#0da300&#8243; custom_text=&#8221;#ffffff&#8221; shape=&#8221;round&#8221; size=&#8221;lg&#8221; align=&#8221;center&#8221; i_align=&#8221;right&#8221; i_icon_fontawesome=&#8221;fa fa-whatsapp&#8221; link=&#8221;url:https%3A%2F%2Fapi.whatsapp.com%2Fsend%3Fphone%3D556135503896%26text%3DPreciso%2520de%2520uma%2520Assist%25C3%25AAncia%2520T%25C3%25A9cnica&#8230;.|||&#8221; add_icon=&#8221;true&#8221;][\/vc_column][vc_column width=&#8221;1\/2&#8243;][vc_btn title=&#8221;Ligue agora: (61) 3550-3896&#8243; style=&#8221;custom&#8221; custom_background=&#8221;#191596&#8243; custom_text=&#8221;#ffffff&#8221; shape=&#8221;round&#8221; size=&#8221;lg&#8221; align=&#8221;center&#8221; i_icon_fontawesome=&#8221;fa fa-volume-control-phone&#8221; link=&#8221;url:tel%3A%2B556135503896|||&#8221; add_icon=&#8221;true&#8221;][\/vc_column][\/vc_row][vc_row][vc_column][vc_empty_space height=&#8221;60px&#8221;][\/vc_column][\/vc_row]<\/p>\n","protected":false},"excerpt":{"rendered":"<p>[vc_row][vc_column][vc_column_text]Se voc\u00ea est\u00e1 em busca de uma assist\u00eancia t\u00e9cnica confi\u00e1vel e especializada em \u00c1guas Claras, em Bras\u00edlia, voc\u00ea est\u00e1 no lugar certo. A Eluxfrio DF, empresa especializada em assist\u00eancia t\u00e9cnica para eletrodom\u00e9sticos, oferece o melhor servi\u00e7o de Assist\u00eancia T\u00e9cnica \u00c1guas Claras DF. Com anos de experi\u00eancia e uma equipe de profissionais altamente qualificados, nossa miss\u00e3o [&hellip;]<\/p>\n","protected":false},"author":1,"featured_media":0,"parent":0,"menu_order":0,"comment_status":"closed","ping_status":"closed","template":"","meta":{"footnotes":""},"yst_prominent_words":[],"class_list":["post-4002","page","type-page","status-publish","hentry","no-post-thumbnail"],"_links":{"self":[{"href":"https:\/\/eluxfrio.com.br\/df\/wp-json\/wp\/v2\/pages\/4002","targetHints":{"allow":["GET"]}}],"collection":[{"href":"https:\/\/eluxfrio.com.br\/df\/wp-json\/wp\/v2\/pages"}],"about":[{"href":"https:\/\/eluxfrio.com.br\/df\/wp-json\/wp\/v2\/types\/page"}],"author":[{"embeddable":true,"href":"https:\/\/eluxfrio.com.br\/df\/wp-json\/wp\/v2\/users\/1"}],"replies":[{"embeddable":true,"href":"https:\/\/eluxfrio.com.br\/df\/wp-json\/wp\/v2\/comments?post=4002"}],"version-history":[{"count":0,"href":"https:\/\/eluxfrio.com.br\/df\/wp-json\/wp\/v2\/pages\/4002\/revisions"}],"wp:attachment":[{"href":"https:\/\/eluxfrio.com.br\/df\/wp-json\/wp\/v2\/media?parent=4002"}],"wp:term":[{"taxonomy":"yst_prominent_words","embeddable":true,"href":"https:\/\/eluxfrio.com.br\/df\/wp-json\/wp\/v2\/yst_prominent_words?post=4002"}],"curies":[{"name":"wp","href":"https:\/\/api.w.org\/{rel}","templated":true}]}}