{"id":4003,"date":"2025-03-18T10:32:09","date_gmt":"2025-03-18T13:32:09","guid":{"rendered":"https:\/\/eluxfrio.com.br\/df\/?page_id=4003"},"modified":"2025-03-18T11:18:27","modified_gmt":"2025-03-18T14:18:27","slug":"assistencia-tecnica-brasilia-df","status":"publish","type":"page","link":"https:\/\/eluxfrio.com.br\/df\/assistencia-tecnica-brasilia-df\/","title":{"rendered":"Assist\u00eancia T\u00e9cnica Bras\u00edlia DF"},"content":{"rendered":"<p>[vc_row][vc_column][vc_column_text]Se voc\u00ea est\u00e1 em busca de uma<a href=\"https:\/\/eluxfrio.com.br\/df\/assistencia-tecnica-df\/\"><strong> assist\u00eancia t\u00e9cnica de qualidade em Bras\u00edlia<\/strong><\/a>, a<a href=\"https:\/\/eluxfrio.com.br\/df\/\"> <strong>Eluxfrio DF<\/strong><\/a> \u00e9 a empresa ideal para te ajudar. <a href=\"https:\/\/eluxfrio.com.br\/df\/assistencia-tecnica-df\/\"><strong>Especializada em assist\u00eancia t\u00e9cnica em Bras\u00edlia DF<\/strong><\/a>, a <a href=\"https:\/\/eluxfrio.com.br\/df\/\"><strong>Eluxfrio DF<\/strong><\/a> oferece solu\u00e7\u00f5es r\u00e1pidas e eficientes para o <a href=\"https:\/\/eluxfrio.com.br\/df\/conserto-de-eletrodomestico-brasilia\/\"><strong>conserto de eletrodom\u00e9stico<\/strong><\/a>, com um foco particular em eletrodom\u00e9sticos Samsung. Se o seu produto est\u00e1 com algum problema, n\u00e3o se preocupe, a <a href=\"https:\/\/eluxfrio.com.br\/df\/\"><strong>Eluxfrio DF<\/strong><\/a> tem os profissionais certos para garantir o melhor atendimento e resolver o seu problema de maneira \u00e1gil.[\/vc_column_text][vc_empty_space height=&#8221;40px&#8221;][\/vc_column][\/vc_row][vc_row][vc_column width=&#8221;1\/2&#8243;][vc_btn title=&#8221;Fale conosco pelo Whatsapp&#8221; style=&#8221;custom&#8221; custom_background=&#8221;#0da300&#8243; custom_text=&#8221;#ffffff&#8221; shape=&#8221;round&#8221; size=&#8221;lg&#8221; align=&#8221;center&#8221; i_align=&#8221;right&#8221; i_icon_fontawesome=&#8221;fa fa-whatsapp&#8221; link=&#8221;url:https%3A%2F%2Fapi.whatsapp.com%2Fsend%3Fphone%3D556135503896%26text%3DPreciso%2520de%2520uma%2520Assist%25C3%25AAncia%2520T%25C3%25A9cnica&#8230;.|||&#8221; add_icon=&#8221;true&#8221;][\/vc_column][vc_column width=&#8221;1\/2&#8243;][vc_btn title=&#8221;Ligue agora: (61) 3550-3896&#8243; style=&#8221;custom&#8221; custom_background=&#8221;#191596&#8243; custom_text=&#8221;#ffffff&#8221; shape=&#8221;round&#8221; size=&#8221;lg&#8221; align=&#8221;center&#8221; i_icon_fontawesome=&#8221;fa fa-volume-control-phone&#8221; link=&#8221;url:tel%3A%2B556135503896|||&#8221; add_icon=&#8221;true&#8221;][\/vc_column][\/vc_row][vc_row][vc_column][vc_empty_space height=&#8221;40px&#8221;][vc_column_text]<\/p>\n<h2 style=\"text-align: center;\"><strong>Quando Voc\u00ea Precisa de uma Assist\u00eancia T\u00e9cnica em Bras\u00edlia DF?<\/strong><\/h2>\n<p>Problemas em eletrodom\u00e9sticos podem surgir a qualquer momento, e a hora de buscar ajuda \u00e9 quando perceber que o seu produto est\u00e1 apresentando sinais de falha. A <a href=\"https:\/\/eluxfrio.com.br\/df\/\"><strong>Eluxfrio DF<\/strong><\/a> \u00e9 especializada em resolver uma ampla gama de problemas que podem ocorrer em eletrodom\u00e9sticos, tais como:[\/vc_column_text][vc_empty_space height=&#8221;40px&#8221;][vc_row_inner][vc_column_inner width=&#8221;1\/6&#8243;][vc_single_image image=&#8221;2755&#8243; img_size=&#8221;full&#8221; alignment=&#8221;center&#8221;][\/vc_column_inner][vc_column_inner width=&#8221;5\/6&#8243;][vc_column_text]<\/p>\n<h3>Geladeiras<\/h3>\n<p>Se sua geladeira n\u00e3o est\u00e1 mantendo a temperatura corretamente ou fazendo ru\u00eddos estranhos, pode ser um problema no compressor, no sistema de refrigera\u00e7\u00e3o ou at\u00e9 mesmo em componentes internos. O <a href=\"https:\/\/eluxfrio.com.br\/df\/conserto-de-eletrodomestico-brasilia\/\"><strong>conserto de eletrodom\u00e9stico DF<\/strong><\/a> da <a href=\"https:\/\/eluxfrio.com.br\/df\/\"><strong>Eluxfrio DF<\/strong><\/a> vai identificar a causa e resolver rapidamente.[\/vc_column_text][\/vc_column_inner][\/vc_row_inner][vc_empty_space height=&#8221;40px&#8221;][vc_row_inner][vc_column_inner width=&#8221;1\/6&#8243;][vc_single_image image=&#8221;3955&#8243; img_size=&#8221;medium&#8221; alignment=&#8221;center&#8221;][\/vc_column_inner][vc_column_inner width=&#8221;5\/6&#8243;][vc_column_text]<\/p>\n<h3>Micro-ondas<\/h3>\n<p>Se o seu micro-ondas n\u00e3o aquece ou apresenta falhas ao ligar, nossa assist\u00eancia t\u00e9cnica Bras\u00edlia est\u00e1 pronta para realizar o diagn\u00f3stico preciso e o conserto adequado.[\/vc_column_text][\/vc_column_inner][\/vc_row_inner][vc_empty_space height=&#8221;40px&#8221;][vc_row_inner][vc_column_inner width=&#8221;1\/6&#8243;][vc_single_image image=&#8221;3959&#8243; img_size=&#8221;medium&#8221; alignment=&#8221;center&#8221;][\/vc_column_inner][vc_column_inner width=&#8221;5\/6&#8243;][vc_column_text]<\/p>\n<h3>Lava e Seca<\/h3>\n<p>Se sua lava e seca n\u00e3o est\u00e1 funcionando corretamente, pode ser um sinal de problemas com a bomba de drenagem, termostato, resist\u00eancia ou outros componentes. A nossa <a href=\"https:\/\/eluxfrio.com.br\/df\/assistencia-tecnica-df\/\"><strong>assist\u00eancia t\u00e9cnica Bras\u00edlia<\/strong><\/a> pode diagnosticar e corrigir o problema rapidamente.[\/vc_column_text][\/vc_column_inner][\/vc_row_inner][vc_empty_space height=&#8221;40px&#8221;][vc_row_inner][vc_column_inner width=&#8221;1\/6&#8243;][vc_single_image image=&#8221;3849&#8243; img_size=&#8221;medium&#8221; alignment=&#8221;center&#8221;][\/vc_column_inner][vc_column_inner width=&#8221;5\/6&#8243;][vc_column_text]<\/p>\n<h3>Outros Eletrodom\u00e9sticos<\/h3>\n<p>Se voc\u00ea tem qualquer outro tipo de eletrodom\u00e9stico Samsung que precisa de reparos, n\u00f3s tamb\u00e9m temos a solu\u00e7\u00e3o para voc\u00ea. A <a href=\"https:\/\/eluxfrio.com.br\/df\/assistencia-tecnica-df\/\"><strong>assist\u00eancia t\u00e9cnica Eletrodom\u00e9stico<\/strong> <\/a>da <a href=\"https:\/\/eluxfrio.com.br\/df\/\"><strong>Eluxfrio DF<\/strong><\/a> \u00e9 preparada para lidar com uma ampla variedade de produtos e marcas.[\/vc_column_text][\/vc_column_inner][\/vc_row_inner][vc_empty_space height=&#8221;20px&#8221;][vc_column_text]Independentemente do problema, nossos t\u00e9cnicos realizam o diagn\u00f3stico preciso e apresentam a melhor solu\u00e7\u00e3o para o seu equipamento. Nosso objetivo \u00e9 restaurar o funcionamento do seu eletrodom\u00e9stico sem que voc\u00ea precise investir em um novo.[\/vc_column_text][vc_empty_space height=&#8221;40px&#8221;][\/vc_column][\/vc_row][vc_row][vc_column width=&#8221;1\/2&#8243;][vc_btn title=&#8221;Fale conosco pelo Whatsapp&#8221; style=&#8221;custom&#8221; custom_background=&#8221;#0da300&#8243; custom_text=&#8221;#ffffff&#8221; shape=&#8221;round&#8221; size=&#8221;lg&#8221; align=&#8221;center&#8221; i_align=&#8221;right&#8221; i_icon_fontawesome=&#8221;fa fa-whatsapp&#8221; link=&#8221;url:https%3A%2F%2Fapi.whatsapp.com%2Fsend%3Fphone%3D556135503896%26text%3DPreciso%2520de%2520uma%2520Assist%25C3%25AAncia%2520T%25C3%25A9cnica&#8230;.|||&#8221; add_icon=&#8221;true&#8221;][\/vc_column][vc_column width=&#8221;1\/2&#8243;][vc_btn title=&#8221;Ligue agora: (61) 3550-3896&#8243; style=&#8221;custom&#8221; custom_background=&#8221;#191596&#8243; custom_text=&#8221;#ffffff&#8221; shape=&#8221;round&#8221; size=&#8221;lg&#8221; align=&#8221;center&#8221; i_icon_fontawesome=&#8221;fa fa-volume-control-phone&#8221; link=&#8221;url:tel%3A%2B556135503896|||&#8221; add_icon=&#8221;true&#8221;][\/vc_column][\/vc_row][vc_row][vc_column][vc_empty_space height=&#8221;40px&#8221;][vc_column_text]<\/p>\n<h2 style=\"text-align: center;\"><strong>Por que Escolher a Eluxfrio DF como sua Assist\u00eancia T\u00e9cnica em Bras\u00edlia?<\/strong><\/h2>\n<p>Quando se trata de <a href=\"https:\/\/eluxfrio.com.br\/df\/assistencia-tecnica-df\/\"><strong>assist\u00eancia t\u00e9cnica em Bras\u00edlia<\/strong><\/a>, \u00e9 fundamental contar com uma empresa que seja confi\u00e1vel, experiente e capacitada para lidar com diferentes tipos de problemas em eletrodom\u00e9sticos. A <a href=\"https:\/\/eluxfrio.com.br\/df\/\"><strong>Eluxfrio DF<\/strong> <\/a>se destaca por oferecer:<\/p>\n<p><strong>Profissionais Qualificados:<\/strong> Nossa equipe \u00e9 composta por t\u00e9cnicos altamente treinados, com experi\u00eancia e conhecimento em uma ampla gama de produtos, especialmente os <strong>eletrodom\u00e9sticos Samsung<\/strong>. Os nossos profissionais est\u00e3o preparados para realizar diagn\u00f3sticos precisos e garantir que o <a href=\"https:\/\/eluxfrio.com.br\/df\/conserto-de-eletrodomestico-brasilia\/\"><strong>conserto de eletrodom\u00e9stico Bras\u00edlia<\/strong> <\/a>seja feito da melhor forma poss\u00edvel.<\/p>\n<p><strong>Atendimento R\u00e1pido e Eficiente:<\/strong> Sabemos o quanto um eletrodom\u00e9stico quebrado pode atrapalhar o seu dia a dia. Seja uma<strong> lava e seca<\/strong>, <strong>geladeira<\/strong>, <strong>micro-ondas<\/strong> ou qualquer outro eletrodom\u00e9stico, o nosso objetivo \u00e9 resolver o problema de forma r\u00e1pida, sem comprometer a qualidade do servi\u00e7o. Com a<a href=\"https:\/\/eluxfrio.com.br\/df\/assistencia-tecnica-df\/\"><strong> assist\u00eancia t\u00e9cnica DF<\/strong><\/a>, garantimos um atendimento \u00e1gil e eficiente, para que voc\u00ea volte a usar o seu produto o quanto antes.<\/p>\n<p><strong>Servi\u00e7o de Qualidade:<\/strong> A <a href=\"https:\/\/eluxfrio.com.br\/df\/assistencia-tecnica-df\/\"><strong>assist\u00eancia t\u00e9cnica Bras\u00edlia DF<\/strong><\/a> da <a href=\"https:\/\/eluxfrio.com.br\/df\/\"><strong>Eluxfrio DF<\/strong><\/a> \u00e9 reconhecida pela qualidade e precis\u00e3o. Usamos apenas pe\u00e7as originais e fornecemos garantias nos servi\u00e7os prestados, o que proporciona maior seguran\u00e7a e tranquilidade para os nossos clientes.<\/p>\n<p><strong>Atendimento Personalizado:<\/strong> Entendemos que cada cliente \u00e9 \u00fanico, e cada situa\u00e7\u00e3o exige uma abordagem espec\u00edfica. Por isso, nos dedicamos a oferecer um atendimento personalizado, para atender a todas as suas necessidades de forma individualizada.<\/p>\n<p><strong>Aten\u00e7\u00e3o ao Cliente:<\/strong> Na <a href=\"https:\/\/eluxfrio.com.br\/df\/\"><strong>Eluxfrio DF<\/strong><\/a>, a satisfa\u00e7\u00e3o do cliente \u00e9 a nossa prioridade. Acompanhamos de perto todo o processo, desde o agendamento do atendimento at\u00e9 o p\u00f3s-servi\u00e7o, para garantir que voc\u00ea esteja 100% satisfeito com o nosso trabalho.[\/vc_column_text][vc_empty_space height=&#8221;30px&#8221;][\/vc_column][\/vc_row][vc_row][vc_column width=&#8221;1\/2&#8243;][vc_btn title=&#8221;Fale conosco pelo Whatsapp&#8221; style=&#8221;custom&#8221; custom_background=&#8221;#0da300&#8243; custom_text=&#8221;#ffffff&#8221; shape=&#8221;round&#8221; size=&#8221;lg&#8221; align=&#8221;center&#8221; i_align=&#8221;right&#8221; i_icon_fontawesome=&#8221;fa fa-whatsapp&#8221; link=&#8221;url:https%3A%2F%2Fapi.whatsapp.com%2Fsend%3Fphone%3D556135503896%26text%3DPreciso%2520de%2520uma%2520Assist%25C3%25AAncia%2520T%25C3%25A9cnica&#8230;.|||&#8221; add_icon=&#8221;true&#8221;][\/vc_column][vc_column width=&#8221;1\/2&#8243;][vc_btn title=&#8221;Ligue agora: (61) 3550-3896&#8243; style=&#8221;custom&#8221; custom_background=&#8221;#191596&#8243; custom_text=&#8221;#ffffff&#8221; shape=&#8221;round&#8221; size=&#8221;lg&#8221; align=&#8221;center&#8221; i_icon_fontawesome=&#8221;fa fa-volume-control-phone&#8221; link=&#8221;url:tel%3A%2B556135503896|||&#8221; add_icon=&#8221;true&#8221;][\/vc_column][\/vc_row][vc_row][vc_column][vc_column_text]<\/p>\n<h2 style=\"text-align: center;\"><strong>Como Funciona o Conserto de Eletrodom\u00e9stico em Bras\u00edlia?<\/strong><\/h2>\n<p>Ao buscar a<strong><a href=\"https:\/\/eluxfrio.com.br\/df\/assistencia-tecnica-df\/\"> assist\u00eancia t\u00e9cnica Bras\u00edlia<\/a> da <a href=\"https:\/\/eluxfrio.com.br\/df\/\">Eluxfrio DF<\/a><\/strong>, o processo de <a href=\"https:\/\/eluxfrio.com.br\/df\/conserto-de-eletrodomestico-brasilia\/\"><strong>conserto de eletrodom\u00e9stico Bras\u00edlia<\/strong><\/a> segue alguns passos simples para garantir que tudo seja resolvido de maneira eficaz:<\/p>\n<p><strong>Diagn\u00f3stico Inicial:<\/strong> Assim que voc\u00ea entra em contato conosco, agendamos uma visita t\u00e9cnica para realizar um diagn\u00f3stico completo do problema. A partir da\u00ed, apresentamos as op\u00e7\u00f5es de conserto, com transpar\u00eancia sobre os custos e o tempo estimado.<\/p>\n<p><strong>Reparo e Troca de Pe\u00e7as:<\/strong> Caso o diagn\u00f3stico aponte a necessidade de troca de pe\u00e7as, a <a href=\"https:\/\/eluxfrio.com.br\/df\/\"><strong>Eluxfrio DF<\/strong><\/a> utiliza apenas pe\u00e7as originais, garantindo o melhor desempenho e durabilidade do seu eletrodom\u00e9stico ap\u00f3s o conserto.<\/p>\n<p><strong>Testes P\u00f3s-Conserto:<\/strong> Ap\u00f3s o conserto, realizamos diversos testes para garantir que o produto esteja funcionando corretamente. Assim, voc\u00ea pode ficar tranquilo sabendo que o seu eletrodom\u00e9stico voltou a operar com total seguran\u00e7a.<\/p>\n<p><strong>Garantia:<\/strong> Al\u00e9m de um servi\u00e7o de alta qualidade, a<a href=\"https:\/\/eluxfrio.com.br\/df\/assistencia-tecnica-df\/\"><strong> assist\u00eancia t\u00e9cnica Bras\u00edlia DF<\/strong><\/a> da <a href=\"https:\/\/eluxfrio.com.br\/df\/\"><strong>Eluxfrio DF<\/strong><\/a> oferece garantias nos servi\u00e7os realizados e nas pe\u00e7as substitu\u00eddas, para que voc\u00ea tenha a certeza de que seu produto est\u00e1 em boas m\u00e3os.<\/p>\n<p>Se voc\u00ea precisa de<a href=\"https:\/\/eluxfrio.com.br\/df\/assistencia-tecnica-df\/\"> <strong>assist\u00eancia t\u00e9cnica em Bras\u00edlia<\/strong><\/a> para<a href=\"https:\/\/eluxfrio.com.br\/df\/conserto-de-eletrodomestico-brasilia\/\"><strong> conserto de eletrodom\u00e9sticos<\/strong><\/a>, a <a href=\"https:\/\/eluxfrio.com.br\/df\/\"><strong>Eluxfrio DF<\/strong><\/a> \u00e9 a escolha certa. Com uma equipe experiente, atendimento de qualidade e servi\u00e7os r\u00e1pidos, a <a href=\"https:\/\/eluxfrio.com.br\/df\/\"><strong>Eluxfrio DF<\/strong><\/a> garante que seu<a href=\"https:\/\/eluxfrio.com.br\/df\/conserto-de-eletrodomestico-brasilia\/\"><strong> conserto de eletrodom\u00e9stico Bras\u00edlia<\/strong><\/a> seja realizado da melhor maneira poss\u00edvel. N\u00e3o deixe o seu eletrodom\u00e9stico quebrado atrapalhar o seu dia a dia.<\/p>\n<p>A <a href=\"https:\/\/eluxfrio.com.br\/df\/\"><strong>Eluxfrio DF<\/strong><\/a> est\u00e1 pronta para te ajudar e oferecer um servi\u00e7o de<a href=\"https:\/\/eluxfrio.com.br\/df\/assistencia-tecnica-df\/\"> <strong>assist\u00eancia t\u00e9cnica Eletrodom\u00e9stico<\/strong><\/a> de excel\u00eancia. Confie em quem entende do assunto e n\u00e3o perca tempo, conte conosco para todos os seus problemas de eletrodom\u00e9sticos em Bras\u00edlia!<\/p>\n<p><strong>Entre em contato conosco e agende seu atendimento de assist\u00eancia t\u00e9cnica DF com os melhores profissionais da \u00e1rea!<\/strong>[\/vc_column_text][vc_empty_space height=&#8221;40px&#8221;][\/vc_column][\/vc_row][vc_row][vc_column width=&#8221;1\/2&#8243;][vc_btn title=&#8221;Fale conosco pelo Whatsapp&#8221; style=&#8221;custom&#8221; custom_background=&#8221;#0da300&#8243; custom_text=&#8221;#ffffff&#8221; shape=&#8221;round&#8221; size=&#8221;lg&#8221; align=&#8221;center&#8221; i_align=&#8221;right&#8221; i_icon_fontawesome=&#8221;fa fa-whatsapp&#8221; link=&#8221;url:https%3A%2F%2Fapi.whatsapp.com%2Fsend%3Fphone%3D556135503896%26text%3DPreciso%2520de%2520uma%2520Assist%25C3%25AAncia%2520T%25C3%25A9cnica&#8230;.|||&#8221; add_icon=&#8221;true&#8221;][\/vc_column][vc_column width=&#8221;1\/2&#8243;][vc_btn title=&#8221;Ligue agora: (61) 3550-3896&#8243; style=&#8221;custom&#8221; custom_background=&#8221;#191596&#8243; custom_text=&#8221;#ffffff&#8221; shape=&#8221;round&#8221; size=&#8221;lg&#8221; align=&#8221;center&#8221; i_icon_fontawesome=&#8221;fa fa-volume-control-phone&#8221; link=&#8221;url:tel%3A%2B556135503896|||&#8221; add_icon=&#8221;true&#8221;][\/vc_column][\/vc_row][vc_row][vc_column][vc_empty_space height=&#8221;60px&#8221;][\/vc_column][\/vc_row]<\/p>\n","protected":false},"excerpt":{"rendered":"<p>[vc_row][vc_column][vc_column_text]Se voc\u00ea est\u00e1 em busca de uma assist\u00eancia t\u00e9cnica de qualidade em Bras\u00edlia, a Eluxfrio DF \u00e9 a empresa ideal para te ajudar. Especializada em assist\u00eancia t\u00e9cnica em Bras\u00edlia DF, a Eluxfrio DF oferece solu\u00e7\u00f5es r\u00e1pidas e eficientes para o conserto de eletrodom\u00e9stico, com um foco particular em eletrodom\u00e9sticos Samsung. Se o seu produto est\u00e1 [&hellip;]<\/p>\n","protected":false},"author":1,"featured_media":0,"parent":0,"menu_order":0,"comment_status":"closed","ping_status":"closed","template":"","meta":{"footnotes":""},"yst_prominent_words":[],"class_list":["post-4003","page","type-page","status-publish","hentry","no-post-thumbnail"],"_links":{"self":[{"href":"https:\/\/eluxfrio.com.br\/df\/wp-json\/wp\/v2\/pages\/4003","targetHints":{"allow":["GET"]}}],"collection":[{"href":"https:\/\/eluxfrio.com.br\/df\/wp-json\/wp\/v2\/pages"}],"about":[{"href":"https:\/\/eluxfrio.com.br\/df\/wp-json\/wp\/v2\/types\/page"}],"author":[{"embeddable":true,"href":"https:\/\/eluxfrio.com.br\/df\/wp-json\/wp\/v2\/users\/1"}],"replies":[{"embeddable":true,"href":"https:\/\/eluxfrio.com.br\/df\/wp-json\/wp\/v2\/comments?post=4003"}],"version-history":[{"count":0,"href":"https:\/\/eluxfrio.com.br\/df\/wp-json\/wp\/v2\/pages\/4003\/revisions"}],"wp:attachment":[{"href":"https:\/\/eluxfrio.com.br\/df\/wp-json\/wp\/v2\/media?parent=4003"}],"wp:term":[{"taxonomy":"yst_prominent_words","embeddable":true,"href":"https:\/\/eluxfrio.com.br\/df\/wp-json\/wp\/v2\/yst_prominent_words?post=4003"}],"curies":[{"name":"wp","href":"https:\/\/api.w.org\/{rel}","templated":true}]}}