{"id":1689,"date":"2022-09-19T14:51:17","date_gmt":"2022-09-19T17:51:17","guid":{"rendered":"https:\/\/eluxfrio.com.br\/sao-paulo\/?page_id=1689"},"modified":"2025-05-14T15:48:09","modified_gmt":"2025-05-14T18:48:09","slug":"assistencia-tecnica-sp","status":"publish","type":"page","link":"https:\/\/eluxfrio.com.br\/sao-paulo\/assistencia-tecnica-sp\/","title":{"rendered":"Assist\u00eancia T\u00e9cnica SP"},"content":{"rendered":"<p>[vc_row][vc_column][vc_column_text]<\/p>\n<h2 style=\"text-align: center;\">A melhor assist\u00eancia t\u00e9cnica de S\u00e3o Paulo.<\/h2>\n<p>[\/vc_column_text][vc_empty_space height=&#8221;40px&#8221;][vc_column_text]Hoje, voc\u00ea de<strong> S\u00e3o Paulo<\/strong> possui acesso aos servi\u00e7os da <a href=\"https:\/\/eluxfrio.com.br\/sao-paulo\/empresa-de-assistencia-tecnica-sp\/\"><strong>Eluxfrio<\/strong><\/a>, a melhor empresa de<a href=\"https:\/\/eluxfrio.com.br\/sao-paulo\/conserto-de-eletrodomestico-sao-paulo\/\"> <strong>conserto de eletrodom\u00e9sticos<\/strong><\/a> diretamente do Rio de Janeiro, onde oferece seus servi\u00e7os de <a href=\"https:\/\/eluxfrio.com.br\/sao-paulo\/assistencia-tecnica-sp\/\"><strong>assist\u00eancia t\u00e9cnica<\/strong><\/a> com os melhores profissionais h\u00e1 mais de 10 anos. Contamos sempre com pe\u00e7as originais, profissionais qualificados, avalia\u00e7\u00e3o para a solu\u00e7\u00e3o do problema, os melhores pre\u00e7os, uma incr\u00edvel garantia de 90 dias, e os melhores m\u00e9todos para ajud\u00e1-lo a solucionar seu problema!<\/p>\n<p>Desde 2008, priorizando a qualidade, servi\u00e7os completos e satisfa\u00e7\u00e3o dos clientes, a <strong>Eluxfrio<\/strong> \u00e9 a empresa que voc\u00ea procura!<\/p>\n<h2 style=\"text-align: center;\">Seu eletrodom\u00e9stico parou de funcionar e n\u00e3o consegue encontrar o problema?<\/h2>\n<p>Conte com nossos servi\u00e7os, com toda certeza te ajudaremos a identificar o ocorrido e realizar os devidos reparos para a resolu\u00e7\u00e3o do problema, volte a usar seu eletrodom\u00e9stico normalmente!<\/p>\n<p>Com nossa estrutura e excelente qualidade, trabalhamos com as melhores marcas: <a href=\"https:\/\/eluxfrio.com.br\/sao-paulo\/assistencia-tecnica-brastemp\/\"><strong>Brastemp<\/strong><\/a>, <a href=\"https:\/\/eluxfrio.com.br\/sao-paulo\/assistencia-tecnica-electrolux\/\"><strong>Electrolux<\/strong><\/a>, <a href=\"https:\/\/eluxfrio.com.br\/sao-paulo\/assistencia-tecnica-consul\/\"><strong>Consul<\/strong><\/a>, <a href=\"https:\/\/eluxfrio.com.br\/sao-paulo\/assistencia-tecnica-continental\/\"><strong>Continental<\/strong><\/a>, <strong>Samsung<\/strong>, <strong>LG<\/strong>, <strong>GE<\/strong>, <strong>DAKO<\/strong> e <strong>Bosch<\/strong>.[\/vc_column_text][vc_empty_space height=&#8221;40px&#8221;][\/vc_column][\/vc_row][vc_row][vc_column width=&#8221;1\/2&#8243;][vc_btn title=&#8221;WHATSAPP ASSIST\u00caNCIA 24H&#8221; style=&#8221;custom&#8221; custom_background=&#8221;#00aa08&#8243; custom_text=&#8221;#ffffff&#8221; shape=&#8221;round&#8221; size=&#8221;lg&#8221; align=&#8221;center&#8221; i_align=&#8221;right&#8221; i_icon_fontawesome=&#8221;fa fa-whatsapp&#8221; link=&#8221;url:https%3A%2F%2Fapi.whatsapp.com%2Fsend%3Fphone%3D551127701103%26text%3DPreciso%2520de%2520uma%2520Assist%25C3%25AAncia%2520T%25C3%25A9cnica%2520para%2520o%2520meu%2520Eletrodom%25C3%25A9stico&#8230;||target:%20_blank|&#8221; add_icon=&#8221;true&#8221;][\/vc_column][vc_column width=&#8221;1\/2&#8243;][vc_btn title=&#8221;LIGUE AGORA: (11) 2770-1103&#8243; style=&#8221;custom&#8221; custom_background=&#8221;#2a00a8&#8243; custom_text=&#8221;#ffffff&#8221; shape=&#8221;round&#8221; size=&#8221;lg&#8221; align=&#8221;center&#8221; i_icon_fontawesome=&#8221;fa fa-phone&#8221; link=&#8221;url:tel%3A%2B551127701103||target:%20_blank|&#8221; add_icon=&#8221;true&#8221;][\/vc_column][\/vc_row][vc_row][vc_column][vc_empty_space height=&#8221;40px&#8221;][vc_column_text]Encontram-se aqui <a href=\"https:\/\/eluxfrio.com.br\/sao-paulo\/conserto-de-geladeira-sp\/\"><strong>conserto de geladeira<\/strong><\/a>, <a href=\"https:\/\/eluxfrio.com.br\/sao-paulo\/conserto-de-fogao-sp\/\"><strong>conserto de fog\u00e3o<\/strong><\/a>, <a href=\"https:\/\/eluxfrio.com.br\/sao-paulo\/conserto-de-maquina-de-lavar-sp\/\"><strong>conserto de m\u00e1quina de lavar<\/strong><\/a>, <a href=\"https:\/\/eluxfrio.com.br\/sao-paulo\/conserto-de-microondas\/\"><strong>conserto de microondas<\/strong><\/a>, <strong>conserto de forno el\u00e9trico<\/strong>, <strong>conserto de lava lou\u00e7as<\/strong>, <strong>conserto de freezer<\/strong>, <strong>conserto de aquecedor<\/strong> e <strong>conserto de purificador de \u00e1gua<\/strong>. Conte com nossa <a href=\"https:\/\/eluxfrio.com.br\/sao-paulo\/assistencia-tecnica-sp\/\"><strong>assist\u00eancia t\u00e9cnica em S\u00e3o Paulo<\/strong><\/a>, agora perto de voc\u00ea para as devidas manuten\u00e7\u00f5es!<\/p>\n<p>Nosso maior objetivo \u00e9 te ajudar, garantindo a total satisfa\u00e7\u00e3o com nossos servi\u00e7os completos de manuten\u00e7\u00e3o. O melhor da <strong>Assist\u00eancia T\u00e9cnica do Rio de Janeiro<\/strong>, agora se torna o melhor de S\u00e3o Paulo!<\/p>\n<p>Seu eletrodom\u00e9stico em boas m\u00e3os, n\u00e3o perca tempo!<\/p>\n<h2 style=\"text-align: center;\">Atendemos os principais bairros da cidade de S\u00e3o Paulo.<\/h2>\n<p>Possu\u00edmos os melhores pre\u00e7os e servi\u00e7os, venha conferir entrando em contato ainda hoje, a \u00fanica empresa que est\u00e1 dispon\u00edvel 24 horas por dia e 7 dias por semana para te <strong>responder pelo WhatsApp!<\/strong>[\/vc_column_text][vc_empty_space height=&#8221;40px&#8221;][\/vc_column][\/vc_row][vc_row][vc_column][elements_carousel items=&#8221;3&#8243; controls=&#8221;navigation,rewind-navigation&#8221; autoplay_speed=&#8221;5000&#8243; slide_speed=&#8221;200&#8243; pagination_speed=&#8221;200&#8243; rewind_speed=&#8221;200&#8243; tablet_items=&#8221;2&#8243; mobile_items=&#8221;1&#8243;][vc_single_image image=&#8221;761&#8243; img_size=&#8221;full&#8221; alignment=&#8221;center&#8221; onclick=&#8221;custom_link&#8221; link=&#8221;https:\/\/eluxfrio.com.br\/sao-paulo\/assistencia-tecnica-electrolux\/&#8221;][vc_single_image image=&#8221;758&#8243; img_size=&#8221;full&#8221; alignment=&#8221;center&#8221; onclick=&#8221;custom_link&#8221; link=&#8221;https:\/\/eluxfrio.com.br\/sao-paulo\/assistencia-tecnica-brastemp\/&#8221;][vc_single_image image=&#8221;759&#8243; img_size=&#8221;full&#8221; alignment=&#8221;center&#8221; onclick=&#8221;custom_link&#8221; link=&#8221;https:\/\/eluxfrio.com.br\/sao-paulo\/assistencia-tecnica-consul\/&#8221;][vc_single_image image=&#8221;760&#8243; img_size=&#8221;full&#8221; alignment=&#8221;center&#8221; onclick=&#8221;custom_link&#8221; link=&#8221;https:\/\/eluxfrio.com.br\/sao-paulo\/assistencia-tecnica-continental\/&#8221;][vc_single_image image=&#8221;764&#8243; img_size=&#8221;full&#8221; alignment=&#8221;center&#8221; onclick=&#8221;custom_link&#8221; link=&#8221;https:\/\/eluxfrio.com.br\/sao-paulo\/assistencia-tecnica-samsung\/&#8221;][vc_single_image image=&#8221;763&#8243; img_size=&#8221;full&#8221; alignment=&#8221;center&#8221; onclick=&#8221;custom_link&#8221; link=&#8221;https:\/\/eluxfrio.com.br\/sao-paulo\/assistencia-tecnica-lg\/&#8221;][vc_single_image image=&#8221;762&#8243; img_size=&#8221;full&#8221; alignment=&#8221;center&#8221; onclick=&#8221;custom_link&#8221; link=&#8221;https:\/\/eluxfrio.com.br\/sao-paulo\/assistencia-tecnica-ge\/&#8221;][vc_single_image image=&#8221;1044&#8243; img_size=&#8221;full&#8221; alignment=&#8221;center&#8221; onclick=&#8221;custom_link&#8221; link=&#8221;https:\/\/eluxfrio.com.br\/sao-paulo\/assistencia-tecnica-dako\/&#8221;][vc_single_image image=&#8221;1045&#8243; img_size=&#8221;full&#8221; alignment=&#8221;center&#8221; onclick=&#8221;custom_link&#8221; link=&#8221;https:\/\/eluxfrio.com.br\/sao-paulo\/assistencia-tecnica-bosch\/&#8221;][\/elements_carousel][\/vc_column][\/vc_row][vc_row][vc_column][vc_empty_space height=&#8221;40px&#8221;][\/vc_column][\/vc_row][vc_row][vc_column width=&#8221;1\/2&#8243;][vc_btn title=&#8221;WHATSAPP ASSIST\u00caNCIA 24H&#8221; style=&#8221;custom&#8221; custom_background=&#8221;#00aa08&#8243; custom_text=&#8221;#ffffff&#8221; shape=&#8221;round&#8221; size=&#8221;lg&#8221; align=&#8221;center&#8221; i_align=&#8221;right&#8221; i_icon_fontawesome=&#8221;fa fa-whatsapp&#8221; link=&#8221;url:https%3A%2F%2Fapi.whatsapp.com%2Fsend%3Fphone%3D551127701103%26text%3DPreciso%2520de%2520uma%2520Assist%25C3%25AAncia%2520T%25C3%25A9cnica%2520para%2520o%2520meu%2520Eletrodom%25C3%25A9stico&#8230;||target:%20_blank|&#8221; add_icon=&#8221;true&#8221;][\/vc_column][vc_column width=&#8221;1\/2&#8243;][vc_btn title=&#8221;LIGUE AGORA: (11) 2770-1103&#8243; style=&#8221;custom&#8221; custom_background=&#8221;#2a00a8&#8243; custom_text=&#8221;#ffffff&#8221; shape=&#8221;round&#8221; size=&#8221;lg&#8221; align=&#8221;center&#8221; i_icon_fontawesome=&#8221;fa fa-phone&#8221; link=&#8221;url:tel%3A%2B551127701103||target:%20_blank|&#8221; add_icon=&#8221;true&#8221;][\/vc_column][\/vc_row][vc_row][vc_column][vc_empty_space height=&#8221;40px&#8221;][\/vc_column][\/vc_row]<\/p>\n","protected":false},"excerpt":{"rendered":"<p>[vc_row][vc_column][vc_column_text] A melhor assist\u00eancia t\u00e9cnica de S\u00e3o Paulo. [\/vc_column_text][vc_empty_space height=&#8221;40px&#8221;][vc_column_text]Hoje, voc\u00ea de S\u00e3o Paulo possui acesso aos servi\u00e7os da Eluxfrio, a melhor empresa de conserto de eletrodom\u00e9sticos diretamente do Rio de Janeiro, onde oferece seus servi\u00e7os de assist\u00eancia t\u00e9cnica com os melhores profissionais h\u00e1 mais de 10 anos. Contamos sempre com pe\u00e7as originais, profissionais qualificados, [&hellip;]<\/p>\n","protected":false},"author":1,"featured_media":0,"parent":0,"menu_order":0,"comment_status":"closed","ping_status":"closed","template":"","meta":[],"yst_prominent_words":[],"_links":{"self":[{"href":"https:\/\/eluxfrio.com.br\/sao-paulo\/wp-json\/wp\/v2\/pages\/1689"}],"collection":[{"href":"https:\/\/eluxfrio.com.br\/sao-paulo\/wp-json\/wp\/v2\/pages"}],"about":[{"href":"https:\/\/eluxfrio.com.br\/sao-paulo\/wp-json\/wp\/v2\/types\/page"}],"author":[{"embeddable":true,"href":"https:\/\/eluxfrio.com.br\/sao-paulo\/wp-json\/wp\/v2\/users\/1"}],"replies":[{"embeddable":true,"href":"https:\/\/eluxfrio.com.br\/sao-paulo\/wp-json\/wp\/v2\/comments?post=1689"}],"version-history":[{"count":0,"href":"https:\/\/eluxfrio.com.br\/sao-paulo\/wp-json\/wp\/v2\/pages\/1689\/revisions"}],"wp:attachment":[{"href":"https:\/\/eluxfrio.com.br\/sao-paulo\/wp-json\/wp\/v2\/media?parent=1689"}],"wp:term":[{"taxonomy":"yst_prominent_words","embeddable":true,"href":"https:\/\/eluxfrio.com.br\/sao-paulo\/wp-json\/wp\/v2\/yst_prominent_words?post=1689"}],"curies":[{"name":"wp","href":"https:\/\/api.w.org\/{rel}","templated":true}]}}