{"id":1704,"date":"2022-09-19T15:56:37","date_gmt":"2022-09-19T18:56:37","guid":{"rendered":"https:\/\/eluxfrio.com.br\/sao-paulo\/?page_id=1704"},"modified":"2025-05-14T15:42:02","modified_gmt":"2025-05-14T18:42:02","slug":"conserto-de-fogao-sp","status":"publish","type":"page","link":"https:\/\/eluxfrio.com.br\/sao-paulo\/conserto-de-fogao-sp\/","title":{"rendered":"Conserto de Fog\u00e3o SP"},"content":{"rendered":"<p>[vc_row][vc_column][vc_column_text]<\/p>\n<h2 style=\"text-align: center;\"><strong>Problemas com seu fog\u00e3o?<\/strong><\/h2>\n<p>O <a href=\"https:\/\/eluxfrio.com.br\/sao-paulo\/conserto-de-eletrodomestico-sao-paulo\/\"><strong>conserto de fog\u00e3o em S\u00e3o Paulo<\/strong><\/a> \u00e9 muito pesquisado, geralmente n\u00e3o se sabe em que empresa confiar para deixar seu eletrodom\u00e9stico funcionando novamente. A <a href=\"https:\/\/eluxfrio.com.br\/sao-paulo\/empresa-de-assistencia-tecnica-sp\/\"><strong>Eluxfrio<\/strong><\/a>, al\u00e9m de confi\u00e1vel, \u00e9 a melhor<a href=\"https:\/\/eluxfrio.com.br\/sao-paulo\/assistencia-tecnica-sp\/\"> <strong>assist\u00eancia t\u00e9cnica de S\u00e3o Paulo<\/strong><\/a>, conta-se com profissionalismo, garantia de 90 dias, e uma experi\u00eancia de 10 anos no mercado!<\/p>\n<p style=\"text-align: center;\"><strong>Realizamos consertos de todas as marcas, sendo as mais famosas:<\/strong><\/p>\n<p>[\/vc_column_text][vc_empty_space height=&#8221;40px&#8221;][\/vc_column][\/vc_row][vc_row][vc_column][vc_empty_space height=&#8221;40px&#8221;][vc_row_inner][vc_column_inner width=&#8221;1\/2&#8243;][vc_btn title=&#8221;WHATSAPP ASSIST\u00caNCIA 24H&#8221; style=&#8221;custom&#8221; custom_background=&#8221;#00aa08&#8243; custom_text=&#8221;#ffffff&#8221; shape=&#8221;round&#8221; size=&#8221;lg&#8221; align=&#8221;center&#8221; i_align=&#8221;right&#8221; i_icon_fontawesome=&#8221;fa fa-whatsapp&#8221; link=&#8221;url:https%3A%2F%2Fapi.whatsapp.com%2Fsend%3Fphone%3D551127701103%26text%3DPreciso%2520de%2520uma%2520Assist%25C3%25AAncia%2520T%25C3%25A9cnica%2520para%2520o%2520meu%2520Eletrodom%25C3%25A9stico&#8230;||target:%20_blank|&#8221; add_icon=&#8221;true&#8221;][\/vc_column_inner][vc_column_inner width=&#8221;1\/2&#8243;][vc_btn title=&#8221;LIGUE AGORA: (11) 2770-1103&#8243; style=&#8221;custom&#8221; custom_background=&#8221;#2a00a8&#8243; custom_text=&#8221;#ffffff&#8221; shape=&#8221;round&#8221; size=&#8221;lg&#8221; align=&#8221;center&#8221; i_icon_fontawesome=&#8221;fa fa-phone&#8221; link=&#8221;url:tel%3A%2B551127701103||target:%20_blank|&#8221; add_icon=&#8221;true&#8221;][\/vc_column_inner][\/vc_row_inner][vc_empty_space height=&#8221;40px&#8221;][\/vc_column][\/vc_row][vc_row][vc_column width=&#8221;1\/4&#8243;][vc_empty_space height=&#8221;20px&#8221;][vc_single_image image=&#8221;1942&#8243; img_size=&#8221;full&#8221; alignment=&#8221;center&#8221;][\/vc_column][vc_column width=&#8221;3\/4&#8243;][vc_column_text]<\/p>\n<h2>Conserto Fog\u00e3o Electrolux<\/h2>\n<p>Fundada na Su\u00e9cia nos anos de 1919, com a chegada ao Brasil em 1926, de l\u00e1 para c\u00e1, sempre procurando novas formas de tornar a vida de quem usa seus eletrodom\u00e9sticos mais simples, pr\u00e1tico, sem abrir m\u00e3o de uma tecnologia de ponta, \u00f3timos materiais para mais tornar o aparelho mais confi\u00e1vel e um belo design. Tem um fog\u00e3o desses precisando de reparos? Realizamos o <a href=\"https:\/\/eluxfrio.com.br\/sao-paulo\/assistencia-tecnica-electrolux\/\"><strong>conserto de fog\u00e3o em S\u00e3o Paulo Electrolux<\/strong><\/a> com pe\u00e7as originais![\/vc_column_text][\/vc_column][\/vc_row][vc_row][vc_column][vc_empty_space height=&#8221;40px&#8221;][\/vc_column][\/vc_row][vc_row][vc_column width=&#8221;1\/4&#8243;][vc_single_image image=&#8221;1939&#8243; img_size=&#8221;full&#8221; alignment=&#8221;center&#8221;][\/vc_column][vc_column width=&#8221;3\/4&#8243;][vc_column_text]<\/p>\n<h2>Conserto Fog\u00e3o Brastemp<\/h2>\n<p>Fundada nos anos de 1954 em S\u00e3o Bernardo do Campo, a empresa sempre teve em mente uma tecnologia que gere conforto, simplicidade e praticidade aos usu\u00e1rios, sua linha tem crescido muito por todos os anos, ganhando reconhecimento e destaque.Tem um fog\u00e3o desses precisando de reparos? Realizamos o <a href=\"https:\/\/eluxfrio.com.br\/sao-paulo\/assistencia-tecnica-brastemp\/\"><strong>conserto de fog\u00e3o em S\u00e3o Paulo Brastemp<\/strong><\/a> com pe\u00e7as originais![\/vc_column_text][\/vc_column][\/vc_row][vc_row][vc_column][vc_empty_space height=&#8221;40px&#8221;][\/vc_column][\/vc_row][vc_row][vc_column width=&#8221;1\/4&#8243;][vc_single_image image=&#8221;1940&#8243; img_size=&#8221;full&#8221; alignment=&#8221;center&#8221;][\/vc_column][vc_column width=&#8221;3\/4&#8243;][vc_column_text]<\/p>\n<h2>Conserto Fog\u00e3o Consul<\/h2>\n<p>Fundada em 1950, a empresa sempre teve em mente uma tecnologia f\u00e1cil de usar, ser uma marca com \u201cesp\u00edrito jovem\u201d, design inteligente e buscar sempre inovar para atrair mais pessoas cativando-as. Tem um fog\u00e3o desses precisando de reparos? Realizamos o <a href=\"https:\/\/eluxfrio.com.br\/sao-paulo\/assistencia-tecnica-consul\/\"><strong>conserto de fog\u00e3o em S\u00e3o Paulo Consul<\/strong><\/a> com pe\u00e7as originais![\/vc_column_text][\/vc_column][\/vc_row][vc_row][vc_column][vc_empty_space height=&#8221;40px&#8221;][vc_row_inner][vc_column_inner width=&#8221;1\/2&#8243;][vc_btn title=&#8221;WHATSAPP ASSIST\u00caNCIA 24H&#8221; style=&#8221;custom&#8221; custom_background=&#8221;#00aa08&#8243; custom_text=&#8221;#ffffff&#8221; shape=&#8221;round&#8221; size=&#8221;lg&#8221; align=&#8221;center&#8221; i_align=&#8221;right&#8221; i_icon_fontawesome=&#8221;fa fa-whatsapp&#8221; link=&#8221;url:https%3A%2F%2Fapi.whatsapp.com%2Fsend%3Fphone%3D551127701103%26text%3DPreciso%2520de%2520uma%2520Assist%25C3%25AAncia%2520T%25C3%25A9cnica%2520para%2520o%2520meu%2520Eletrodom%25C3%25A9stico&#8230;||target:%20_blank|&#8221; add_icon=&#8221;true&#8221;][\/vc_column_inner][vc_column_inner width=&#8221;1\/2&#8243;][vc_btn title=&#8221;LIGUE AGORA: (11) 2770-1103&#8243; style=&#8221;custom&#8221; custom_background=&#8221;#2a00a8&#8243; custom_text=&#8221;#ffffff&#8221; shape=&#8221;round&#8221; size=&#8221;lg&#8221; align=&#8221;center&#8221; i_icon_fontawesome=&#8221;fa fa-phone&#8221; link=&#8221;url:tel%3A%2B551127701103||target:%20_blank|&#8221; add_icon=&#8221;true&#8221;][\/vc_column_inner][\/vc_row_inner][vc_empty_space height=&#8221;40px&#8221;][\/vc_column][\/vc_row][vc_row][vc_column width=&#8221;1\/4&#8243;][vc_single_image image=&#8221;1941&#8243; img_size=&#8221;full&#8221; alignment=&#8221;center&#8221;][\/vc_column][vc_column width=&#8221;3\/4&#8243;][vc_column_text]<\/p>\n<h2>Conserto Fog\u00e3o Continental<\/h2>\n<p>Em parceria com a Electrolux (nascida em 2017), a continental t\u00eam em mente tecnologias avan\u00e7adas, design atrativo e procura desenvolver mais a cada dia aparelhos que facilitam a vida de seus usu\u00e1rios, tornando-a mais simples e pr\u00e1tica. Tem um fog\u00e3o desses precisando de reparos? Realizamos o\u00a0<a href=\"https:\/\/eluxfrio.com.br\/sao-paulo\/assistencia-tecnica-continental\/\"><strong>conserto de fog\u00e3o em S\u00e3o Paulo Continental<\/strong><\/a>\u00a0com pe\u00e7as originais![\/vc_column_text][\/vc_column][\/vc_row][vc_row][vc_column][vc_empty_space height=&#8221;40px&#8221;][\/vc_column][\/vc_row][vc_row][vc_column width=&#8221;1\/4&#8243;][vc_single_image image=&#8221;1946&#8243; img_size=&#8221;full&#8221; alignment=&#8221;center&#8221;][\/vc_column][vc_column width=&#8221;3\/4&#8243;][vc_column_text]<\/p>\n<h2>Conserto Fog\u00e3o DAKO<\/h2>\n<p>Fundada em 1935, a Dako \u00e9 uma empresa de inova\u00e7\u00e3o e design moderno, que conquistou a Top of Mind por 10 anos consecutivos gra\u00e7as a seus fog\u00f5es de alta performance e tecnologia.Tem um fog\u00e3o desses precisando de reparos? Realizamos o<a href=\"https:\/\/eluxfrio.com.br\/sao-paulo\/assistencia-tecnica-dako\/\">\u00a0<strong>conserto de fog\u00e3o em S\u00e3o Paulo DAKO<\/strong><\/a>\u00a0com pe\u00e7as originais![\/vc_column_text][\/vc_column][\/vc_row][vc_row][vc_column][vc_empty_space height=&#8221;40px&#8221;][vc_column_text]<\/p>\n<h2 style=\"text-align: center;\">Conserto Fog\u00e3o Bosch<\/h2>\n<p>Empresa com mais de 130 anos no mercado, a alem\u00e3 produz eletrodom\u00e9sticos com tecnologia de ponta, ocupando uma posi\u00e7\u00e3o de lideran\u00e7a entre as empresas mais inovadoras do mundo. Tamb\u00e9m assume o papel de al\u00e9m de pensar em voc\u00ea, tamb\u00e9m pensar no meio ambiente, procurando sempre novas formas de amenizar os danos \u00e0 natureza ao fabricar seus eletrodom\u00e9sticos. Tem um fog\u00e3o desses precisando de reparos? Realizamos o <a href=\"https:\/\/eluxfrio.com.br\/sao-paulo\/assistencia-tecnica-bosch\/\"><strong>conserto de fog\u00e3o em S\u00e3o Paulo Bosch<\/strong><\/a> com pe\u00e7as originais!<\/p>\n<h2 style=\"text-align: center;\">Conserto Fog\u00e3o GE<\/h2>\n<p>Fundada em 1892, a empresa nova iorquina preza por um mundo mais funcional, com tecnologia avan\u00e7ada e com menos danos ao meio ambiente. Respons\u00e1vel por muitas descobertas e projetos de sucesso, est\u00e1 entre as maiores empresas do mundo, tendo como frase principal \u201cConstruindo um mundo que funciona\u201d, com promessas de tecnologias ainda melhores para o futuro. Tem um fog\u00e3o desses precisando de reparos? Realizamos o <a href=\"https:\/\/eluxfrio.com.br\/sao-paulo\/assistencia-tecnica-ge\/\"><strong>conserto de fog\u00e3o em S\u00e3o Paulo GE<\/strong><\/a> com pe\u00e7as originais![\/vc_column_text][vc_empty_space height=&#8221;40px&#8221;][\/vc_column][\/vc_row][vc_row][vc_column][vc_empty_space height=&#8221;40px&#8221;][vc_row_inner][vc_column_inner width=&#8221;1\/2&#8243;][vc_btn title=&#8221;WHATSAPP ASSIST\u00caNCIA 24H&#8221; style=&#8221;custom&#8221; custom_background=&#8221;#00aa08&#8243; custom_text=&#8221;#ffffff&#8221; shape=&#8221;round&#8221; size=&#8221;lg&#8221; align=&#8221;center&#8221; i_align=&#8221;right&#8221; i_icon_fontawesome=&#8221;fa fa-whatsapp&#8221; link=&#8221;url:https%3A%2F%2Fapi.whatsapp.com%2Fsend%3Fphone%3D551127701103%26text%3DPreciso%2520de%2520uma%2520Assist%25C3%25AAncia%2520T%25C3%25A9cnica%2520para%2520o%2520meu%2520Eletrodom%25C3%25A9stico&#8230;||target:%20_blank|&#8221; add_icon=&#8221;true&#8221;][\/vc_column_inner][vc_column_inner width=&#8221;1\/2&#8243;][vc_btn title=&#8221;LIGUE AGORA: (11) 2770-1103&#8243; style=&#8221;custom&#8221; custom_background=&#8221;#2a00a8&#8243; custom_text=&#8221;#ffffff&#8221; shape=&#8221;round&#8221; size=&#8221;lg&#8221; align=&#8221;center&#8221; i_icon_fontawesome=&#8221;fa fa-phone&#8221; link=&#8221;url:tel%3A%2B551127701103||target:%20_blank|&#8221; add_icon=&#8221;true&#8221;][\/vc_column_inner][\/vc_row_inner][vc_empty_space height=&#8221;40px&#8221;][\/vc_column][\/vc_row][vc_row][vc_column][vc_empty_space height=&#8221;40px&#8221;][vc_column_text]<\/p>\n<h3 style=\"text-align: center;\">Selecione o seu Bairro para Conserto de Fog\u00e3o<\/h3>\n<p>[\/vc_column_text][vc_empty_space height=&#8221;30px&#8221;][vc_row_inner][vc_column_inner width=&#8221;1\/2&#8243;][vc_column_text]<\/p>\n<ul>\n<li><a href=\"https:\/\/eluxfrio.com.br\/sao-paulo\/conserto-de-fogao-campo-belo\/\"><strong>Conserto de Fog\u00e3o Campo Belo<\/strong><\/a><\/li>\n<li><a href=\"https:\/\/eluxfrio.com.br\/sao-paulo\/conserto-de-fogao-brooklin\/\"><strong>Conserto de Fog\u00e3o Brooklin<\/strong><\/a><\/li>\n<li><a href=\"https:\/\/eluxfrio.com.br\/sao-paulo\/conserto-de-fogao-moema\/\"><strong>Conserto de Fog\u00e3o Moema<\/strong><\/a><\/li>\n<li><a href=\"https:\/\/eluxfrio.com.br\/sao-paulo\/conserto-de-fogao-ibirapuera\/\"><strong>Conserto de Fog\u00e3o Ibirapuera<\/strong><\/a><\/li>\n<li><a href=\"https:\/\/eluxfrio.com.br\/sao-paulo\/conserto-de-fogao-vila-olimpia\/\"><strong>Conserto de Fog\u00e3o Vila Ol\u00edmpia<\/strong><\/a><\/li>\n<\/ul>\n<p>[\/vc_column_text][\/vc_column_inner][vc_column_inner width=&#8221;1\/2&#8243;][vc_column_text]<\/p>\n<ul>\n<li><a href=\"https:\/\/eluxfrio.com.br\/sao-paulo\/conserto-de-fogao-itaim-bibi\/\"><strong>Conserto de Fog\u00e3o Itaim Bibi<\/strong><\/a><\/li>\n<li><a href=\"https:\/\/eluxfrio.com.br\/sao-paulo\/conserto-de-fogao-vila-mariana\/\"><strong>Conserto de Fog\u00e3o Vila Mariana<\/strong><\/a><\/li>\n<li><a href=\"https:\/\/eluxfrio.com.br\/sao-paulo\/conserto-de-fogao-consolacao\/\"><strong>Conserto de Fog\u00e3o Consola\u00e7\u00e3o<\/strong><\/a><\/li>\n<li><a href=\"https:\/\/eluxfrio.com.br\/sao-paulo\/conserto-de-fogao-vila-mascote\/\"><strong>Conserto de Fog\u00e3o Vila Mascote<\/strong><\/a><\/li>\n<li><a href=\"https:\/\/eluxfrio.com.br\/sao-paulo\/conserto-de-fogao-santo-amaro\/\"><strong>Conserto de Fog\u00e3o Santo Amaro<\/strong><\/a><\/li>\n<\/ul>\n<p>[\/vc_column_text][\/vc_column_inner][\/vc_row_inner][vc_empty_space height=&#8221;40px&#8221;][\/vc_column][\/vc_row]<\/p>\n","protected":false},"excerpt":{"rendered":"<p>[vc_row][vc_column][vc_column_text] Problemas com seu fog\u00e3o? O conserto de fog\u00e3o em S\u00e3o Paulo \u00e9 muito pesquisado, geralmente n\u00e3o se sabe em que empresa confiar para deixar seu eletrodom\u00e9stico funcionando novamente. A Eluxfrio, al\u00e9m de confi\u00e1vel, \u00e9 a melhor assist\u00eancia t\u00e9cnica de S\u00e3o Paulo, conta-se com profissionalismo, garantia de 90 dias, e uma experi\u00eancia de 10 anos [&hellip;]<\/p>\n","protected":false},"author":1,"featured_media":0,"parent":0,"menu_order":0,"comment_status":"closed","ping_status":"closed","template":"","meta":[],"yst_prominent_words":[],"_links":{"self":[{"href":"https:\/\/eluxfrio.com.br\/sao-paulo\/wp-json\/wp\/v2\/pages\/1704"}],"collection":[{"href":"https:\/\/eluxfrio.com.br\/sao-paulo\/wp-json\/wp\/v2\/pages"}],"about":[{"href":"https:\/\/eluxfrio.com.br\/sao-paulo\/wp-json\/wp\/v2\/types\/page"}],"author":[{"embeddable":true,"href":"https:\/\/eluxfrio.com.br\/sao-paulo\/wp-json\/wp\/v2\/users\/1"}],"replies":[{"embeddable":true,"href":"https:\/\/eluxfrio.com.br\/sao-paulo\/wp-json\/wp\/v2\/comments?post=1704"}],"version-history":[{"count":0,"href":"https:\/\/eluxfrio.com.br\/sao-paulo\/wp-json\/wp\/v2\/pages\/1704\/revisions"}],"wp:attachment":[{"href":"https:\/\/eluxfrio.com.br\/sao-paulo\/wp-json\/wp\/v2\/media?parent=1704"}],"wp:term":[{"taxonomy":"yst_prominent_words","embeddable":true,"href":"https:\/\/eluxfrio.com.br\/sao-paulo\/wp-json\/wp\/v2\/yst_prominent_words?post=1704"}],"curies":[{"name":"wp","href":"https:\/\/api.w.org\/{rel}","templated":true}]}}