{"id":1705,"date":"2022-09-19T16:07:09","date_gmt":"2022-09-19T19:07:09","guid":{"rendered":"https:\/\/eluxfrio.com.br\/sao-paulo\/?page_id=1705"},"modified":"2025-05-12T12:16:24","modified_gmt":"2025-05-12T15:16:24","slug":"assistencia-tecnica-brastemp","status":"publish","type":"page","link":"https:\/\/eluxfrio.com.br\/sao-paulo\/assistencia-tecnica-brastemp\/","title":{"rendered":"Assist\u00eancia T\u00e9cnica Brastemp"},"content":{"rendered":"<p>[vc_row][vc_column][vc_column_text]A<a href=\"https:\/\/eluxfrio.com.br\/sao-paulo\/empresa-de-assistencia-tecnica-sp\/\"><strong> Eluxfrio<\/strong><\/a> est\u00e1 aqui para realizar com efic\u00e1cia o <strong>conserto de sua Brastemp<\/strong>, contamos sempre com profissionais qualificados, pre\u00e7os imperd\u00edveis, pe\u00e7as originais, e como queremos realmente solucionar seu problema da melhor forma poss\u00edvel, disponibilizamos a incr\u00edvel garantia de 90 dias.<\/p>\n<h2 style=\"text-align: center;\">Seu aparelho de eletrodom\u00e9stico parou de funcionar?<\/h2>\n<p>Recomendamos que n\u00e3o tente consert\u00e1-lo sozinho, pode ser muito complicado de se resolver sem experi\u00eancia e equipamento necess\u00e1rio, danificando-o ainda mais, entre em contato com uma <strong>assist\u00eancia t\u00e9cnica<\/strong> de qualidade para resolver seu problema. <strong>Eluxfrio<\/strong> est\u00e1 dispon\u00edvel para o servi\u00e7o, a melhor <a href=\"https:\/\/eluxfrio.com.br\/sao-paulo\/assistencia-tecnica-sp\/\"><strong>assist\u00eancia t\u00e9cnica de S\u00e3o Paulo<\/strong><\/a> aguarda seu contato![\/vc_column_text][vc_empty_space height=&#8221;40px&#8221;][\/vc_column][\/vc_row][vc_row][vc_column width=&#8221;1\/2&#8243;][vc_btn title=&#8221;WHATSAPP ASSIST\u00caNCIA 24H&#8221; style=&#8221;custom&#8221; custom_background=&#8221;#00aa08&#8243; custom_text=&#8221;#ffffff&#8221; shape=&#8221;round&#8221; size=&#8221;lg&#8221; align=&#8221;center&#8221; i_align=&#8221;right&#8221; i_icon_fontawesome=&#8221;fa fa-whatsapp&#8221; link=&#8221;url:https%3A%2F%2Fapi.whatsapp.com%2Fsend%3Fphone%3D551127701103%26text%3DPreciso%2520de%2520uma%2520Assist%25C3%25AAncia%2520T%25C3%25A9cnica%2520para%2520o%2520meu%2520Eletrodom%25C3%25A9stico&#8230;||target:%20_blank|&#8221; add_icon=&#8221;true&#8221;][\/vc_column][vc_column width=&#8221;1\/2&#8243;][vc_btn title=&#8221;LIGUE AGORA: (11) 2770-1103&#8243; style=&#8221;custom&#8221; custom_background=&#8221;#2a00a8&#8243; custom_text=&#8221;#ffffff&#8221; shape=&#8221;round&#8221; size=&#8221;lg&#8221; align=&#8221;center&#8221; i_icon_fontawesome=&#8221;fa fa-phone&#8221; link=&#8221;url:tel%3A%2B551127701103||target:%20_blank|&#8221; add_icon=&#8221;true&#8221;][\/vc_column][\/vc_row][vc_row][vc_column][vc_empty_space height=&#8221;40px&#8221;][vc_column_text]Oferecemos o <strong>conserto de sua Brastemp<\/strong>, esta empresa de eletrodom\u00e9sticos foi criada em 1954, sua f\u00e1brica foi fundada em Rio Claro pelo grupo Brasmotor, visando uma performance superior, sempre ressaltando produtos de alta qualidade e designers com um prop\u00f3sito. Criou a primeira lavadora de roupas autom\u00e1tica em 1959, que foi um de seus maiores sucessos.<\/p>\n<p>Em <strong>S\u00e3o Paulo<\/strong> agora estamos dispon\u00edveis para o <strong>conserto Brastemp<\/strong>, possu\u00edmos grande conhecimento e profissionais qualificados para que sejam realizados os consertos de seus aparelhos eletrodom\u00e9sticos, tais como: <strong>conserto freezer<\/strong>,<strong> conserto forno el\u00e9trico<\/strong>, <a href=\"https:\/\/eluxfrio.com.br\/sao-paulo\/conserto-de-geladeira-sp\/\"><strong>conserto geladeira<\/strong><\/a>, <a href=\"https:\/\/eluxfrio.com.br\/sao-paulo\/conserto-de-microondas\/\"><strong>conserto microondas<\/strong><\/a>, <strong>conserto refrigerador<\/strong>, <strong>conserto lava e seca<\/strong>, <strong>conserto secadora, <a href=\"https:\/\/eluxfrio.com.br\/sao-paulo\/conserto-de-maquina-de-lavar-sp\/\">conserto m\u00e1quina de lavar<\/a><\/strong>, <a href=\"https:\/\/eluxfrio.com.br\/sao-paulo\/conserto-de-fogao-sp\/\"><strong>conserto fog\u00e3o<\/strong><\/a> e sempre utilizando pe\u00e7as originais com servi\u00e7o de qualidade.<\/p>\n<p>Sempre visando o melhor para voc\u00ea, a <strong>Eluxfrio<\/strong> est\u00e1 aqui para te ajudar, conte com nossa equipe! Com 10 anos de experi\u00eancia, podemos garantir o conserto de seu eletrodom\u00e9stico, n\u00e3o perca tempo, entre agora em <strong>contato por WhatsApp<\/strong> para saber mais e marcar uma avalia\u00e7\u00e3o, te aguardamos! Oferecemos ao nosso cliente um<strong> pagamento facilitado seja em dinheiro, cart\u00e3o de d\u00e9bito ou cr\u00e9dito e agora tamb\u00e9m o PIX.<\/strong>[\/vc_column_text][vc_empty_space height=&#8221;40px&#8221;][\/vc_column][\/vc_row][vc_row][vc_column width=&#8221;1\/2&#8243;][vc_btn title=&#8221;WHATSAPP ASSIST\u00caNCIA 24H&#8221; style=&#8221;custom&#8221; custom_background=&#8221;#00aa08&#8243; custom_text=&#8221;#ffffff&#8221; shape=&#8221;round&#8221; size=&#8221;lg&#8221; align=&#8221;center&#8221; i_align=&#8221;right&#8221; i_icon_fontawesome=&#8221;fa fa-whatsapp&#8221; link=&#8221;url:https%3A%2F%2Fapi.whatsapp.com%2Fsend%3Fphone%3D551127701103%26text%3DPreciso%2520de%2520uma%2520Assist%25C3%25AAncia%2520T%25C3%25A9cnica%2520para%2520o%2520meu%2520Eletrodom%25C3%25A9stico&#8230;||target:%20_blank|&#8221; add_icon=&#8221;true&#8221;][\/vc_column][vc_column width=&#8221;1\/2&#8243;][vc_btn title=&#8221;LIGUE AGORA: (11) 2770-1103&#8243; style=&#8221;custom&#8221; custom_background=&#8221;#2a00a8&#8243; custom_text=&#8221;#ffffff&#8221; shape=&#8221;round&#8221; size=&#8221;lg&#8221; align=&#8221;center&#8221; i_icon_fontawesome=&#8221;fa fa-phone&#8221; link=&#8221;url:tel%3A%2B551127701103||target:%20_blank|&#8221; add_icon=&#8221;true&#8221;][\/vc_column][\/vc_row][vc_row][vc_column][vc_empty_space height=&#8221;40px&#8221;][\/vc_column][\/vc_row]<\/p>\n","protected":false},"excerpt":{"rendered":"<p>[vc_row][vc_column][vc_column_text]A Eluxfrio est\u00e1 aqui para realizar com efic\u00e1cia o conserto de sua Brastemp, contamos sempre com profissionais qualificados, pre\u00e7os imperd\u00edveis, pe\u00e7as originais, e como queremos realmente solucionar seu problema da melhor forma poss\u00edvel, disponibilizamos a incr\u00edvel garantia de 90 dias. Seu aparelho de eletrodom\u00e9stico parou de funcionar? Recomendamos que n\u00e3o tente consert\u00e1-lo sozinho, pode ser [&hellip;]<\/p>\n","protected":false},"author":1,"featured_media":0,"parent":0,"menu_order":0,"comment_status":"closed","ping_status":"closed","template":"","meta":[],"yst_prominent_words":[],"_links":{"self":[{"href":"https:\/\/eluxfrio.com.br\/sao-paulo\/wp-json\/wp\/v2\/pages\/1705"}],"collection":[{"href":"https:\/\/eluxfrio.com.br\/sao-paulo\/wp-json\/wp\/v2\/pages"}],"about":[{"href":"https:\/\/eluxfrio.com.br\/sao-paulo\/wp-json\/wp\/v2\/types\/page"}],"author":[{"embeddable":true,"href":"https:\/\/eluxfrio.com.br\/sao-paulo\/wp-json\/wp\/v2\/users\/1"}],"replies":[{"embeddable":true,"href":"https:\/\/eluxfrio.com.br\/sao-paulo\/wp-json\/wp\/v2\/comments?post=1705"}],"version-history":[{"count":0,"href":"https:\/\/eluxfrio.com.br\/sao-paulo\/wp-json\/wp\/v2\/pages\/1705\/revisions"}],"wp:attachment":[{"href":"https:\/\/eluxfrio.com.br\/sao-paulo\/wp-json\/wp\/v2\/media?parent=1705"}],"wp:term":[{"taxonomy":"yst_prominent_words","embeddable":true,"href":"https:\/\/eluxfrio.com.br\/sao-paulo\/wp-json\/wp\/v2\/yst_prominent_words?post=1705"}],"curies":[{"name":"wp","href":"https:\/\/api.w.org\/{rel}","templated":true}]}}