{"id":1706,"date":"2022-09-19T16:11:55","date_gmt":"2022-09-19T19:11:55","guid":{"rendered":"https:\/\/eluxfrio.com.br\/sao-paulo\/?page_id=1706"},"modified":"2025-05-12T12:16:16","modified_gmt":"2025-05-12T15:16:16","slug":"assistencia-tecnica-electrolux","status":"publish","type":"page","link":"https:\/\/eluxfrio.com.br\/sao-paulo\/assistencia-tecnica-electrolux\/","title":{"rendered":"Assist\u00eancia T\u00e9cnica Electrolux"},"content":{"rendered":"<p>[vc_row][vc_column][vc_column_text]Nossa<a href=\"https:\/\/eluxfrio.com.br\/sao-paulo\/assistencia-tecnica-sp\/\"><strong> assist\u00eancia t\u00e9cnica<\/strong><\/a> tem o prazer de disponibilizar \u00e0 voc\u00ea, cliente, servi\u00e7os de primeira m\u00e3o feitos com qualidade, efic\u00e1cia, prontid\u00e3o e profissionalismo. Agora estamos na cidade de <strong>S\u00e3o Paulo<\/strong>, buscando sempre o melhor para voc\u00ea!<\/p>\n<p><strong>Conserto Electrolux<\/strong>, aparelhos eletrodom\u00e9sticos s\u00e3o aparelhos de uso di\u00e1rio essenciais para o dia-a-dia, formados com m\u00faltiplas pe\u00e7as, se tornando algo complicado de entender o funcionamento de cada pe\u00e7a, quando uma pessoa n\u00e3o especializada nestes assuntos tenta fazer um conserto ou avalia\u00e7\u00e3o por conta pr\u00f3pria, o mais prov\u00e1vel que aconte\u00e7a \u00e9 que tal curiosidade acabe prejudicando ainda mais o aparelho.<\/p>\n<h2 style=\"text-align: center;\">Oferecemos nossos servi\u00e7os de assist\u00eancia t\u00e9cnica Electrolux em S\u00e3o Paulo<\/h2>\n<p>Uma das melhores marcas cuja o nome apenas cresce, com seus 100 anos de hist\u00f3ria, a empresa Sueca que teve seu in\u00edcio vendendo aspirador de p\u00f3, em m\u00e9todo porta em porta, agora \u00e9 uma das marcas mais famosas do mundo, visando a sustentabilidade disponibilizando o melhor para seus clientes sem agredir a natureza.[\/vc_column_text][vc_empty_space height=&#8221;40px&#8221;][\/vc_column][\/vc_row][vc_row][vc_column width=&#8221;1\/2&#8243;][vc_btn title=&#8221;WHATSAPP ASSIST\u00caNCIA 24H&#8221; style=&#8221;custom&#8221; custom_background=&#8221;#00aa08&#8243; custom_text=&#8221;#ffffff&#8221; shape=&#8221;round&#8221; size=&#8221;lg&#8221; align=&#8221;center&#8221; i_align=&#8221;right&#8221; i_icon_fontawesome=&#8221;fa fa-whatsapp&#8221; link=&#8221;url:https%3A%2F%2Fapi.whatsapp.com%2Fsend%3Fphone%3D551127701103%26text%3DPreciso%2520de%2520uma%2520Assist%25C3%25AAncia%2520T%25C3%25A9cnica%2520para%2520o%2520meu%2520Eletrodom%25C3%25A9stico&#8230;||target:%20_blank|&#8221; add_icon=&#8221;true&#8221;][\/vc_column][vc_column width=&#8221;1\/2&#8243;][vc_btn title=&#8221;LIGUE AGORA: (11) 2770-1103&#8243; style=&#8221;custom&#8221; custom_background=&#8221;#2a00a8&#8243; custom_text=&#8221;#ffffff&#8221; shape=&#8221;round&#8221; size=&#8221;lg&#8221; align=&#8221;center&#8221; i_icon_fontawesome=&#8221;fa fa-phone&#8221; link=&#8221;url:tel%3A%2B551127701103||target:%20_blank|&#8221; add_icon=&#8221;true&#8221;][\/vc_column][\/vc_row][vc_row][vc_column][vc_empty_space height=&#8221;40px&#8221;][vc_column_text]Possu\u00edmos pe\u00e7as originais, profissionais competentes e de extrema qualifica\u00e7\u00e3o, tudo isso e ainda por pre\u00e7os imperd\u00edveis, pois nosso maior objetivo \u00e9 te ajudar, sempre de forma profissional e qualificada, por isso contamos com a incr\u00edvel garantia de 90 dias. N\u00e3o perca esta grande oportunidade!<\/p>\n<p>Os <strong>reparos eletrodom\u00e9sticos da Electrolux<\/strong>, possui uma forte demanda, devido a procura, separamos alguns aparelhos que j\u00e1 conhecemos e possu\u00edmos vasta experi\u00eancia quando o assunto \u00e9 manuten\u00e7\u00e3o, tais como: <a href=\"https:\/\/eluxfrio.com.br\/sao-paulo\/conserto-de-geladeira-sp\/\"><strong>conserto de geladeira<\/strong><\/a>, <strong>conserto lava e seca<\/strong>, <strong>conserto secadora<\/strong>, <a href=\"https:\/\/eluxfrio.com.br\/sao-paulo\/conserto-de-maquina-de-lavar-sp\/\"><strong>conserto m\u00e1quina de lavar<\/strong><\/a>, <a href=\"https:\/\/eluxfrio.com.br\/sao-paulo\/conserto-de-fogao-sp\/\"><strong>conserto de fog\u00e3o<\/strong><\/a>, <strong>conserto de forno el\u00e9trico<\/strong>, <a href=\"https:\/\/eluxfrio.com.br\/sao-paulo\/conserto-de-microondas\/\"><strong>conserto de microondas<\/strong><\/a>, <strong>conserto de freezer<\/strong>, <strong>conserto de refrigerador<\/strong> e sempre fazendo uma \u00f3tima avalia\u00e7\u00e3o para voc\u00ea na sua casa!<\/p>\n<p>N\u00e3o fique de fora, a <a href=\"https:\/\/eluxfrio.com.br\/sao-paulo\/empresa-de-assistencia-tecnica-sp\/\"><strong>Eluxfrio<\/strong><\/a> \u00e9 a <a href=\"https:\/\/eluxfrio.com.br\/sao-paulo\/conserto-de-eletrodomestico-sao-paulo\/\"><strong>assist\u00eancia t\u00e9cnica<\/strong><\/a> que faz o melhor por voc\u00ea, e como um <strong>eletrodom\u00e9stico da Electrolux<\/strong> n\u00e3o tem hora para parar de funcionar, n\u00f3s estaremos 24 horas por dia aqui para te responder, entre em contato, n\u00e3o perca mais tempo, deixe-nos ajudar com seu problema, possu\u00edmos garantia de 90 dias, os mais capacitados profissionais, pe\u00e7as originais, as melhores ofertas e sempre buscamos fazer o melhor por voc\u00ea! Oferecemos ao nosso cliente um<strong> pagamento facilitado seja em dinheiro, cart\u00e3o de d\u00e9bito ou cr\u00e9dito e agora tamb\u00e9m o PIX.<\/strong>[\/vc_column_text][vc_empty_space height=&#8221;40px&#8221;][\/vc_column][\/vc_row][vc_row][vc_column width=&#8221;1\/2&#8243;][vc_btn title=&#8221;WHATSAPP ASSIST\u00caNCIA 24H&#8221; style=&#8221;custom&#8221; custom_background=&#8221;#00aa08&#8243; custom_text=&#8221;#ffffff&#8221; shape=&#8221;round&#8221; size=&#8221;lg&#8221; align=&#8221;center&#8221; i_align=&#8221;right&#8221; i_icon_fontawesome=&#8221;fa fa-whatsapp&#8221; link=&#8221;url:https%3A%2F%2Fapi.whatsapp.com%2Fsend%3Fphone%3D551127701103%26text%3DPreciso%2520de%2520uma%2520Assist%25C3%25AAncia%2520T%25C3%25A9cnica%2520para%2520o%2520meu%2520Eletrodom%25C3%25A9stico&#8230;||target:%20_blank|&#8221; add_icon=&#8221;true&#8221;][\/vc_column][vc_column width=&#8221;1\/2&#8243;][vc_btn title=&#8221;LIGUE AGORA: (11) 2770-1103&#8243; style=&#8221;custom&#8221; custom_background=&#8221;#2a00a8&#8243; custom_text=&#8221;#ffffff&#8221; shape=&#8221;round&#8221; size=&#8221;lg&#8221; align=&#8221;center&#8221; i_icon_fontawesome=&#8221;fa fa-phone&#8221; link=&#8221;url:tel%3A%2B551127701103||target:%20_blank|&#8221; add_icon=&#8221;true&#8221;][\/vc_column][\/vc_row][vc_row][vc_column][vc_empty_space height=&#8221;40px&#8221;][\/vc_column][\/vc_row]<\/p>\n","protected":false},"excerpt":{"rendered":"<p>[vc_row][vc_column][vc_column_text]Nossa assist\u00eancia t\u00e9cnica tem o prazer de disponibilizar \u00e0 voc\u00ea, cliente, servi\u00e7os de primeira m\u00e3o feitos com qualidade, efic\u00e1cia, prontid\u00e3o e profissionalismo. Agora estamos na cidade de S\u00e3o Paulo, buscando sempre o melhor para voc\u00ea! Conserto Electrolux, aparelhos eletrodom\u00e9sticos s\u00e3o aparelhos de uso di\u00e1rio essenciais para o dia-a-dia, formados com m\u00faltiplas pe\u00e7as, se tornando algo [&hellip;]<\/p>\n","protected":false},"author":1,"featured_media":0,"parent":0,"menu_order":0,"comment_status":"closed","ping_status":"closed","template":"","meta":[],"yst_prominent_words":[],"_links":{"self":[{"href":"https:\/\/eluxfrio.com.br\/sao-paulo\/wp-json\/wp\/v2\/pages\/1706"}],"collection":[{"href":"https:\/\/eluxfrio.com.br\/sao-paulo\/wp-json\/wp\/v2\/pages"}],"about":[{"href":"https:\/\/eluxfrio.com.br\/sao-paulo\/wp-json\/wp\/v2\/types\/page"}],"author":[{"embeddable":true,"href":"https:\/\/eluxfrio.com.br\/sao-paulo\/wp-json\/wp\/v2\/users\/1"}],"replies":[{"embeddable":true,"href":"https:\/\/eluxfrio.com.br\/sao-paulo\/wp-json\/wp\/v2\/comments?post=1706"}],"version-history":[{"count":0,"href":"https:\/\/eluxfrio.com.br\/sao-paulo\/wp-json\/wp\/v2\/pages\/1706\/revisions"}],"wp:attachment":[{"href":"https:\/\/eluxfrio.com.br\/sao-paulo\/wp-json\/wp\/v2\/media?parent=1706"}],"wp:term":[{"taxonomy":"yst_prominent_words","embeddable":true,"href":"https:\/\/eluxfrio.com.br\/sao-paulo\/wp-json\/wp\/v2\/yst_prominent_words?post=1706"}],"curies":[{"name":"wp","href":"https:\/\/api.w.org\/{rel}","templated":true}]}}