{"id":1743,"date":"2022-09-30T11:54:34","date_gmt":"2022-09-30T14:54:34","guid":{"rendered":"https:\/\/eluxfrio.com.br\/sao-paulo\/?page_id=1743"},"modified":"2025-05-12T12:16:22","modified_gmt":"2025-05-12T15:16:22","slug":"assistencia-tecnica-consul","status":"publish","type":"page","link":"https:\/\/eluxfrio.com.br\/sao-paulo\/assistencia-tecnica-consul\/","title":{"rendered":"Assist\u00eancia T\u00e9cnica Consul"},"content":{"rendered":"<p>[vc_row][vc_column][vc_column_text]<\/p>\n<h2 style=\"text-align: center;\">Seu aparelho Consul parou de funcionar?<\/h2>\n<p>A <strong>Consul<\/strong> \u00e9 uma marca conhecida, oferecendo aparelhos eletrodom\u00e9sticos de qualidade desde 1950, uma das principais marcas quando o assunto se trata de design inteligente, trabalhando para tornar a vida mais pr\u00e1tica. Com uma tecnologia avan\u00e7ada, design chamativo e cumprindo a promessa da alta qualidade, a Consul fornece:<strong><a href=\"https:\/\/eluxfrio.com.br\/sao-paulo\/conserto-de-fogao-sp\/\"> Fog\u00e3o<\/a>, <a href=\"https:\/\/eluxfrio.com.br\/sao-paulo\/conserto-de-geladeira-sp\/\">Geladeira<\/a>, <a href=\"https:\/\/eluxfrio.com.br\/sao-paulo\/conserto-de-microondas\/\">Microondas<\/a>, <a href=\"https:\/\/eluxfrio.com.br\/sao-paulo\/conserto-de-maquina-de-lavar-sp\/\">Maquina de Lavar<\/a>, Purificador de \u00e1gua, ar condicionado, fornos embutidos, coifas, cooktop, ar condicionado, aspirador de p\u00f3 e produtos inox Consul.<\/strong><\/p>\n<p>Ela \u00e9 uma das marcas respons\u00e1veis por trazer mais agilidade, conforto e efic\u00e1cia em tarefas di\u00e1rias, tamb\u00e9m mantendo a qualidade de seus produtos na hora de limpar sua casa. Com sua tecnologia e design inteligente, transforma seus eletrodom\u00e9sticos em aparelhos mais simples de se usar. Quando um aparelho <strong>Consul<\/strong> d\u00e1 defeito, torna a vida dos usu\u00e1rios mais complicada e dificulta no dia a dia ocasionando em desgastes f\u00edsicos e mentais.[\/vc_column_text][vc_empty_space height=&#8221;40px&#8221;][\/vc_column][\/vc_row][vc_row][vc_column width=&#8221;1\/2&#8243;][vc_btn title=&#8221;WHATSAPP ASSIST\u00caNCIA 24H&#8221; style=&#8221;custom&#8221; custom_background=&#8221;#00aa08&#8243; custom_text=&#8221;#ffffff&#8221; shape=&#8221;round&#8221; size=&#8221;lg&#8221; align=&#8221;center&#8221; i_align=&#8221;right&#8221; i_icon_fontawesome=&#8221;fa fa-whatsapp&#8221; link=&#8221;url:https%3A%2F%2Fapi.whatsapp.com%2Fsend%3Fphone%3D551127701103%26text%3DPreciso%2520de%2520uma%2520Assist%25C3%25AAncia%2520T%25C3%25A9cnica%2520para%2520o%2520meu%2520Eletrodom%25C3%25A9stico&#8230;||target:%20_blank|&#8221; add_icon=&#8221;true&#8221;][\/vc_column][vc_column width=&#8221;1\/2&#8243;][vc_btn title=&#8221;LIGUE AGORA: (11) 2770-1103&#8243; style=&#8221;custom&#8221; custom_background=&#8221;#2a00a8&#8243; custom_text=&#8221;#ffffff&#8221; shape=&#8221;round&#8221; size=&#8221;lg&#8221; align=&#8221;center&#8221; i_icon_fontawesome=&#8221;fa fa-phone&#8221; link=&#8221;url:tel%3A%2B551127701103||target:%20_blank|&#8221; add_icon=&#8221;true&#8221;][\/vc_column][\/vc_row][vc_row][vc_column][vc_empty_space height=&#8221;40px&#8221;][vc_column_text]<\/p>\n<h2 style=\"text-align: center;\">Preciso de uma Assist\u00eancia T\u00e9cnica Consul<\/h2>\n<p>Caso seu aparelho tenha quebrado, n\u00e3o recomenda-se realizar o conserto <em>\u201cpor conta pr\u00f3pria\u201d<\/em>, sempre busque uma <a href=\"https:\/\/eluxfrio.com.br\/sao-paulo\/assistencia-tecnica-sp\/\"><strong>assist\u00eancia t\u00e9cnica<\/strong> <\/a>com experi\u00eancia na \u00e1rea de <strong>conserto e manuten\u00e7\u00e3o Consul<\/strong>. Os <a href=\"https:\/\/eluxfrio.com.br\/sao-paulo\/conserto-de-eletrodomestico-sao-paulo\/\"><strong>consertos de eletrodom\u00e9sticos<\/strong><\/a> s\u00e3o complicados de serem realizados, nunca fa\u00e7a isso sozinho, contate um profissional!<\/p>\n<p>A nossa assist\u00eancia trabalha com <strong>pe\u00e7as originais<\/strong>, <strong>profissionais de qualidade<\/strong>, <strong>90 dias de garantia<\/strong>, <strong>atendimento 24 horas<\/strong> por dia e compromisso com o cliente, ainda contando-se com mais de <strong>10 anos de experi\u00eancia<\/strong>, essa empresa com toda certeza pode te ajudar, estamos falando da melhor <strong><a href=\"https:\/\/eluxfrio.com.br\/sao-paulo\/empresa-de-assistencia-tecnica-sp\/\">assist\u00eancia t\u00e9cnica de S\u00e3o Paulo a Eluxfrio<\/a>!<\/strong><\/p>\n<p>N\u00e3o fique de fora, <strong>entre em contato com a nossa assist\u00eancia t\u00e9cnica<\/strong> e marque uma avalia\u00e7\u00e3o com os melhores profissionais![\/vc_column_text][vc_empty_space height=&#8221;40px&#8221;][\/vc_column][\/vc_row][vc_row][vc_column width=&#8221;1\/2&#8243;][vc_btn title=&#8221;WHATSAPP ASSIST\u00caNCIA 24H&#8221; style=&#8221;custom&#8221; custom_background=&#8221;#00aa08&#8243; custom_text=&#8221;#ffffff&#8221; shape=&#8221;round&#8221; size=&#8221;lg&#8221; align=&#8221;center&#8221; i_align=&#8221;right&#8221; i_icon_fontawesome=&#8221;fa fa-whatsapp&#8221; link=&#8221;url:https%3A%2F%2Fapi.whatsapp.com%2Fsend%3Fphone%3D551127701103%26text%3DPreciso%2520de%2520uma%2520Assist%25C3%25AAncia%2520T%25C3%25A9cnica%2520para%2520o%2520meu%2520Eletrodom%25C3%25A9stico&#8230;||target:%20_blank|&#8221; add_icon=&#8221;true&#8221;][\/vc_column][vc_column width=&#8221;1\/2&#8243;][vc_btn title=&#8221;LIGUE AGORA: (11) 2770-1103&#8243; style=&#8221;custom&#8221; custom_background=&#8221;#2a00a8&#8243; custom_text=&#8221;#ffffff&#8221; shape=&#8221;round&#8221; size=&#8221;lg&#8221; align=&#8221;center&#8221; i_icon_fontawesome=&#8221;fa fa-phone&#8221; link=&#8221;url:tel%3A%2B551127701103||target:%20_blank|&#8221; add_icon=&#8221;true&#8221;][\/vc_column][\/vc_row][vc_row][vc_column][vc_empty_space height=&#8221;40px&#8221;][\/vc_column][\/vc_row]<\/p>\n","protected":false},"excerpt":{"rendered":"<p>[vc_row][vc_column][vc_column_text] Seu aparelho Consul parou de funcionar? A Consul \u00e9 uma marca conhecida, oferecendo aparelhos eletrodom\u00e9sticos de qualidade desde 1950, uma das principais marcas quando o assunto se trata de design inteligente, trabalhando para tornar a vida mais pr\u00e1tica. Com uma tecnologia avan\u00e7ada, design chamativo e cumprindo a promessa da alta qualidade, a Consul fornece: [&hellip;]<\/p>\n","protected":false},"author":1,"featured_media":0,"parent":0,"menu_order":0,"comment_status":"closed","ping_status":"closed","template":"","meta":[],"yst_prominent_words":[],"_links":{"self":[{"href":"https:\/\/eluxfrio.com.br\/sao-paulo\/wp-json\/wp\/v2\/pages\/1743"}],"collection":[{"href":"https:\/\/eluxfrio.com.br\/sao-paulo\/wp-json\/wp\/v2\/pages"}],"about":[{"href":"https:\/\/eluxfrio.com.br\/sao-paulo\/wp-json\/wp\/v2\/types\/page"}],"author":[{"embeddable":true,"href":"https:\/\/eluxfrio.com.br\/sao-paulo\/wp-json\/wp\/v2\/users\/1"}],"replies":[{"embeddable":true,"href":"https:\/\/eluxfrio.com.br\/sao-paulo\/wp-json\/wp\/v2\/comments?post=1743"}],"version-history":[{"count":0,"href":"https:\/\/eluxfrio.com.br\/sao-paulo\/wp-json\/wp\/v2\/pages\/1743\/revisions"}],"wp:attachment":[{"href":"https:\/\/eluxfrio.com.br\/sao-paulo\/wp-json\/wp\/v2\/media?parent=1743"}],"wp:term":[{"taxonomy":"yst_prominent_words","embeddable":true,"href":"https:\/\/eluxfrio.com.br\/sao-paulo\/wp-json\/wp\/v2\/yst_prominent_words?post=1743"}],"curies":[{"name":"wp","href":"https:\/\/api.w.org\/{rel}","templated":true}]}}