{"id":1753,"date":"2022-09-30T12:33:47","date_gmt":"2022-09-30T15:33:47","guid":{"rendered":"https:\/\/eluxfrio.com.br\/sao-paulo\/?page_id=1753"},"modified":"2025-05-14T15:48:52","modified_gmt":"2025-05-14T18:48:52","slug":"conserto-de-eletrodomestico-sao-paulo","status":"publish","type":"page","link":"https:\/\/eluxfrio.com.br\/sao-paulo\/conserto-de-eletrodomestico-sao-paulo\/","title":{"rendered":"Conserto de Eletrodom\u00e9stico S\u00e3o Paulo"},"content":{"rendered":"<p>[vc_row][vc_column][vc_column_text]Um <strong>eletrodom\u00e9stico<\/strong> quando para de funcionar, acaba dificultando tarefas dom\u00e9sticas que antes eram simples de serem conclu\u00eddas, quando a m\u00e1quina de lavar estraga, infelizmente somos levados a lavar as roupas a m\u00e3o, o que antes levavam pouco tempo agora \u00e9 mais complicado e demorado, podendo levar at\u00e9 dias para terminar de lavar toda roupa. Quando um refrigerador apresenta falhas ou para totalmente de funcionar, podendo at\u00e9 levar a perda de alimentos, ou quando o fog\u00e3o esta entupido, levando \u00e0 pr\u00e1tica imposs\u00edvel de preparo das refei\u00e7\u00f5es.<\/p>\n<p>Os eletrodom\u00e9sticos s\u00e3o necess\u00e1rios para praticamente todas as tarefas di\u00e1rias e conserva\u00e7\u00e3o de alimentos, atingindo diretamente o usu\u00e1rio.<br \/>\nE realizar o conserto de seu aparelho, pode n\u00e3o ser t\u00e3o simples assim, sempre recomendamos que nunca tente fazer a manuten\u00e7\u00f5es ou conserto do seu aparelho sozinho ou utilizando materiais inadequados, sempre busque um profissional de <a href=\"https:\/\/eluxfrio.com.br\/sao-paulo\/assistencia-tecnica-sp\/\"><strong>assist\u00eancia t\u00e9cnica de eletrodom\u00e9sticos<\/strong><\/a> qualificado para o servi\u00e7o.[\/vc_column_text][vc_empty_space height=&#8221;40px&#8221;][\/vc_column][\/vc_row][vc_row][vc_column width=&#8221;1\/2&#8243;][vc_btn title=&#8221;WHATSAPP ASSIST\u00caNCIA 24H&#8221; style=&#8221;custom&#8221; custom_background=&#8221;#00aa08&#8243; custom_text=&#8221;#ffffff&#8221; shape=&#8221;round&#8221; size=&#8221;lg&#8221; align=&#8221;center&#8221; i_align=&#8221;right&#8221; i_icon_fontawesome=&#8221;fa fa-whatsapp&#8221; link=&#8221;url:https%3A%2F%2Fapi.whatsapp.com%2Fsend%3Fphone%3D551127701103%26text%3DPreciso%2520de%2520uma%2520Assist%25C3%25AAncia%2520T%25C3%25A9cnica%2520para%2520o%2520meu%2520Eletrodom%25C3%25A9stico&#8230;||target:%20_blank|&#8221; add_icon=&#8221;true&#8221;][\/vc_column][vc_column width=&#8221;1\/2&#8243;][vc_btn title=&#8221;LIGUE AGORA: (11) 2770-1103&#8243; style=&#8221;custom&#8221; custom_background=&#8221;#2a00a8&#8243; custom_text=&#8221;#ffffff&#8221; shape=&#8221;round&#8221; size=&#8221;lg&#8221; align=&#8221;center&#8221; i_icon_fontawesome=&#8221;fa fa-phone&#8221; link=&#8221;url:tel%3A%2B551127701103||target:%20_blank|&#8221; add_icon=&#8221;true&#8221;][\/vc_column][\/vc_row][vc_row][vc_column][vc_empty_space height=&#8221;40px&#8221;][vc_column_text]<\/p>\n<h2 style=\"text-align: center;\">Onde encontrar um conserto de eletrodom\u00e9stico em S\u00e3o Paulo<\/h2>\n<p>A <a href=\"https:\/\/eluxfrio.com.br\/sao-paulo\/empresa-de-assistencia-tecnica-sp\/\"><strong>Eluxfrio<\/strong><\/a> realiza seu <a href=\"https:\/\/eluxfrio.com.br\/sao-paulo\/conserto-de-eletrodomestico-sao-paulo\/\"><strong>conserto de eletrodom\u00e9stico em S\u00e3o Paulo<\/strong><\/a>. Empresa j\u00e1 conhecida na cidade do Rio de Janeiro por ser a melhor no que faz, agora estamos mais pr\u00f3xima de voc\u00ea para a manuten\u00e7\u00e3o da sua casa.<\/p>\n<p>Com experi\u00eancia no mercado h\u00e1 mais de 10 anos, a <strong>Eluxfrio<\/strong> promete qualidade e pe\u00e7as originais para o <strong><a href=\"https:\/\/eluxfrio.com.br\/sao-paulo\/conserto-de-geladeira-sp\/\">Conserto de Geladeira<\/a>, <a href=\"https:\/\/eluxfrio.com.br\/sao-paulo\/conserto-de-fogao-sp\/\">Conserto de Fog\u00e3o<\/a>, <a href=\"https:\/\/eluxfrio.com.br\/sao-paulo\/conserto-de-maquina-de-lavar-sp\/\">Conserto de M\u00e1quina de Lavar<\/a>, <a href=\"https:\/\/eluxfrio.com.br\/sao-paulo\/conserto-de-maquina-lava-e-seca-sp\/\">Conserto de Lava e Seca<\/a>, <a href=\"https:\/\/eluxfrio.com.br\/sao-paulo\/conserto-de-forno-sp\/\">Conserto de Forno<\/a>, <a href=\"https:\/\/eluxfrio.com.br\/sao-paulo\/conserto-de-geladeira-sp\/\">Conserto de Geladeira<\/a>, <a href=\"https:\/\/eluxfrio.com.br\/sao-paulo\/conserto-de-microondas\/\">Conserto de Microondas<\/a>, <a href=\"https:\/\/eluxfrio.com.br\/sao-paulo\/conserto-de-purificador-de-agua-sp\/\">Conserto de Purificador de \u00c1gua<\/a>, <a href=\"https:\/\/eluxfrio.com.br\/sao-paulo\/conserto-de-lava-louca-sp\/\">Conserto de Lava Lou\u00e7as<\/a>, Conserto de Freezer e Conserto de Aquecedor<\/strong>. Contamos com profissionais competentes e uma incr\u00edvel garantia de 90 dias para os consertos e instal\u00e7\u00f5es.<\/p>\n<p>A <strong>assist\u00eancia t\u00e9cnica de eletrodom\u00e9sticos<\/strong>, com o prop\u00f3sito de te ajudar fazendo <a href=\"https:\/\/eluxfrio.com.br\/sao-paulo\/conserto-de-eletrodomestico-sao-paulo\/\"><strong>conserto de eletrodom\u00e9stico<\/strong><\/a>. Temos experi\u00eancia com as maiores marcas do mercado: <strong><a href=\"https:\/\/eluxfrio.com.br\/sao-paulo\/assistencia-tecnica-brastemp\/\">Brastemp<\/a>, <a href=\"https:\/\/eluxfrio.com.br\/sao-paulo\/assistencia-tecnica-electrolux\/\">Electrolux<\/a>, <a href=\"https:\/\/eluxfrio.com.br\/sao-paulo\/assistencia-tecnica-consul\/\">Consul<\/a>, <a href=\"https:\/\/eluxfrio.com.br\/sao-paulo\/assistencia-tecnica-continental\/\">Continental<\/a>, <a href=\"https:\/\/eluxfrio.com.br\/sao-paulo\/assistencia-tecnica-samsung\/\">Samsung<\/a>, <a href=\"https:\/\/eluxfrio.com.br\/sao-paulo\/assistencia-tecnica-lg\/\">LG<\/a>,<a href=\"https:\/\/eluxfrio.com.br\/sao-paulo\/assistencia-tecnica-ge\/\"> GE<\/a>, <a href=\"https:\/\/eluxfrio.com.br\/sao-paulo\/assistencia-tecnica-dako\/\">DAKO<\/a> e <a href=\"https:\/\/eluxfrio.com.br\/sao-paulo\/assistencia-tecnica-bosch\/\">Bosch<\/a>.<\/strong><\/p>\n<p>Entre em contato agora mesmo, garantimos que somos a melhor solu\u00e7\u00e3o, resolva hoje mesmo o problema do seu <strong>eletrodom\u00e9stico<\/strong>, n\u00e3o espere e chame a nossa <strong>assist\u00eancia t\u00e9cnica pelo Whatsapp<\/strong> que realizaremos todos os consertos necess\u00e1rios.[\/vc_column_text][vc_empty_space height=&#8221;40px&#8221;][\/vc_column][\/vc_row][vc_row][vc_column width=&#8221;1\/2&#8243;][vc_btn title=&#8221;WHATSAPP ASSIST\u00caNCIA 24H&#8221; style=&#8221;custom&#8221; custom_background=&#8221;#00aa08&#8243; custom_text=&#8221;#ffffff&#8221; shape=&#8221;round&#8221; size=&#8221;lg&#8221; align=&#8221;center&#8221; i_align=&#8221;right&#8221; i_icon_fontawesome=&#8221;fa fa-whatsapp&#8221; link=&#8221;url:https%3A%2F%2Fapi.whatsapp.com%2Fsend%3Fphone%3D551127701103%26text%3DPreciso%2520de%2520uma%2520Assist%25C3%25AAncia%2520T%25C3%25A9cnica%2520para%2520o%2520meu%2520Eletrodom%25C3%25A9stico&#8230;||target:%20_blank|&#8221; add_icon=&#8221;true&#8221;][\/vc_column][vc_column width=&#8221;1\/2&#8243;][vc_btn title=&#8221;LIGUE AGORA: (11) 2770-1103&#8243; style=&#8221;custom&#8221; custom_background=&#8221;#2a00a8&#8243; custom_text=&#8221;#ffffff&#8221; shape=&#8221;round&#8221; size=&#8221;lg&#8221; align=&#8221;center&#8221; i_icon_fontawesome=&#8221;fa fa-phone&#8221; link=&#8221;url:tel%3A%2B551127701103||target:%20_blank|&#8221; add_icon=&#8221;true&#8221;][\/vc_column][\/vc_row][vc_row][vc_column][vc_empty_space height=&#8221;40px&#8221;][\/vc_column][\/vc_row]<\/p>\n","protected":false},"excerpt":{"rendered":"<p>[vc_row][vc_column][vc_column_text]Um eletrodom\u00e9stico quando para de funcionar, acaba dificultando tarefas dom\u00e9sticas que antes eram simples de serem conclu\u00eddas, quando a m\u00e1quina de lavar estraga, infelizmente somos levados a lavar as roupas a m\u00e3o, o que antes levavam pouco tempo agora \u00e9 mais complicado e demorado, podendo levar at\u00e9 dias para terminar de lavar toda roupa. Quando [&hellip;]<\/p>\n","protected":false},"author":1,"featured_media":0,"parent":0,"menu_order":0,"comment_status":"closed","ping_status":"closed","template":"","meta":[],"yst_prominent_words":[],"_links":{"self":[{"href":"https:\/\/eluxfrio.com.br\/sao-paulo\/wp-json\/wp\/v2\/pages\/1753"}],"collection":[{"href":"https:\/\/eluxfrio.com.br\/sao-paulo\/wp-json\/wp\/v2\/pages"}],"about":[{"href":"https:\/\/eluxfrio.com.br\/sao-paulo\/wp-json\/wp\/v2\/types\/page"}],"author":[{"embeddable":true,"href":"https:\/\/eluxfrio.com.br\/sao-paulo\/wp-json\/wp\/v2\/users\/1"}],"replies":[{"embeddable":true,"href":"https:\/\/eluxfrio.com.br\/sao-paulo\/wp-json\/wp\/v2\/comments?post=1753"}],"version-history":[{"count":0,"href":"https:\/\/eluxfrio.com.br\/sao-paulo\/wp-json\/wp\/v2\/pages\/1753\/revisions"}],"wp:attachment":[{"href":"https:\/\/eluxfrio.com.br\/sao-paulo\/wp-json\/wp\/v2\/media?parent=1753"}],"wp:term":[{"taxonomy":"yst_prominent_words","embeddable":true,"href":"https:\/\/eluxfrio.com.br\/sao-paulo\/wp-json\/wp\/v2\/yst_prominent_words?post=1753"}],"curies":[{"name":"wp","href":"https:\/\/api.w.org\/{rel}","templated":true}]}}