{"id":1961,"date":"2023-02-09T16:32:44","date_gmt":"2023-02-09T19:32:44","guid":{"rendered":"https:\/\/eluxfrio.com.br\/sao-paulo\/?page_id=1961"},"modified":"2025-05-14T15:35:54","modified_gmt":"2025-05-14T18:35:54","slug":"conserto-de-fogao-itaim-bibi","status":"publish","type":"page","link":"https:\/\/eluxfrio.com.br\/sao-paulo\/conserto-de-fogao-itaim-bibi\/","title":{"rendered":"Conserto de Fog\u00e3o Itaim Bibi"},"content":{"rendered":"<p>[vc_row][vc_column][vc_column_text]<\/p>\n<h2 style=\"text-align: center;\"><strong>Precisando de conserto de fog\u00e3o aqui no Itaim Bibi?<\/strong><\/h2>\n<p style=\"text-align: center;\">Nossos especialistas em conserto de fog\u00f5es est\u00e3o prontos para ajudar.<\/p>\n<p>[\/vc_column_text][vc_empty_space height=&#8221;40px&#8221;][\/vc_column][\/vc_row][vc_row][vc_column][vc_empty_space height=&#8221;40px&#8221;][vc_row_inner][vc_column_inner width=&#8221;1\/2&#8243;][vc_btn title=&#8221;WHATSAPP ASSIST\u00caNCIA 24H&#8221; style=&#8221;custom&#8221; custom_background=&#8221;#00aa08&#8243; custom_text=&#8221;#ffffff&#8221; shape=&#8221;round&#8221; size=&#8221;lg&#8221; align=&#8221;center&#8221; i_align=&#8221;right&#8221; i_icon_fontawesome=&#8221;fa fa-whatsapp&#8221; link=&#8221;url:https%3A%2F%2Fapi.whatsapp.com%2Fsend%3Fphone%3D551127701103%26text%3DPreciso%2520de%2520uma%2520Assist%25C3%25AAncia%2520T%25C3%25A9cnica%2520para%2520o%2520meu%2520Eletrodom%25C3%25A9stico&#8230;||target:%20_blank|&#8221; add_icon=&#8221;true&#8221;][\/vc_column_inner][vc_column_inner width=&#8221;1\/2&#8243;][vc_btn title=&#8221;LIGUE AGORA: (11) 2770-1103&#8243; style=&#8221;custom&#8221; custom_background=&#8221;#2a00a8&#8243; custom_text=&#8221;#ffffff&#8221; shape=&#8221;round&#8221; size=&#8221;lg&#8221; align=&#8221;center&#8221; i_icon_fontawesome=&#8221;fa fa-phone&#8221; link=&#8221;url:tel%3A%2B551127701103||target:%20_blank|&#8221; add_icon=&#8221;true&#8221;][\/vc_column_inner][\/vc_row_inner][vc_empty_space height=&#8221;40px&#8221;][\/vc_column][\/vc_row][vc_row][vc_column][vc_empty_space height=&#8221;40px&#8221;][vc_column_text]Sabemos como pode ser frustrante quando seu fog\u00e3o n\u00e3o funciona direito ou para de funcionar nos momentos mais inoportunos. Quando voc\u00ea utilizar nosso servi\u00e7o de <strong>assist\u00eancia t\u00e9cnica de fog\u00e3o<\/strong>, suas frustra\u00e7\u00f5es ser\u00e3o coisa do passado. Quando se trata de fog\u00f5es modernos, tentar resolver o problema sozinho pode ser uma tarefa complicada. Os aparelhos de hoje precisam de conhecimento e ferramentas especiais para garantir que sejam devidamente reparados antes de serem operados novamente.<\/p>\n<p>Todos que adquirem um fog\u00e3o, esperam que ele facilite sua vida, agregando praticidade em nosso dia-a-dia. Mas, o que acontece quando seu forno n\u00e3o est\u00e1 esquentando direito? Ou uma ou mais fun\u00e7\u00f5es n\u00e3o est\u00e3o funcionando plenamente? Independentemente de precisar de ajuda com o fog\u00e3o ou o forno, voc\u00ea pode contar com os servi\u00e7os profissionais da <strong>Eluxfrio<\/strong> para fazer o trabalho por voc\u00ea.<\/p>\n<p>Atendemos as mais diversas marcas. Ao procurar <strong>conserto de fog\u00e3o no Itaim Bibi<\/strong> ou <strong>assist\u00eancia t\u00e9cnica de fog\u00e3o a g\u00e1s ou el\u00e9trico<\/strong>, estaremos a apenas um telefonema de dist\u00e2ncia. As marcas que atendemos incluem:[\/vc_column_text][vc_empty_space height=&#8221;40px&#8221;][\/vc_column][\/vc_row][vc_row][vc_column width=&#8221;1\/4&#8243;][vc_single_image image=&#8221;1939&#8243; img_size=&#8221;full&#8221; alignment=&#8221;center&#8221; onclick=&#8221;custom_link&#8221; link=&#8221;https:\/\/eluxfrio.com.br\/sao-paulo\/assistencia-tecnica-brastemp\/&#8221;][vc_empty_space height=&#8221;10px&#8221;][vc_column_text]<\/p>\n<p style=\"text-align: center;\"><a href=\"https:\/\/eluxfrio.com.br\/sao-paulo\/assistencia-tecnica-brastemp\/\"><strong>Brastemp<\/strong><\/a><\/p>\n<p>[\/vc_column_text][\/vc_column][vc_column width=&#8221;1\/4&#8243;][vc_single_image image=&#8221;1942&#8243; img_size=&#8221;full&#8221; alignment=&#8221;center&#8221; onclick=&#8221;custom_link&#8221; link=&#8221;https:\/\/eluxfrio.com.br\/sao-paulo\/assistencia-tecnica-electrolux\/&#8221;][vc_empty_space height=&#8221;10px&#8221;][vc_column_text]<\/p>\n<p style=\"text-align: center;\"><a href=\"https:\/\/eluxfrio.com.br\/sao-paulo\/assistencia-tecnica-electrolux\/\"><strong>Electrolux<\/strong><\/a><\/p>\n<p>[\/vc_column_text][\/vc_column][vc_column width=&#8221;1\/4&#8243;][vc_single_image image=&#8221;1940&#8243; img_size=&#8221;full&#8221; alignment=&#8221;center&#8221; onclick=&#8221;custom_link&#8221; link=&#8221;https:\/\/eluxfrio.com.br\/sao-paulo\/assistencia-tecnica-consul\/&#8221;][vc_empty_space height=&#8221;10px&#8221;][vc_column_text]<\/p>\n<p style=\"text-align: center;\"><a href=\"https:\/\/eluxfrio.com.br\/sao-paulo\/assistencia-tecnica-consul\/\"><strong>Consul<\/strong><\/a><\/p>\n<p>[\/vc_column_text][\/vc_column][vc_column width=&#8221;1\/4&#8243;][vc_single_image image=&#8221;1941&#8243; img_size=&#8221;full&#8221; alignment=&#8221;center&#8221; onclick=&#8221;custom_link&#8221; link=&#8221;https:\/\/eluxfrio.com.br\/sao-paulo\/assistencia-tecnica-continental\/&#8221;][vc_empty_space height=&#8221;10px&#8221;][vc_column_text]<\/p>\n<p style=\"text-align: center;\"><a href=\"https:\/\/eluxfrio.com.br\/sao-paulo\/assistencia-tecnica-continental\/\"><strong>Continental<\/strong><\/a><\/p>\n<p>[\/vc_column_text][\/vc_column][\/vc_row][vc_row][vc_column][vc_empty_space height=&#8221;40px&#8221;][vc_row_inner][vc_column_inner width=&#8221;1\/2&#8243;][vc_btn title=&#8221;WHATSAPP ASSIST\u00caNCIA 24H&#8221; style=&#8221;custom&#8221; custom_background=&#8221;#00aa08&#8243; custom_text=&#8221;#ffffff&#8221; shape=&#8221;round&#8221; size=&#8221;lg&#8221; align=&#8221;center&#8221; i_align=&#8221;right&#8221; i_icon_fontawesome=&#8221;fa fa-whatsapp&#8221; link=&#8221;url:https%3A%2F%2Fapi.whatsapp.com%2Fsend%3Fphone%3D551127701103%26text%3DPreciso%2520de%2520uma%2520Assist%25C3%25AAncia%2520T%25C3%25A9cnica%2520para%2520o%2520meu%2520Eletrodom%25C3%25A9stico&#8230;||target:%20_blank|&#8221; add_icon=&#8221;true&#8221;][\/vc_column_inner][vc_column_inner width=&#8221;1\/2&#8243;][vc_btn title=&#8221;LIGUE AGORA: (11) 2770-1103&#8243; style=&#8221;custom&#8221; custom_background=&#8221;#2a00a8&#8243; custom_text=&#8221;#ffffff&#8221; shape=&#8221;round&#8221; size=&#8221;lg&#8221; align=&#8221;center&#8221; i_icon_fontawesome=&#8221;fa fa-phone&#8221; link=&#8221;url:tel%3A%2B551127701103||target:%20_blank|&#8221; add_icon=&#8221;true&#8221;][\/vc_column_inner][\/vc_row_inner][vc_empty_space height=&#8221;40px&#8221;][\/vc_column][\/vc_row][vc_row][vc_column width=&#8221;1\/4&#8243;][vc_single_image image=&#8221;1948&#8243; img_size=&#8221;full&#8221; alignment=&#8221;center&#8221;][vc_empty_space height=&#8221;10px&#8221;][vc_column_text]<\/p>\n<p style=\"text-align: center;\"><strong>Suggar<\/strong><\/p>\n<p>[\/vc_column_text][\/vc_column][vc_column width=&#8221;1\/4&#8243;][vc_single_image image=&#8221;1946&#8243; img_size=&#8221;full&#8221; alignment=&#8221;center&#8221;][vc_empty_space height=&#8221;10px&#8221;][vc_column_text]<\/p>\n<p style=\"text-align: center;\"><a href=\"https:\/\/eluxfrio.com.br\/sao-paulo\/assistencia-tecnica-dako\/\"><strong>Dako<\/strong><\/a><\/p>\n<p>[\/vc_column_text][\/vc_column][vc_column width=&#8221;1\/4&#8243;][vc_single_image image=&#8221;1947&#8243; img_size=&#8221;full&#8221; alignment=&#8221;center&#8221;][vc_empty_space height=&#8221;10px&#8221;][vc_column_text]<\/p>\n<p style=\"text-align: center;\"><strong>Atlas<\/strong><\/p>\n<p>[\/vc_column_text][\/vc_column][vc_column width=&#8221;1\/4&#8243;][vc_single_image image=&#8221;1951&#8243; img_size=&#8221;full&#8221; alignment=&#8221;center&#8221;][vc_empty_space height=&#8221;10px&#8221;][vc_column_text]<\/p>\n<p style=\"text-align: center;\"><strong>Esmaltec<\/strong><\/p>\n<p>[\/vc_column_text][\/vc_column][\/vc_row][vc_row][vc_column][vc_empty_space height=&#8221;40px&#8221;][vc_column_text]<\/p>\n<h2 style=\"text-align: center;\">Por que recorrer aos servi\u00e7os dom\u00e9sticos da Eluxfrio para conserto de fog\u00e3o a g\u00e1s e el\u00e9trico no Itaim Bibi?<\/h2>\n<p>Nossos clientes dir\u00e3o que estamos entre os melhores e mais acess\u00edveis servi\u00e7os de <a href=\"https:\/\/eluxfrio.com.br\/sao-paulo\/conserto-de-eletrodomestico-sao-paulo\/\"><strong>conserto de eletrodom\u00e9sticos de S\u00e3o Paulo<\/strong><\/a>. Se voc\u00ea tem algum aparelho com problema no funcionamento \u00e9 normal se perguntar se deve ou n\u00e3o substitu\u00ed-los por algo novo, mas por que n\u00e3o consert\u00e1-lo?<\/p>\n<h2 style=\"text-align: center;\">Conveni\u00eancia<\/h2>\n<p>Este \u00e9 provavelmente o maior motivo. E se no meio de um jantar especial seu forno parar de funcionar? Este n\u00e3o \u00e9 o momento para adivinhar qual poderia ser o problema. Com nosso conserto de fog\u00e3o, um de nossos prestadores de servi\u00e7os ir\u00e1 at\u00e9 sua casa e consertar\u00e1 o que est\u00e1 errado no mesmo dia. Nossos profissionais de <a href=\"https:\/\/eluxfrio.com.br\/sao-paulo\/assistencia-tecnica-sp\/\"><strong>conserto de eletrodom\u00e9sticos<\/strong><\/a> s\u00e3o altamente qualificados para diagnosticar qual \u00e9 o problema e repar\u00e1-lo para voc\u00ea. Eles tamb\u00e9m v\u00eam totalmente equipados com as melhores ferramentas e credenciais que voc\u00ea pode encontrar.<\/p>\n<h2 style=\"text-align: center;\">Seguran\u00e7a e Efici\u00eancia<\/h2>\n<p>Nosso servi\u00e7o de <strong>conserto de fog\u00e3o aqui no Itaim Bibi<\/strong>\u00a0resolver\u00e1 seu problema no menor tempo poss\u00edvel. Especialmente quando se trata de grandes aparelhos como um fog\u00e3o, voc\u00ea n\u00e3o deve tentar descobrir o problema quando provavelmente n\u00e3o sabe onde procurar e o que pode acontecer se efetuar alguma a\u00e7\u00e3o equivocada. Nossos t\u00e9cnicos sempre colocam a seguran\u00e7a em primeiro lugar e fazem os consertos da maneira mais eficiente poss\u00edvel.<\/p>\n<h2 style=\"text-align: center;\">Economiza seu dinheiro<\/h2>\n<p>Chamar um especialista em <strong>conserto de fog\u00f5es<\/strong> economiza dinheiro a longo prazo. Nossos t\u00e9cnicos sabem quais problemas surgem com fog\u00f5es porque os v\u00eaem todos os dias e raramente se deparam com algo novo. Seja um sensor ou outra pe\u00e7a que precisa ser substitu\u00edda, eles fornecem esse componente rapidamente para que seu aparelho funcione sem problemas novamente. N\u00e3o gaste muito dinheiro em um novo forno ou fog\u00e3o. Na <a href=\"https:\/\/eluxfrio.com.br\/sao-paulo\/empresa-de-assistencia-tecnica-sp\/\"><strong>Eluxfrio S\u00e3o Paulo<\/strong><\/a> nosso servi\u00e7o profissional de <strong>assist\u00eancia t\u00e9cnica<\/strong> far\u00e1 o trabalho para voc\u00ea.<\/p>\n<h2 style=\"text-align: center;\">N\u00e3o se preocupe mais com conserto de fog\u00e3o<\/h2>\n<p>N\u00e3o h\u00e1 nada mais preocupante e que pode estragar o seu dia do que um fog\u00e3o quebrado. Ent\u00e3o, deixe que nossos profissionais para <strong>conserto de fog\u00f5es<\/strong> resolvam as coisas rapidamente para voc\u00ea.<\/p>\n<p>Quando se trata do bem-estar e seguran\u00e7a da sua fam\u00edlia, confie na <strong>Eluxfrio<\/strong> para consertar seu fog\u00e3o e outros eletrodom\u00e9sticos.. Somos especialistas em reduzir o estresse e oferecer a voc\u00ea um dos melhores e mais acess\u00edveis servi\u00e7os de <strong>reparo de fog\u00f5es no Itaim Bibi<\/strong>.<\/p>\n<p>Evite realizar o <strong>conserto de seus eletrodom\u00e9sticos<\/strong> por conta pr\u00f3pria. N\u00e3o \u00e9 f\u00e1cil e n\u00e3o \u00e9 a op\u00e7\u00e3o mais segura. H\u00e1 muitas coisas que podem dar errado quando voc\u00ea n\u00e3o est\u00e1 familiarizado com um sistema ou um fog\u00e3o em sua cozinha. Reduza o estresse, economize dinheiro a longo prazo e deixe que os especialistas assumam o controle.<\/p>\n<p>Na Eluxfrio, estamos <strong>dispon\u00edveis 24 horas por dia<\/strong>, 7 dias por semana, para agendar uma visita. Ligue para n\u00f3s ou chame no <strong>WhatsApp<\/strong> para um servi\u00e7o r\u00e1pido e confi\u00e1vel.[\/vc_column_text][vc_empty_space height=&#8221;40px&#8221;][\/vc_column][\/vc_row][vc_row][vc_column][vc_empty_space height=&#8221;40px&#8221;][vc_row_inner][vc_column_inner width=&#8221;1\/2&#8243;][vc_btn title=&#8221;WHATSAPP ASSIST\u00caNCIA 24H&#8221; style=&#8221;custom&#8221; custom_background=&#8221;#00aa08&#8243; custom_text=&#8221;#ffffff&#8221; shape=&#8221;round&#8221; size=&#8221;lg&#8221; align=&#8221;center&#8221; i_align=&#8221;right&#8221; i_icon_fontawesome=&#8221;fa fa-whatsapp&#8221; link=&#8221;url:https%3A%2F%2Fapi.whatsapp.com%2Fsend%3Fphone%3D551127701103%26text%3DPreciso%2520de%2520uma%2520Assist%25C3%25AAncia%2520T%25C3%25A9cnica%2520para%2520o%2520meu%2520Eletrodom%25C3%25A9stico&#8230;||target:%20_blank|&#8221; add_icon=&#8221;true&#8221;][\/vc_column_inner][vc_column_inner width=&#8221;1\/2&#8243;][vc_btn title=&#8221;LIGUE AGORA: (11) 2770-1103&#8243; style=&#8221;custom&#8221; custom_background=&#8221;#2a00a8&#8243; custom_text=&#8221;#ffffff&#8221; shape=&#8221;round&#8221; size=&#8221;lg&#8221; align=&#8221;center&#8221; i_icon_fontawesome=&#8221;fa fa-phone&#8221; link=&#8221;url:tel%3A%2B551127701103||target:%20_blank|&#8221; add_icon=&#8221;true&#8221;][\/vc_column_inner][\/vc_row_inner][vc_empty_space height=&#8221;40px&#8221;][\/vc_column][\/vc_row][vc_row][vc_column][vc_empty_space height=&#8221;40px&#8221;][vc_column_text]<\/p>\n<h2 style=\"text-align: center;\">Selecione o seu Bairro para Conserto de Fog\u00e3o<\/h2>\n<p>[\/vc_column_text][vc_empty_space][vc_row_inner][vc_column_inner width=&#8221;1\/2&#8243;][vc_column_text]<\/p>\n<ul>\n<li><a href=\"https:\/\/eluxfrio.com.br\/sao-paulo\/conserto-de-fogao-campo-belo\/\"><strong>Conserto de Fog\u00e3o Campo Belo<\/strong><\/a><\/li>\n<li><a href=\"https:\/\/eluxfrio.com.br\/sao-paulo\/conserto-de-fogao-brooklin\/\"><strong>Conserto de Fog\u00e3o Brooklin<\/strong><\/a><\/li>\n<li><a href=\"https:\/\/eluxfrio.com.br\/sao-paulo\/conserto-de-fogao-moema\/\"><strong>Conserto de Fog\u00e3o Moema<\/strong><\/a><\/li>\n<li><a href=\"https:\/\/eluxfrio.com.br\/sao-paulo\/conserto-de-fogao-ibirapuera\/\"><strong>Conserto de Fog\u00e3o Ibirapuera<\/strong><\/a><\/li>\n<li><a href=\"https:\/\/eluxfrio.com.br\/sao-paulo\/conserto-de-fogao-vila-olimpia\/\"><strong>Conserto de Fog\u00e3o Vila Ol\u00edmpia<\/strong><\/a><\/li>\n<\/ul>\n<p>[\/vc_column_text][\/vc_column_inner][vc_column_inner width=&#8221;1\/2&#8243;][vc_column_text]<\/p>\n<ul>\n<li><a href=\"https:\/\/eluxfrio.com.br\/sao-paulo\/conserto-de-fogao-itaim-bibi\/\"><strong>Conserto de Fog\u00e3o Itaim Bibi<\/strong><\/a><\/li>\n<li><a href=\"https:\/\/eluxfrio.com.br\/sao-paulo\/conserto-de-fogao-vila-mariana\/\"><strong>Conserto de Fog\u00e3o Vila Mariana<\/strong><\/a><\/li>\n<li><a href=\"https:\/\/eluxfrio.com.br\/sao-paulo\/conserto-de-fogao-consolacao\/\"><strong>Conserto de Fog\u00e3o Consola\u00e7\u00e3o<\/strong><\/a><\/li>\n<li><a href=\"https:\/\/eluxfrio.com.br\/sao-paulo\/conserto-de-fogao-vila-mascote\/\"><strong>Conserto de Fog\u00e3o Vila Mascote<\/strong><\/a><\/li>\n<li><a href=\"https:\/\/eluxfrio.com.br\/sao-paulo\/conserto-de-fogao-santo-amaro\/\"><strong>Conserto de Fog\u00e3o Santo Amaro<\/strong><\/a><\/li>\n<\/ul>\n<p>[\/vc_column_text][\/vc_column_inner][\/vc_row_inner][vc_empty_space height=&#8221;40px&#8221;][\/vc_column][\/vc_row]<\/p>\n","protected":false},"excerpt":{"rendered":"<p>[vc_row][vc_column][vc_column_text] Precisando de conserto de fog\u00e3o aqui no Itaim Bibi? Nossos especialistas em conserto de fog\u00f5es est\u00e3o prontos para ajudar. [\/vc_column_text][vc_empty_space height=&#8221;40px&#8221;][\/vc_column][\/vc_row][vc_row][vc_column][vc_empty_space height=&#8221;40px&#8221;][vc_row_inner][vc_column_inner width=&#8221;1\/2&#8243;][vc_btn title=&#8221;WHATSAPP ASSIST\u00caNCIA 24H&#8221; style=&#8221;custom&#8221; custom_background=&#8221;#00aa08&#8243; custom_text=&#8221;#ffffff&#8221; shape=&#8221;round&#8221; size=&#8221;lg&#8221; align=&#8221;center&#8221; i_align=&#8221;right&#8221; i_icon_fontawesome=&#8221;fa fa-whatsapp&#8221; link=&#8221;url:https%3A%2F%2Fapi.whatsapp.com%2Fsend%3Fphone%3D551127701103%26text%3DPreciso%2520de%2520uma%2520Assist%25C3%25AAncia%2520T%25C3%25A9cnica%2520para%2520o%2520meu%2520Eletrodom%25C3%25A9stico&#8230;||target:%20_blank|&#8221; add_icon=&#8221;true&#8221;][\/vc_column_inner][vc_column_inner width=&#8221;1\/2&#8243;][vc_btn title=&#8221;LIGUE AGORA: (11) 2770-1103&#8243; style=&#8221;custom&#8221; custom_background=&#8221;#2a00a8&#8243; custom_text=&#8221;#ffffff&#8221; shape=&#8221;round&#8221; size=&#8221;lg&#8221; align=&#8221;center&#8221; i_icon_fontawesome=&#8221;fa fa-phone&#8221; link=&#8221;url:tel%3A%2B551127701103||target:%20_blank|&#8221; add_icon=&#8221;true&#8221;][\/vc_column_inner][\/vc_row_inner][vc_empty_space height=&#8221;40px&#8221;][\/vc_column][\/vc_row][vc_row][vc_column][vc_empty_space height=&#8221;40px&#8221;][vc_column_text]Sabemos [&hellip;]<\/p>\n","protected":false},"author":1,"featured_media":0,"parent":0,"menu_order":0,"comment_status":"closed","ping_status":"closed","template":"","meta":[],"yst_prominent_words":[],"_links":{"self":[{"href":"https:\/\/eluxfrio.com.br\/sao-paulo\/wp-json\/wp\/v2\/pages\/1961"}],"collection":[{"href":"https:\/\/eluxfrio.com.br\/sao-paulo\/wp-json\/wp\/v2\/pages"}],"about":[{"href":"https:\/\/eluxfrio.com.br\/sao-paulo\/wp-json\/wp\/v2\/types\/page"}],"author":[{"embeddable":true,"href":"https:\/\/eluxfrio.com.br\/sao-paulo\/wp-json\/wp\/v2\/users\/1"}],"replies":[{"embeddable":true,"href":"https:\/\/eluxfrio.com.br\/sao-paulo\/wp-json\/wp\/v2\/comments?post=1961"}],"version-history":[{"count":0,"href":"https:\/\/eluxfrio.com.br\/sao-paulo\/wp-json\/wp\/v2\/pages\/1961\/revisions"}],"wp:attachment":[{"href":"https:\/\/eluxfrio.com.br\/sao-paulo\/wp-json\/wp\/v2\/media?parent=1961"}],"wp:term":[{"taxonomy":"yst_prominent_words","embeddable":true,"href":"https:\/\/eluxfrio.com.br\/sao-paulo\/wp-json\/wp\/v2\/yst_prominent_words?post=1961"}],"curies":[{"name":"wp","href":"https:\/\/api.w.org\/{rel}","templated":true}]}}