{"id":2055,"date":"2023-02-23T10:02:03","date_gmt":"2023-02-23T13:02:03","guid":{"rendered":"https:\/\/eluxfrio.com.br\/sao-paulo\/?page_id=2055"},"modified":"2025-07-23T10:05:32","modified_gmt":"2025-07-23T13:05:32","slug":"assistencia-tecnica-bosch","status":"publish","type":"page","link":"https:\/\/eluxfrio.com.br\/sao-paulo\/assistencia-tecnica-bosch\/","title":{"rendered":"Assist\u00eancia T\u00e9cnica Bosch"},"content":{"rendered":"<p>[vc_row][vc_column][vc_column_text]Se voc\u00ea possui um <strong>eletrodom\u00e9stico Bosch<\/strong> que apresentou algum problema ou falha, pode contar com a nossa <strong>assist\u00eancia t\u00e9cnica Bosch<\/strong> para ajud\u00e1-lo a resolver o problema. A nossa<strong> <a href=\"https:\/\/eluxfrio.com.br\/sao-paulo\/assistencia-tecnica-sp\/\">assist\u00eancia t\u00e9cnica<\/a> <\/strong>\u00e9 especializada em <a href=\"https:\/\/eluxfrio.com.br\/sao-paulo\/conserto-de-eletrodomestico-sao-paulo\/\"><strong>conserto de eletrodom\u00e9sticos<\/strong><\/a> e oferece servi\u00e7os de qualidade para garantir que seus eletrodom\u00e9sticos voltem a funcionar corretamente.<\/p>\n<p>Quando se trata de <strong>conserto de eletrodom\u00e9sticos<\/strong>, a <strong><a href=\"https:\/\/eluxfrio.com.br\/sao-paulo\/empresa-de-assistencia-tecnica-sp\/\">Eluxfrio SP<\/a><\/strong> \u00e9 uma das melhores op\u00e7\u00f5es do mercado. A empresa possui uma equipe de t\u00e9cnicos altamente qualificados e experientes, que s\u00e3o capazes de diagnosticar e resolver qualquer problema que possa estar afetando o seu eletrodom\u00e9stico.<\/p>\n<p>Oferecemos uma ampla gama de servi\u00e7os de repara\u00e7\u00e3o para seus produtos <em>(Consulte-nos previamente para verificar a disponibilidade de t\u00e9cnicos e se realizamos atendimento para o modelo espec\u00edfico.)<\/em>. Estamos equipados com ferramentas de \u00faltima gera\u00e7\u00e3o e pe\u00e7as de reposi\u00e7\u00e3o, para garantir que o seu eletrodom\u00e9stico receba o melhor tratamento poss\u00edvel.[\/vc_column_text][vc_empty_space height=&#8221;60px&#8221;][\/vc_column][\/vc_row][vc_row][vc_column width=&#8221;1\/2&#8243;][vc_btn title=&#8221;WHATSAPP ASSIST\u00caNCIA 24H&#8221; style=&#8221;custom&#8221; custom_background=&#8221;#00aa08&#8243; custom_text=&#8221;#ffffff&#8221; shape=&#8221;round&#8221; size=&#8221;lg&#8221; align=&#8221;center&#8221; i_align=&#8221;right&#8221; i_icon_fontawesome=&#8221;fa fa-whatsapp&#8221; link=&#8221;url:https%3A%2F%2Fapi.whatsapp.com%2Fsend%3Fphone%3D551127701103%26text%3DPreciso%2520de%2520uma%2520Assist%25C3%25AAncia%2520T%25C3%25A9cnica%2520para%2520o%2520meu%2520Eletrodom%25C3%25A9stico&#8230;||target:%20_blank|&#8221; add_icon=&#8221;true&#8221;][\/vc_column][vc_column width=&#8221;1\/2&#8243;][vc_btn title=&#8221;LIGUE AGORA: (11) 2770-1103&#8243; style=&#8221;custom&#8221; custom_background=&#8221;#2a00a8&#8243; custom_text=&#8221;#ffffff&#8221; shape=&#8221;round&#8221; size=&#8221;lg&#8221; align=&#8221;center&#8221; i_icon_fontawesome=&#8221;fa fa-phone&#8221; link=&#8221;url:tel%3A%2B551127701103||target:%20_blank|&#8221; add_icon=&#8221;true&#8221;][\/vc_column][\/vc_row][vc_row][vc_column][vc_empty_space height=&#8221;40px&#8221;][vc_column_text]<\/p>\n<h2 style=\"text-align: center;\">Assist\u00eancia T\u00e9cnica Bosh SP<\/h2>\n<p>[\/vc_column_text][vc_empty_space height=&#8221;30px&#8221;][vc_column_text]Ao optar pela nossa <strong>assist\u00eancia t\u00e9cnica Bosch<\/strong>, voc\u00ea pode ter certeza de que seu eletrodom\u00e9stico ser\u00e1 consertado de forma r\u00e1pida e eficiente. A empresa tem como objetivo fornecer um servi\u00e7o de qualidade para garantir a satisfa\u00e7\u00e3o do cliente. Seu t\u00e9cnico realizar\u00e1 um diagn\u00f3stico completo do seu eletrodom\u00e9stico, identificando o problema e fornecendo uma estimativa de custo antes de iniciar o trabalho.<\/p>\n<p>Oferecemos <strong>garantia de 90 dias<\/strong> em seus servi\u00e7os de <a href=\"https:\/\/eluxfrio.com.br\/sao-paulo\/conserto-de-eletrodomestico-sao-paulo\/\"><strong>conserto de eletrodom\u00e9sticos<\/strong><\/a>, dando aos clientes a tranquilidade de saber que, caso o problema volte a ocorrer, eles podem contar com o <strong>suporte t\u00e9cnico da Bosch<\/strong> novamente.<\/p>\n<p>Voc\u00ea pode agendar uma visita t\u00e9cnica pelo Whatsapp para que um dos nossos profissionais v\u00e1 at\u00e9 sua casa e fa\u00e7a o conserto do seu eletrodom\u00e9stico. N\u00e3o hesite em procurar pela nossa<a href=\"https:\/\/eluxfrio.com.br\/sao-paulo\/assistencia-tecnica-sp\/\"><strong> assist\u00eancia t\u00e9cnica<\/strong><\/a>. Oferecemos ao nosso cliente um <strong>pagamento facilitado seja em dinheiro, cart\u00e3o de d\u00e9bito ou cr\u00e9dito e Pix.<\/strong>[\/vc_column_text][vc_empty_space height=&#8221;60px&#8221;][\/vc_column][\/vc_row][vc_row][vc_column width=&#8221;1\/2&#8243;][vc_btn title=&#8221;WHATSAPP ASSIST\u00caNCIA 24H&#8221; style=&#8221;custom&#8221; custom_background=&#8221;#00aa08&#8243; custom_text=&#8221;#ffffff&#8221; shape=&#8221;round&#8221; size=&#8221;lg&#8221; align=&#8221;center&#8221; i_align=&#8221;right&#8221; i_icon_fontawesome=&#8221;fa fa-whatsapp&#8221; link=&#8221;url:https%3A%2F%2Fapi.whatsapp.com%2Fsend%3Fphone%3D551127701103%26text%3DPreciso%2520de%2520uma%2520Assist%25C3%25AAncia%2520T%25C3%25A9cnica%2520para%2520o%2520meu%2520Eletrodom%25C3%25A9stico&#8230;||target:%20_blank|&#8221; add_icon=&#8221;true&#8221;][\/vc_column][vc_column width=&#8221;1\/2&#8243;][vc_btn title=&#8221;LIGUE AGORA: (11) 2770-1103&#8243; style=&#8221;custom&#8221; custom_background=&#8221;#2a00a8&#8243; custom_text=&#8221;#ffffff&#8221; shape=&#8221;round&#8221; size=&#8221;lg&#8221; align=&#8221;center&#8221; i_icon_fontawesome=&#8221;fa fa-phone&#8221; link=&#8221;url:tel%3A%2B551127701103||target:%20_blank|&#8221; add_icon=&#8221;true&#8221;][\/vc_column][\/vc_row][vc_row][vc_column][vc_empty_space height=&#8221;60px&#8221;][\/vc_column][\/vc_row]<\/p>\n","protected":false},"excerpt":{"rendered":"<p>[vc_row][vc_column][vc_column_text]Se voc\u00ea possui um eletrodom\u00e9stico Bosch que apresentou algum problema ou falha, pode contar com a nossa assist\u00eancia t\u00e9cnica Bosch para ajud\u00e1-lo a resolver o problema. A nossa assist\u00eancia t\u00e9cnica \u00e9 especializada em conserto de eletrodom\u00e9sticos e oferece servi\u00e7os de qualidade para garantir que seus eletrodom\u00e9sticos voltem a funcionar corretamente. Quando se trata de conserto [&hellip;]<\/p>\n","protected":false},"author":1,"featured_media":0,"parent":0,"menu_order":0,"comment_status":"closed","ping_status":"closed","template":"","meta":[],"yst_prominent_words":[],"_links":{"self":[{"href":"https:\/\/eluxfrio.com.br\/sao-paulo\/wp-json\/wp\/v2\/pages\/2055"}],"collection":[{"href":"https:\/\/eluxfrio.com.br\/sao-paulo\/wp-json\/wp\/v2\/pages"}],"about":[{"href":"https:\/\/eluxfrio.com.br\/sao-paulo\/wp-json\/wp\/v2\/types\/page"}],"author":[{"embeddable":true,"href":"https:\/\/eluxfrio.com.br\/sao-paulo\/wp-json\/wp\/v2\/users\/1"}],"replies":[{"embeddable":true,"href":"https:\/\/eluxfrio.com.br\/sao-paulo\/wp-json\/wp\/v2\/comments?post=2055"}],"version-history":[{"count":0,"href":"https:\/\/eluxfrio.com.br\/sao-paulo\/wp-json\/wp\/v2\/pages\/2055\/revisions"}],"wp:attachment":[{"href":"https:\/\/eluxfrio.com.br\/sao-paulo\/wp-json\/wp\/v2\/media?parent=2055"}],"wp:term":[{"taxonomy":"yst_prominent_words","embeddable":true,"href":"https:\/\/eluxfrio.com.br\/sao-paulo\/wp-json\/wp\/v2\/yst_prominent_words?post=2055"}],"curies":[{"name":"wp","href":"https:\/\/api.w.org\/{rel}","templated":true}]}}