{"id":2083,"date":"2023-02-23T10:35:29","date_gmt":"2023-02-23T13:35:29","guid":{"rendered":"https:\/\/eluxfrio.com.br\/sao-paulo\/?page_id=2083"},"modified":"2025-07-23T10:06:52","modified_gmt":"2025-07-23T13:06:52","slug":"conserto-de-purificador-de-agua-sp","status":"publish","type":"page","link":"https:\/\/eluxfrio.com.br\/sao-paulo\/conserto-de-purificador-de-agua-sp\/","title":{"rendered":"Conserto de Purificador de \u00e1gua SP"},"content":{"rendered":"<p>[vc_row][vc_column width=&#8221;1\/3&#8243;][vc_single_image image=&#8221;1075&#8243; img_size=&#8221;full&#8221; alignment=&#8221;center&#8221;][\/vc_column][vc_column width=&#8221;2\/3&#8243;][vc_column_text]Um <strong>purificador de \u00e1gua<\/strong> \u00e9 um aparelho essencial para quem busca uma \u00e1gua mais limpa e saud\u00e1vel. Ele \u00e9 capaz de remover impurezas, como cloro, metais pesados e micro-organismos, deixando a \u00e1gua pr\u00f3pria para o consumo. Por\u00e9m, \u00e9 importante que o aparelho esteja funcionando adequadamente para garantir a qualidade da \u00e1gua.<\/p>\n<h2>Qual \u00e9 o melhor purificador de \u00e1gua?<\/h2>\n<p>Em rela\u00e7\u00e3o \u00e0 pergunta sobre <strong>qual \u00e9 o melhor purificador de \u00e1gua<\/strong>, n\u00e3o h\u00e1 uma resposta definitiva, pois isso depende das necessidades de cada pessoa. Alguns modelos podem ser mais eficientes na remo\u00e7\u00e3o de impurezas, enquanto outros podem oferecer mais recursos, como a fun\u00e7\u00e3o de \u00e1gua gelada. \u00c9 importante pesquisar as caracter\u00edsticas de cada modelo e escolher aquele que melhor atende \u00e0s suas necessidades.[\/vc_column_text][\/vc_column][\/vc_row][vc_row][vc_column][vc_empty_space height=&#8221;40px&#8221;][\/vc_column][\/vc_row][vc_row][vc_column width=&#8221;1\/2&#8243;][vc_btn title=&#8221;WHATSAPP ASSIST\u00caNCIA 24H&#8221; style=&#8221;custom&#8221; custom_background=&#8221;#00aa08&#8243; custom_text=&#8221;#ffffff&#8221; shape=&#8221;round&#8221; size=&#8221;lg&#8221; align=&#8221;center&#8221; i_align=&#8221;right&#8221; i_icon_fontawesome=&#8221;fa fa-whatsapp&#8221; link=&#8221;url:https%3A%2F%2Fapi.whatsapp.com%2Fsend%3Fphone%3D551127701103%26text%3DPreciso%2520de%2520uma%2520Assist%25C3%25AAncia%2520T%25C3%25A9cnica%2520para%2520o%2520meu%2520Eletrodom%25C3%25A9stico&#8230;||target:%20_blank|&#8221; add_icon=&#8221;true&#8221;][\/vc_column][vc_column width=&#8221;1\/2&#8243;][vc_btn title=&#8221;LIGUE AGORA: (11) 2770-1103&#8243; style=&#8221;custom&#8221; custom_background=&#8221;#2a00a8&#8243; custom_text=&#8221;#ffffff&#8221; shape=&#8221;round&#8221; size=&#8221;lg&#8221; align=&#8221;center&#8221; i_icon_fontawesome=&#8221;fa fa-phone&#8221; link=&#8221;url:tel%3A%2B551127701103||target:%20_blank|&#8221; add_icon=&#8221;true&#8221;][\/vc_column][\/vc_row][vc_row][vc_column][vc_empty_space height=&#8221;40px&#8221;][vc_column_text]<\/p>\n<h2 style=\"text-align: center;\">Troca de Refil<\/h2>\n<p>[\/vc_column_text][vc_empty_space height=&#8221;20px&#8221;][vc_column_text]Se voc\u00ea possui um <strong>purificador de \u00e1gua<\/strong> em casa, \u00e9 importante saber como realizar o conserto e a <strong>troca de refil<\/strong>. Existem diversas marcas de purificadores de \u00e1gua dispon\u00edveis no mercado, como o <a href=\"https:\/\/eluxfrio.com.br\/sao-paulo\/assistencia-tecnica-electrolux\/\"><strong>purificador de \u00e1gua Electrolux<\/strong><\/a>,<a href=\"https:\/\/eluxfrio.com.br\/sao-paulo\/assistencia-tecnica-consul\/\"> <strong>purificador de \u00e1gua Consul<\/strong><\/a>, <strong>purificador de \u00e1gua gelada<\/strong>, entre outros. Cada modelo possui suas particularidades, mas, em geral, a <strong>troca do refil<\/strong> \u00e9 um procedimento simples.<\/p>\n<p>Antes de realizar a <strong>troca do refil<\/strong>, \u00e9 importante verificar o manual de instru\u00e7\u00f5es do seu <strong>purificador de \u00e1gua<\/strong> para saber qual \u00e9 o modelo correto de refil a ser utilizado e a frequ\u00eancia de troca recomendada pelo fabricante. Geralmente, os refis precisam ser trocados a cada seis meses, mas isso pode variar de acordo com o uso e a qualidade da \u00e1gua.[\/vc_column_text][vc_empty_space height=&#8221;40px&#8221;][\/vc_column][\/vc_row][vc_row][vc_column][vc_empty_space height=&#8221;40px&#8221;][vc_column_text]Caso voc\u00ea tenha dificuldades em realizar a<strong> troca do refil<\/strong> ou perceba algum problema no funcionamento do seu purificador de \u00e1gua, \u00e9 recomendado que procure uma <a href=\"https:\/\/eluxfrio.com.br\/sao-paulo\/assistencia-tecnica-sp\/\"><strong>assist\u00eancia t\u00e9cnica<\/strong><\/a> em <strong>conserto de purificadores de \u00e1gua.<\/strong> Dessa forma, voc\u00ea garante que o aparelho ser\u00e1 consertado adequadamente e poder\u00e1 continuar desfrutando de \u00e1gua limpa e saud\u00e1vel em sua casa.<\/p>\n<p>A <a href=\"https:\/\/eluxfrio.com.br\/sao-paulo\/empresa-de-assistencia-tecnica-sp\/\"><strong>Eluxfrio SP<\/strong> <\/a>\u00e9 uma empresa pronta para resolver o seu problema, oferecemos <strong>garantia de 90 dias<\/strong> em seus servi\u00e7os de <a href=\"https:\/\/eluxfrio.com.br\/sao-paulo\/conserto-de-eletrodomestico-sao-paulo\/\"><strong>conserto de eletrodom\u00e9sticos<\/strong><\/a>. Facilitamos o <strong>pagamento em dinheiro, cart\u00e3o de d\u00e9bito ou cr\u00e9dito e Pix<\/strong>.[\/vc_column_text][vc_empty_space height=&#8221;40px&#8221;][\/vc_column][\/vc_row][vc_row][vc_column width=&#8221;1\/2&#8243;][vc_btn title=&#8221;WHATSAPP ASSIST\u00caNCIA 24H&#8221; style=&#8221;custom&#8221; custom_background=&#8221;#00aa08&#8243; custom_text=&#8221;#ffffff&#8221; shape=&#8221;round&#8221; size=&#8221;lg&#8221; align=&#8221;center&#8221; i_align=&#8221;right&#8221; i_icon_fontawesome=&#8221;fa fa-whatsapp&#8221; link=&#8221;url:https%3A%2F%2Fapi.whatsapp.com%2Fsend%3Fphone%3D551127701103%26text%3DPreciso%2520de%2520uma%2520Assist%25C3%25AAncia%2520T%25C3%25A9cnica%2520para%2520o%2520meu%2520Eletrodom%25C3%25A9stico&#8230;||target:%20_blank|&#8221; add_icon=&#8221;true&#8221;][\/vc_column][vc_column width=&#8221;1\/2&#8243;][vc_btn title=&#8221;LIGUE AGORA: (11) 2770-1103&#8243; style=&#8221;custom&#8221; custom_background=&#8221;#2a00a8&#8243; custom_text=&#8221;#ffffff&#8221; shape=&#8221;round&#8221; size=&#8221;lg&#8221; align=&#8221;center&#8221; i_icon_fontawesome=&#8221;fa fa-phone&#8221; link=&#8221;url:tel%3A%2B551127701103||target:%20_blank|&#8221; add_icon=&#8221;true&#8221;][\/vc_column][\/vc_row][vc_row][vc_column][vc_empty_space height=&#8221;40px&#8221;][\/vc_column][\/vc_row]<\/p>\n","protected":false},"excerpt":{"rendered":"<p>[vc_row][vc_column width=&#8221;1\/3&#8243;][vc_single_image image=&#8221;1075&#8243; img_size=&#8221;full&#8221; alignment=&#8221;center&#8221;][\/vc_column][vc_column width=&#8221;2\/3&#8243;][vc_column_text]Um purificador de \u00e1gua \u00e9 um aparelho essencial para quem busca uma \u00e1gua mais limpa e saud\u00e1vel. Ele \u00e9 capaz de remover impurezas, como cloro, metais pesados e micro-organismos, deixando a \u00e1gua pr\u00f3pria para o consumo. Por\u00e9m, \u00e9 importante que o aparelho esteja funcionando adequadamente para garantir a qualidade da [&hellip;]<\/p>\n","protected":false},"author":1,"featured_media":0,"parent":0,"menu_order":0,"comment_status":"closed","ping_status":"closed","template":"","meta":[],"yst_prominent_words":[],"_links":{"self":[{"href":"https:\/\/eluxfrio.com.br\/sao-paulo\/wp-json\/wp\/v2\/pages\/2083"}],"collection":[{"href":"https:\/\/eluxfrio.com.br\/sao-paulo\/wp-json\/wp\/v2\/pages"}],"about":[{"href":"https:\/\/eluxfrio.com.br\/sao-paulo\/wp-json\/wp\/v2\/types\/page"}],"author":[{"embeddable":true,"href":"https:\/\/eluxfrio.com.br\/sao-paulo\/wp-json\/wp\/v2\/users\/1"}],"replies":[{"embeddable":true,"href":"https:\/\/eluxfrio.com.br\/sao-paulo\/wp-json\/wp\/v2\/comments?post=2083"}],"version-history":[{"count":0,"href":"https:\/\/eluxfrio.com.br\/sao-paulo\/wp-json\/wp\/v2\/pages\/2083\/revisions"}],"wp:attachment":[{"href":"https:\/\/eluxfrio.com.br\/sao-paulo\/wp-json\/wp\/v2\/media?parent=2083"}],"wp:term":[{"taxonomy":"yst_prominent_words","embeddable":true,"href":"https:\/\/eluxfrio.com.br\/sao-paulo\/wp-json\/wp\/v2\/yst_prominent_words?post=2083"}],"curies":[{"name":"wp","href":"https:\/\/api.w.org\/{rel}","templated":true}]}}