{"id":2460,"date":"2024-01-18T12:06:39","date_gmt":"2024-01-18T15:06:39","guid":{"rendered":"https:\/\/eluxfrio.com.br\/sao-paulo\/?page_id=2460"},"modified":"2025-05-14T15:48:15","modified_gmt":"2025-05-14T18:48:15","slug":"assistencia-tecnica-sub-zero","status":"publish","type":"page","link":"https:\/\/eluxfrio.com.br\/sao-paulo\/assistencia-tecnica-sub-zero\/","title":{"rendered":"Assist\u00eancia T\u00e9cnica Sub-zero"},"content":{"rendered":"<p>[vc_row][vc_column][vc_column_text]<\/p>\n<h2 style=\"text-align: center;\"><span style=\"color: #000080;\"><strong>Assist\u00eancia T\u00e9cnica Geladeira Sub-zero em S\u00e3o Paulo: Encontre o t\u00e9cnico certo para o seu eletrodom\u00e9stico<\/strong><\/span><\/h2>\n<p>[\/vc_column_text][vc_empty_space][\/vc_column][\/vc_row][vc_row][vc_column width=&#8221;1\/4&#8243;][vc_single_image image=&#8221;2545&#8243; img_size=&#8221;full&#8221; alignment=&#8221;center&#8221;][\/vc_column][vc_column width=&#8221;3\/4&#8243;][vc_column_text]Se voc\u00ea possui uma <strong>Geladeira Sub-zero<\/strong>, sabe que ele \u00e9 um produto de alta qualidade e durabilidade. No entanto, mesmo os melhores eletrodom\u00e9sticos podem apresentar problemas de vez em quando. Quando isso acontece, \u00e9 importante encontrar uma<a href=\"https:\/\/eluxfrio.com.br\/sao-paulo\/assistencia-tecnica-sp\/\"><strong> assist\u00eancia t\u00e9cnica<\/strong><\/a> que possa realizar o conserto de forma r\u00e1pida e eficiente.<\/p>\n<p>Em S\u00e3o Paulo, existem v\u00e1rias empresas que oferecem <strong>assist\u00eancia t\u00e9cnica para refrigerador sub-zero<\/strong>. No entanto, \u00e9 importante escolher uma empresa de alta qualidade, pois isso garante que os t\u00e9cnicos sejam qualificados e que as pe\u00e7as utilizadas sejam originais.<\/p>\n<p>Uma das empresas que oferece <strong>assist\u00eancia t\u00e9cnica sub-zero em S\u00e3o Paulo<\/strong> \u00e9 a Eluxfrio. A empresa conta com uma equipe de t\u00e9cnicos experientes e qualificados, que est\u00e3o aptos a realizar o conserto de todos os modelos de <strong>eletrodom\u00e9sticos Sub-zero<\/strong>, incluindo <strong><a href=\"https:\/\/eluxfrio.com.br\/sao-paulo\/conserto-de-geladeira-sp\/\">geladeiras side by sides<\/a>, <a href=\"https:\/\/eluxfrio.com.br\/sao-paulo\/conserto-de-fogao-sp\/\">fog\u00f5es<\/a>, <a href=\"https:\/\/eluxfrio.com.br\/sao-paulo\/conserto-de-forno-sp\/\">fornos<\/a>, adegas de vinho e m\u00e1quinas de gelo<\/strong>.[\/vc_column_text][\/vc_column][\/vc_row][vc_row][vc_column width=&#8221;1\/2&#8243;][vc_btn title=&#8221;WHATSAPP ASSIST\u00caNCIA 24H&#8221; style=&#8221;custom&#8221; custom_background=&#8221;#00aa08&#8243; custom_text=&#8221;#ffffff&#8221; shape=&#8221;round&#8221; size=&#8221;lg&#8221; align=&#8221;center&#8221; i_align=&#8221;right&#8221; i_icon_fontawesome=&#8221;fa fa-whatsapp&#8221; link=&#8221;url:https%3A%2F%2Fapi.whatsapp.com%2Fsend%3Fphone%3D551127701103%26text%3DPreciso%2520de%2520uma%2520Assist%25C3%25AAncia%2520T%25C3%25A9cnica%2520para%2520o%2520meu%2520Eletrodom%25C3%25A9stico&#8230;||target:%20_blank|&#8221; add_icon=&#8221;true&#8221;][\/vc_column][vc_column width=&#8221;1\/2&#8243;][vc_btn title=&#8221;LIGUE AGORA: (11) 2770-1103&#8243; style=&#8221;custom&#8221; custom_background=&#8221;#2a00a8&#8243; custom_text=&#8221;#ffffff&#8221; shape=&#8221;round&#8221; size=&#8221;lg&#8221; align=&#8221;center&#8221; i_icon_fontawesome=&#8221;fa fa-phone&#8221; link=&#8221;url:tel%3A%2B551127701103||target:%20_blank|&#8221; add_icon=&#8221;true&#8221;][\/vc_column][\/vc_row][vc_row][vc_column][vc_empty_space height=&#8221;20px&#8221;][vc_column_text]A Eluxfrio tamb\u00e9m oferece um atendimento personalizado, com hor\u00e1rio agendado, para que voc\u00ea n\u00e3o precise se preocupar com a locomo\u00e7\u00e3o de seu eletrodom\u00e9stico. Al\u00e9m disso, a empresa oferece garantia de um ano para os servi\u00e7os prestados.<\/p>\n<p>Se voc\u00ea est\u00e1 procurando uma <strong><a href=\"https:\/\/eluxfrio.com.br\/sao-paulo\/empresa-de-assistencia-tecnica-sp\/\">assist\u00eancia t\u00e9cnica<\/a> Sub-zero em S\u00e3o Paulo<\/strong>, a Eluxfrio \u00e9 uma \u00f3tima op\u00e7\u00e3o. A empresa oferece servi\u00e7os de qualidade, com profissionais qualificados e atendimento personalizado.[\/vc_column_text][vc_empty_space height=&#8221;40px&#8221;][\/vc_column][\/vc_row][vc_row][vc_column][vc_empty_space height=&#8221;40px&#8221;][vc_column_text]<\/p>\n<h2 style=\"text-align: center;\"><span style=\"color: #000080;\"><strong>Problemas comuns em geladeiras sub-zero<\/strong><\/span><\/h2>\n<p>[\/vc_column_text][vc_empty_space height=&#8221;20px&#8221;][vc_column_text]As <strong>Geladeiras Sub-zero<\/strong> s\u00e3o produtos de alta qualidade, mas mesmo elas podem apresentar problemas de vez em quando. Alguns dos problemas mais comuns incluem:[\/vc_column_text][vc_row_inner][vc_column_inner width=&#8221;1\/2&#8243;][vc_column_text]<\/p>\n<ul>\n<li><span style=\"color: #000080;\"><strong>Geladeira n\u00e3o est\u00e1 gelando:<\/strong> <\/span>Esse \u00e9 um problema comum, que pode ser causado por diversos fatores, como falta de g\u00e1s refrigerante, defeito no termostato ou na resist\u00eancia el\u00e9trica.<\/li>\n<\/ul>\n<p>[\/vc_column_text][\/vc_column_inner][vc_column_inner width=&#8221;1\/2&#8243;][vc_column_text]<\/p>\n<ul>\n<li><span style=\"color: #000080;\"><strong>Geladeira est\u00e1 fazendo barulho:<\/strong> <\/span>O barulho pode ser causado por diversos fatores, como desgaste dos componentes internos ou vibra\u00e7\u00f5es.<\/li>\n<\/ul>\n<p>[\/vc_column_text][\/vc_column_inner][\/vc_row_inner][vc_empty_space height=&#8221;10px&#8221;][vc_row_inner][vc_column_inner width=&#8221;1\/2&#8243;][vc_column_text]<\/p>\n<ul>\n<li><span style=\"color: #000080;\"><strong>Geladeira est\u00e1 vazando:<\/strong><\/span> O vazamento pode ser causado por um defeito no reservat\u00f3rio de \u00e1gua ou no isolamento t\u00e9rmico.<\/li>\n<\/ul>\n<p>[\/vc_column_text][\/vc_column_inner][vc_column_inner width=&#8221;1\/2&#8243;][\/vc_column_inner][\/vc_row_inner][vc_empty_space height=&#8221;30px&#8221;][vc_column_text]Se voc\u00ea estiver enfrentando algum desses problemas, \u00e9 importante contatar um t\u00e9cnico especializado para que o problema seja diagnosticado e corrigido o mais r\u00e1pido poss\u00edvel.[\/vc_column_text][vc_empty_space][\/vc_column][\/vc_row][vc_row][vc_column width=&#8221;1\/2&#8243;][vc_btn title=&#8221;WHATSAPP ASSIST\u00caNCIA 24H&#8221; style=&#8221;custom&#8221; custom_background=&#8221;#00aa08&#8243; custom_text=&#8221;#ffffff&#8221; shape=&#8221;round&#8221; size=&#8221;lg&#8221; align=&#8221;center&#8221; i_align=&#8221;right&#8221; i_icon_fontawesome=&#8221;fa fa-whatsapp&#8221; link=&#8221;url:https%3A%2F%2Fapi.whatsapp.com%2Fsend%3Fphone%3D551127701103%26text%3DPreciso%2520de%2520uma%2520Assist%25C3%25AAncia%2520T%25C3%25A9cnica%2520para%2520o%2520meu%2520Eletrodom%25C3%25A9stico&#8230;||target:%20_blank|&#8221; add_icon=&#8221;true&#8221;][\/vc_column][vc_column width=&#8221;1\/2&#8243;][vc_btn title=&#8221;LIGUE AGORA: (11) 2770-1103&#8243; style=&#8221;custom&#8221; custom_background=&#8221;#2a00a8&#8243; custom_text=&#8221;#ffffff&#8221; shape=&#8221;round&#8221; size=&#8221;lg&#8221; align=&#8221;center&#8221; i_icon_fontawesome=&#8221;fa fa-phone&#8221; link=&#8221;url:tel%3A%2B551127701103||target:%20_blank|&#8221; add_icon=&#8221;true&#8221;][\/vc_column][\/vc_row][vc_row][vc_column][vc_column_text]<\/p>\n<h2 style=\"text-align: center;\"><span style=\"color: #000080;\"><strong>Como encontrar um t\u00e9cnico Sub-zero qualificado<\/strong><\/span><\/h2>\n<p>[\/vc_column_text][vc_empty_space height=&#8221;20px&#8221;][vc_column_text]<\/p>\n<p style=\"text-align: center;\"><strong>Ao escolher um t\u00e9cnico Sub-zero, \u00e9 importante considerar os seguintes fatores:<\/strong><\/p>\n<ul>\n<li><strong>Garantia:<\/strong> Certifique-se de que a empresa d\u00ea garantia sobre o servi\u00e7os prestado e que as pe\u00e7as utilizadas sejam originais.<\/li>\n<li><strong>Experi\u00eancia:<\/strong> Escolha uma empresa que tenha experi\u00eancia no <a href=\"https:\/\/eluxfrio.com.br\/sao-paulo\/conserto-de-eletrodomestico-sao-paulo\/\"><strong>conserto de eletrodom\u00e9sticos<\/strong><\/a> Sub-zero.<\/li>\n<li><strong>Atendimento personalizado:<\/strong> Escolha uma empresa que ofere\u00e7a atendimento personalizado, com hor\u00e1rio agendado, para que voc\u00ea n\u00e3o precise se preocupar com a locomo\u00e7\u00e3o de seu eletrodom\u00e9stico.<\/li>\n<\/ul>\n<p>A <a href=\"https:\/\/eluxfrio.com.br\/sao-paulo\/empresa-de-assistencia-tecnica-sp\/\"><strong>Eluxfrio<\/strong><\/a> atende a todos esses requisitos, o que a torna uma \u00f3tima op\u00e7\u00e3o para quem est\u00e1 procurando uma <strong>assist\u00eancia t\u00e9cnica Sub-zero em S\u00e3o Paulo.<\/strong><\/p>\n<p>Nossos t\u00e9cnicos s\u00e3o altamente qualificados e experientes, e utilizamos <strong>pe\u00e7as originais e certificadas<\/strong>. Oferecemos <strong>garantia de 90 dias<\/strong> para todos os servi\u00e7os realizados e <strong>pagamento facilitado<\/strong> seja em<strong> dinheiro, cart\u00e3o de d\u00e9bito ou cr\u00e9dito e Pix<\/strong>.[\/vc_column_text][\/vc_column][\/vc_row][vc_row][vc_column][vc_empty_space height=&#8221;40px&#8221;][\/vc_column][\/vc_row]<\/p>\n","protected":false},"excerpt":{"rendered":"<p>[vc_row][vc_column][vc_column_text] Assist\u00eancia T\u00e9cnica Geladeira Sub-zero em S\u00e3o Paulo: Encontre o t\u00e9cnico certo para o seu eletrodom\u00e9stico [\/vc_column_text][vc_empty_space][\/vc_column][\/vc_row][vc_row][vc_column width=&#8221;1\/4&#8243;][vc_single_image image=&#8221;2545&#8243; img_size=&#8221;full&#8221; alignment=&#8221;center&#8221;][\/vc_column][vc_column width=&#8221;3\/4&#8243;][vc_column_text]Se voc\u00ea possui uma Geladeira Sub-zero, sabe que ele \u00e9 um produto de alta qualidade e durabilidade. No entanto, mesmo os melhores eletrodom\u00e9sticos podem apresentar problemas de vez em quando. Quando isso acontece, \u00e9 [&hellip;]<\/p>\n","protected":false},"author":1,"featured_media":0,"parent":0,"menu_order":0,"comment_status":"closed","ping_status":"closed","template":"","meta":[],"yst_prominent_words":[],"_links":{"self":[{"href":"https:\/\/eluxfrio.com.br\/sao-paulo\/wp-json\/wp\/v2\/pages\/2460"}],"collection":[{"href":"https:\/\/eluxfrio.com.br\/sao-paulo\/wp-json\/wp\/v2\/pages"}],"about":[{"href":"https:\/\/eluxfrio.com.br\/sao-paulo\/wp-json\/wp\/v2\/types\/page"}],"author":[{"embeddable":true,"href":"https:\/\/eluxfrio.com.br\/sao-paulo\/wp-json\/wp\/v2\/users\/1"}],"replies":[{"embeddable":true,"href":"https:\/\/eluxfrio.com.br\/sao-paulo\/wp-json\/wp\/v2\/comments?post=2460"}],"version-history":[{"count":0,"href":"https:\/\/eluxfrio.com.br\/sao-paulo\/wp-json\/wp\/v2\/pages\/2460\/revisions"}],"wp:attachment":[{"href":"https:\/\/eluxfrio.com.br\/sao-paulo\/wp-json\/wp\/v2\/media?parent=2460"}],"wp:term":[{"taxonomy":"yst_prominent_words","embeddable":true,"href":"https:\/\/eluxfrio.com.br\/sao-paulo\/wp-json\/wp\/v2\/yst_prominent_words?post=2460"}],"curies":[{"name":"wp","href":"https:\/\/api.w.org\/{rel}","templated":true}]}}