{"id":2470,"date":"2024-01-18T12:29:21","date_gmt":"2024-01-18T15:29:21","guid":{"rendered":"https:\/\/eluxfrio.com.br\/sao-paulo\/?page_id=2470"},"modified":"2025-05-12T12:16:29","modified_gmt":"2025-05-12T15:16:29","slug":"assistencia-tecnica-bertazzoni","status":"publish","type":"page","link":"https:\/\/eluxfrio.com.br\/sao-paulo\/assistencia-tecnica-bertazzoni\/","title":{"rendered":"Assist\u00eancia T\u00e9cnica Bertazzoni"},"content":{"rendered":"<p>[vc_row][vc_column][vc_column_text]<\/p>\n<h2 style=\"text-align: center;\"><span style=\"color: #000080;\"><strong>Assist\u00eancia T\u00e9cnica Bertazzoni: Conserto de Geladeiras e Eletrodom\u00e9sticos em S\u00e3o Paulo<\/strong><\/span><\/h2>\n<p>[\/vc_column_text][vc_empty_space][\/vc_column][\/vc_row][vc_row][vc_column width=&#8221;1\/4&#8243;][vc_single_image image=&#8221;2480&#8243; img_size=&#8221;full&#8221; alignment=&#8221;center&#8221;][\/vc_column][vc_column width=&#8221;3\/4&#8243;][vc_column_text]A <strong>Bertazzoni<\/strong> \u00e9 uma marca italiana de<strong> eletrodom\u00e9sticos de alta qualidade<\/strong>, reconhecida por seu design sofisticado e desempenho superior. Se voc\u00ea \u00e9 um propriet\u00e1rio de um <strong>eletrodom\u00e9stico Bertazzoni<\/strong> e est\u00e1 com problemas, \u00e9 importante contar com uma <strong>assist\u00eancia t\u00e9cnica<\/strong> para garantir que o seu aparelho seja consertado corretamente.<\/p>\n<p>A <a href=\"https:\/\/eluxfrio.com.br\/sao-paulo\/\"><strong>Eluxfrio<\/strong><\/a> \u00e9 uma<strong><a href=\"https:\/\/eluxfrio.com.br\/sao-paulo\/assistencia-tecnica-sp\/\"> assist\u00eancia t\u00e9cnica<\/a> Bertazzoni<\/strong> com mais de 10 anos de experi\u00eancia no mercado. Oferecemos servi\u00e7os de <strong>conserto, manuten\u00e7\u00e3o e instala\u00e7\u00e3o de geladeiras e conserto de geladeiras side by side<\/strong>.[\/vc_column_text][\/vc_column][\/vc_row][vc_row][vc_column][vc_empty_space height=&#8221;40px&#8221;][\/vc_column][\/vc_row][vc_row][vc_column width=&#8221;1\/2&#8243;][vc_btn title=&#8221;WHATSAPP ASSIST\u00caNCIA 24H&#8221; style=&#8221;custom&#8221; custom_background=&#8221;#00aa08&#8243; custom_text=&#8221;#ffffff&#8221; shape=&#8221;round&#8221; size=&#8221;lg&#8221; align=&#8221;center&#8221; i_align=&#8221;right&#8221; i_icon_fontawesome=&#8221;fa fa-whatsapp&#8221; link=&#8221;url:https%3A%2F%2Fapi.whatsapp.com%2Fsend%3Fphone%3D551127701103%26text%3DPreciso%2520de%2520uma%2520Assist%25C3%25AAncia%2520T%25C3%25A9cnica%2520para%2520o%2520meu%2520Eletrodom%25C3%25A9stico&#8230;||target:%20_blank|&#8221; add_icon=&#8221;true&#8221;][\/vc_column][vc_column width=&#8221;1\/2&#8243;][vc_btn title=&#8221;LIGUE AGORA: (11) 2770-1103&#8243; style=&#8221;custom&#8221; custom_background=&#8221;#2a00a8&#8243; custom_text=&#8221;#ffffff&#8221; shape=&#8221;round&#8221; size=&#8221;lg&#8221; align=&#8221;center&#8221; i_icon_fontawesome=&#8221;fa fa-phone&#8221; link=&#8221;url:tel%3A%2B551127701103||target:%20_blank|&#8221; add_icon=&#8221;true&#8221;][\/vc_column][\/vc_row][vc_row][vc_column][vc_empty_space height=&#8221;40px&#8221;][vc_column_text]<\/p>\n<h2 style=\"text-align: center;\"><span style=\"color: #000080;\"><strong>Conserto de Geladeiras Bertazzoni<\/strong><\/span><\/h2>\n<p>[\/vc_column_text][vc_empty_space height=&#8221;10px&#8221;][vc_column_text]<\/p>\n<p style=\"text-align: center;\"><strong>Nossos servi\u00e7os de<a href=\"https:\/\/eluxfrio.com.br\/sao-paulo\/conserto-de-geladeira-sp\/\"> conserto de geladeiras<\/a> Bertazzoni e Conserto de side by side Bertazzoni incluem:<\/strong><\/p>\n<p>[\/vc_column_text][vc_empty_space height=&#8221;10px&#8221;][vc_row_inner][vc_column_inner width=&#8221;1\/2&#8243;][vc_column_text]<\/p>\n<ul>\n<li>Diagn\u00f3stico e identifica\u00e7\u00e3o r\u00e1pida da causa do problema;<\/li>\n<li>Substitui\u00e7\u00e3o de pe\u00e7as danificadas;<\/li>\n<li>Limpeza e higieniza\u00e7\u00e3o do aparelho;<\/li>\n<\/ul>\n<p>[\/vc_column_text][\/vc_column_inner][vc_column_inner width=&#8221;1\/2&#8243;][vc_column_text]<\/p>\n<ul>\n<li>Pe\u00e7as originais e certificadas;<\/li>\n<li>Testes de funcionamento;<\/li>\n<li>Garantia de 90 dias em pe\u00e7as e m\u00e3o de obra.<\/li>\n<\/ul>\n<p>[\/vc_column_text][\/vc_column_inner][\/vc_row_inner][vc_empty_space][\/vc_column][\/vc_row][vc_row][vc_column][vc_column_text]<\/p>\n<h2 style=\"text-align: center;\"><span style=\"color: #000080;\"><strong>Problemas em Geladeiras Bertazzoni<\/strong><\/span><\/h2>\n<p>[\/vc_column_text][vc_empty_space height=&#8221;10px&#8221;][vc_column_text]<\/p>\n<p style=\"text-align: center;\"><strong>Algumas das causas mais comuns de problemas em geladeiras Bertazzoni s\u00e3o:<\/strong><\/p>\n<p>[\/vc_column_text][vc_empty_space height=&#8221;20px&#8221;][vc_row_inner][vc_column_inner width=&#8221;1\/2&#8243;][vc_column_text]<\/p>\n<ul>\n<li>Falha no termostato;<\/li>\n<li>Defeito no compressor;<\/li>\n<li>Vazamento de g\u00e1s refrigerante;<\/li>\n<\/ul>\n<p>[\/vc_column_text][\/vc_column_inner][vc_column_inner width=&#8221;1\/2&#8243;][vc_column_text]<\/p>\n<ul>\n<li>Problemas com a porta;<\/li>\n<li>Defeito no painel de controle.<\/li>\n<\/ul>\n<p>[\/vc_column_text][\/vc_column_inner][\/vc_row_inner][vc_empty_space height=&#8221;20px&#8221;][vc_column_text]Se a sua <strong>Geladeira Bertazzoni<\/strong> n\u00e3o est\u00e1 gelando corretamente, \u00e9 importante chamar um<strong> t\u00e9cnico especializado<\/strong> o mais r\u00e1pido poss\u00edvel. Um diagn\u00f3stico precoce pode evitar danos mais graves ao aparelho e prolongar sua vida \u00fatil.[\/vc_column_text][vc_empty_space height=&#8221;20px&#8221;][\/vc_column][\/vc_row][vc_row][vc_column][vc_column_text]<\/p>\n<h2 style=\"text-align: center;\"><span style=\"color: #000080;\"><strong>Eluxfrio T\u00e9cnico Geladeira Bertazzoni<\/strong><\/span><\/h2>\n<p>[\/vc_column_text][vc_empty_space height=&#8221;10px&#8221;][vc_column_text]<\/p>\n<p style=\"text-align: center;\"><strong>Al\u00e9m de consertar geladeiras, a Eluxfrio tamb\u00e9m oferece servi\u00e7os de:<\/strong><\/p>\n<p>[\/vc_column_text][vc_empty_space height=&#8221;20px&#8221;][vc_row_inner][vc_column_inner width=&#8221;1\/2&#8243;][vc_column_text]<\/p>\n<ul>\n<li>Manuten\u00e7\u00e3o preventiva de eletrodom\u00e9sticos<\/li>\n<li>Instala\u00e7\u00e3o de eletrodom\u00e9sticos novos<\/li>\n<\/ul>\n<p>[\/vc_column_text][\/vc_column_inner][vc_column_inner width=&#8221;1\/2&#8243;][vc_column_text]<\/p>\n<ul>\n<li>Lavagem de coifas e exaustores<\/li>\n<li>Conserto de eletrodom\u00e9sticos de outras marcas<\/li>\n<\/ul>\n<p>[\/vc_column_text][\/vc_column_inner][\/vc_row_inner][vc_empty_space height=&#8221;20px&#8221;][vc_column_text]A<strong> Eluxfrio<\/strong> \u00e9 uma empresa especializada em <a href=\"https:\/\/eluxfrio.com.br\/sao-paulo\/empresa-de-assistencia-tecnica-sp\/\"><strong>assist\u00eancia t\u00e9cnica de eletrodom\u00e9sticos<\/strong><\/a>. Oferecemos servi\u00e7os de conserto, instala\u00e7\u00e3o e manuten\u00e7\u00e3o de eletrodom\u00e9sticos de todas as marcas, incluindo a Bertazzoni.<\/p>\n<p>Nossos t\u00e9cnicos s\u00e3o altamente qualificados e experientes, e utilizam as melhores ferramentas e pe\u00e7as para garantir um servi\u00e7o de qualidade. <strong>Oferecemos garantia de 90 dias<\/strong>, <strong>pe\u00e7as originais<\/strong> e <strong>pagamento facilitado<\/strong> seja em<strong> dinheiro, cart\u00e3o de d\u00e9bito ou cr\u00e9dito e Pix<\/strong>.<\/p>\n<p>Se voc\u00ea est\u00e1 procurando uma <strong>assist\u00eancia t\u00e9cnica Bertazzoni<\/strong> de qualidade, a <strong>Eluxfrio<\/strong> \u00e9 a op\u00e7\u00e3o ideal. Fale conosco agora![\/vc_column_text][vc_empty_space height=&#8221;40px&#8221;][\/vc_column][\/vc_row][vc_row][vc_column width=&#8221;1\/2&#8243;][vc_btn title=&#8221;WHATSAPP ASSIST\u00caNCIA 24H&#8221; style=&#8221;custom&#8221; custom_background=&#8221;#00aa08&#8243; custom_text=&#8221;#ffffff&#8221; shape=&#8221;round&#8221; size=&#8221;lg&#8221; align=&#8221;center&#8221; i_align=&#8221;right&#8221; i_icon_fontawesome=&#8221;fa fa-whatsapp&#8221; link=&#8221;url:https%3A%2F%2Fapi.whatsapp.com%2Fsend%3Fphone%3D551127701103%26text%3DPreciso%2520de%2520uma%2520Assist%25C3%25AAncia%2520T%25C3%25A9cnica%2520para%2520o%2520meu%2520Eletrodom%25C3%25A9stico&#8230;||target:%20_blank|&#8221; add_icon=&#8221;true&#8221;][\/vc_column][vc_column width=&#8221;1\/2&#8243;][vc_btn title=&#8221;LIGUE AGORA: (11) 2770-1103&#8243; style=&#8221;custom&#8221; custom_background=&#8221;#2a00a8&#8243; custom_text=&#8221;#ffffff&#8221; shape=&#8221;round&#8221; size=&#8221;lg&#8221; align=&#8221;center&#8221; i_icon_fontawesome=&#8221;fa fa-phone&#8221; link=&#8221;url:tel%3A%2B551127701103||target:%20_blank|&#8221; add_icon=&#8221;true&#8221;][\/vc_column][\/vc_row][vc_row][vc_column][vc_empty_space height=&#8221;40px&#8221;][\/vc_column][\/vc_row]<\/p>\n","protected":false},"excerpt":{"rendered":"<p>[vc_row][vc_column][vc_column_text] Assist\u00eancia T\u00e9cnica Bertazzoni: Conserto de Geladeiras e Eletrodom\u00e9sticos em S\u00e3o Paulo [\/vc_column_text][vc_empty_space][\/vc_column][\/vc_row][vc_row][vc_column width=&#8221;1\/4&#8243;][vc_single_image image=&#8221;2480&#8243; img_size=&#8221;full&#8221; alignment=&#8221;center&#8221;][\/vc_column][vc_column width=&#8221;3\/4&#8243;][vc_column_text]A Bertazzoni \u00e9 uma marca italiana de eletrodom\u00e9sticos de alta qualidade, reconhecida por seu design sofisticado e desempenho superior. Se voc\u00ea \u00e9 um propriet\u00e1rio de um eletrodom\u00e9stico Bertazzoni e est\u00e1 com problemas, \u00e9 importante contar com uma assist\u00eancia [&hellip;]<\/p>\n","protected":false},"author":1,"featured_media":0,"parent":0,"menu_order":0,"comment_status":"closed","ping_status":"closed","template":"","meta":[],"yst_prominent_words":[],"_links":{"self":[{"href":"https:\/\/eluxfrio.com.br\/sao-paulo\/wp-json\/wp\/v2\/pages\/2470"}],"collection":[{"href":"https:\/\/eluxfrio.com.br\/sao-paulo\/wp-json\/wp\/v2\/pages"}],"about":[{"href":"https:\/\/eluxfrio.com.br\/sao-paulo\/wp-json\/wp\/v2\/types\/page"}],"author":[{"embeddable":true,"href":"https:\/\/eluxfrio.com.br\/sao-paulo\/wp-json\/wp\/v2\/users\/1"}],"replies":[{"embeddable":true,"href":"https:\/\/eluxfrio.com.br\/sao-paulo\/wp-json\/wp\/v2\/comments?post=2470"}],"version-history":[{"count":0,"href":"https:\/\/eluxfrio.com.br\/sao-paulo\/wp-json\/wp\/v2\/pages\/2470\/revisions"}],"wp:attachment":[{"href":"https:\/\/eluxfrio.com.br\/sao-paulo\/wp-json\/wp\/v2\/media?parent=2470"}],"wp:term":[{"taxonomy":"yst_prominent_words","embeddable":true,"href":"https:\/\/eluxfrio.com.br\/sao-paulo\/wp-json\/wp\/v2\/yst_prominent_words?post=2470"}],"curies":[{"name":"wp","href":"https:\/\/api.w.org\/{rel}","templated":true}]}}