{"id":2485,"date":"2024-01-18T12:40:05","date_gmt":"2024-01-18T15:40:05","guid":{"rendered":"https:\/\/eluxfrio.com.br\/sao-paulo\/?page_id=2485"},"modified":"2025-05-12T12:15:55","modified_gmt":"2025-05-12T15:15:55","slug":"assistencia-tecnica-geladeira-tecno-em-sao-paulo","status":"publish","type":"page","link":"https:\/\/eluxfrio.com.br\/sao-paulo\/assistencia-tecnica-geladeira-tecno-em-sao-paulo\/","title":{"rendered":"Assist\u00eancia T\u00e9cnica Geladeira Tecno em S\u00e3o Paulo"},"content":{"rendered":"<p>[vc_row][vc_column width=&#8221;1\/4&#8243;][vc_single_image image=&#8221;2491&#8243; img_size=&#8221;full&#8221; alignment=&#8221;center&#8221;][\/vc_column][vc_column width=&#8221;3\/4&#8243;][vc_column_text]A <strong>geladeira<\/strong> \u00e9 um eletrodom\u00e9stico essencial para a casa, pois \u00e9 respons\u00e1vel por conservar os alimentos frescos e seguros para o consumo. No entanto, como qualquer outro eletrodom\u00e9stico, ela pode apresentar problemas. Quando isso acontece, \u00e9 importante contar com uma <a href=\"https:\/\/eluxfrio.com.br\/sao-paulo\/assistencia-tecnica-sp\/\"><strong>assist\u00eancia t\u00e9cnica<\/strong><\/a> para realizar o conserto.<\/p>\n<p>No caso de <strong>Geladeiras Tecno<\/strong>, a<a href=\"https:\/\/eluxfrio.com.br\/sao-paulo\/assistencia-tecnica-sp\/\"> <strong>assist\u00eancia t\u00e9cnica<\/strong><\/a> deve ser realizada por um profissional qualificado um <strong><a href=\"https:\/\/eluxfrio.com.br\/sao-paulo\/conserto-de-geladeira-sp\/\">T\u00e9cnico Geladeira<\/a> Tecno<\/strong>, que conhe\u00e7a as caracter\u00edsticas espec\u00edficas do produto. Isso garante que o conserto seja feito de forma correta e eficaz, evitando danos maiores ao aparelho.[\/vc_column_text][\/vc_column][\/vc_row][vc_row][vc_column][vc_empty_space height=&#8221;40px&#8221;][\/vc_column][\/vc_row][vc_row][vc_column width=&#8221;1\/2&#8243;][vc_btn title=&#8221;WHATSAPP ASSIST\u00caNCIA 24H&#8221; style=&#8221;custom&#8221; custom_background=&#8221;#00aa08&#8243; custom_text=&#8221;#ffffff&#8221; shape=&#8221;round&#8221; size=&#8221;lg&#8221; align=&#8221;center&#8221; i_align=&#8221;right&#8221; i_icon_fontawesome=&#8221;fa fa-whatsapp&#8221; link=&#8221;url:https%3A%2F%2Fapi.whatsapp.com%2Fsend%3Fphone%3D551127701103%26text%3DPreciso%2520de%2520uma%2520Assist%25C3%25AAncia%2520T%25C3%25A9cnica%2520para%2520o%2520meu%2520Eletrodom%25C3%25A9stico&#8230;||target:%20_blank|&#8221; add_icon=&#8221;true&#8221;][\/vc_column][vc_column width=&#8221;1\/2&#8243;][vc_btn title=&#8221;LIGUE AGORA: (11) 2770-1103&#8243; style=&#8221;custom&#8221; custom_background=&#8221;#2a00a8&#8243; custom_text=&#8221;#ffffff&#8221; shape=&#8221;round&#8221; size=&#8221;lg&#8221; align=&#8221;center&#8221; i_icon_fontawesome=&#8221;fa fa-phone&#8221; link=&#8221;url:tel%3A%2B551127701103||target:%20_blank|&#8221; add_icon=&#8221;true&#8221;][\/vc_column][\/vc_row][vc_row][vc_column][vc_empty_space height=&#8221;40px&#8221;][\/vc_column][\/vc_row][vc_row][vc_column width=&#8221;1\/2&#8243;][vc_column_text]<\/p>\n<h2><span style=\"color: #000080;\"><strong>Problemas comuns em Geladeiras Tecno<\/strong><\/span><\/h2>\n<p><strong>Alguns problemas comuns em geladeiras Tecno incluem:<\/strong><\/p>\n<ul>\n<li>Geladeira n\u00e3o est\u00e1 gelando<\/li>\n<li>Geladeira est\u00e1 fazendo barulho<\/li>\n<li>Geladeira est\u00e1 vazando<\/li>\n<li>Geladeira n\u00e3o est\u00e1 funcionando<\/li>\n<li>Geladeira est\u00e1 com defeito no painel<\/li>\n<\/ul>\n<p>[\/vc_column_text][\/vc_column][vc_column width=&#8221;1\/2&#8243;][vc_column_text]<\/p>\n<h2><span style=\"color: #000080;\"><strong>Como escolher uma Assist\u00eancia T\u00e9cnica Tecno<\/strong><\/span><\/h2>\n<p><strong>Ao escolher uma assist\u00eancia t\u00e9cnica para geladeira Tecno, \u00e9 importante considerar alguns fatores, como:<\/strong><\/p>\n<ul>\n<li>Experi\u00eancia da empresa<\/li>\n<li>Qualifica\u00e7\u00e3o dos profissionais<\/li>\n<li>Garantia dos servi\u00e7os prestados<\/li>\n<li>Pre\u00e7o dos servi\u00e7os<\/li>\n<\/ul>\n<p>[\/vc_column_text][\/vc_column][\/vc_row][vc_row][vc_column][vc_empty_space height=&#8221;40px&#8221;][vc_column_text]<\/p>\n<h2 style=\"text-align: center;\"><span style=\"color: #000080;\"><strong>Onde encontrar uma assist\u00eancia t\u00e9cnica para geladeira Tecno em S\u00e3o Paulo<\/strong><\/span><\/h2>\n<p>Em S\u00e3o Paulo, existem diversas <strong>assist\u00eancias t\u00e9cnicas especializadas em geladeiras Tecno<\/strong>. Uma boa op\u00e7\u00e3o \u00e9 a Eluxfrio, que oferece servi\u00e7os de <strong><a href=\"https:\/\/eluxfrio.com.br\/sao-paulo\/conserto-de-geladeira-sp\/\">Conserto de geladeira<\/a> Tecno<\/strong> e <strong>Conserto de side by side Tecno<\/strong>.<\/p>\n<p>A <a href=\"https:\/\/eluxfrio.com.br\/sao-paulo\/\"><strong>Eluxfrio<\/strong><\/a> possui uma equipe de profissionais qualificados e experientes, que utilizam pe\u00e7as originais e t\u00e9cnicas modernas para realizar os consertos. A empresa tamb\u00e9m oferece <strong>garantia de 90 dias para os servi\u00e7os prestados<\/strong>.[\/vc_column_text][vc_empty_space][\/vc_column][\/vc_row][vc_row][vc_column][vc_column_text]<\/p>\n<h2 style=\"text-align: center;\"><span style=\"color: #000080;\"><strong>Eluxfrio: a melhor assist\u00eancia t\u00e9cnica para geladeira Tecno em S\u00e3o Paulo<\/strong><\/span><\/h2>\n<p>A<a href=\"https:\/\/eluxfrio.com.br\/sao-paulo\/empresa-de-assistencia-tecnica-sp\/\"><strong> Eluxfrio<\/strong><\/a> \u00e9 a melhor op\u00e7\u00e3o para quem precisa de <strong>conserto, manuten\u00e7\u00e3o ou instala\u00e7\u00e3o de geladeiras Tecno em S\u00e3o Paulo<\/strong>. A empresa oferece servi\u00e7os de alta qualidade, com profissionais qualificados e experientes.<\/p>\n<p>Nossos t\u00e9cnicos s\u00e3o altamente qualificados e experientes, e utilizamos <strong>pe\u00e7as originais e certificadas<\/strong>. Oferecemos <strong>garantia de 90 dias<\/strong> para todos os servi\u00e7os realizados e pagamento facilitado seja em<strong> dinheiro, cart\u00e3o de d\u00e9bito ou cr\u00e9dito e Pix<\/strong>.[\/vc_column_text][vc_empty_space height=&#8221;40px&#8221;][\/vc_column][\/vc_row][vc_row][vc_column width=&#8221;1\/2&#8243;][vc_btn title=&#8221;WHATSAPP ASSIST\u00caNCIA 24H&#8221; style=&#8221;custom&#8221; custom_background=&#8221;#00aa08&#8243; custom_text=&#8221;#ffffff&#8221; shape=&#8221;round&#8221; size=&#8221;lg&#8221; align=&#8221;center&#8221; i_align=&#8221;right&#8221; i_icon_fontawesome=&#8221;fa fa-whatsapp&#8221; link=&#8221;url:https%3A%2F%2Fapi.whatsapp.com%2Fsend%3Fphone%3D551127701103%26text%3DPreciso%2520de%2520uma%2520Assist%25C3%25AAncia%2520T%25C3%25A9cnica%2520para%2520o%2520meu%2520Eletrodom%25C3%25A9stico&#8230;||target:%20_blank|&#8221; add_icon=&#8221;true&#8221;][\/vc_column][vc_column width=&#8221;1\/2&#8243;][vc_btn title=&#8221;LIGUE AGORA: (11) 2770-1103&#8243; style=&#8221;custom&#8221; custom_background=&#8221;#2a00a8&#8243; custom_text=&#8221;#ffffff&#8221; shape=&#8221;round&#8221; size=&#8221;lg&#8221; align=&#8221;center&#8221; i_icon_fontawesome=&#8221;fa fa-phone&#8221; link=&#8221;url:tel%3A%2B551127701103||target:%20_blank|&#8221; add_icon=&#8221;true&#8221;][\/vc_column][\/vc_row][vc_row][vc_column][vc_empty_space height=&#8221;40px&#8221;][\/vc_column][\/vc_row]<\/p>\n","protected":false},"excerpt":{"rendered":"<p>[vc_row][vc_column width=&#8221;1\/4&#8243;][vc_single_image image=&#8221;2491&#8243; img_size=&#8221;full&#8221; alignment=&#8221;center&#8221;][\/vc_column][vc_column width=&#8221;3\/4&#8243;][vc_column_text]A geladeira \u00e9 um eletrodom\u00e9stico essencial para a casa, pois \u00e9 respons\u00e1vel por conservar os alimentos frescos e seguros para o consumo. No entanto, como qualquer outro eletrodom\u00e9stico, ela pode apresentar problemas. Quando isso acontece, \u00e9 importante contar com uma assist\u00eancia t\u00e9cnica para realizar o conserto. No caso de Geladeiras [&hellip;]<\/p>\n","protected":false},"author":1,"featured_media":0,"parent":0,"menu_order":0,"comment_status":"closed","ping_status":"closed","template":"","meta":[],"yst_prominent_words":[],"_links":{"self":[{"href":"https:\/\/eluxfrio.com.br\/sao-paulo\/wp-json\/wp\/v2\/pages\/2485"}],"collection":[{"href":"https:\/\/eluxfrio.com.br\/sao-paulo\/wp-json\/wp\/v2\/pages"}],"about":[{"href":"https:\/\/eluxfrio.com.br\/sao-paulo\/wp-json\/wp\/v2\/types\/page"}],"author":[{"embeddable":true,"href":"https:\/\/eluxfrio.com.br\/sao-paulo\/wp-json\/wp\/v2\/users\/1"}],"replies":[{"embeddable":true,"href":"https:\/\/eluxfrio.com.br\/sao-paulo\/wp-json\/wp\/v2\/comments?post=2485"}],"version-history":[{"count":0,"href":"https:\/\/eluxfrio.com.br\/sao-paulo\/wp-json\/wp\/v2\/pages\/2485\/revisions"}],"wp:attachment":[{"href":"https:\/\/eluxfrio.com.br\/sao-paulo\/wp-json\/wp\/v2\/media?parent=2485"}],"wp:term":[{"taxonomy":"yst_prominent_words","embeddable":true,"href":"https:\/\/eluxfrio.com.br\/sao-paulo\/wp-json\/wp\/v2\/yst_prominent_words?post=2485"}],"curies":[{"name":"wp","href":"https:\/\/api.w.org\/{rel}","templated":true}]}}