{"id":2505,"date":"2024-01-19T12:04:30","date_gmt":"2024-01-19T15:04:30","guid":{"rendered":"https:\/\/eluxfrio.com.br\/sao-paulo\/?page_id=2505"},"modified":"2025-05-14T15:15:39","modified_gmt":"2025-05-14T18:15:39","slug":"conserto-geladeira-side-by-side-sp-como-encontrar-a-melhor-assistencia-tecnica","status":"publish","type":"page","link":"https:\/\/eluxfrio.com.br\/sao-paulo\/conserto-geladeira-side-by-side-sp-como-encontrar-a-melhor-assistencia-tecnica\/","title":{"rendered":"Conserto Geladeira side by side SP: Como encontrar a melhor assist\u00eancia t\u00e9cnica"},"content":{"rendered":"<p>[vc_row][vc_column][vc_column_text]A <strong>geladeira side by side<\/strong> \u00e9 um eletrodom\u00e9stico sofisticado e que, por isso, exige cuidados especiais. Por isso, se sua<strong> geladeira side by side<\/strong> <strong>n\u00e3o est\u00e1 gelando<\/strong> ou <strong>apresentando outros problemas<\/strong>, \u00e9 importante procurar uma <strong>assist\u00eancia t\u00e9cnica<\/strong>.[\/vc_column_text][vc_empty_space height=&#8221;30px&#8221;][\/vc_column][\/vc_row][vc_row][vc_column][vc_column_text]<\/p>\n<p style=\"text-align: center;\"><span style=\"color: #000080;\"><strong>Em S\u00e3o Paulo, existem diversas op\u00e7\u00f5es de assist\u00eancias t\u00e9cnicas para geladeiras side by side. Para escolher a melhor, \u00e9 importante considerar alguns fatores, como:<\/strong><\/span><\/p>\n<p>[\/vc_column_text][vc_empty_space height=&#8221;40px&#8221;][\/vc_column][\/vc_row][vc_row][vc_column width=&#8221;1\/2&#8243;][vc_btn title=&#8221;WHATSAPP ASSIST\u00caNCIA 24H&#8221; style=&#8221;custom&#8221; custom_background=&#8221;#00aa08&#8243; custom_text=&#8221;#ffffff&#8221; shape=&#8221;round&#8221; size=&#8221;lg&#8221; align=&#8221;center&#8221; i_align=&#8221;right&#8221; i_icon_fontawesome=&#8221;fa fa-whatsapp&#8221; link=&#8221;url:https%3A%2F%2Fapi.whatsapp.com%2Fsend%3Fphone%3D551127701103%26text%3DPreciso%2520de%2520uma%2520Assist%25C3%25AAncia%2520T%25C3%25A9cnica%2520para%2520o%2520meu%2520Eletrodom%25C3%25A9stico&#8230;||target:%20_blank|&#8221; add_icon=&#8221;true&#8221;][\/vc_column][vc_column width=&#8221;1\/2&#8243;][vc_btn title=&#8221;LIGUE AGORA: (11) 2770-1103&#8243; style=&#8221;custom&#8221; custom_background=&#8221;#2a00a8&#8243; custom_text=&#8221;#ffffff&#8221; shape=&#8221;round&#8221; size=&#8221;lg&#8221; align=&#8221;center&#8221; i_icon_fontawesome=&#8221;fa fa-phone&#8221; link=&#8221;url:tel%3A%2B551127701103||target:%20_blank|&#8221; add_icon=&#8221;true&#8221;][\/vc_column][\/vc_row][vc_row][vc_column][vc_empty_space height=&#8221;40px&#8221;][\/vc_column][\/vc_row][vc_row][vc_column width=&#8221;1\/4&#8243;][vc_single_image image=&#8221;2547&#8243; img_size=&#8221;full&#8221; alignment=&#8221;center&#8221;][\/vc_column][vc_column width=&#8221;3\/4&#8243;][vc_row_inner][vc_column_inner width=&#8221;1\/2&#8243;][vc_column_text]<span style=\"color: #000080;\"><strong>Reputa\u00e7\u00e3o da Empresa: <\/strong><\/span><\/p>\n<p>Pesquise a reputa\u00e7\u00e3o da empresa antes de contrat\u00e1-la. Leia avalia\u00e7\u00f5es de clientes e confira se a empresa \u00e9\u00a0 de confian\u00e7a, se utiliza pe\u00e7as originais e se tem garantia sobre pe\u00e7as e servi\u00e7os\u00a0 de geladeiras side by side.[\/vc_column_text][\/vc_column_inner][vc_column_inner width=&#8221;1\/2&#8243;][vc_column_text]<span style=\"color: #000080;\"><strong>Experi\u00eancia:<\/strong><\/span><\/p>\n<p>Escolha uma empresa com experi\u00eancia em <strong>conserto de geladeiras side by side<\/strong>. Isso garante que os t\u00e9cnicos tenham as habilidades e o conhecimento necess\u00e1rios para resolver o problema da sua geladeira.[\/vc_column_text][\/vc_column_inner][\/vc_row_inner][vc_empty_space height=&#8221;20px&#8221;][vc_row_inner][vc_column_inner width=&#8221;1\/2&#8243;][vc_column_text]<span style=\"color: #000080;\"><strong>Pre\u00e7o:<\/strong><\/span><\/p>\n<p>Procure uma empresa com pagamento facilitado seja em dinheiro, cart\u00e3o de d\u00e9bito, cr\u00e9dito e Pix antes de tomar uma decis\u00e3o.[\/vc_column_text][\/vc_column_inner][vc_column_inner width=&#8221;1\/2&#8243;][\/vc_column_inner][\/vc_row_inner][\/vc_column][\/vc_row][vc_row][vc_column][vc_empty_space height=&#8221;40px&#8221;][vc_column_text]<\/p>\n<h2 style=\"text-align: center;\"><span style=\"color: #000080;\"><strong>Problemas comuns em geladeiras side by side<\/strong><\/span><\/h2>\n<p>[\/vc_column_text][vc_empty_space height=&#8221;20px&#8221;][vc_column_text]<\/p>\n<p style=\"text-align: center;\">A <strong>geladeira side by side<\/strong> \u00e9 um eletrodom\u00e9stico complexo e, por isso, pode apresentar diversos problemas. Os problemas mais comuns s\u00e3o:<\/p>\n<p>[\/vc_column_text][vc_empty_space height=&#8221;40px&#8221;][vc_row_inner][vc_column_inner width=&#8221;1\/2&#8243;][vc_column_text]<span style=\"color: #000080;\"><strong>Geladeira n\u00e3o est\u00e1 gelando:<\/strong> <\/span>Esse \u00e9 o problema mais comum em <strong>geladeiras side by side<\/strong>. O problema pode ser causado por diversos fatores, como:<strong> falta de g\u00e1s refrigerante<\/strong>,<strong> defeito no termostato<\/strong> ou na <strong>resist\u00eancia<\/strong>, entre outros.[\/vc_column_text][\/vc_column_inner][vc_column_inner width=&#8221;1\/2&#8243;][vc_column_text]<span style=\"color: #000080;\"><strong>Geladeira est\u00e1 fazendo barulho:<\/strong><\/span> O barulho pode ser causado por diversos fatores, como: <strong>desgaste das pe\u00e7as<\/strong>, <strong>vibra\u00e7\u00e3o do motor<\/strong> ou <strong>contato de pe\u00e7as met\u00e1licas<\/strong>.[\/vc_column_text][\/vc_column_inner][\/vc_row_inner][vc_empty_space height=&#8221;20px&#8221;][vc_row_inner][vc_column_inner width=&#8221;1\/2&#8243;][vc_column_text]<span style=\"color: #000080;\"><strong>Geladeira est\u00e1 com vazamentos:<\/strong><\/span> O vazamento pode ser causado por diversos fatores, como: <strong>defeito no gabinete<\/strong>, na <strong>veda\u00e7\u00e3o<\/strong> ou no <strong>tubo de drenagem<\/strong>.[\/vc_column_text][\/vc_column_inner][vc_column_inner width=&#8221;1\/2&#8243;][vc_column_text]<span style=\"color: #000080;\"><strong>Geladeira est\u00e1 com mau cheiro:<\/strong> <\/span>O mau cheiro pode ser causado por diversos fatores, como: <strong>alimentos vencidos<\/strong>, <strong>res\u00edduos de alimentos<\/strong> ou <strong>falta de limpeza<\/strong>.[\/vc_column_text][\/vc_column_inner][\/vc_row_inner][vc_empty_space height=&#8221;40px&#8221;][\/vc_column][\/vc_row][vc_row][vc_column width=&#8221;1\/2&#8243;][vc_btn title=&#8221;WHATSAPP ASSIST\u00caNCIA 24H&#8221; style=&#8221;custom&#8221; custom_background=&#8221;#00aa08&#8243; custom_text=&#8221;#ffffff&#8221; shape=&#8221;round&#8221; size=&#8221;lg&#8221; align=&#8221;center&#8221; i_align=&#8221;right&#8221; i_icon_fontawesome=&#8221;fa fa-whatsapp&#8221; link=&#8221;url:https%3A%2F%2Fapi.whatsapp.com%2Fsend%3Fphone%3D551127701103%26text%3DPreciso%2520de%2520uma%2520Assist%25C3%25AAncia%2520T%25C3%25A9cnica%2520para%2520o%2520meu%2520Eletrodom%25C3%25A9stico&#8230;||target:%20_blank|&#8221; add_icon=&#8221;true&#8221;][\/vc_column][vc_column width=&#8221;1\/2&#8243;][vc_btn title=&#8221;LIGUE AGORA: (11) 2770-1103&#8243; style=&#8221;custom&#8221; custom_background=&#8221;#2a00a8&#8243; custom_text=&#8221;#ffffff&#8221; shape=&#8221;round&#8221; size=&#8221;lg&#8221; align=&#8221;center&#8221; i_icon_fontawesome=&#8221;fa fa-phone&#8221; link=&#8221;url:tel%3A%2B551127701103||target:%20_blank|&#8221; add_icon=&#8221;true&#8221;][\/vc_column][\/vc_row][vc_row][vc_column][vc_empty_space height=&#8221;40px&#8221;][vc_column_text]<\/p>\n<h2 style=\"text-align: center;\"><span style=\"color: #000080;\"><strong>Como evitar problemas com a geladeira side by side<\/strong><\/span><\/h2>\n<p>[\/vc_column_text][vc_empty_space height=&#8221;20px&#8221;][vc_column_text]<\/p>\n<p style=\"text-align: center;\">Para evitar <strong>problemas com a geladeira side by side<\/strong>, \u00e9 importante seguir algumas dicas:<\/p>\n<p>[\/vc_column_text][vc_empty_space height=&#8221;40px&#8221;][vc_row_inner][vc_column_inner width=&#8221;1\/2&#8243;][vc_column_text]<span style=\"color: #000080;\"><strong>Limpeza regular:<\/strong><\/span> \u00c9 importante limpar a geladeira regularmente, para remover res\u00edduos de alimentos e evitar a prolifera\u00e7\u00e3o de bact\u00e9rias.[\/vc_column_text][\/vc_column_inner][vc_column_inner width=&#8221;1\/2&#8243;][vc_column_text]<span style=\"color: #000080;\"><strong>Manuten\u00e7\u00e3o preventiva:<\/strong> <\/span>\u00c9 recomendado realizar uma manuten\u00e7\u00e3o preventiva na geladeira a cada 6 meses ou 1 ano. A manuten\u00e7\u00e3o preventiva ajuda a identificar e corrigir problemas antes que eles se agravem.[\/vc_column_text][\/vc_column_inner][\/vc_row_inner][vc_empty_space height=&#8221;20px&#8221;][vc_row_inner][vc_column_inner width=&#8221;1\/2&#8243;][vc_column_text]<span style=\"color: #000080;\"><strong>Uso adequado:<\/strong> <\/span>\u00c9 importante usar a geladeira de forma adequada, seguindo as instru\u00e7\u00f5es do manual de instru\u00e7\u00f5es.[\/vc_column_text][\/vc_column_inner][vc_column_inner width=&#8221;1\/2&#8243;][\/vc_column_inner][\/vc_row_inner][vc_empty_space height=&#8221;20px&#8221;][vc_column_text]<\/p>\n<p style=\"text-align: center;\">Ao seguir essas dicas, voc\u00ea pode aumentar a vida \u00fatil da sua geladeira side by side e evitar problemas.<\/p>\n<p>[\/vc_column_text][vc_empty_space height=&#8221;40px&#8221;][\/vc_column][\/vc_row][vc_row][vc_column][vc_empty_space height=&#8221;40px&#8221;][vc_column_text]<\/p>\n<h2 style=\"text-align: center;\"><span style=\"color: #000080;\"><strong>Eluxfrio: Conserto de side by side SP<\/strong><\/span><\/h2>\n<p>[\/vc_column_text][vc_empty_space height=&#8221;20px&#8221;][vc_column_text]Se voc\u00ea est\u00e1 procurando uma <strong>assist\u00eancia t\u00e9cnica de geladeira side by side em S\u00e3o Paulo<\/strong>, a Eluxfrio pode ajud\u00e1-lo. Reunimos uma lista das melhores assist\u00eancias t\u00e9cnicas da cidade, com informa\u00e7\u00f5es sobre reputa\u00e7\u00e3o, experi\u00eancia e pre\u00e7os.<\/p>\n<p>A Eluxfrio \u00e9 uma empresa especializada em <strong>conserto de eletrodom\u00e9sticos<\/strong>, com mais de 10 anos de experi\u00eancia. A empresa conta com uma equipe de t\u00e9cnicos qualificados e experientes, que est\u00e3o preparados para resolver qualquer problema em sua <strong>geladeira side by side<\/strong>.<\/p>\n<p>Nossos t\u00e9cnicos s\u00e3o altamente qualificados e experientes, e utilizam as melhores ferramentas e pe\u00e7as para garantir um servi\u00e7o de qualidade. Oferecemos <strong>garantia de 90 dias<\/strong>, <strong>pe\u00e7as originais<\/strong> e <strong>pagamento facilitado<\/strong> seja em <strong>dinheiro, cart\u00e3o de d\u00e9bito ou cr\u00e9dito e Pix<\/strong>.[\/vc_column_text][vc_empty_space height=&#8221;40px&#8221;][\/vc_column][\/vc_row][vc_row][vc_column width=&#8221;1\/2&#8243;][vc_btn title=&#8221;WHATSAPP ASSIST\u00caNCIA 24H&#8221; style=&#8221;custom&#8221; custom_background=&#8221;#00aa08&#8243; custom_text=&#8221;#ffffff&#8221; shape=&#8221;round&#8221; size=&#8221;lg&#8221; align=&#8221;center&#8221; i_align=&#8221;right&#8221; i_icon_fontawesome=&#8221;fa fa-whatsapp&#8221; link=&#8221;url:https%3A%2F%2Fapi.whatsapp.com%2Fsend%3Fphone%3D551127701103%26text%3DPreciso%2520de%2520uma%2520Assist%25C3%25AAncia%2520T%25C3%25A9cnica%2520para%2520o%2520meu%2520Eletrodom%25C3%25A9stico&#8230;||target:%20_blank|&#8221; add_icon=&#8221;true&#8221;][\/vc_column][vc_column width=&#8221;1\/2&#8243;][vc_btn title=&#8221;LIGUE AGORA: (11) 2770-1103&#8243; style=&#8221;custom&#8221; custom_background=&#8221;#2a00a8&#8243; custom_text=&#8221;#ffffff&#8221; shape=&#8221;round&#8221; size=&#8221;lg&#8221; align=&#8221;center&#8221; i_icon_fontawesome=&#8221;fa fa-phone&#8221; link=&#8221;url:tel%3A%2B551127701103||target:%20_blank|&#8221; add_icon=&#8221;true&#8221;][\/vc_column][\/vc_row][vc_row][vc_column][vc_empty_space height=&#8221;40px&#8221;][\/vc_column][\/vc_row]<\/p>\n","protected":false},"excerpt":{"rendered":"<p>[vc_row][vc_column][vc_column_text]A geladeira side by side \u00e9 um eletrodom\u00e9stico sofisticado e que, por isso, exige cuidados especiais. Por isso, se sua geladeira side by side n\u00e3o est\u00e1 gelando ou apresentando outros problemas, \u00e9 importante procurar uma assist\u00eancia t\u00e9cnica.[\/vc_column_text][vc_empty_space height=&#8221;30px&#8221;][\/vc_column][\/vc_row][vc_row][vc_column][vc_column_text] Em S\u00e3o Paulo, existem diversas op\u00e7\u00f5es de assist\u00eancias t\u00e9cnicas para geladeiras side by side. Para escolher a [&hellip;]<\/p>\n","protected":false},"author":1,"featured_media":0,"parent":0,"menu_order":0,"comment_status":"closed","ping_status":"closed","template":"","meta":[],"yst_prominent_words":[],"_links":{"self":[{"href":"https:\/\/eluxfrio.com.br\/sao-paulo\/wp-json\/wp\/v2\/pages\/2505"}],"collection":[{"href":"https:\/\/eluxfrio.com.br\/sao-paulo\/wp-json\/wp\/v2\/pages"}],"about":[{"href":"https:\/\/eluxfrio.com.br\/sao-paulo\/wp-json\/wp\/v2\/types\/page"}],"author":[{"embeddable":true,"href":"https:\/\/eluxfrio.com.br\/sao-paulo\/wp-json\/wp\/v2\/users\/1"}],"replies":[{"embeddable":true,"href":"https:\/\/eluxfrio.com.br\/sao-paulo\/wp-json\/wp\/v2\/comments?post=2505"}],"version-history":[{"count":0,"href":"https:\/\/eluxfrio.com.br\/sao-paulo\/wp-json\/wp\/v2\/pages\/2505\/revisions"}],"wp:attachment":[{"href":"https:\/\/eluxfrio.com.br\/sao-paulo\/wp-json\/wp\/v2\/media?parent=2505"}],"wp:term":[{"taxonomy":"yst_prominent_words","embeddable":true,"href":"https:\/\/eluxfrio.com.br\/sao-paulo\/wp-json\/wp\/v2\/yst_prominent_words?post=2505"}],"curies":[{"name":"wp","href":"https:\/\/api.w.org\/{rel}","templated":true}]}}