{"id":2558,"date":"2024-01-26T16:22:59","date_gmt":"2024-01-26T19:22:59","guid":{"rendered":"https:\/\/eluxfrio.com.br\/sao-paulo\/?page_id=2558"},"modified":"2025-05-14T14:58:00","modified_gmt":"2025-05-14T17:58:00","slug":"solucoes-em-pecas-electrolux-em-sao-paulo-encontre-tudo-na-eluxfrio","status":"publish","type":"page","link":"https:\/\/eluxfrio.com.br\/sao-paulo\/solucoes-em-pecas-electrolux-em-sao-paulo-encontre-tudo-na-eluxfrio\/","title":{"rendered":"Solu\u00e7\u00f5es em Pe\u00e7as Electrolux em S\u00e3o Paulo: Encontre Tudo na EluxFrio"},"content":{"rendered":"<p>[vc_row][vc_column][vc_column_text]Se voc\u00ea mora em S\u00e3o Paulo e precisa de pe\u00e7as para seu <a href=\"https:\/\/eluxfrio.com.br\/sao-paulo\/assistencia-tecnica-electrolux\/\"><strong>eletrodom\u00e9stico Electrolux<\/strong>,<\/a> saiba que existem diversas op\u00e7\u00f5es dispon\u00edveis no mercado. No entanto, nem todas as pe\u00e7as s\u00e3o iguais, e \u00e9 importante escolher um fornecedor confi\u00e1vel para garantir a qualidade e o bom funcionamento do seu aparelho.<\/p>\n<p>A <strong>Eluxfrio<\/strong>, uma empresa especializada na <strong>venda de pe\u00e7as originais<\/strong> e <a href=\"https:\/\/eluxfrio.com.br\/sao-paulo\/assistencia-tecnica-sp\/\"><strong>assist\u00eancia t\u00e9cnica<\/strong><\/a> para produtos <strong>Electrolux<\/strong>, \u00e9 a sua solu\u00e7\u00e3o abrangente para todas as necessidades relacionadas a consertos e reposi\u00e7\u00e3o de pe\u00e7as na cidade de <strong>S\u00e3o Paulo<\/strong> e na regi\u00e3o da <strong>Lapa<\/strong>.[\/vc_column_text][vc_empty_space height=&#8221;40px&#8221;][\/vc_column][\/vc_row][vc_row][vc_column width=&#8221;1\/2&#8243;][vc_btn title=&#8221;WHATSAPP ASSIST\u00caNCIA 24H&#8221; style=&#8221;custom&#8221; custom_background=&#8221;#00aa08&#8243; custom_text=&#8221;#ffffff&#8221; shape=&#8221;round&#8221; size=&#8221;lg&#8221; align=&#8221;center&#8221; i_align=&#8221;right&#8221; i_icon_fontawesome=&#8221;fa fa-whatsapp&#8221; link=&#8221;url:https%3A%2F%2Fapi.whatsapp.com%2Fsend%3Fphone%3D551127701103%26text%3DPreciso%2520de%2520uma%2520Assist%25C3%25AAncia%2520T%25C3%25A9cnica%2520para%2520o%2520meu%2520Eletrodom%25C3%25A9stico&#8230;||target:%20_blank|&#8221; add_icon=&#8221;true&#8221;][\/vc_column][vc_column width=&#8221;1\/2&#8243;][vc_btn title=&#8221;LIGUE AGORA: (11) 2770-1103&#8243; style=&#8221;custom&#8221; custom_background=&#8221;#2a00a8&#8243; custom_text=&#8221;#ffffff&#8221; shape=&#8221;round&#8221; size=&#8221;lg&#8221; align=&#8221;center&#8221; i_icon_fontawesome=&#8221;fa fa-phone&#8221; link=&#8221;url:tel%3A%2B551127701103||target:%20_blank|&#8221; add_icon=&#8221;true&#8221;][\/vc_column][\/vc_row][vc_row][vc_column][vc_empty_space height=&#8221;40px&#8221;][vc_column_text]<\/p>\n<h2><strong><span style=\"color: #000080;\">Onde Comprar Pe\u00e7as de Fog\u00e3o Electrolux?<\/span><\/strong><\/h2>\n<p>[\/vc_column_text][vc_empty_space height=&#8221;20px&#8221;][vc_row_inner][vc_column_inner width=&#8221;1\/4&#8243;][vc_single_image image=&#8221;2562&#8243; img_size=&#8221;full&#8221; alignment=&#8221;center&#8221;][\/vc_column_inner][vc_column_inner width=&#8221;3\/4&#8243;][vc_column_text]Se voc\u00ea est\u00e1 se perguntando onde encontrar <strong>pe\u00e7as de <a href=\"https:\/\/eluxfrio.com.br\/sao-paulo\/conserto-de-fogao-sp\/\">fog\u00e3o Electrolux<\/a> em S\u00e3o Paulo<\/strong>, a resposta \u00e9 simples: na <strong>Eluxfrio<\/strong>. Temos uma ampla variedade de <strong>pe\u00e7as originais para fog\u00f5es Electrolux<\/strong>, desde queimadores at\u00e9 componentes el\u00e9tricos. Encontre exatamente o que voc\u00ea precisa para restaurar a funcionalidade do seu fog\u00e3o.<\/p>\n<p>Nossos t\u00e9cnicos s\u00e3o altamente qualificados e experientes, e utilizam as melhores ferramentas e pe\u00e7as para garantir um servi\u00e7o de qualidade. Oferecemos <strong>garantia de 90 dias<\/strong>, <strong>pe\u00e7as originais<\/strong> e <strong>pagamento facilitado<\/strong> seja em <strong>dinheiro, cart\u00e3o de d\u00e9bito ou cr\u00e9dito e Pix<\/strong>.[\/vc_column_text][\/vc_column_inner][\/vc_row_inner][vc_empty_space height=&#8221;40px&#8221;][\/vc_column][\/vc_row][vc_row][vc_column][vc_empty_space height=&#8221;40px&#8221;][\/vc_column][\/vc_row][vc_row][vc_column width=&#8221;1\/4&#8243;][vc_single_image image=&#8221;2567&#8243; img_size=&#8221;full&#8221; alignment=&#8221;center&#8221;][\/vc_column][vc_column width=&#8221;3\/4&#8243;][vc_column_text]<\/p>\n<h2><strong><span style=\"color: #000080;\">Onde Comprar Pe\u00e7as de Geladeira Electrolux?<\/span><\/strong><\/h2>\n<p>[\/vc_column_text][vc_empty_space height=&#8221;30px&#8221;][vc_column_text]Quando se trata de <a href=\"https:\/\/eluxfrio.com.br\/sao-paulo\/conserto-de-geladeira-sp\/\"><strong>geladeiras Electrolux<\/strong><\/a>, a <strong>Eluxfrio<\/strong> \u00e9 sua melhor op\u00e7\u00e3o para <strong>comprar pe\u00e7as de reposi\u00e7\u00e3o em S\u00e3o Paulo<\/strong>. Seja para <strong>geladeiras<\/strong> convencionais, <strong>geladeira frost-free<\/strong>, <strong>geladeira side by side<\/strong>, temos em estoque uma <strong>variedade de pe\u00e7as<\/strong>, como <strong>gavetas<\/strong>, <strong>prateleiras<\/strong>, <strong>borrachas<\/strong>, <strong>termostatos<\/strong> e <strong>motores<\/strong>.<\/p>\n<p><strong>Entre em contato conosco<\/strong> e encontre as pe\u00e7as ideais para sua geladeira.[\/vc_column_text][\/vc_column][\/vc_row][vc_row][vc_column][vc_empty_space height=&#8221;40px&#8221;][\/vc_column][\/vc_row][vc_row][vc_column width=&#8221;1\/2&#8243;][vc_btn title=&#8221;WHATSAPP ASSIST\u00caNCIA 24H&#8221; style=&#8221;custom&#8221; custom_background=&#8221;#00aa08&#8243; custom_text=&#8221;#ffffff&#8221; shape=&#8221;round&#8221; size=&#8221;lg&#8221; align=&#8221;center&#8221; i_align=&#8221;right&#8221; i_icon_fontawesome=&#8221;fa fa-whatsapp&#8221; link=&#8221;url:https%3A%2F%2Fapi.whatsapp.com%2Fsend%3Fphone%3D551127701103%26text%3DPreciso%2520de%2520uma%2520Assist%25C3%25AAncia%2520T%25C3%25A9cnica%2520para%2520o%2520meu%2520Eletrodom%25C3%25A9stico&#8230;||target:%20_blank|&#8221; add_icon=&#8221;true&#8221;][\/vc_column][vc_column width=&#8221;1\/2&#8243;][vc_btn title=&#8221;LIGUE AGORA: (11) 2770-1103&#8243; style=&#8221;custom&#8221; custom_background=&#8221;#2a00a8&#8243; custom_text=&#8221;#ffffff&#8221; shape=&#8221;round&#8221; size=&#8221;lg&#8221; align=&#8221;center&#8221; i_icon_fontawesome=&#8221;fa fa-phone&#8221; link=&#8221;url:tel%3A%2B551127701103||target:%20_blank|&#8221; add_icon=&#8221;true&#8221;][\/vc_column][\/vc_row][vc_row][vc_column][vc_empty_space height=&#8221;50px&#8221;][vc_row_inner][vc_column_inner width=&#8221;1\/4&#8243;][vc_single_image image=&#8221;2571&#8243; img_size=&#8221;full&#8221; alignment=&#8221;center&#8221;][\/vc_column_inner][vc_column_inner width=&#8221;3\/4&#8243;][vc_column_text]<\/p>\n<h2><span style=\"color: #000080;\"><strong>Onde Comprar Pe\u00e7as de M\u00e1quina de Lavar Electrolux?<\/strong><\/span><\/h2>\n<p>[\/vc_column_text][vc_empty_space height=&#8221;20px&#8221;][vc_column_text]Na <strong>Eluxfrio<\/strong>, tamb\u00e9m temos uma sele\u00e7\u00e3o abrangente de <strong>pe\u00e7as para <a href=\"https:\/\/eluxfrio.com.br\/sao-paulo\/conserto-de-maquina-de-lavar-sp\/\">m\u00e1quinas de lavar Electrolux<\/a> em S\u00e3o Paulo<\/strong>. Seja para reparos simples ou <strong>substitui\u00e7\u00e3o de pe\u00e7as<\/strong> mais complexas, voc\u00ea encontrar\u00e1 tudo o que precisa.<\/p>\n<p>Oferecemos <strong>pe\u00e7as originais<\/strong> com <strong>garantia de 90 dias<\/strong>, que garantem o desempenho e a durabilidade de sua <strong>m\u00e1quina de lavar<\/strong>.[\/vc_column_text][\/vc_column_inner][\/vc_row_inner][vc_empty_space height=&#8221;40px&#8221;][\/vc_column][\/vc_row][vc_row][vc_column][vc_empty_space height=&#8221;40px&#8221;][vc_column_text]<\/p>\n<h2 style=\"text-align: center;\"><span style=\"color: #000080;\"><strong>Por que escolher a EluxFrio em S\u00e3o Paulo?<\/strong><\/span><\/h2>\n<p>[\/vc_column_text][vc_empty_space][vc_column_text]<\/p>\n<h3 style=\"text-align: center;\"><strong>Variedade de Pe\u00e7as Electrolux<\/strong><\/h3>\n<p>A <strong>Eluxfrio<\/strong> se destaca por oferecer uma ampla gama de<strong> pe\u00e7as originais Electrolux<\/strong> para diversos <strong>eletrodom\u00e9sticos<\/strong>. Seja para <strong>geladeiras<\/strong>, <strong>fog\u00f5es<\/strong>, <strong>m\u00e1quinas de lavar<\/strong>, <a href=\"https:\/\/eluxfrio.com.br\/sao-paulo\/conserto-de-microondas\/\"><strong>microondas<\/strong><\/a> ou outros produtos, voc\u00ea encontrar\u00e1 as<strong> pe\u00e7as de reposi\u00e7\u00e3o<\/strong> necess\u00e1rias para manter seus aparelhos em pleno funcionamento.<\/p>\n<h3 style=\"text-align: center;\"><strong>Assist\u00eancia T\u00e9cnica Especializada<\/strong><\/h3>\n<p>Al\u00e9m da <strong>venda de pe\u00e7as<\/strong>, a <strong>Eluxfrio<\/strong> tamb\u00e9m oferece servi\u00e7os de <a href=\"https:\/\/eluxfrio.com.br\/sao-paulo\/empresa-de-assistencia-tecnica-sp\/\"><strong>assist\u00eancia t\u00e9cnica especializada<\/strong><\/a> em produtos <strong>Electrolux<\/strong>. Nossos t\u00e9cnicos altamente treinados est\u00e3o prontos para diagnosticar e resolver qualquer problema que voc\u00ea possa enfrentar com seus eletrodom\u00e9sticos. A qualidade e a efici\u00eancia do nosso servi\u00e7o s\u00e3o nossos compromissos.<\/p>\n<h3 style=\"text-align: center;\"><strong>Entrega R\u00e1pida em S\u00e3o Paulo<\/strong><\/h3>\n<p>Garantimos entregas r\u00e1pidas e eficientes. Entendemos a import\u00e2ncia de ter seus aparelhos funcionando perfeitamente, por isso, trabalhamos diligentemente para fornecer as pe\u00e7as necess\u00e1rias no menor tempo poss\u00edvel.[\/vc_column_text][\/vc_column][\/vc_row][vc_row][vc_column][vc_empty_space][vc_column_text]<\/p>\n<h2 style=\"text-align: center;\"><span style=\"color: #000080;\"><strong>Como a EluxFrio Pode Ajudar Voc\u00ea em S\u00e3o Paulo?<\/strong><\/span><\/h2>\n<p>Se voc\u00ea precisa de <strong>pe\u00e7as Electrolux em SP<\/strong> e na regi\u00e3o da <strong>Lapa<\/strong>, a <strong>Eluxfrio<\/strong> \u00e9 uma \u00f3tima op\u00e7\u00e3o. A empresa oferece <strong>pe\u00e7as originais<\/strong>, de qualidade e a pre\u00e7os competitivos. Al\u00e9m disso, a <strong>Eluxfrio<\/strong> oferece atendimento personalizado para ajudar voc\u00ea a encontrar as pe\u00e7as que precisa. Oferecemos <strong>garantia de 90 dias<\/strong>, <strong>pe\u00e7as originais<\/strong> e <strong>pagamento facilitado<\/strong> seja em <strong>dinheiro, cart\u00e3o de d\u00e9bito ou cr\u00e9dito e Pix<\/strong>.[\/vc_column_text][\/vc_column][\/vc_row][vc_row][vc_column][vc_empty_space height=&#8221;40px&#8221;][\/vc_column][\/vc_row][vc_row][vc_column width=&#8221;1\/2&#8243;][vc_btn title=&#8221;WHATSAPP ASSIST\u00caNCIA 24H&#8221; style=&#8221;custom&#8221; custom_background=&#8221;#00aa08&#8243; custom_text=&#8221;#ffffff&#8221; shape=&#8221;round&#8221; size=&#8221;lg&#8221; align=&#8221;center&#8221; i_align=&#8221;right&#8221; i_icon_fontawesome=&#8221;fa fa-whatsapp&#8221; link=&#8221;url:https%3A%2F%2Fapi.whatsapp.com%2Fsend%3Fphone%3D551127701103%26text%3DPreciso%2520de%2520uma%2520Assist%25C3%25AAncia%2520T%25C3%25A9cnica%2520para%2520o%2520meu%2520Eletrodom%25C3%25A9stico&#8230;||target:%20_blank|&#8221; add_icon=&#8221;true&#8221;][\/vc_column][vc_column width=&#8221;1\/2&#8243;][vc_btn title=&#8221;LIGUE AGORA: (11) 2770-1103&#8243; style=&#8221;custom&#8221; custom_background=&#8221;#2a00a8&#8243; custom_text=&#8221;#ffffff&#8221; shape=&#8221;round&#8221; size=&#8221;lg&#8221; align=&#8221;center&#8221; i_icon_fontawesome=&#8221;fa fa-phone&#8221; link=&#8221;url:tel%3A%2B551127701103||target:%20_blank|&#8221; add_icon=&#8221;true&#8221;][\/vc_column][\/vc_row][vc_row][vc_column][vc_empty_space height=&#8221;40px&#8221;][\/vc_column][\/vc_row]<\/p>\n","protected":false},"excerpt":{"rendered":"<p>[vc_row][vc_column][vc_column_text]Se voc\u00ea mora em S\u00e3o Paulo e precisa de pe\u00e7as para seu eletrodom\u00e9stico Electrolux, saiba que existem diversas op\u00e7\u00f5es dispon\u00edveis no mercado. No entanto, nem todas as pe\u00e7as s\u00e3o iguais, e \u00e9 importante escolher um fornecedor confi\u00e1vel para garantir a qualidade e o bom funcionamento do seu aparelho. A Eluxfrio, uma empresa especializada na venda [&hellip;]<\/p>\n","protected":false},"author":1,"featured_media":0,"parent":0,"menu_order":0,"comment_status":"closed","ping_status":"closed","template":"","meta":[],"yst_prominent_words":[],"_links":{"self":[{"href":"https:\/\/eluxfrio.com.br\/sao-paulo\/wp-json\/wp\/v2\/pages\/2558"}],"collection":[{"href":"https:\/\/eluxfrio.com.br\/sao-paulo\/wp-json\/wp\/v2\/pages"}],"about":[{"href":"https:\/\/eluxfrio.com.br\/sao-paulo\/wp-json\/wp\/v2\/types\/page"}],"author":[{"embeddable":true,"href":"https:\/\/eluxfrio.com.br\/sao-paulo\/wp-json\/wp\/v2\/users\/1"}],"replies":[{"embeddable":true,"href":"https:\/\/eluxfrio.com.br\/sao-paulo\/wp-json\/wp\/v2\/comments?post=2558"}],"version-history":[{"count":0,"href":"https:\/\/eluxfrio.com.br\/sao-paulo\/wp-json\/wp\/v2\/pages\/2558\/revisions"}],"wp:attachment":[{"href":"https:\/\/eluxfrio.com.br\/sao-paulo\/wp-json\/wp\/v2\/media?parent=2558"}],"wp:term":[{"taxonomy":"yst_prominent_words","embeddable":true,"href":"https:\/\/eluxfrio.com.br\/sao-paulo\/wp-json\/wp\/v2\/yst_prominent_words?post=2558"}],"curies":[{"name":"wp","href":"https:\/\/api.w.org\/{rel}","templated":true}]}}