{"id":2778,"date":"2024-02-26T12:31:45","date_gmt":"2024-02-26T15:31:45","guid":{"rendered":"https:\/\/eluxfrio.com.br\/sao-paulo\/?page_id=2778"},"modified":"2025-05-14T15:48:55","modified_gmt":"2025-05-14T18:48:55","slug":"conserto-de-eletrodomesticos-na-zona-sul-de-sao-paulo","status":"publish","type":"page","link":"https:\/\/eluxfrio.com.br\/sao-paulo\/conserto-de-eletrodomesticos-na-zona-sul-de-sao-paulo\/","title":{"rendered":"Conserto de Eletrodom\u00e9sticos na Zona Sul de S\u00e3o Paulo"},"content":{"rendered":"<p>[vc_row][vc_column][vc_column_text]Se voc\u00ea est\u00e1 enfrentando problemas com seus eletrodom\u00e9sticos, n\u00e3o precisa mais se preocupar. A <strong>Eluxfrio<\/strong> \u00e9 a solu\u00e7\u00e3o que voc\u00ea precisa. Como uma renomada <strong><a href=\"https:\/\/eluxfrio.com.br\/sao-paulo\/assistencia-tecnica-sp\/\">assist\u00eancia t\u00e9cnica de eletrodom\u00e9sticos<\/a> na regi\u00e3o<\/strong>, estamos prontos para oferecer servi\u00e7os de alta qualidade, efici\u00eancia e conveni\u00eancia, atendendo \u00e0s suas necessidades com rapidez e precis\u00e3o.<\/p>\n<p>Com uma equipe de t\u00e9cnicos altamente qualificados e experientes, a <strong>Eluxfrio<\/strong> se destaca no mercado por sua compet\u00eancia e comprometimento com a satisfa\u00e7\u00e3o do cliente. Nossa miss\u00e3o \u00e9 fornecer servi\u00e7os de <a href=\"https:\/\/eluxfrio.com.br\/sao-paulo\/conserto-de-eletrodomestico-sao-paulo\/\"><strong>conserto de eletrodom\u00e9sticos<\/strong><\/a> com excel\u00eancia, garantindo que seus aparelhos voltem a funcionar como novos.[\/vc_column_text][vc_empty_space height=&#8221;30px&#8221;][\/vc_column][\/vc_row][vc_row][vc_column][vc_empty_space height=&#8221;40px&#8221;][vc_row_inner][vc_column_inner width=&#8221;1\/2&#8243;][vc_btn title=&#8221;WHATSAPP ASSIST\u00caNCIA 24H&#8221; style=&#8221;custom&#8221; custom_background=&#8221;#00aa08&#8243; custom_text=&#8221;#ffffff&#8221; shape=&#8221;round&#8221; size=&#8221;lg&#8221; align=&#8221;center&#8221; i_align=&#8221;right&#8221; i_icon_fontawesome=&#8221;fa fa-whatsapp&#8221; link=&#8221;url:https%3A%2F%2Fapi.whatsapp.com%2Fsend%3Fphone%3D551127701103%26text%3DPreciso%2520de%2520uma%2520Assist%25C3%25AAncia%2520T%25C3%25A9cnica%2520para%2520o%2520meu%2520Eletrodom%25C3%25A9stico&#8230;||target:%20_blank|&#8221; add_icon=&#8221;true&#8221;][\/vc_column_inner][vc_column_inner width=&#8221;1\/2&#8243;][vc_btn title=&#8221;LIGUE AGORA: (11) 2770-1103&#8243; style=&#8221;custom&#8221; custom_background=&#8221;#2a00a8&#8243; custom_text=&#8221;#ffffff&#8221; shape=&#8221;round&#8221; size=&#8221;lg&#8221; align=&#8221;center&#8221; i_icon_fontawesome=&#8221;fa fa-phone&#8221; link=&#8221;url:tel%3A%2B551127701103||target:%20_blank|&#8221; add_icon=&#8221;true&#8221;][\/vc_column_inner][\/vc_row_inner][vc_empty_space height=&#8221;40px&#8221;][\/vc_column][\/vc_row][vc_row][vc_column][vc_column_text]<\/p>\n<h2 style=\"text-align: center;\">Somos especializados em diversos tipos de eletrodom\u00e9sticos<\/h2>\n<p>[\/vc_column_text][vc_empty_space height=&#8221;30px&#8221;][vc_row_inner][vc_column_inner width=&#8221;1\/3&#8243;][vc_column_text]<\/p>\n<ul>\n<li><a href=\"https:\/\/eluxfrio.com.br\/sao-paulo\/conserto-de-geladeira-sp\/\"><strong>Conserto de Geladeira<\/strong><\/a><\/li>\n<li><a href=\"https:\/\/eluxfrio.com.br\/sao-paulo\/conserto-de-fogao-sp\/\"><strong>Conserto de Fog\u00e3o<\/strong><\/a><\/li>\n<li><a href=\"https:\/\/eluxfrio.com.br\/sao-paulo\/conserto-de-maquina-de-lavar-sp\/\"><strong>Conserto de M\u00e1quina de Lavar<\/strong><\/a><\/li>\n<li><a href=\"https:\/\/eluxfrio.com.br\/sao-paulo\/conserto-de-microondas\/\"><strong>Conserto de Microondas<\/strong><\/a><\/li>\n<\/ul>\n<p>[\/vc_column_text][\/vc_column_inner][vc_column_inner width=&#8221;1\/3&#8243;][vc_column_text]<\/p>\n<ul>\n<li><a href=\"https:\/\/eluxfrio.com.br\/sao-paulo\/conserto-de-maquina-lava-e-seca-sp\/\"><strong>Conserto de Lava e Seca<\/strong><\/a><\/li>\n<li><a href=\"https:\/\/eluxfrio.com.br\/sao-paulo\/conserto-de-forno-sp\/\"><strong>Conserto de Forno<\/strong><\/a><\/li>\n<li><a href=\"https:\/\/eluxfrio.com.br\/sao-paulo\/conserto-de-lava-louca-sp\/\"><strong>Conserto de Lava Lou\u00e7as<\/strong><\/a><\/li>\n<\/ul>\n<p>[\/vc_column_text][\/vc_column_inner][vc_column_inner width=&#8221;1\/3&#8243;][vc_column_text]<\/p>\n<ul>\n<li><a href=\"https:\/\/eluxfrio.com.br\/sao-paulo\/conserto-geladeira-side-by-side-sp-como-encontrar-a-melhor-assistencia-tecnica\/\"><strong>Conserto de Geladeira Side by side<\/strong><\/a><\/li>\n<li><a href=\"https:\/\/eluxfrio.com.br\/sao-paulo\/assistencia-tecnica-sub-zero\/\"><strong>Conserto de Geladeira Sub-zero<\/strong><\/a><\/li>\n<li><a href=\"https:\/\/eluxfrio.com.br\/sao-paulo\/conserto-de-purificador-de-agua-sp\/\"><strong>Conserto de Purificador de \u00e1gua<\/strong><\/a><\/li>\n<\/ul>\n<p>[\/vc_column_text][\/vc_column_inner][\/vc_row_inner][vc_empty_space height=&#8221;30px&#8221;][vc_column_text]Nossos servi\u00e7os abrangem uma ampla gama de eletrodom\u00e9sticos, Independentemente da marca ou modelo do seu aparelho, nossa equipe possui o conhecimento e a expertise necess\u00e1rios para diagnosticar e resolver qualquer problema que possa surgir.[\/vc_column_text][vc_empty_space height=&#8221;30px&#8221;][\/vc_column][\/vc_row][vc_row][vc_column][vc_empty_space height=&#8221;30px&#8221;][vc_column_text]<\/p>\n<h2 style=\"text-align: center;\">Veja o que a Eluxfrio oferece<\/h2>\n<p>[\/vc_column_text][vc_empty_space height=&#8221;30px&#8221;][\/vc_column][\/vc_row][vc_row][vc_column width=&#8221;1\/3&#8243;][vc_column_text]<strong>T\u00e9cnicos experientes e altamente qualificados:<\/strong> Nossa equipe \u00e9 composta por <strong>profissionais certificados<\/strong> e com vasta experi\u00eancia em <strong>consertos de eletrodom\u00e9sticos<\/strong>.[\/vc_column_text][\/vc_column][vc_column width=&#8221;1\/3&#8243;][vc_column_text]<strong>Garantia de qualidade:<\/strong> Todos os nossos servi\u00e7os s\u00e3o acompanhados de <strong>garantia de 90 dias<\/strong> para sua seguran\u00e7a e tranquilidade.[\/vc_column_text][\/vc_column][vc_column width=&#8221;1\/3&#8243;][vc_column_text]<strong>Pe\u00e7as originais e de alta qualidade:<\/strong> Utilizamos apenas <strong>pe\u00e7as originais<\/strong> e de proced\u00eancia <strong>garantida<\/strong> para garantir o melhor resultado no <strong>conserto do seu eletrodom\u00e9stico<\/strong>.[\/vc_column_text][\/vc_column][\/vc_row][vc_row][vc_column][vc_empty_space height=&#8221;30px&#8221;][\/vc_column][\/vc_row][vc_row][vc_column width=&#8221;1\/3&#8243;][vc_column_text]<strong>Atendimento r\u00e1pido e personalizado:<\/strong> <strong>Atendemos com urg\u00eancia<\/strong> e agilidade, buscando sempre a melhor solu\u00e7\u00e3o para o seu problema.[\/vc_column_text][\/vc_column][vc_column width=&#8221;1\/3&#8243;][vc_column_text]<strong>Or\u00e7amento gr\u00e1tis sem compromisso:<\/strong> Solicite seu <strong>or\u00e7amento sem custo<\/strong> e sem sair de casa.[\/vc_column_text][\/vc_column][vc_column width=&#8221;1\/3&#8243;][\/vc_column][\/vc_row][vc_row][vc_column][vc_empty_space height=&#8221;40px&#8221;][vc_row_inner][vc_column_inner width=&#8221;1\/2&#8243;][vc_btn title=&#8221;WHATSAPP ASSIST\u00caNCIA 24H&#8221; style=&#8221;custom&#8221; custom_background=&#8221;#00aa08&#8243; custom_text=&#8221;#ffffff&#8221; shape=&#8221;round&#8221; size=&#8221;lg&#8221; align=&#8221;center&#8221; i_align=&#8221;right&#8221; i_icon_fontawesome=&#8221;fa fa-whatsapp&#8221; link=&#8221;url:https%3A%2F%2Fapi.whatsapp.com%2Fsend%3Fphone%3D551127701103%26text%3DPreciso%2520de%2520uma%2520Assist%25C3%25AAncia%2520T%25C3%25A9cnica%2520para%2520o%2520meu%2520Eletrodom%25C3%25A9stico&#8230;||target:%20_blank|&#8221; add_icon=&#8221;true&#8221;][\/vc_column_inner][vc_column_inner width=&#8221;1\/2&#8243;][vc_btn title=&#8221;LIGUE AGORA: (11) 2770-1103&#8243; style=&#8221;custom&#8221; custom_background=&#8221;#2a00a8&#8243; custom_text=&#8221;#ffffff&#8221; shape=&#8221;round&#8221; size=&#8221;lg&#8221; align=&#8221;center&#8221; i_icon_fontawesome=&#8221;fa fa-phone&#8221; link=&#8221;url:tel%3A%2B551127701103||target:%20_blank|&#8221; add_icon=&#8221;true&#8221;][\/vc_column_inner][\/vc_row_inner][vc_empty_space height=&#8221;40px&#8221;][\/vc_column][\/vc_row][vc_row][vc_column][vc_empty_space height=&#8221;30px&#8221;][vc_column_text]N\u00e3o deixe que problemas com seus eletrodom\u00e9sticos atrapalhem sua rotina. Conte com a <strong>Eluxfrio<\/strong> para oferecer a solu\u00e7\u00e3o r\u00e1pida e eficaz que voc\u00ea precisa. <strong>Entre em contato conosco<\/strong> hoje mesmo e agende uma visita t\u00e9cnica. Estamos aqui para ajudar voc\u00ea a manter seus aparelhos funcionando perfeitamente, para que voc\u00ea possa desfrutar de total conforto e praticidade em sua casa na <strong>Zona Sul de S\u00e3o Paulo<\/strong>.<\/p>\n<p style=\"text-align: center;\"><strong>Garanta j\u00e1 o conserto de seus eletrodom\u00e9sticos com a Eluxfrio &#8211; sua assist\u00eancia t\u00e9cnica de confian\u00e7a na Zona Sul de SP!<\/strong><\/p>\n<p>[\/vc_column_text][vc_empty_space height=&#8221;30px&#8221;][\/vc_column][\/vc_row]<\/p>\n","protected":false},"excerpt":{"rendered":"<p>[vc_row][vc_column][vc_column_text]Se voc\u00ea est\u00e1 enfrentando problemas com seus eletrodom\u00e9sticos, n\u00e3o precisa mais se preocupar. A Eluxfrio \u00e9 a solu\u00e7\u00e3o que voc\u00ea precisa. Como uma renomada assist\u00eancia t\u00e9cnica de eletrodom\u00e9sticos na regi\u00e3o, estamos prontos para oferecer servi\u00e7os de alta qualidade, efici\u00eancia e conveni\u00eancia, atendendo \u00e0s suas necessidades com rapidez e precis\u00e3o. Com uma equipe de t\u00e9cnicos altamente [&hellip;]<\/p>\n","protected":false},"author":1,"featured_media":0,"parent":0,"menu_order":0,"comment_status":"closed","ping_status":"closed","template":"","meta":[],"yst_prominent_words":[],"_links":{"self":[{"href":"https:\/\/eluxfrio.com.br\/sao-paulo\/wp-json\/wp\/v2\/pages\/2778"}],"collection":[{"href":"https:\/\/eluxfrio.com.br\/sao-paulo\/wp-json\/wp\/v2\/pages"}],"about":[{"href":"https:\/\/eluxfrio.com.br\/sao-paulo\/wp-json\/wp\/v2\/types\/page"}],"author":[{"embeddable":true,"href":"https:\/\/eluxfrio.com.br\/sao-paulo\/wp-json\/wp\/v2\/users\/1"}],"replies":[{"embeddable":true,"href":"https:\/\/eluxfrio.com.br\/sao-paulo\/wp-json\/wp\/v2\/comments?post=2778"}],"version-history":[{"count":0,"href":"https:\/\/eluxfrio.com.br\/sao-paulo\/wp-json\/wp\/v2\/pages\/2778\/revisions"}],"wp:attachment":[{"href":"https:\/\/eluxfrio.com.br\/sao-paulo\/wp-json\/wp\/v2\/media?parent=2778"}],"wp:term":[{"taxonomy":"yst_prominent_words","embeddable":true,"href":"https:\/\/eluxfrio.com.br\/sao-paulo\/wp-json\/wp\/v2\/yst_prominent_words?post=2778"}],"curies":[{"name":"wp","href":"https:\/\/api.w.org\/{rel}","templated":true}]}}