{"id":2787,"date":"2024-02-26T14:04:37","date_gmt":"2024-02-26T17:04:37","guid":{"rendered":"https:\/\/eluxfrio.com.br\/sao-paulo\/?page_id=2787"},"modified":"2025-05-14T15:48:50","modified_gmt":"2025-05-14T18:48:50","slug":"conserto-de-eletrodomestico-na-zona-norte-de-sao-paulo","status":"publish","type":"page","link":"https:\/\/eluxfrio.com.br\/sao-paulo\/conserto-de-eletrodomestico-na-zona-norte-de-sao-paulo\/","title":{"rendered":"Conserto de Eletrodom\u00e9stico na Zona Norte de S\u00e3o Paulo"},"content":{"rendered":"<p>[vc_row][vc_column][vc_column_text]Procurando por um servi\u00e7o confi\u00e1vel de<strong><a href=\"https:\/\/eluxfrio.com.br\/sao-paulo\/conserto-de-eletrodomestico-sao-paulo\/\"> conserto de eletrodom\u00e9sticos<\/a> na Zona Norte de S\u00e3o Paulo<\/strong>? Voc\u00ea est\u00e1 no lugar certo! A <strong>Eluxfrio<\/strong> \u00e9 a sua melhor escolha quando se trata de<strong> assist\u00eancia t\u00e9cnica de eletrodom\u00e9sticos<\/strong> na regi\u00e3o.[\/vc_column_text][vc_empty_space height=&#8221;30px&#8221;][\/vc_column][\/vc_row][vc_row][vc_column][vc_column_text]<\/p>\n<h2 style=\"text-align: center;\">Nossa empresa \u00e9 especializada em reparos de eletrodom\u00e9sticos de todas as marcas e modelos:<\/h2>\n<p>[\/vc_column_text][vc_empty_space height=&#8221;30px&#8221;][vc_row_inner][vc_column_inner width=&#8221;1\/3&#8243;][vc_column_text]<\/p>\n<ul>\n<li><a href=\"https:\/\/eluxfrio.com.br\/sao-paulo\/conserto-de-geladeira-sp\/\"><strong>Conserto de Geladeira<\/strong><\/a><\/li>\n<li><a href=\"https:\/\/eluxfrio.com.br\/sao-paulo\/conserto-de-fogao-sp\/\"><strong>Conserto de Fog\u00e3o<\/strong><\/a><\/li>\n<li><a href=\"https:\/\/eluxfrio.com.br\/sao-paulo\/conserto-de-maquina-de-lavar-sp\/\"><strong>Conserto de M\u00e1quina de Lavar<\/strong><\/a><\/li>\n<li><a href=\"https:\/\/eluxfrio.com.br\/sao-paulo\/conserto-de-microondas\/\"><strong>Conserto de Microondas<\/strong><\/a><\/li>\n<\/ul>\n<p>[\/vc_column_text][\/vc_column_inner][vc_column_inner width=&#8221;1\/3&#8243;][vc_column_text]<\/p>\n<ul>\n<li><a href=\"https:\/\/eluxfrio.com.br\/sao-paulo\/conserto-de-maquina-lava-e-seca-sp\/\"><strong>Conserto de Lava e Seca<\/strong><\/a><\/li>\n<li><a href=\"https:\/\/eluxfrio.com.br\/sao-paulo\/conserto-de-forno-sp\/\"><strong>Conserto de Forno<\/strong><\/a><\/li>\n<li><a href=\"https:\/\/eluxfrio.com.br\/sao-paulo\/conserto-de-lava-louca-sp\/\"><strong>Conserto de Lava Lou\u00e7as<\/strong><\/a><\/li>\n<\/ul>\n<p>[\/vc_column_text][\/vc_column_inner][vc_column_inner width=&#8221;1\/3&#8243;][vc_column_text]<\/p>\n<ul>\n<li><a href=\"https:\/\/eluxfrio.com.br\/sao-paulo\/conserto-geladeira-side-by-side-sp-como-encontrar-a-melhor-assistencia-tecnica\/\"><strong>Conserto de Geladeira Side by side<\/strong><\/a><\/li>\n<li><a href=\"https:\/\/eluxfrio.com.br\/sao-paulo\/assistencia-tecnica-sub-zero\/\"><strong>Conserto de Geladeira Sub-zero<\/strong><\/a><\/li>\n<li><a href=\"https:\/\/eluxfrio.com.br\/sao-paulo\/conserto-de-purificador-de-agua-sp\/\"><strong>Conserto de Purificador de \u00e1gua<\/strong><\/a><\/li>\n<\/ul>\n<p>[\/vc_column_text][\/vc_column_inner][\/vc_row_inner][vc_empty_space height=&#8221;30px&#8221;][\/vc_column][\/vc_row][vc_row][vc_column][vc_empty_space height=&#8221;40px&#8221;][vc_row_inner][vc_column_inner width=&#8221;1\/2&#8243;][vc_btn title=&#8221;WHATSAPP ASSIST\u00caNCIA 24H&#8221; style=&#8221;custom&#8221; custom_background=&#8221;#00aa08&#8243; custom_text=&#8221;#ffffff&#8221; shape=&#8221;round&#8221; size=&#8221;lg&#8221; align=&#8221;center&#8221; i_align=&#8221;right&#8221; i_icon_fontawesome=&#8221;fa fa-whatsapp&#8221; link=&#8221;url:https%3A%2F%2Fapi.whatsapp.com%2Fsend%3Fphone%3D551127701103%26text%3DPreciso%2520de%2520uma%2520Assist%25C3%25AAncia%2520T%25C3%25A9cnica%2520para%2520o%2520meu%2520Eletrodom%25C3%25A9stico&#8230;||target:%20_blank|&#8221; add_icon=&#8221;true&#8221;][\/vc_column_inner][vc_column_inner width=&#8221;1\/2&#8243;][vc_btn title=&#8221;LIGUE AGORA: (11) 2770-1103&#8243; style=&#8221;custom&#8221; custom_background=&#8221;#2a00a8&#8243; custom_text=&#8221;#ffffff&#8221; shape=&#8221;round&#8221; size=&#8221;lg&#8221; align=&#8221;center&#8221; i_icon_fontawesome=&#8221;fa fa-phone&#8221; link=&#8221;url:tel%3A%2B551127701103||target:%20_blank|&#8221; add_icon=&#8221;true&#8221;][\/vc_column_inner][\/vc_row_inner][vc_empty_space height=&#8221;40px&#8221;][\/vc_column][\/vc_row][vc_row][vc_column][vc_empty_space height=&#8221;30px&#8221;][vc_column_text]<\/p>\n<h2 style=\"text-align: center;\">Por que escolher a Eluxfrio para o conserto de eletrodom\u00e9sticos perto de voc\u00ea na Zona Norte de SP?<\/h2>\n<p style=\"text-align: center;\"><strong>Aqui est\u00e3o algumas raz\u00f5es:<\/strong><\/p>\n<p>[\/vc_column_text][vc_empty_space height=&#8221;30px&#8221;][\/vc_column][\/vc_row][vc_row][vc_column width=&#8221;1\/2&#8243;][vc_column_text]<strong>Profissionalismo e Qualidade:<\/strong> Nossos t\u00e9cnicos s\u00e3o <strong>treinados e certificados<\/strong> para lidar com uma variedade de problemas em eletrodom\u00e9sticos. Eles realizam reparos com efici\u00eancia e qualidade para garantir a satisfa\u00e7\u00e3o do cliente.[\/vc_column_text][\/vc_column][vc_column width=&#8221;1\/2&#8243;][vc_column_text]<strong>R\u00e1pido Atendimento:<\/strong> Sabemos como \u00e9 inconveniente lidar com um <strong>eletrodom\u00e9stico quebrado<\/strong>. Por isso, oferecemos um servi\u00e7o de <strong>assist\u00eancia r\u00e1pida e eficaz.<\/strong> <strong>Entre em contato conosco<\/strong> e agende uma <strong>visita t\u00e9cnica no mesmo dia<\/strong>.[\/vc_column_text][\/vc_column][\/vc_row][vc_row][vc_column][vc_empty_space height=&#8221;30px&#8221;][\/vc_column][\/vc_row][vc_row][vc_column width=&#8221;1\/2&#8243;][vc_column_text]<strong>Pe\u00e7as Originais e Garantia:<\/strong> Utilizamos apenas <strong>pe\u00e7as originais<\/strong> em nossos reparos, garantindo a durabilidade e o desempenho do seu eletrodom\u00e9stico. Al\u00e9m disso, oferecemos <strong>garantia de 90 dias<\/strong> em todos os servi\u00e7os realizados.[\/vc_column_text][\/vc_column][vc_column width=&#8221;1\/2&#8243;][vc_column_text]<strong>Atendimento Personalizado:<\/strong> Entendemos que cada cliente tem necessidades \u00fanicas. Por isso, oferecemos um <strong>atendimento personalizado<\/strong>, ouvindo suas preocupa\u00e7\u00f5es e encontrando a melhor <strong>solu\u00e7\u00e3o para o seu problema<\/strong>.[\/vc_column_text][\/vc_column][\/vc_row][vc_row][vc_column][vc_empty_space height=&#8221;40px&#8221;][vc_row_inner][vc_column_inner width=&#8221;1\/2&#8243;][vc_btn title=&#8221;WHATSAPP ASSIST\u00caNCIA 24H&#8221; style=&#8221;custom&#8221; custom_background=&#8221;#00aa08&#8243; custom_text=&#8221;#ffffff&#8221; shape=&#8221;round&#8221; size=&#8221;lg&#8221; align=&#8221;center&#8221; i_align=&#8221;right&#8221; i_icon_fontawesome=&#8221;fa fa-whatsapp&#8221; link=&#8221;url:https%3A%2F%2Fapi.whatsapp.com%2Fsend%3Fphone%3D551127701103%26text%3DPreciso%2520de%2520uma%2520Assist%25C3%25AAncia%2520T%25C3%25A9cnica%2520para%2520o%2520meu%2520Eletrodom%25C3%25A9stico&#8230;||target:%20_blank|&#8221; add_icon=&#8221;true&#8221;][\/vc_column_inner][vc_column_inner width=&#8221;1\/2&#8243;][vc_btn title=&#8221;LIGUE AGORA: (11) 2770-1103&#8243; style=&#8221;custom&#8221; custom_background=&#8221;#2a00a8&#8243; custom_text=&#8221;#ffffff&#8221; shape=&#8221;round&#8221; size=&#8221;lg&#8221; align=&#8221;center&#8221; i_icon_fontawesome=&#8221;fa fa-phone&#8221; link=&#8221;url:tel%3A%2B551127701103||target:%20_blank|&#8221; add_icon=&#8221;true&#8221;][\/vc_column_inner][\/vc_row_inner][vc_empty_space height=&#8221;40px&#8221;][\/vc_column][\/vc_row][vc_row][vc_column][vc_empty_space height=&#8221;30px&#8221;][vc_column_text]N\u00e3o deixe que um <strong>eletrodom\u00e9stico quebrado<\/strong> atrapalhe sua rotina. Conte com a <strong>Eluxfrio<\/strong> para o <strong>conserto de eletrodom\u00e9sticos na Zona Norte de S\u00e3o Paulo<\/strong> e tenha a tranquilidade de saber que seu aparelho est\u00e1 em boas m\u00e3os. <strong>Entre em contato conosco<\/strong> agora mesmo e agende seu servi\u00e7o de <a href=\"https:\/\/eluxfrio.com.br\/sao-paulo\/assistencia-tecnica-sp\/\"><strong>assist\u00eancia t\u00e9cnica de eletrodom\u00e9sticos<\/strong><\/a>. Estamos aqui para ajudar![\/vc_column_text][vc_empty_space height=&#8221;30px&#8221;][\/vc_column][\/vc_row]<\/p>\n","protected":false},"excerpt":{"rendered":"<p>[vc_row][vc_column][vc_column_text]Procurando por um servi\u00e7o confi\u00e1vel de conserto de eletrodom\u00e9sticos na Zona Norte de S\u00e3o Paulo? Voc\u00ea est\u00e1 no lugar certo! A Eluxfrio \u00e9 a sua melhor escolha quando se trata de assist\u00eancia t\u00e9cnica de eletrodom\u00e9sticos na regi\u00e3o.[\/vc_column_text][vc_empty_space height=&#8221;30px&#8221;][\/vc_column][\/vc_row][vc_row][vc_column][vc_column_text] Nossa empresa \u00e9 especializada em reparos de eletrodom\u00e9sticos de todas as marcas e modelos: [\/vc_column_text][vc_empty_space height=&#8221;30px&#8221;][vc_row_inner][vc_column_inner width=&#8221;1\/3&#8243;][vc_column_text] [&hellip;]<\/p>\n","protected":false},"author":1,"featured_media":0,"parent":0,"menu_order":0,"comment_status":"closed","ping_status":"closed","template":"","meta":[],"yst_prominent_words":[],"_links":{"self":[{"href":"https:\/\/eluxfrio.com.br\/sao-paulo\/wp-json\/wp\/v2\/pages\/2787"}],"collection":[{"href":"https:\/\/eluxfrio.com.br\/sao-paulo\/wp-json\/wp\/v2\/pages"}],"about":[{"href":"https:\/\/eluxfrio.com.br\/sao-paulo\/wp-json\/wp\/v2\/types\/page"}],"author":[{"embeddable":true,"href":"https:\/\/eluxfrio.com.br\/sao-paulo\/wp-json\/wp\/v2\/users\/1"}],"replies":[{"embeddable":true,"href":"https:\/\/eluxfrio.com.br\/sao-paulo\/wp-json\/wp\/v2\/comments?post=2787"}],"version-history":[{"count":0,"href":"https:\/\/eluxfrio.com.br\/sao-paulo\/wp-json\/wp\/v2\/pages\/2787\/revisions"}],"wp:attachment":[{"href":"https:\/\/eluxfrio.com.br\/sao-paulo\/wp-json\/wp\/v2\/media?parent=2787"}],"wp:term":[{"taxonomy":"yst_prominent_words","embeddable":true,"href":"https:\/\/eluxfrio.com.br\/sao-paulo\/wp-json\/wp\/v2\/yst_prominent_words?post=2787"}],"curies":[{"name":"wp","href":"https:\/\/api.w.org\/{rel}","templated":true}]}}