{"id":2928,"date":"2024-05-03T13:55:35","date_gmt":"2024-05-03T16:55:35","guid":{"rendered":"https:\/\/eluxfrio.com.br\/sao-paulo\/?page_id=2928"},"modified":"2025-05-14T15:54:11","modified_gmt":"2025-05-14T18:54:11","slug":"conserto-de-eletrodomestico-zona-leste-sp","status":"publish","type":"page","link":"https:\/\/eluxfrio.com.br\/sao-paulo\/conserto-de-eletrodomestico-zona-leste-sp\/","title":{"rendered":"Conserto de Eletrodom\u00e9stico \u2013 Zona Leste SP"},"content":{"rendered":"<p>[vc_row][vc_column][vc_column_text]<\/p>\n<h2 style=\"text-align: center;\"><strong>Servi\u00e7o de Conserto de Eletrodom\u00e9sticos na Zona Leste de S\u00e3o Paulo: Mantendo a Efici\u00eancia em Casa<\/strong><\/h2>\n<p>[\/vc_column_text][vc_empty_space height=&#8221;20px&#8221;][vc_column_text]Na agitada <strong>Zona Leste de S\u00e3o Paulo<\/strong>, onde a vida cotidiana pulsa com intensidade, a import\u00e2ncia dos eletrodom\u00e9sticos em pleno funcionamento n\u00e3o pode ser subestimada. Desde as geladeiras que mant\u00eam nossos alimentos frescos at\u00e9 as m\u00e1quinas de lavar que nos poupam tempo e esfor\u00e7o, esses aparelhos s\u00e3o os pilares do conforto moderno. No entanto, quando um deles falha, pode causar transtorno e preocupa\u00e7\u00e3o.<\/p>\n<p>Felizmente, para os moradores da <strong>Zona Leste de S\u00e3o Paulo<\/strong>, h\u00e1 uma rede confi\u00e1vel de servi\u00e7os de <a href=\"https:\/\/eluxfrio.com.br\/sao-paulo\/conserto-de-eletrodomestico-sao-paulo\/\"><strong>conserto de eletrodom\u00e9sticos<\/strong><\/a> prontos para intervir e restaurar a funcionalidade desses dispositivos essenciais. Esses servi\u00e7os s\u00e3o como uma m\u00e3o amiga em momentos de necessidade, oferecendo expertise t\u00e9cnica e profissionalismo para resolver uma ampla gama de problemas.[\/vc_column_text][vc_empty_space height=&#8221;30px&#8221;][\/vc_column][\/vc_row][vc_row][vc_column][vc_empty_space height=&#8221;40px&#8221;][vc_row_inner][vc_column_inner width=&#8221;1\/2&#8243;][vc_btn title=&#8221;WHATSAPP ASSIST\u00caNCIA 24H&#8221; style=&#8221;custom&#8221; custom_background=&#8221;#00aa08&#8243; custom_text=&#8221;#ffffff&#8221; shape=&#8221;round&#8221; size=&#8221;lg&#8221; align=&#8221;center&#8221; i_align=&#8221;right&#8221; i_icon_fontawesome=&#8221;fa fa-whatsapp&#8221; link=&#8221;url:https%3A%2F%2Fapi.whatsapp.com%2Fsend%3Fphone%3D551127701103%26text%3DPreciso%2520de%2520uma%2520Assist%25C3%25AAncia%2520T%25C3%25A9cnica%2520para%2520o%2520meu%2520Eletrodom%25C3%25A9stico&#8230;||target:%20_blank|&#8221; add_icon=&#8221;true&#8221;][\/vc_column_inner][vc_column_inner width=&#8221;1\/2&#8243;][vc_btn title=&#8221;LIGUE AGORA: (11) 2770-1103&#8243; style=&#8221;custom&#8221; custom_background=&#8221;#2a00a8&#8243; custom_text=&#8221;#ffffff&#8221; shape=&#8221;round&#8221; size=&#8221;lg&#8221; align=&#8221;center&#8221; i_icon_fontawesome=&#8221;fa fa-phone&#8221; link=&#8221;url:tel%3A%2B551127701103||target:%20_blank|&#8221; add_icon=&#8221;true&#8221;][\/vc_column_inner][\/vc_row_inner][vc_empty_space height=&#8221;40px&#8221;][\/vc_column][\/vc_row][vc_row][vc_column][vc_column_text]<\/p>\n<h2 style=\"text-align: center;\">Nossa empresa \u00e9 especializada em reparos de eletrodom\u00e9sticos de todas as marcas e modelos:<\/h2>\n<p>[\/vc_column_text][vc_empty_space height=&#8221;30px&#8221;][vc_row_inner][vc_column_inner width=&#8221;1\/3&#8243;][vc_column_text]<\/p>\n<ul>\n<li><a href=\"https:\/\/eluxfrio.com.br\/sao-paulo\/conserto-de-geladeira-sp\/\"><strong>Conserto de Geladeira<\/strong><\/a><\/li>\n<li><a href=\"https:\/\/eluxfrio.com.br\/sao-paulo\/conserto-de-fogao-sp\/\"><strong>Conserto de Fog\u00e3o<\/strong><\/a><\/li>\n<li><a href=\"https:\/\/eluxfrio.com.br\/sao-paulo\/conserto-de-maquina-de-lavar-sp\/\"><strong>Conserto de M\u00e1quina de Lavar<\/strong><\/a><\/li>\n<li><a href=\"https:\/\/eluxfrio.com.br\/sao-paulo\/conserto-de-microondas\/\"><strong>Conserto de Microondas<\/strong><\/a><\/li>\n<\/ul>\n<p>[\/vc_column_text][\/vc_column_inner][vc_column_inner width=&#8221;1\/3&#8243;][vc_column_text]<\/p>\n<ul>\n<li><a href=\"https:\/\/eluxfrio.com.br\/sao-paulo\/conserto-de-maquina-lava-e-seca-sp\/\"><strong>Conserto de Lava e Seca<\/strong><\/a><\/li>\n<li><a href=\"https:\/\/eluxfrio.com.br\/sao-paulo\/conserto-de-forno-sp\/\"><strong>Conserto de Forno<\/strong><\/a><\/li>\n<li><a href=\"https:\/\/eluxfrio.com.br\/sao-paulo\/conserto-de-lava-louca-sp\/\"><strong>Conserto de Lava Lou\u00e7as<\/strong><\/a><\/li>\n<\/ul>\n<p>[\/vc_column_text][\/vc_column_inner][vc_column_inner width=&#8221;1\/3&#8243;][vc_column_text]<\/p>\n<ul>\n<li><a href=\"https:\/\/eluxfrio.com.br\/sao-paulo\/conserto-geladeira-side-by-side-sp-como-encontrar-a-melhor-assistencia-tecnica\/\"><strong>Conserto de Geladeira Side by side<\/strong><\/a><\/li>\n<li><a href=\"https:\/\/eluxfrio.com.br\/sao-paulo\/assistencia-tecnica-sub-zero\/\"><strong>Conserto de Geladeira Sub-zero<\/strong><\/a><\/li>\n<li><a href=\"https:\/\/eluxfrio.com.br\/sao-paulo\/conserto-de-purificador-de-agua-sp\/\"><strong>Conserto de Purificador de \u00e1gua<\/strong><\/a><\/li>\n<\/ul>\n<p>[\/vc_column_text][\/vc_column_inner][\/vc_row_inner][vc_empty_space height=&#8221;30px&#8221;][\/vc_column][\/vc_row][vc_row][vc_column][vc_empty_space height=&#8221;30px&#8221;][vc_column_text]<\/p>\n<h2 style=\"text-align: center;\">Por que escolher a Eluxfrio para o conserto de eletrodom\u00e9sticos perto de voc\u00ea na Zona Leste de SP?<\/h2>\n<p style=\"text-align: center;\"><strong>Aqui est\u00e3o algumas raz\u00f5es:<\/strong><\/p>\n<p>[\/vc_column_text][vc_empty_space height=&#8221;30px&#8221;][\/vc_column][\/vc_row][vc_row][vc_column width=&#8221;1\/2&#8243;][vc_column_text]<strong>Profissionalismo e Qualidade:<\/strong> Nossos t\u00e9cnicos s\u00e3o <strong>treinados e certificados<\/strong> para lidar com uma variedade de problemas em eletrodom\u00e9sticos. Eles realizam reparos com efici\u00eancia e qualidade para garantir a satisfa\u00e7\u00e3o do cliente.[\/vc_column_text][\/vc_column][vc_column width=&#8221;1\/2&#8243;][vc_column_text]<strong>R\u00e1pido Atendimento:<\/strong> Sabemos como \u00e9 inconveniente lidar com um <strong>eletrodom\u00e9stico quebrado<\/strong>. Por isso, oferecemos um servi\u00e7o de <strong>assist\u00eancia r\u00e1pida e eficaz.<\/strong> <strong>Entre em contato conosco<\/strong> e agende uma <strong>visita t\u00e9cnica no mesmo dia<\/strong>.[\/vc_column_text][\/vc_column][\/vc_row][vc_row][vc_column][vc_empty_space height=&#8221;30px&#8221;][\/vc_column][\/vc_row][vc_row][vc_column width=&#8221;1\/2&#8243;][vc_column_text]<strong>Pe\u00e7as Originais e Garantia:<\/strong> Utilizamos apenas <strong>pe\u00e7as originais<\/strong> em nossos reparos, garantindo a durabilidade e o desempenho do seu eletrodom\u00e9stico. Al\u00e9m disso, oferecemos <strong>garantia de 90 dias<\/strong> em todos os servi\u00e7os realizados.[\/vc_column_text][\/vc_column][vc_column width=&#8221;1\/2&#8243;][vc_column_text]<strong>Atendimento Personalizado:<\/strong> Entendemos que cada cliente tem necessidades \u00fanicas. Por isso, oferecemos um <strong>atendimento personalizado<\/strong>, ouvindo suas preocupa\u00e7\u00f5es e encontrando a melhor <strong>solu\u00e7\u00e3o para o seu problema<\/strong>.[\/vc_column_text][\/vc_column][\/vc_row][vc_row][vc_column][vc_empty_space height=&#8221;40px&#8221;][vc_row_inner][vc_column_inner width=&#8221;1\/2&#8243;][vc_btn title=&#8221;WHATSAPP ASSIST\u00caNCIA 24H&#8221; style=&#8221;custom&#8221; custom_background=&#8221;#00aa08&#8243; custom_text=&#8221;#ffffff&#8221; shape=&#8221;round&#8221; size=&#8221;lg&#8221; align=&#8221;center&#8221; i_align=&#8221;right&#8221; i_icon_fontawesome=&#8221;fa fa-whatsapp&#8221; link=&#8221;url:https%3A%2F%2Fapi.whatsapp.com%2Fsend%3Fphone%3D551127701103%26text%3DPreciso%2520de%2520uma%2520Assist%25C3%25AAncia%2520T%25C3%25A9cnica%2520para%2520o%2520meu%2520Eletrodom%25C3%25A9stico&#8230;||target:%20_blank|&#8221; add_icon=&#8221;true&#8221;][\/vc_column_inner][vc_column_inner width=&#8221;1\/2&#8243;][vc_btn title=&#8221;LIGUE AGORA: (11) 2770-1103&#8243; style=&#8221;custom&#8221; custom_background=&#8221;#2a00a8&#8243; custom_text=&#8221;#ffffff&#8221; shape=&#8221;round&#8221; size=&#8221;lg&#8221; align=&#8221;center&#8221; i_icon_fontawesome=&#8221;fa fa-phone&#8221; link=&#8221;url:tel%3A%2B551127701103||target:%20_blank|&#8221; add_icon=&#8221;true&#8221;][\/vc_column_inner][\/vc_row_inner][vc_empty_space height=&#8221;40px&#8221;][\/vc_column][\/vc_row][vc_row][vc_column][vc_empty_space height=&#8221;30px&#8221;][vc_column_text]Ao optar por um servi\u00e7o de <strong>conserto de eletrodom\u00e9sticos na Zona Leste de S\u00e3o Paulo<\/strong>, os moradores podem desfrutar da paz de esp\u00edrito que vem com saber que seus aparelhos est\u00e3o em boas m\u00e3os. Esses profissionais capacitados est\u00e3o comprometidos em manter a efici\u00eancia e a funcionalidade dos eletrodom\u00e9sticos, garantindo que as casas continuem funcionando sem problemas.<\/p>\n<p>Portanto, se um eletrodom\u00e9stico apresentar problemas na <strong>Zona Leste de S\u00e3o Paulo<\/strong>, n\u00e3o h\u00e1 necessidade de p\u00e2nico. Com nossos servi\u00e7os de <strong>conserto de eletrodom\u00e9sticos<\/strong> dispon\u00edveis na regi\u00e3o, ajuda est\u00e1 sempre pr\u00f3xima, permitindo que os moradores voltem rapidamente \u00e0 sua rotina normal, sem interrup\u00e7\u00f5es desnecess\u00e1rias.[\/vc_column_text][vc_empty_space height=&#8221;30px&#8221;][\/vc_column][\/vc_row]<\/p>\n","protected":false},"excerpt":{"rendered":"<p>[vc_row][vc_column][vc_column_text] Servi\u00e7o de Conserto de Eletrodom\u00e9sticos na Zona Leste de S\u00e3o Paulo: Mantendo a Efici\u00eancia em Casa [\/vc_column_text][vc_empty_space height=&#8221;20px&#8221;][vc_column_text]Na agitada Zona Leste de S\u00e3o Paulo, onde a vida cotidiana pulsa com intensidade, a import\u00e2ncia dos eletrodom\u00e9sticos em pleno funcionamento n\u00e3o pode ser subestimada. Desde as geladeiras que mant\u00eam nossos alimentos frescos at\u00e9 as m\u00e1quinas de [&hellip;]<\/p>\n","protected":false},"author":1,"featured_media":0,"parent":0,"menu_order":0,"comment_status":"closed","ping_status":"closed","template":"","meta":[],"yst_prominent_words":[],"_links":{"self":[{"href":"https:\/\/eluxfrio.com.br\/sao-paulo\/wp-json\/wp\/v2\/pages\/2928"}],"collection":[{"href":"https:\/\/eluxfrio.com.br\/sao-paulo\/wp-json\/wp\/v2\/pages"}],"about":[{"href":"https:\/\/eluxfrio.com.br\/sao-paulo\/wp-json\/wp\/v2\/types\/page"}],"author":[{"embeddable":true,"href":"https:\/\/eluxfrio.com.br\/sao-paulo\/wp-json\/wp\/v2\/users\/1"}],"replies":[{"embeddable":true,"href":"https:\/\/eluxfrio.com.br\/sao-paulo\/wp-json\/wp\/v2\/comments?post=2928"}],"version-history":[{"count":0,"href":"https:\/\/eluxfrio.com.br\/sao-paulo\/wp-json\/wp\/v2\/pages\/2928\/revisions"}],"wp:attachment":[{"href":"https:\/\/eluxfrio.com.br\/sao-paulo\/wp-json\/wp\/v2\/media?parent=2928"}],"wp:term":[{"taxonomy":"yst_prominent_words","embeddable":true,"href":"https:\/\/eluxfrio.com.br\/sao-paulo\/wp-json\/wp\/v2\/yst_prominent_words?post=2928"}],"curies":[{"name":"wp","href":"https:\/\/api.w.org\/{rel}","templated":true}]}}