{"id":3441,"date":"2024-12-20T11:50:12","date_gmt":"2024-12-20T14:50:12","guid":{"rendered":"https:\/\/eluxfrio.com.br\/sao-paulo\/?page_id=3441"},"modified":"2025-05-12T12:16:08","modified_gmt":"2025-05-12T15:16:08","slug":"assistencia-tecnica-fogoes-viking-conserto-e-solucoes-rapidas","status":"publish","type":"page","link":"https:\/\/eluxfrio.com.br\/sao-paulo\/assistencia-tecnica-fogoes-viking-conserto-e-solucoes-rapidas\/","title":{"rendered":"Assist\u00eancia T\u00e9cnica Fog\u00f5es Viking: Conserto e Solu\u00e7\u00f5es R\u00e1pidas"},"content":{"rendered":"<p>[vc_row][vc_column][vc_empty_space height=&#8221;40px&#8221;][\/vc_column][\/vc_row][vc_row][vc_column width=&#8221;1\/3&#8243;][vc_single_image image=&#8221;3477&#8243; img_size=&#8221;full&#8221; alignment=&#8221;center&#8221;][\/vc_column][vc_column width=&#8221;2\/3&#8243;][vc_empty_space height=&#8221;20px&#8221;][vc_column_text]Os f<strong>og\u00f5es Viking<\/strong> s\u00e3o sin\u00f4nimo de alta qualidade e desempenho, sendo um dos principais aliados na cozinha de profissionais e entusiastas da gastronomia. No entanto, como qualquer outro eletrodom\u00e9stico, mesmo os modelos mais sofisticados podem apresentar problemas ao longo do tempo. Quando isso acontece, \u00e9 essencial contar com uma<strong> assist\u00eancia t\u00e9cnica especializada<\/strong> para garantir o conserto adequado e eficiente do seu equipamento. Se voc\u00ea est\u00e1 enfrentando dificuldades com o seu f<strong>og\u00e3o Viking<\/strong>, seja problemas de acendimento, chamas fracas ou a necessidade de uma manuten\u00e7\u00e3o mais profunda, a<strong> Eluxfrio<\/strong>, localizada em S\u00e3o Paulo, oferece a<strong> assist\u00eancia t\u00e9cnica fog\u00f5es Viking<\/strong> que voc\u00ea precisa.[\/vc_column_text][\/vc_column][\/vc_row][vc_row][vc_column][vc_empty_space height=&#8221;60px&#8221;][\/vc_column][\/vc_row][vc_row][vc_column width=&#8221;1\/2&#8243;][vc_btn title=&#8221;WHATSAPP ASSIST\u00caNCIA 24H&#8221; style=&#8221;custom&#8221; custom_background=&#8221;#00aa08&#8243; custom_text=&#8221;#ffffff&#8221; shape=&#8221;round&#8221; size=&#8221;lg&#8221; align=&#8221;center&#8221; i_align=&#8221;right&#8221; i_icon_fontawesome=&#8221;fa fa-whatsapp&#8221; link=&#8221;url:https%3A%2F%2Fapi.whatsapp.com%2Fsend%3Fphone%3D551127701103%26text%3DPreciso%2520de%2520uma%2520Assist%25C3%25AAncia%2520T%25C3%25A9cnica%2520para%2520o%2520meu%2520Eletrodom%25C3%25A9stico&#8230;||target:%20_blank|&#8221; add_icon=&#8221;true&#8221;][\/vc_column][vc_column width=&#8221;1\/2&#8243;][vc_btn title=&#8221;LIGUE AGORA: (11) 2770-1103&#8243; style=&#8221;custom&#8221; custom_background=&#8221;#2a00a8&#8243; custom_text=&#8221;#ffffff&#8221; shape=&#8221;round&#8221; size=&#8221;lg&#8221; align=&#8221;center&#8221; i_icon_fontawesome=&#8221;fa fa-phone&#8221; link=&#8221;url:tel%3A%2B551127701103||target:%20_blank|&#8221; add_icon=&#8221;true&#8221;][\/vc_column][\/vc_row][vc_row][vc_column][vc_empty_space height=&#8221;40px&#8221;][vc_column_text]<\/p>\n<h2 style=\"text-align: center;\"><strong>Por que contar com uma Assist\u00eancia T\u00e9cnica Especializada em Fog\u00f5es Viking?<\/strong><\/h2>\n<p>Os <strong>fog\u00f5es Viking<\/strong> s\u00e3o projetados com tecnologia avan\u00e7ada e materiais de alta qualidade, mas isso n\u00e3o os torna imunes a falhas. Quando algo sai do lugar, \u00e9 fundamental contar com profissionais que entendem as especificidades do modelo. A<strong> assist\u00eancia t\u00e9cnica fog\u00f5es Viking da Eluxfrio<\/strong> \u00e9 composta por t\u00e9cnicos altamente treinados, com vasto conhecimento sobre todos os aspectos dos fog\u00f5es Viking, garantindo que qualquer problema seja solucionado de forma r\u00e1pida e eficaz.<\/p>\n<p>A <strong>assist\u00eancia t\u00e9cnica fog\u00e3o Viking<\/strong> oferece uma s\u00e9rie de servi\u00e7os especializados, incluindo o diagn\u00f3stico preciso de falhas, o conserto de fog\u00f5es Viking, a troca de pe\u00e7as e a manuten\u00e7\u00e3o preventiva. Independentemente do tipo de defeito, os profissionais da <strong>Eluxfrio<\/strong> est\u00e3o prontos para restaurar o funcionamento do seu fog\u00e3o, utilizando sempre pe\u00e7as originais, que garantem a durabilidade e o desempenho do seu aparelho.[\/vc_column_text][vc_empty_space height=&#8221;40px&#8221;][\/vc_column][\/vc_row][vc_row][vc_column width=&#8221;1\/2&#8243;][vc_btn title=&#8221;WHATSAPP ASSIST\u00caNCIA 24H&#8221; style=&#8221;custom&#8221; custom_background=&#8221;#00aa08&#8243; custom_text=&#8221;#ffffff&#8221; shape=&#8221;round&#8221; size=&#8221;lg&#8221; align=&#8221;center&#8221; i_align=&#8221;right&#8221; i_icon_fontawesome=&#8221;fa fa-whatsapp&#8221; link=&#8221;url:https%3A%2F%2Fapi.whatsapp.com%2Fsend%3Fphone%3D551127701103%26text%3DPreciso%2520de%2520uma%2520Assist%25C3%25AAncia%2520T%25C3%25A9cnica%2520para%2520o%2520meu%2520Eletrodom%25C3%25A9stico&#8230;||target:%20_blank|&#8221; add_icon=&#8221;true&#8221;][\/vc_column][vc_column width=&#8221;1\/2&#8243;][vc_btn title=&#8221;LIGUE AGORA: (11) 2770-1103&#8243; style=&#8221;custom&#8221; custom_background=&#8221;#2a00a8&#8243; custom_text=&#8221;#ffffff&#8221; shape=&#8221;round&#8221; size=&#8221;lg&#8221; align=&#8221;center&#8221; i_icon_fontawesome=&#8221;fa fa-phone&#8221; link=&#8221;url:tel%3A%2B551127701103||target:%20_blank|&#8221; add_icon=&#8221;true&#8221;][\/vc_column][\/vc_row][vc_row][vc_column][vc_empty_space height=&#8221;40px&#8221;][vc_column_text]<\/p>\n<h2 style=\"text-align: center;\"><strong>Veja mais informa\u00e7\u00f5es sobre o seu fog\u00e3o Viking<\/strong><\/h2>\n<p>[\/vc_column_text][vc_empty_space height=&#8221;40px&#8221;][vc_row_inner][vc_column_inner width=&#8221;1\/3&#8243;][vc_btn title=&#8221;Como Resolver Chamas Fracas nos Fog\u00f5es Viking?&#8221; style=&#8221;custom&#8221; custom_background=&#8221;#001c70&#8243; custom_text=&#8221;#ffffff&#8221; shape=&#8221;round&#8221; align=&#8221;center&#8221; link=&#8221;url:https%3A%2F%2Feluxfrio.com.br%2Fsao-paulo%2Fcomo-resolver-chamas-fracas-nos-fogoes-viking%2F|||&#8221;][\/vc_column_inner][vc_column_inner width=&#8221;1\/3&#8243;][vc_btn title=&#8221;Seu forno Viking n\u00e3o est\u00e1 aquecendo corretamente? Entenda as causas!&#8221; style=&#8221;custom&#8221; custom_background=&#8221;#001c70&#8243; custom_text=&#8221;#ffffff&#8221; shape=&#8221;round&#8221; align=&#8221;center&#8221; link=&#8221;url:https%3A%2F%2Feluxfrio.com.br%2Fsao-paulo%2Fseu-forno-viking-nao-esta-aquecendo-corretamente-entenda-as-causas%2F|||&#8221;][\/vc_column_inner][vc_column_inner width=&#8221;1\/3&#8243;][vc_btn title=&#8221;Vantagens de Contratar Assist\u00eancia Especializada para Fog\u00f5es Viking&#8221; style=&#8221;custom&#8221; custom_background=&#8221;#001c70&#8243; custom_text=&#8221;#ffffff&#8221; shape=&#8221;round&#8221; align=&#8221;center&#8221; link=&#8221;url:https%3A%2F%2Feluxfrio.com.br%2Fsao-paulo%2Fvantagens-de-contratar-assistencia-especializada-para-fogoes-viking%2F|||&#8221;][\/vc_column_inner][\/vc_row_inner][vc_empty_space height=&#8221;40px&#8221;][\/vc_column][\/vc_row][vc_row][vc_column][vc_empty_space height=&#8221;40px&#8221;][vc_column_text]<\/p>\n<h2 style=\"text-align: center;\"><strong>Principais Problemas Encontrados em Fog\u00f5es Viking<\/strong><\/h2>\n<p>Os <strong>fog\u00f5es Viking<\/strong> s\u00e3o conhecidos por sua robustez, mas como qualquer outro aparelho, podem apresentar problemas. Abaixo, destacamos os problemas mais comuns que os usu\u00e1rios enfrentam e como a <strong>assist\u00eancia t\u00e9cnica Viking<\/strong> pode resolv\u00ea-los:<\/p>\n<p><strong>Problemas de Acendimento:<\/strong> Quando voc\u00ea n\u00e3o consegue acender o<strong> fog\u00e3o Viking<\/strong>, isso pode ser causado por uma s\u00e9rie de fatores, como falhas no sistema de igni\u00e7\u00e3o ou no fornecimento de g\u00e1s. Em casos mais complexos, o sistema eletr\u00f4nico de acendimento pode precisar de ajustes ou substitui\u00e7\u00e3o. Um <strong>conserto de fog\u00e3o Viking<\/strong> especializado \u00e9 necess\u00e1rio para diagnosticar o problema e realizar o reparo correto.<\/p>\n<p><strong>Chamas Fracas ou Irregulares:<\/strong> Outro problema comum em fog\u00f5es Viking \u00e9 o funcionamento irregular das chamas. Isso pode ser resultado de entupimentos no queimador, defeitos na v\u00e1lvula de g\u00e1s ou desgaste de componentes internos. Um <strong>conserto de fog\u00f5es Viking<\/strong> pode resolver a quest\u00e3o, garantindo que a chama volte a ter a intensidade adequada para o preparo de suas receitas.<\/p>\n<p><strong>Perda de Pot\u00eancia:<\/strong> Quando seu fog\u00e3o Viking come\u00e7a a perder pot\u00eancia ou demora muito para atingir a temperatura desejada, \u00e9 sinal de que algo n\u00e3o est\u00e1 funcionando como deveria. Esse tipo de falha geralmente est\u00e1 relacionado a problemas na placa eletr\u00f4nica ou no sistema de igni\u00e7\u00e3o, que precisam de uma<strong> assist\u00eancia t\u00e9cnica especializada<\/strong> para avalia\u00e7\u00e3o e reparo.<\/p>\n<p><strong>Problemas no Forno:<\/strong> Se o forno do seu <strong>fog\u00e3o Viking<\/strong> n\u00e3o aquece corretamente ou apresenta falhas no controle de temperatura, a causa pode estar na resist\u00eancia ou no termostato. Nesses casos, a assist\u00eancia t\u00e9cnica Viking pode realizar a troca das pe\u00e7as necess\u00e1rias, restaurando o desempenho do forno.<\/p>\n<p><strong>Falhas em Componentes Internos:<\/strong> Com o tempo, o desgaste natural pode afetar pe\u00e7as como v\u00e1lvulas, termostatos, acendedores e outros componentes internos. A <strong>manuten\u00e7\u00e3o fog\u00f5es Viking<\/strong> peri\u00f3dica \u00e9 essencial para garantir que todos os sistemas do seu fog\u00e3o funcionem corretamente e de forma eficiente, evitando problemas mais graves no futuro.[\/vc_column_text][vc_empty_space height=&#8221;40px&#8221;][\/vc_column][\/vc_row][vc_row][vc_column width=&#8221;1\/2&#8243;][vc_btn title=&#8221;WHATSAPP ASSIST\u00caNCIA 24H&#8221; style=&#8221;custom&#8221; custom_background=&#8221;#00aa08&#8243; custom_text=&#8221;#ffffff&#8221; shape=&#8221;round&#8221; size=&#8221;lg&#8221; align=&#8221;center&#8221; i_align=&#8221;right&#8221; i_icon_fontawesome=&#8221;fa fa-whatsapp&#8221; link=&#8221;url:https%3A%2F%2Fapi.whatsapp.com%2Fsend%3Fphone%3D551127701103%26text%3DPreciso%2520de%2520uma%2520Assist%25C3%25AAncia%2520T%25C3%25A9cnica%2520para%2520o%2520meu%2520Eletrodom%25C3%25A9stico&#8230;||target:%20_blank|&#8221; add_icon=&#8221;true&#8221;][\/vc_column][vc_column width=&#8221;1\/2&#8243;][vc_btn title=&#8221;LIGUE AGORA: (11) 2770-1103&#8243; style=&#8221;custom&#8221; custom_background=&#8221;#2a00a8&#8243; custom_text=&#8221;#ffffff&#8221; shape=&#8221;round&#8221; size=&#8221;lg&#8221; align=&#8221;center&#8221; i_icon_fontawesome=&#8221;fa fa-phone&#8221; link=&#8221;url:tel%3A%2B551127701103||target:%20_blank|&#8221; add_icon=&#8221;true&#8221;][\/vc_column][\/vc_row][vc_row][vc_column][vc_empty_space height=&#8221;40px&#8221;][vc_column_text]<\/p>\n<h2 style=\"text-align: center;\"><strong>Como Funciona a Assist\u00eancia T\u00e9cnica da Eluxfrio?<\/strong><\/h2>\n<p>A <strong>Eluxfrio<\/strong> \u00e9 uma refer\u00eancia em <strong>assist\u00eancia t\u00e9cnica fog\u00f5es Viking em S\u00e3o Paulo<\/strong>. Se voc\u00ea est\u00e1 enfrentando problemas com seu fog\u00e3o Viking, a empresa oferece uma abordagem profissional e personalizada para resolver qualquer situa\u00e7\u00e3o.<\/p>\n<h3>1. Diagn\u00f3stico Detalhado<\/h3>\n<p>O primeiro passo para qualquer <strong>assist\u00eancia t\u00e9cnica fog\u00e3o Viking<\/strong> \u00e9 realizar um diagn\u00f3stico minucioso. Os <strong>t\u00e9cnicos especializados da Eluxfrio<\/strong> v\u00e3o analisar o aparelho para identificar a causa raiz do problema, garantindo que o conserto seja eficiente e r\u00e1pido.<\/p>\n<h3>2. Conserto de Fog\u00f5es Viking<\/h3>\n<p>Ap\u00f3s o diagn\u00f3stico, se o seu fog\u00e3o precisar de reparo, os t\u00e9cnicos realizar\u00e3o o<strong> conserto de fog\u00f5es Viking<\/strong> com precis\u00e3o, utilizando apenas <strong>pe\u00e7as originais Viking<\/strong>, que s\u00e3o essenciais para manter o bom funcionamento do seu equipamento. A qualidade das pe\u00e7as e do servi\u00e7o \u00e9 fundamental para garantir que seu fog\u00e3o volte a operar com a m\u00e1xima performance.<\/p>\n<h3>3. Troca de Pe\u00e7as Fog\u00e3o Viking<\/h3>\n<p>Em casos onde uma pe\u00e7a do seu <strong>fog\u00e3o Viking<\/strong> esteja comprometida, a<strong> troca de pe\u00e7as fog\u00e3o Viking<\/strong> ser\u00e1 necess\u00e1ria. A Eluxfrio trabalha com pe\u00e7as genu\u00ednas, proporcionando ao seu aparelho a durabilidade e efici\u00eancia que ele merece. A troca de pe\u00e7as \u00e9 um procedimento importante para evitar problemas futuros e prolongar a vida \u00fatil do seu fog\u00e3o.<\/p>\n<h3>4. Manuten\u00e7\u00e3o Completa<\/h3>\n<p>Al\u00e9m do conserto de<strong> fog\u00f5es Viking<\/strong>, a Eluxfrio tamb\u00e9m oferece servi\u00e7os de<strong> manuten\u00e7\u00e3o fog\u00f5es Viking<\/strong>. A manuten\u00e7\u00e3o preventiva \u00e9 uma forma eficiente de evitar que problemas mais graves ocorram no futuro. Com um check-up completo, os t\u00e9cnicos podem verificar todos os sistemas do seu fog\u00e3o, desde o acendimento at\u00e9 o forno, garantindo que tudo esteja funcionando corretamente.<\/p>\n<h3>5. Atendimento R\u00e1pido e Eficiente<\/h3>\n<p>A <strong>assist\u00eancia t\u00e9cnica fog\u00f5es Viking da Eluxfrio<\/strong> se destaca pela agilidade e efici\u00eancia no atendimento. Com uma equipe de profissionais capacitados, o tempo de reparo \u00e9 reduzido ao m\u00ednimo, para que voc\u00ea possa voltar a usar seu fog\u00e3o o mais r\u00e1pido poss\u00edvel.[\/vc_column_text][vc_empty_space height=&#8221;40px&#8221;][\/vc_column][\/vc_row][vc_row][vc_column width=&#8221;1\/2&#8243;][vc_btn title=&#8221;WHATSAPP ASSIST\u00caNCIA 24H&#8221; style=&#8221;custom&#8221; custom_background=&#8221;#00aa08&#8243; custom_text=&#8221;#ffffff&#8221; shape=&#8221;round&#8221; size=&#8221;lg&#8221; align=&#8221;center&#8221; i_align=&#8221;right&#8221; i_icon_fontawesome=&#8221;fa fa-whatsapp&#8221; link=&#8221;url:https%3A%2F%2Fapi.whatsapp.com%2Fsend%3Fphone%3D551127701103%26text%3DPreciso%2520de%2520uma%2520Assist%25C3%25AAncia%2520T%25C3%25A9cnica%2520para%2520o%2520meu%2520Eletrodom%25C3%25A9stico&#8230;||target:%20_blank|&#8221; add_icon=&#8221;true&#8221;][\/vc_column][vc_column width=&#8221;1\/2&#8243;][vc_btn title=&#8221;LIGUE AGORA: (11) 2770-1103&#8243; style=&#8221;custom&#8221; custom_background=&#8221;#2a00a8&#8243; custom_text=&#8221;#ffffff&#8221; shape=&#8221;round&#8221; size=&#8221;lg&#8221; align=&#8221;center&#8221; i_icon_fontawesome=&#8221;fa fa-phone&#8221; link=&#8221;url:tel%3A%2B551127701103||target:%20_blank|&#8221; add_icon=&#8221;true&#8221;][\/vc_column][\/vc_row][vc_row][vc_column][vc_empty_space height=&#8221;40px&#8221;][vc_column_text]<\/p>\n<h2 style=\"text-align: center;\"><strong>Por Que Escolher a Eluxfrio?<\/strong><\/h2>\n<p>Quando o assunto \u00e9 <strong>assist\u00eancia t\u00e9cnica fog\u00f5es Viking<\/strong>, a <strong>Eluxfrio<\/strong> se destaca no mercado pela qualidade de seu atendimento e expertise em <strong>consertos de aparelhos de alto padr\u00e3o<\/strong>. Com a miss\u00e3o de oferecer solu\u00e7\u00f5es r\u00e1pidas e eficazes para qualquer problema, a empresa \u00e9 uma escolha confi\u00e1vel para quem busca manter seu <strong>fog\u00e3o Viking<\/strong> funcionando de maneira ideal.<\/p>\n<p>A <strong>Eluxfrio<\/strong> tem se consolidado como uma refer\u00eancia em <strong>assist\u00eancia t\u00e9cnica Viking<\/strong> por sua dedica\u00e7\u00e3o ao cliente, profissionais qualificados e uso exclusivo de <strong>pe\u00e7as originais fog\u00e3o Viking<\/strong>. Com isso, voc\u00ea tem a garantia de um servi\u00e7o que restaura seu aparelho \u00e0 condi\u00e7\u00e3o original, prolongando sua vida \u00fatil e mantendo seu desempenho em alto n\u00edvel.[\/vc_column_text][vc_empty_space height=&#8221;40px&#8221;][\/vc_column][\/vc_row][vc_row][vc_column width=&#8221;1\/2&#8243;][vc_btn title=&#8221;WHATSAPP ASSIST\u00caNCIA 24H&#8221; style=&#8221;custom&#8221; custom_background=&#8221;#00aa08&#8243; custom_text=&#8221;#ffffff&#8221; shape=&#8221;round&#8221; size=&#8221;lg&#8221; align=&#8221;center&#8221; i_align=&#8221;right&#8221; i_icon_fontawesome=&#8221;fa fa-whatsapp&#8221; link=&#8221;url:https%3A%2F%2Fapi.whatsapp.com%2Fsend%3Fphone%3D551127701103%26text%3DPreciso%2520de%2520uma%2520Assist%25C3%25AAncia%2520T%25C3%25A9cnica%2520para%2520o%2520meu%2520Eletrodom%25C3%25A9stico&#8230;||target:%20_blank|&#8221; add_icon=&#8221;true&#8221;][\/vc_column][vc_column width=&#8221;1\/2&#8243;][vc_btn title=&#8221;LIGUE AGORA: (11) 2770-1103&#8243; style=&#8221;custom&#8221; custom_background=&#8221;#2a00a8&#8243; custom_text=&#8221;#ffffff&#8221; shape=&#8221;round&#8221; size=&#8221;lg&#8221; align=&#8221;center&#8221; i_icon_fontawesome=&#8221;fa fa-phone&#8221; link=&#8221;url:tel%3A%2B551127701103||target:%20_blank|&#8221; add_icon=&#8221;true&#8221;][\/vc_column][\/vc_row][vc_row][vc_column][vc_empty_space height=&#8221;60px&#8221;][\/vc_column][\/vc_row]<\/p>\n","protected":false},"excerpt":{"rendered":"<p>[vc_row][vc_column][vc_empty_space height=&#8221;40px&#8221;][\/vc_column][\/vc_row][vc_row][vc_column width=&#8221;1\/3&#8243;][vc_single_image image=&#8221;3477&#8243; img_size=&#8221;full&#8221; alignment=&#8221;center&#8221;][\/vc_column][vc_column width=&#8221;2\/3&#8243;][vc_empty_space height=&#8221;20px&#8221;][vc_column_text]Os fog\u00f5es Viking s\u00e3o sin\u00f4nimo de alta qualidade e desempenho, sendo um dos principais aliados na cozinha de profissionais e entusiastas da gastronomia. No entanto, como qualquer outro eletrodom\u00e9stico, mesmo os modelos mais sofisticados podem apresentar problemas ao longo do tempo. Quando isso acontece, \u00e9 essencial contar com [&hellip;]<\/p>\n","protected":false},"author":1,"featured_media":0,"parent":0,"menu_order":0,"comment_status":"closed","ping_status":"closed","template":"","meta":[],"yst_prominent_words":[],"_links":{"self":[{"href":"https:\/\/eluxfrio.com.br\/sao-paulo\/wp-json\/wp\/v2\/pages\/3441"}],"collection":[{"href":"https:\/\/eluxfrio.com.br\/sao-paulo\/wp-json\/wp\/v2\/pages"}],"about":[{"href":"https:\/\/eluxfrio.com.br\/sao-paulo\/wp-json\/wp\/v2\/types\/page"}],"author":[{"embeddable":true,"href":"https:\/\/eluxfrio.com.br\/sao-paulo\/wp-json\/wp\/v2\/users\/1"}],"replies":[{"embeddable":true,"href":"https:\/\/eluxfrio.com.br\/sao-paulo\/wp-json\/wp\/v2\/comments?post=3441"}],"version-history":[{"count":0,"href":"https:\/\/eluxfrio.com.br\/sao-paulo\/wp-json\/wp\/v2\/pages\/3441\/revisions"}],"wp:attachment":[{"href":"https:\/\/eluxfrio.com.br\/sao-paulo\/wp-json\/wp\/v2\/media?parent=3441"}],"wp:term":[{"taxonomy":"yst_prominent_words","embeddable":true,"href":"https:\/\/eluxfrio.com.br\/sao-paulo\/wp-json\/wp\/v2\/yst_prominent_words?post=3441"}],"curies":[{"name":"wp","href":"https:\/\/api.w.org\/{rel}","templated":true}]}}