{"id":3455,"date":"2024-12-20T15:12:50","date_gmt":"2024-12-20T18:12:50","guid":{"rendered":"https:\/\/eluxfrio.com.br\/sao-paulo\/?page_id=3455"},"modified":"2025-05-12T12:16:11","modified_gmt":"2025-05-12T15:16:11","slug":"assistencia-tecnica-fogoes-bertazzoni-reparos-especializados","status":"publish","type":"page","link":"https:\/\/eluxfrio.com.br\/sao-paulo\/assistencia-tecnica-fogoes-bertazzoni-reparos-especializados\/","title":{"rendered":"Assist\u00eancia T\u00e9cnica Fog\u00f5es Bertazzoni: Reparos Especializados"},"content":{"rendered":"<p>[vc_row][vc_column][vc_empty_space height=&#8221;40px&#8221;][\/vc_column][\/vc_row][vc_row][vc_column width=&#8221;1\/3&#8243;][vc_single_image image=&#8221;3475&#8243; img_size=&#8221;full&#8221; alignment=&#8221;center&#8221;][\/vc_column][vc_column width=&#8221;2\/3&#8243;][vc_column_text]A <strong>Bertazzoni<\/strong> \u00e9 uma das marcas mais renomadas no mercado de eletrodom\u00e9sticos, oferecendo fog\u00f5es de alta qualidade, design elegante e tecnologias inovadoras. No entanto, como qualquer equipamento eletr\u00f4nico, at\u00e9 mesmo os <strong>fog\u00f5es Bertazzoni<\/strong> podem apresentar problemas ao longo do tempo. Nesses momentos, contar com uma assist\u00eancia t\u00e9cnica especializada \u00e9 essencial para garantir que seu fog\u00e3o continue funcionando perfeitamente.<\/p>\n<p>Se voc\u00ea est\u00e1 procurando por uma <strong>Assist\u00eancia T\u00e9cnica Fog\u00f5es Bertazzoni em S\u00e3o Paulo<\/strong>, a <strong>Eluxfrio<\/strong> \u00e9 a empresa ideal para ajudar voc\u00ea. Com profissionais capacitados e experi\u00eancia no mercado, a<strong> Eluxfrio<\/strong> oferece <strong>manuten\u00e7\u00e3o e conserto de fog\u00f5es Bertazzoni<\/strong>, utilizando apenas <strong>pe\u00e7as originais<\/strong> e realizando um atendimento r\u00e1pido e eficiente. Neste artigo, vamos detalhar como nossa <strong>Assist\u00eancia T\u00e9cnica Fog\u00e3o<\/strong> pode solucionar os problemas do seu <strong>fog\u00e3o Bertazzoni<\/strong> e garantir a longevidade e desempenho de seu aparelho.[\/vc_column_text][\/vc_column][\/vc_row][vc_row][vc_column][vc_empty_space height=&#8221;40px&#8221;][\/vc_column][\/vc_row][vc_row][vc_column width=&#8221;1\/2&#8243;][vc_btn title=&#8221;WHATSAPP ASSIST\u00caNCIA 24H&#8221; style=&#8221;custom&#8221; custom_background=&#8221;#00aa08&#8243; custom_text=&#8221;#ffffff&#8221; shape=&#8221;round&#8221; size=&#8221;lg&#8221; align=&#8221;center&#8221; i_align=&#8221;right&#8221; i_icon_fontawesome=&#8221;fa fa-whatsapp&#8221; link=&#8221;url:https%3A%2F%2Fapi.whatsapp.com%2Fsend%3Fphone%3D551127701103%26text%3DPreciso%2520de%2520uma%2520Assist%25C3%25AAncia%2520T%25C3%25A9cnica%2520para%2520o%2520meu%2520Eletrodom%25C3%25A9stico&#8230;||target:%20_blank|&#8221; add_icon=&#8221;true&#8221;][\/vc_column][vc_column width=&#8221;1\/2&#8243;][vc_btn title=&#8221;LIGUE AGORA: (11) 2770-1103&#8243; style=&#8221;custom&#8221; custom_background=&#8221;#2a00a8&#8243; custom_text=&#8221;#ffffff&#8221; shape=&#8221;round&#8221; size=&#8221;lg&#8221; align=&#8221;center&#8221; i_icon_fontawesome=&#8221;fa fa-phone&#8221; link=&#8221;url:tel%3A%2B551127701103||target:%20_blank|&#8221; add_icon=&#8221;true&#8221;][\/vc_column][\/vc_row][vc_row][vc_column][vc_empty_space height=&#8221;40px&#8221;][vc_column_text]<\/p>\n<h2 style=\"text-align: center;\"><strong>Conserto e Manuten\u00e7\u00e3o de Fog\u00f5es Bertazzoni<\/strong><\/h2>\n<p>Os<strong> fog\u00f5es Bertazzoni<\/strong> s\u00e3o conhecidos por sua durabilidade e design sofisticado, mas, como qualquer outro aparelho, eles tamb\u00e9m podem apresentar falhas de funcionamento. Seja um problema com o acendimento, dificuldades nas bocas do fog\u00e3o ou falhas no forno, a<strong> Assist\u00eancia T\u00e9cnica Bertazzoni da Eluxfrio<\/strong> est\u00e1 preparada para diagnosticar e resolver qualquer problema.<\/p>\n<p>Nossa <strong>Assist\u00eancia T\u00e9cnica Fog\u00f5es Bertazzoni<\/strong> trabalha com reparos r\u00e1pidos e eficientes, garantindo que o seu fog\u00e3o retorne ao pleno funcionamento no menor tempo poss\u00edvel. A manuten\u00e7\u00e3o preventiva \u00e9 uma das formas mais eficazes de evitar problemas maiores no futuro, e nossa equipe pode realizar check-ups peri\u00f3dicos para garantir que seu<strong> fog\u00e3o Bertazzoni<\/strong> esteja sempre em perfeito estado.<\/p>\n<h2 style=\"text-align: center;\"><strong>Troca de Pe\u00e7as Fog\u00e3o Bertazzoni<\/strong><\/h2>\n<p>Com o passar do tempo, algumas pe\u00e7as do fog\u00e3o podem se desgastar ou apresentar defeitos. Quando isso acontece, \u00e9 fundamental contar com uma<strong> Assist\u00eancia T\u00e9cnica Fog\u00e3o<\/strong> que utilize pe\u00e7as originais para o conserto. A <strong>Eluxfrio<\/strong> garante que a <strong>troca de pe\u00e7as fog\u00e3o Bertazzoni<\/strong> seja feita com materiais genu\u00ednos, o que assegura o desempenho ideal do seu aparelho e evita problemas relacionados ao uso de pe\u00e7as de baixa qualidade.<\/p>\n<p>Nossos <strong>t\u00e9cnicos especializados<\/strong> t\u00eam experi\u00eancia no manuseio de<strong> fog\u00f5es Bertazzoni<\/strong> e podem substituir qualquer pe\u00e7a com efici\u00eancia, seja na parte el\u00e9trica, no sistema de igni\u00e7\u00e3o ou at\u00e9 mesmo em componentes do forno. Al\u00e9m disso, a <strong>assist\u00eancia t\u00e9cnica fog\u00f5es da Eluxfrio<\/strong> realiza um controle de qualidade rigoroso para garantir que o seu <strong>fog\u00e3o Bertazzoni<\/strong> funcione perfeitamente ap\u00f3s a<strong> troca de pe\u00e7as<\/strong>.[\/vc_column_text][vc_empty_space height=&#8221;40px&#8221;][\/vc_column][\/vc_row][vc_row][vc_column][vc_column_text]<\/p>\n<h2 style=\"text-align: center;\"><strong>Veja mais informa\u00e7\u00f5es sobre o seu fog\u00e3o Bertazzoni<\/strong><\/h2>\n<p>[\/vc_column_text][vc_empty_space height=&#8221;40px&#8221;][vc_row_inner][vc_column_inner width=&#8221;1\/3&#8243;][vc_btn title=&#8221;Chamas desreguladas no fog\u00e3o Bertazzoni? Veja como ajustar!&#8221; style=&#8221;custom&#8221; custom_background=&#8221;#001c70&#8243; custom_text=&#8221;#ffffff&#8221; shape=&#8221;round&#8221; align=&#8221;center&#8221; link=&#8221;url:https%3A%2F%2Feluxfrio.com.br%2Fsao-paulo%2Fchamas-desreguladas-no-fogao-bertazzoni-veja-como-ajustar%2F|||&#8221;][\/vc_column_inner][vc_column_inner width=&#8221;1\/3&#8243;][vc_btn title=&#8221;Os problemas mais comuns nos fog\u00f5es Bertazzoni e como resolv\u00ea-los&#8221; style=&#8221;custom&#8221; custom_background=&#8221;#001c70&#8243; custom_text=&#8221;#ffffff&#8221; shape=&#8221;round&#8221; align=&#8221;center&#8221; link=&#8221;url:https%3A%2F%2Feluxfrio.com.br%2Fsao-paulo%2Fos-problemas-mais-comuns-nos-fogoes-bertazzoni-e-como-resolve-los%2F|||&#8221;][\/vc_column_inner][vc_column_inner width=&#8221;1\/3&#8243;][vc_btn title=&#8221;Por que escolher assist\u00eancia t\u00e9cnica especializada em fog\u00f5es Bertazzoni?&#8221; style=&#8221;custom&#8221; custom_background=&#8221;#001c70&#8243; custom_text=&#8221;#ffffff&#8221; shape=&#8221;round&#8221; align=&#8221;center&#8221; link=&#8221;url:https%3A%2F%2Feluxfrio.com.br%2Fsao-paulo%2Fpor-que-escolher-assistencia-tecnica-especializada-em-fogoes-bertazzoni%2F|||&#8221;][\/vc_column_inner][\/vc_row_inner][vc_empty_space height=&#8221;60px&#8221;][\/vc_column][\/vc_row][vc_row][vc_column width=&#8221;1\/2&#8243;][vc_btn title=&#8221;WHATSAPP ASSIST\u00caNCIA 24H&#8221; style=&#8221;custom&#8221; custom_background=&#8221;#00aa08&#8243; custom_text=&#8221;#ffffff&#8221; shape=&#8221;round&#8221; size=&#8221;lg&#8221; align=&#8221;center&#8221; i_align=&#8221;right&#8221; i_icon_fontawesome=&#8221;fa fa-whatsapp&#8221; link=&#8221;url:https%3A%2F%2Fapi.whatsapp.com%2Fsend%3Fphone%3D551127701103%26text%3DPreciso%2520de%2520uma%2520Assist%25C3%25AAncia%2520T%25C3%25A9cnica%2520para%2520o%2520meu%2520Eletrodom%25C3%25A9stico&#8230;||target:%20_blank|&#8221; add_icon=&#8221;true&#8221;][\/vc_column][vc_column width=&#8221;1\/2&#8243;][vc_btn title=&#8221;LIGUE AGORA: (11) 2770-1103&#8243; style=&#8221;custom&#8221; custom_background=&#8221;#2a00a8&#8243; custom_text=&#8221;#ffffff&#8221; shape=&#8221;round&#8221; size=&#8221;lg&#8221; align=&#8221;center&#8221; i_icon_fontawesome=&#8221;fa fa-phone&#8221; link=&#8221;url:tel%3A%2B551127701103||target:%20_blank|&#8221; add_icon=&#8221;true&#8221;][\/vc_column][\/vc_row][vc_row][vc_column][vc_empty_space height=&#8221;40px&#8221;][vc_column_text]<\/p>\n<h2 style=\"text-align: center;\"><strong>Diagn\u00f3stico R\u00e1pido e Solu\u00e7\u00e3o de Problemas<\/strong><\/h2>\n<p>Um dos principais benef\u00edcios ao contratar os servi\u00e7os da<strong> Eluxfrio<\/strong> \u00e9 o nosso compromisso com o atendimento r\u00e1pido e eficaz. Sabemos que um <strong>conserto de fog\u00f5es Bertazzoni<\/strong> demorado pode afetar o seu dia a dia, especialmente em momentos em que voc\u00ea depende do fog\u00e3o para preparar suas refei\u00e7\u00f5es. Por isso, nossa equipe de t\u00e9cnicos \u00e9 treinada para realizar diagn\u00f3sticos r\u00e1pidos e iniciar o conserto de forma eficiente, minimizando o tempo de inatividade do seu fog\u00e3o.<\/p>\n<p>A <strong>assist\u00eancia t\u00e9cnica Bertazzoni<\/strong> de nossa empresa \u00e9 especializada em solucionar uma ampla gama de problemas que podem surgir com os fog\u00f5es dessa marca.<\/p>\n<p style=\"text-align: center;\"><strong>Entre os problemas mais comuns que atendemos, podemos destacar:<\/strong><\/p>\n<p>[\/vc_column_text][vc_empty_space height=&#8221;40px&#8221;][vc_row_inner][vc_column_inner width=&#8221;1\/2&#8243;][vc_column_text]<strong>Falhas no sistema de igni\u00e7\u00e3o:<\/strong> Se o seu fog\u00e3o Bertazzoni n\u00e3o est\u00e1 acendendo corretamente, podemos realizar o reparo ou a troca das pe\u00e7as necess\u00e1rias, garantindo que o funcionamento de todas as bocas do fog\u00e3o seja restaurado.[\/vc_column_text][\/vc_column_inner][vc_column_inner width=&#8221;1\/2&#8243;][vc_column_text]<strong>Problemas no forno:<\/strong> Se o forno do seu fog\u00e3o Bertazzoni n\u00e3o est\u00e1 aquecendo corretamente ou apresentando falhas no controle de temperatura, nossa equipe pode identificar a causa do problema e realizar o reparo adequado.[\/vc_column_text][\/vc_column_inner][\/vc_row_inner][vc_empty_space height=&#8221;20px&#8221;][vc_row_inner][vc_column_inner width=&#8221;1\/2&#8243;][vc_column_text]<strong>Bocas com baixa chama ou n\u00e3o acendem:<\/strong> Isso pode ser causado por uma s\u00e9rie de fatores, incluindo falhas nos bicos ou nos sensores de g\u00e1s. Nossa Assist\u00eancia T\u00e9cnica Fog\u00e3o resolve esse tipo de problema de forma r\u00e1pida, com a substitui\u00e7\u00e3o de pe\u00e7as quando necess\u00e1rio.[\/vc_column_text][\/vc_column_inner][vc_column_inner width=&#8221;1\/2&#8243;][vc_column_text]<strong>Dificuldades com o painel de controle:<\/strong> Caso o painel de controle do seu fog\u00e3o Bertazzoni esteja apresentando problemas, nossos t\u00e9cnicos s\u00e3o capazes de diagnosticar e reparar qualquer falha el\u00e9trica ou no sistema de controle.[\/vc_column_text][\/vc_column_inner][\/vc_row_inner][vc_empty_space height=&#8221;40px&#8221;][\/vc_column][\/vc_row][vc_row][vc_column width=&#8221;1\/2&#8243;][vc_btn title=&#8221;WHATSAPP ASSIST\u00caNCIA 24H&#8221; style=&#8221;custom&#8221; custom_background=&#8221;#00aa08&#8243; custom_text=&#8221;#ffffff&#8221; shape=&#8221;round&#8221; size=&#8221;lg&#8221; align=&#8221;center&#8221; i_align=&#8221;right&#8221; i_icon_fontawesome=&#8221;fa fa-whatsapp&#8221; link=&#8221;url:https%3A%2F%2Fapi.whatsapp.com%2Fsend%3Fphone%3D551127701103%26text%3DPreciso%2520de%2520uma%2520Assist%25C3%25AAncia%2520T%25C3%25A9cnica%2520para%2520o%2520meu%2520Eletrodom%25C3%25A9stico&#8230;||target:%20_blank|&#8221; add_icon=&#8221;true&#8221;][\/vc_column][vc_column width=&#8221;1\/2&#8243;][vc_btn title=&#8221;LIGUE AGORA: (11) 2770-1103&#8243; style=&#8221;custom&#8221; custom_background=&#8221;#2a00a8&#8243; custom_text=&#8221;#ffffff&#8221; shape=&#8221;round&#8221; size=&#8221;lg&#8221; align=&#8221;center&#8221; i_icon_fontawesome=&#8221;fa fa-phone&#8221; link=&#8221;url:tel%3A%2B551127701103||target:%20_blank|&#8221; add_icon=&#8221;true&#8221;][\/vc_column][\/vc_row][vc_row][vc_column][vc_empty_space height=&#8221;40px&#8221;][vc_column_text]<\/p>\n<h2 style=\"text-align: center;\"><strong>Atendimento R\u00e1pido e Garantido<\/strong><\/h2>\n<p>A<strong> Eluxfrio<\/strong> entende a import\u00e2ncia de um <strong>conserto de fog\u00e3o r\u00e1pido e eficaz<\/strong>. Sabemos que, ao confiar o seu <strong>fog\u00e3o Bertazzoni<\/strong> a uma <strong>assist\u00eancia t\u00e9cnica<\/strong>, voc\u00ea espera uma solu\u00e7\u00e3o \u00e1gil e sem complica\u00e7\u00f5es. Por isso, nossa equipe trabalha com agendamentos flex\u00edveis e realiza os reparos de forma eficiente, garantindo que seu aparelho volte a funcionar como novo no menor tempo poss\u00edvel.<\/p>\n<p>Al\u00e9m disso, ao escolher a <strong>Assist\u00eancia T\u00e9cnica Bertazzoni da Eluxfrio<\/strong>, voc\u00ea tem a garantia de um servi\u00e7o de alta qualidade. Todos os nossos reparos s\u00e3o realizados com <strong>pe\u00e7as originais<\/strong> e os nossos t\u00e9cnicos t\u00eam vasta experi\u00eancia em trabalhar com<strong> fog\u00f5es Bertazzoni<\/strong>, o que nos permite oferecer um servi\u00e7o especializado e confi\u00e1vel.[\/vc_column_text][vc_empty_space height=&#8221;40px&#8221;][\/vc_column][\/vc_row][vc_row][vc_column][vc_empty_space height=&#8221;40px&#8221;][vc_column_text]<\/p>\n<h3 style=\"text-align: center;\"><strong>Por Que Escolher a Eluxfrio?<\/strong><\/h3>\n<p>Ao buscar uma <strong>Assist\u00eancia T\u00e9cnica Fog\u00f5es Bertazzoni<\/strong>, \u00e9 importante escolher uma empresa que tenha experi\u00eancia no ramo e que ofere\u00e7a um atendimento de alta qualidade. A <strong>Eluxfrio<\/strong> \u00e9 uma<strong> assist\u00eancia t\u00e9cnica especializada<\/strong> que atende a todos os problemas relacionados ao <strong>conserto e manuten\u00e7\u00e3o de fog\u00f5es Bertazzoni<\/strong>.<\/p>\n<p style=\"text-align: center;\"><strong>Alguns dos motivos para escolher a Eluxfrio s\u00e3o:<\/strong><\/p>\n<p>[\/vc_column_text][vc_empty_space height=&#8221;40px&#8221;][vc_row_inner][vc_column_inner width=&#8221;1\/2&#8243;][vc_column_text]<strong>Pe\u00e7as originais:<\/strong> Garantimos que todas as pe\u00e7as substitu\u00eddas sejam originais, assegurando o bom funcionamento e a durabilidade do seu fog\u00e3o.[\/vc_column_text][\/vc_column_inner][vc_column_inner width=&#8221;1\/2&#8243;][vc_column_text]<strong>Profissionais especializados:<\/strong> Nossos t\u00e9cnicos s\u00e3o treinados e experientes, garantindo que todos os reparos sejam feitos com precis\u00e3o e efici\u00eancia.[\/vc_column_text][\/vc_column_inner][\/vc_row_inner][vc_empty_space height=&#8221;20px&#8221;][vc_row_inner][vc_column_inner width=&#8221;1\/2&#8243;][vc_column_text]<strong>Atendimento r\u00e1pido e eficiente:<\/strong> Sabemos como \u00e9 importante ter seu fog\u00e3o funcionando sem problemas, por isso buscamos realizar os reparos de maneira \u00e1gil e eficaz.[\/vc_column_text][\/vc_column_inner][vc_column_inner width=&#8221;1\/2&#8243;][vc_column_text]<strong>Garantia de qualidade:<\/strong> Todos os nossos servi\u00e7os s\u00e3o realizados com a m\u00e1xima qualidade e acompanhados de garantia para sua total satisfa\u00e7\u00e3o.[\/vc_column_text][\/vc_column_inner][\/vc_row_inner][vc_empty_space height=&#8221;40px&#8221;][\/vc_column][\/vc_row][vc_row][vc_column][vc_column_text]Se voc\u00ea est\u00e1 tendo problemas com o seu<strong> fog\u00e3o Bertazzoni<\/strong>, n\u00e3o hesite em procurar a <strong>Assist\u00eancia T\u00e9cnica Fog\u00f5es Bertazzoni da Eluxfrio.<\/strong> Oferecemos <strong>manuten\u00e7\u00e3o fog\u00f5es Bertazzoni<\/strong>, <strong>conserto de fog\u00f5es Bertazzoni<\/strong>, <strong>troca de pe\u00e7as fog\u00e3o Bertazzoni<\/strong>, e muito mais. Nossa equipe especializada est\u00e1 pronta para resolver qualquer problema do seu aparelho, utilizando pe\u00e7as originais e oferecendo um atendimento r\u00e1pido e eficaz. Confie na <strong>Eluxfrio<\/strong> para garantir o pleno funcionamento do seu<strong> fog\u00e3o Bertazzoni<\/strong> e desfrutar de sua qualidade por muito mais tempo.[\/vc_column_text][\/vc_column][\/vc_row][vc_row][vc_column][vc_empty_space height=&#8221;60px&#8221;][\/vc_column][\/vc_row]<\/p>\n","protected":false},"excerpt":{"rendered":"<p>[vc_row][vc_column][vc_empty_space height=&#8221;40px&#8221;][\/vc_column][\/vc_row][vc_row][vc_column width=&#8221;1\/3&#8243;][vc_single_image image=&#8221;3475&#8243; img_size=&#8221;full&#8221; alignment=&#8221;center&#8221;][\/vc_column][vc_column width=&#8221;2\/3&#8243;][vc_column_text]A Bertazzoni \u00e9 uma das marcas mais renomadas no mercado de eletrodom\u00e9sticos, oferecendo fog\u00f5es de alta qualidade, design elegante e tecnologias inovadoras. No entanto, como qualquer equipamento eletr\u00f4nico, at\u00e9 mesmo os fog\u00f5es Bertazzoni podem apresentar problemas ao longo do tempo. Nesses momentos, contar com uma assist\u00eancia t\u00e9cnica especializada \u00e9 [&hellip;]<\/p>\n","protected":false},"author":1,"featured_media":0,"parent":0,"menu_order":0,"comment_status":"closed","ping_status":"closed","template":"","meta":[],"yst_prominent_words":[],"_links":{"self":[{"href":"https:\/\/eluxfrio.com.br\/sao-paulo\/wp-json\/wp\/v2\/pages\/3455"}],"collection":[{"href":"https:\/\/eluxfrio.com.br\/sao-paulo\/wp-json\/wp\/v2\/pages"}],"about":[{"href":"https:\/\/eluxfrio.com.br\/sao-paulo\/wp-json\/wp\/v2\/types\/page"}],"author":[{"embeddable":true,"href":"https:\/\/eluxfrio.com.br\/sao-paulo\/wp-json\/wp\/v2\/users\/1"}],"replies":[{"embeddable":true,"href":"https:\/\/eluxfrio.com.br\/sao-paulo\/wp-json\/wp\/v2\/comments?post=3455"}],"version-history":[{"count":0,"href":"https:\/\/eluxfrio.com.br\/sao-paulo\/wp-json\/wp\/v2\/pages\/3455\/revisions"}],"wp:attachment":[{"href":"https:\/\/eluxfrio.com.br\/sao-paulo\/wp-json\/wp\/v2\/media?parent=3455"}],"wp:term":[{"taxonomy":"yst_prominent_words","embeddable":true,"href":"https:\/\/eluxfrio.com.br\/sao-paulo\/wp-json\/wp\/v2\/yst_prominent_words?post=3455"}],"curies":[{"name":"wp","href":"https:\/\/api.w.org\/{rel}","templated":true}]}}