{"id":3465,"date":"2024-12-20T15:43:59","date_gmt":"2024-12-20T18:43:59","guid":{"rendered":"https:\/\/eluxfrio.com.br\/sao-paulo\/?page_id=3465"},"modified":"2025-05-14T14:57:55","modified_gmt":"2025-05-14T17:57:55","slug":"por-que-escolher-assistencia-tecnica-especializada-em-fogoes-bertazzoni","status":"publish","type":"page","link":"https:\/\/eluxfrio.com.br\/sao-paulo\/por-que-escolher-assistencia-tecnica-especializada-em-fogoes-bertazzoni\/","title":{"rendered":"Por que escolher assist\u00eancia t\u00e9cnica especializada em fog\u00f5es Bertazzoni?"},"content":{"rendered":"<p>[vc_row][vc_column][vc_empty_space height=&#8221;40px&#8221;][\/vc_column][\/vc_row][vc_row][vc_column][vc_column_text]Se voc\u00ea est\u00e1 em busca de uma <strong>assist\u00eancia t\u00e9cnica<\/strong> qualificada para o seu <strong>fog\u00e3o Bertazzoni<\/strong>, est\u00e1 no lugar certo. Quando falamos de um produto de alta qualidade e renome, como os<strong> fog\u00f5es Bertazzoni<\/strong>, \u00e9 fundamental escolher um servi\u00e7o especializado para garantir o m\u00e1ximo desempenho e a durabilidade do seu equipamento. Aqui, falaremos sobre a import\u00e2ncia de optar por uma <strong>assist\u00eancia t\u00e9cnica fog\u00f5es<\/strong> confi\u00e1vel, como a <strong>Assist\u00eancia T\u00e9cnica Bertazzoni<\/strong>, e como ela pode ser a solu\u00e7\u00e3o ideal para a manuten\u00e7\u00e3o e conserto do seu fog\u00e3o.[\/vc_column_text][vc_empty_space height=&#8221;40px&#8221;][\/vc_column][\/vc_row][vc_row][vc_column width=&#8221;1\/2&#8243;][vc_btn title=&#8221;WHATSAPP ASSIST\u00caNCIA 24H&#8221; style=&#8221;custom&#8221; custom_background=&#8221;#00aa08&#8243; custom_text=&#8221;#ffffff&#8221; shape=&#8221;round&#8221; size=&#8221;lg&#8221; align=&#8221;center&#8221; i_align=&#8221;right&#8221; i_icon_fontawesome=&#8221;fa fa-whatsapp&#8221; link=&#8221;url:https%3A%2F%2Fapi.whatsapp.com%2Fsend%3Fphone%3D551127701103%26text%3DPreciso%2520de%2520uma%2520Assist%25C3%25AAncia%2520T%25C3%25A9cnica%2520para%2520o%2520meu%2520Eletrodom%25C3%25A9stico&#8230;||target:%20_blank|&#8221; add_icon=&#8221;true&#8221;][\/vc_column][vc_column width=&#8221;1\/2&#8243;][vc_btn title=&#8221;LIGUE AGORA: (11) 2770-1103&#8243; style=&#8221;custom&#8221; custom_background=&#8221;#2a00a8&#8243; custom_text=&#8221;#ffffff&#8221; shape=&#8221;round&#8221; size=&#8221;lg&#8221; align=&#8221;center&#8221; i_icon_fontawesome=&#8221;fa fa-phone&#8221; link=&#8221;url:tel%3A%2B551127701103||target:%20_blank|&#8221; add_icon=&#8221;true&#8221;][\/vc_column][\/vc_row][vc_row][vc_column][vc_empty_space height=&#8221;40px&#8221;][vc_column_text]<\/p>\n<h2 style=\"text-align: center;\"><strong>A import\u00e2ncia da assist\u00eancia t\u00e9cnica especializada em fog\u00f5es Bertazzoni<\/strong><\/h2>\n<p>Os<strong> fog\u00f5es Bertazzoni<\/strong> s\u00e3o sin\u00f4nimo de sofistica\u00e7\u00e3o e excel\u00eancia. Com mais de 130 anos de hist\u00f3ria, a marca \u00e9 reconhecida mundialmente pela qualidade de seus produtos, que se destacam pelo design refinado e pelo desempenho impec\u00e1vel. No entanto, como qualquer outro eletrodom\u00e9stico, os <strong>fog\u00f5es Bertazzoni<\/strong> est\u00e3o sujeitos ao desgaste e, eventualmente, podem precisar de manuten\u00e7\u00e3o.<\/p>\n<p>Optar por uma<strong> assist\u00eancia t\u00e9cnica fog\u00e3o especializada<\/strong> \u00e9 essencial para garantir que o seu fog\u00e3o continue funcionando da melhor forma poss\u00edvel. Isso porque a <strong>assist\u00eancia t\u00e9cnica fog\u00f5es Bertazzoni<\/strong> conta com profissionais altamente capacitados e com experi\u00eancia espec\u00edfica nos produtos da marca, o que assegura que qualquer problema seja solucionado com precis\u00e3o e efici\u00eancia.<\/p>\n<h2 style=\"text-align: center;\"><strong>A Assist\u00eancia T\u00e9cnica Bertazzoni que voc\u00ea precisa<\/strong><\/h2>\n<p>Quando se trata de <strong>manuten\u00e7\u00e3o fog\u00f5es Bertazzoni<\/strong>, \u00e9 crucial contar com uma empresa que ofere\u00e7a c<strong>onserto de fog\u00f5es Bertazzoni<\/strong> com a qualidade e confian\u00e7a que o seu produto merece. Uma assist\u00eancia t\u00e9cnica especializada tem a capacidade de diagnosticar rapidamente o problema e sugerir a solu\u00e7\u00e3o mais adequada para garantir que seu fog\u00e3o continue em perfeitas condi\u00e7\u00f5es de uso.<\/p>\n<p>A <strong>assist\u00eancia t\u00e9cnica fog\u00f5es Bertazzoni da Eluxfrio em S\u00e3o Paulo<\/strong> \u00e9 a escolha certa para quem busca servi\u00e7os r\u00e1pidos e eficientes. Com uma equipe de profissionais treinados e experientes, a empresa \u00e9 <strong>especializada em manuten\u00e7\u00e3o fog\u00f5es Bertazzoni<\/strong> e oferece servi\u00e7os que v\u00e3o desde a <strong>troca de pe\u00e7as fog\u00e3o Bertazzoni<\/strong> at\u00e9 o <strong>conserto de fog\u00f5es<\/strong> com o uso de <strong>pe\u00e7as originais da marca.<\/strong>[\/vc_column_text][vc_empty_space height=&#8221;40px&#8221;][\/vc_column][\/vc_row][vc_row][vc_column width=&#8221;1\/2&#8243;][vc_btn title=&#8221;WHATSAPP ASSIST\u00caNCIA 24H&#8221; style=&#8221;custom&#8221; custom_background=&#8221;#00aa08&#8243; custom_text=&#8221;#ffffff&#8221; shape=&#8221;round&#8221; size=&#8221;lg&#8221; align=&#8221;center&#8221; i_align=&#8221;right&#8221; i_icon_fontawesome=&#8221;fa fa-whatsapp&#8221; link=&#8221;url:https%3A%2F%2Fapi.whatsapp.com%2Fsend%3Fphone%3D551127701103%26text%3DPreciso%2520de%2520uma%2520Assist%25C3%25AAncia%2520T%25C3%25A9cnica%2520para%2520o%2520meu%2520Eletrodom%25C3%25A9stico&#8230;||target:%20_blank|&#8221; add_icon=&#8221;true&#8221;][\/vc_column][vc_column width=&#8221;1\/2&#8243;][vc_btn title=&#8221;LIGUE AGORA: (11) 2770-1103&#8243; style=&#8221;custom&#8221; custom_background=&#8221;#2a00a8&#8243; custom_text=&#8221;#ffffff&#8221; shape=&#8221;round&#8221; size=&#8221;lg&#8221; align=&#8221;center&#8221; i_icon_fontawesome=&#8221;fa fa-phone&#8221; link=&#8221;url:tel%3A%2B551127701103||target:%20_blank|&#8221; add_icon=&#8221;true&#8221;][\/vc_column][\/vc_row][vc_row][vc_column][vc_empty_space height=&#8221;40px&#8221;][vc_column_text]<\/p>\n<h2 style=\"text-align: center;\"><strong>Conserto e manuten\u00e7\u00e3o de fog\u00f5es Bertazzoni com pe\u00e7as originais<\/strong><\/h2>\n<p>Quando se trata de<strong> conserto de fog\u00e3o<\/strong>, a utiliza\u00e7\u00e3o de <strong>pe\u00e7as originais<\/strong> \u00e9 um fator crucial para garantir a qualidade e a longevidade do equipamento. Na <strong>Assist\u00eancia T\u00e9cnica Bertazzoni<\/strong>, a <strong>Eluxfrio<\/strong> utiliza apenas pe\u00e7as originais, o que assegura que seu fog\u00e3o receba as melhores condi\u00e7\u00f5es de reparo e que a funcionalidade seja mantida conforme os padr\u00f5es da marca.<\/p>\n<p>A<strong> troca de pe\u00e7as fog\u00e3o Bertazzoni<\/strong> com pe\u00e7as originais \u00e9 uma parte fundamental do servi\u00e7o prestado pela <strong>Eluxfrio<\/strong>. Usar componentes genu\u00ednos \u00e9 uma garantia de que o seu fog\u00e3o ter\u00e1 o mesmo desempenho de quando foi adquirido, evitando problemas futuros e prolongando sua vida \u00fatil. Pe\u00e7as de baixa qualidade podem comprometer o funcionamento do equipamento, al\u00e9m de aumentar os custos com reparos recorrentes.<\/p>\n<h2 style=\"text-align: center;\"><strong>Atendimento r\u00e1pido e eficiente<\/strong><\/h2>\n<p>A <strong>assist\u00eancia t\u00e9cnica fog\u00f5es Bertazzoni<\/strong> oferece a vantagem de um atendimento r\u00e1pido, o que \u00e9 fundamental para quem precisa de um conserto urgente. O tempo de resposta e a rapidez no atendimento s\u00e3o fatores decisivos para que voc\u00ea n\u00e3o fique sem seu fog\u00e3o por longos per\u00edodos.<\/p>\n<p>A <strong>Eluxfrio<\/strong> compreende a import\u00e2ncia de ter seu fog\u00e3o funcionando corretamente, especialmente quando se trata de um produto essencial no dia a dia de muitas fam\u00edlias. Por isso, a empresa oferece <strong>conserto de fog\u00f5es<\/strong> e <strong>manuten\u00e7\u00e3o de fog\u00f5es Bertazzoni<\/strong> de maneira \u00e1gil, sem comprometer a qualidade do servi\u00e7o prestado. Com um agendamento eficiente e prazos reduzidos, voc\u00ea pode ter a certeza de que seu fog\u00e3o estar\u00e1 em funcionamento rapidamente.[\/vc_column_text][vc_empty_space height=&#8221;40px&#8221;][\/vc_column][\/vc_row][vc_row][vc_column][vc_column_text]<\/p>\n<h3 style=\"text-align: center;\"><strong>Solu\u00e7\u00e3o para todos os tipos de problemas<\/strong><\/h3>\n<p>A <strong>Assist\u00eancia T\u00e9cnica Bertazzoni da Eluxfrio<\/strong> \u00e9 especializada em resolver uma ampla gama de problemas que podem surgir com os <strong>fog\u00f5es Bertazzoni<\/strong>. Seja um defeito no sistema de igni\u00e7\u00e3o, falhas no funcionamento das bocas, problemas na parte el\u00e9trica ou at\u00e9 mesmo dificuldades com a fia\u00e7\u00e3o interna, a <strong>Eluxfrio<\/strong> tem as ferramentas e o conhecimento necess\u00e1rio para realizar o diagn\u00f3stico correto e propor a melhor solu\u00e7\u00e3o.<\/p>\n<p>Os profissionais da <strong>Eluxfrio<\/strong> s\u00e3o treinados para lidar com qualquer tipo de falha ou defeito que o seu fog\u00e3o possa apresentar, seja ele um modelo mais antigo ou recente. Al\u00e9m disso, a empresa oferece um atendimento personalizado, levando em considera\u00e7\u00e3o as necessidades de cada cliente e oferecendo um servi\u00e7o sob medida para cada tipo de problema.<\/p>\n<h3 style=\"text-align: center;\"><strong>Por que escolher a Eluxfrio?<\/strong><\/h3>\n<p>Optar pela <strong>assist\u00eancia t\u00e9cnica fog\u00e3o da Eluxfrio<\/strong> traz muitos benef\u00edcios para o seu fog\u00e3o Bertazzoni. A empresa n\u00e3o apenas oferece <strong>manuten\u00e7\u00e3o de fog\u00f5es Bertazzoni<\/strong> e <strong>conserto de fog\u00f5es Bertazzoni<\/strong>, mas tamb\u00e9m preza pela qualidade do atendimento e pelo compromisso com a satisfa\u00e7\u00e3o do cliente.<\/p>\n<p style=\"text-align: center;\"><strong>Entre as principais vantagens de escolher a Eluxfrio, destacam-se:<\/strong><\/p>\n<ul>\n<li><strong>Pe\u00e7as originais e de qualidade:<\/strong> A Eluxfrio utiliza apenas pe\u00e7as originais, garantindo que seu fog\u00e3o seja reparado de forma eficaz e que sua vida \u00fatil seja prolongada.<\/li>\n<li><strong>Profissionais especializados:<\/strong> A equipe da Eluxfrio \u00e9 treinada e tem experi\u00eancia espec\u00edfica com os produtos Bertazzoni, o que assegura um servi\u00e7o de alto n\u00edvel.<\/li>\n<li><strong>Atendimento r\u00e1pido e eficiente:<\/strong> A empresa tem um compromisso com a agilidade, oferecendo solu\u00e7\u00f5es r\u00e1pidas sem comprometer a qualidade do servi\u00e7o.<\/li>\n<li><strong>Pre\u00e7os justos:<\/strong> A Eluxfrio oferece pre\u00e7os acess\u00edveis e transparentes para a manuten\u00e7\u00e3o fog\u00f5es Bertazzoni e conserto de fog\u00e3o, sem custos ocultos.<\/li>\n<li><strong>Garantia de servi\u00e7o:<\/strong> Todos os servi\u00e7os prestados pela Eluxfrio t\u00eam garantia, o que traz mais tranquilidade para o cliente.<\/li>\n<\/ul>\n<h3 style=\"text-align: center;\"><strong>Assist\u00eancia t\u00e9cnica Bertazzoni<\/strong><\/h3>\n<p>N\u00e3o deixe que pequenos defeitos se transformem em grandes problemas. A escolha de uma <strong>assist\u00eancia t\u00e9cnica especializada em fog\u00f5es Bertazzoni<\/strong> \u00e9 o passo certo para garantir que seu fog\u00e3o continue funcionando da melhor forma, sempre com seguran\u00e7a e efici\u00eancia.<\/p>\n<p>Se voc\u00ea procura uma <strong>assist\u00eancia t\u00e9cnica fog\u00f5es Bertazzoni<\/strong> confi\u00e1vel e que oferece o melhor em <strong>manuten\u00e7\u00e3o e conserto de fog\u00f5es Bertazzoni<\/strong>, a <strong>Eluxfrio<\/strong> \u00e9 a solu\u00e7\u00e3o ideal. N\u00e3o espere mais para garantir o perfeito funcionamento do seu fog\u00e3o, entre em contato com a <strong>Eluxfrio<\/strong> e tenha a tranquilidade de contar com profissionais especializados para cuidar do seu equipamento.[\/vc_column_text][vc_empty_space height=&#8221;40px&#8221;][\/vc_column][\/vc_row][vc_row][vc_column width=&#8221;1\/2&#8243;][vc_btn title=&#8221;WHATSAPP ASSIST\u00caNCIA 24H&#8221; style=&#8221;custom&#8221; custom_background=&#8221;#00aa08&#8243; custom_text=&#8221;#ffffff&#8221; shape=&#8221;round&#8221; size=&#8221;lg&#8221; align=&#8221;center&#8221; i_align=&#8221;right&#8221; i_icon_fontawesome=&#8221;fa fa-whatsapp&#8221; link=&#8221;url:https%3A%2F%2Fapi.whatsapp.com%2Fsend%3Fphone%3D551127701103%26text%3DPreciso%2520de%2520uma%2520Assist%25C3%25AAncia%2520T%25C3%25A9cnica%2520para%2520o%2520meu%2520Eletrodom%25C3%25A9stico&#8230;||target:%20_blank|&#8221; add_icon=&#8221;true&#8221;][\/vc_column][vc_column width=&#8221;1\/2&#8243;][vc_btn title=&#8221;LIGUE AGORA: (11) 2770-1103&#8243; style=&#8221;custom&#8221; custom_background=&#8221;#2a00a8&#8243; custom_text=&#8221;#ffffff&#8221; shape=&#8221;round&#8221; size=&#8221;lg&#8221; align=&#8221;center&#8221; i_icon_fontawesome=&#8221;fa fa-phone&#8221; link=&#8221;url:tel%3A%2B551127701103||target:%20_blank|&#8221; add_icon=&#8221;true&#8221;][\/vc_column][\/vc_row][vc_row][vc_column][vc_empty_space height=&#8221;40px&#8221;][\/vc_column][\/vc_row]<\/p>\n","protected":false},"excerpt":{"rendered":"<p>[vc_row][vc_column][vc_empty_space height=&#8221;40px&#8221;][\/vc_column][\/vc_row][vc_row][vc_column][vc_column_text]Se voc\u00ea est\u00e1 em busca de uma assist\u00eancia t\u00e9cnica qualificada para o seu fog\u00e3o Bertazzoni, est\u00e1 no lugar certo. Quando falamos de um produto de alta qualidade e renome, como os fog\u00f5es Bertazzoni, \u00e9 fundamental escolher um servi\u00e7o especializado para garantir o m\u00e1ximo desempenho e a durabilidade do seu equipamento. Aqui, falaremos sobre a [&hellip;]<\/p>\n","protected":false},"author":1,"featured_media":0,"parent":0,"menu_order":0,"comment_status":"closed","ping_status":"closed","template":"","meta":[],"yst_prominent_words":[],"_links":{"self":[{"href":"https:\/\/eluxfrio.com.br\/sao-paulo\/wp-json\/wp\/v2\/pages\/3465"}],"collection":[{"href":"https:\/\/eluxfrio.com.br\/sao-paulo\/wp-json\/wp\/v2\/pages"}],"about":[{"href":"https:\/\/eluxfrio.com.br\/sao-paulo\/wp-json\/wp\/v2\/types\/page"}],"author":[{"embeddable":true,"href":"https:\/\/eluxfrio.com.br\/sao-paulo\/wp-json\/wp\/v2\/users\/1"}],"replies":[{"embeddable":true,"href":"https:\/\/eluxfrio.com.br\/sao-paulo\/wp-json\/wp\/v2\/comments?post=3465"}],"version-history":[{"count":0,"href":"https:\/\/eluxfrio.com.br\/sao-paulo\/wp-json\/wp\/v2\/pages\/3465\/revisions"}],"wp:attachment":[{"href":"https:\/\/eluxfrio.com.br\/sao-paulo\/wp-json\/wp\/v2\/media?parent=3465"}],"wp:term":[{"taxonomy":"yst_prominent_words","embeddable":true,"href":"https:\/\/eluxfrio.com.br\/sao-paulo\/wp-json\/wp\/v2\/yst_prominent_words?post=3465"}],"curies":[{"name":"wp","href":"https:\/\/api.w.org\/{rel}","templated":true}]}}