{"id":3488,"date":"2025-01-09T09:46:18","date_gmt":"2025-01-09T12:46:18","guid":{"rendered":"https:\/\/eluxfrio.com.br\/sao-paulo\/?page_id=3488"},"modified":"2025-05-12T12:16:13","modified_gmt":"2025-05-12T15:16:13","slug":"assistencia-tecnica-elettromec","status":"publish","type":"page","link":"https:\/\/eluxfrio.com.br\/sao-paulo\/assistencia-tecnica-elettromec\/","title":{"rendered":"Assist\u00eancia T\u00e9cnica Elettromec"},"content":{"rendered":"<p>[vc_row][vc_column][vc_column_text]<\/p>\n<h2 style=\"text-align: center;\"><span style=\"color: #000080;\"><strong>Conserto e Manuten\u00e7\u00e3o de Fog\u00f5es com Profissionais Especializados<br \/>\n<\/strong><\/span><\/h2>\n<p>[\/vc_column_text][vc_empty_space][\/vc_column][\/vc_row][vc_row][vc_column width=&#8221;1\/3&#8243;][vc_single_image image=&#8221;3493&#8243; img_size=&#8221;full&#8221; alignment=&#8221;center&#8221;][\/vc_column][vc_column width=&#8221;2\/3&#8243;][vc_empty_space height=&#8221;15px&#8221;][vc_column_text]Se voc\u00ea est\u00e1 em busca de uma <strong>assist\u00eancia t\u00e9cnica confi\u00e1vel para seu fog\u00e3o Elettromec<\/strong>, voc\u00ea est\u00e1 no lugar certo. A <strong>Assist\u00eancia T\u00e9cnica Elettromec<\/strong>\u00a0 da <strong>Eluxfrio<\/strong> oferece uma gama de servi\u00e7os especializados para garantir que seu fog\u00e3o continue funcionando de forma eficiente e segura, evitando preju\u00edzos e danos no futuro. A <strong>Assist\u00eancia T\u00e9cnica Fog\u00e3o Elettromec<\/strong> \u00e9 o que voc\u00ea precisa para manter seu aparelho em perfeito estado, sem complica\u00e7\u00f5es. Neste texto, abordaremos tudo o que voc\u00ea precisa saber sobre como podemos ajudar com <strong>conserto de fog\u00f5es Elettromec<\/strong>, <strong>conserto de Elettromec<\/strong>, <strong>manuten\u00e7\u00e3o fog\u00f5es Elettromec<\/strong> e <strong>troca de pe\u00e7as<\/strong>, al\u00e9m de como nossa equipe altamente qualificada est\u00e1 preparada para atender a todas as suas necessidades.[\/vc_column_text][\/vc_column][\/vc_row][vc_row][vc_column][vc_empty_space height=&#8221;40px&#8221;][\/vc_column][\/vc_row][vc_row][vc_column width=&#8221;1\/2&#8243;][vc_btn title=&#8221;WHATSAPP ASSIST\u00caNCIA 24H&#8221; style=&#8221;custom&#8221; custom_background=&#8221;#00aa08&#8243; custom_text=&#8221;#ffffff&#8221; shape=&#8221;round&#8221; size=&#8221;lg&#8221; align=&#8221;center&#8221; i_align=&#8221;right&#8221; i_icon_fontawesome=&#8221;fa fa-whatsapp&#8221; link=&#8221;url:https%3A%2F%2Fapi.whatsapp.com%2Fsend%3Fphone%3D551127701103%26text%3DPreciso%2520de%2520uma%2520Assist%25C3%25AAncia%2520T%25C3%25A9cnica%2520para%2520o%2520meu%2520Eletrodom%25C3%25A9stico&#8230;||target:%20_blank|&#8221; add_icon=&#8221;true&#8221;][\/vc_column][vc_column width=&#8221;1\/2&#8243;][vc_btn title=&#8221;LIGUE AGORA: (11) 2770-1103&#8243; style=&#8221;custom&#8221; custom_background=&#8221;#2a00a8&#8243; custom_text=&#8221;#ffffff&#8221; shape=&#8221;round&#8221; size=&#8221;lg&#8221; align=&#8221;center&#8221; i_icon_fontawesome=&#8221;fa fa-phone&#8221; link=&#8221;url:tel%3A%2B551127701103||target:%20_blank|&#8221; add_icon=&#8221;true&#8221;][\/vc_column][\/vc_row][vc_row][vc_column][vc_empty_space height=&#8221;40px&#8221;][vc_column_text]<\/p>\n<h2 style=\"text-align: center;\"><span style=\"color: #000080;\"><strong>Assist\u00eancia T\u00e9cnica Elettromec Eluxfrio: Profissionais Qualificados<br \/>\n<\/strong><\/span><\/h2>\n<p>[\/vc_column_text][vc_empty_space height=&#8221;10px&#8221;][vc_column_text]Quando seu <strong>fog\u00e3o Elettromec<\/strong> apresenta problemas, o mais importante \u00e9 buscar uma<strong> assist\u00eancia t\u00e9cnica especializada<\/strong> que tenha a experi\u00eancia e os recursos necess\u00e1rios para diagnosticar e corrigir os defeitos rapidamente. Com mais de 10 anos de experi\u00eancia, nossa <strong>assist\u00eancia t\u00e9cnica<\/strong> \u00e9 reconhecida pela excel\u00eancia no atendimento e pela qualidade dos servi\u00e7os prestados. Oferecemos reparos para todos os modelos de <strong>fog\u00f5es Elettromec<\/strong>, seja ele a g\u00e1s ou el\u00e9trico, atendendo \u00e0s necessidades espec\u00edficas de cada cliente.<\/p>\n<p>A equipe da <strong>Assist\u00eancia T\u00e9cnica Eluxfrio<\/strong> \u00e9 composta por t\u00e9cnicos especializados que s\u00e3o treinados para lidar com uma ampla variedade de defeitos, desde problemas simples at\u00e9 os mais complexos. Eles s\u00e3o capazes de identificar rapidamente a causa do defeito e propor a solu\u00e7\u00e3o mais eficiente, seja atrav\u00e9s de um <strong>conserto de fog\u00e3o<\/strong> ou <strong>manuten\u00e7\u00e3o de fog\u00f5es Elettromec<\/strong>.[\/vc_column_text][vc_empty_space][\/vc_column][\/vc_row][vc_row][vc_column][vc_column_text]<\/p>\n<h2 style=\"text-align: center;\"><span style=\"color: #000080;\"><strong>Conserto de Fog\u00f5es Elettromec: Como Funciona<\/strong><\/span><\/h2>\n<p>[\/vc_column_text][vc_empty_space height=&#8221;10px&#8221;][vc_column_text]Quando se trata de<strong> conserto de fog\u00f5es Elettromec<\/strong>, \u00e9 essencial que o servi\u00e7o seja realizado por profissionais qualificados, que entendem as particularidades de cada marca e modelo. Nossa <strong>assist\u00eancia t\u00e9cnica<\/strong> est\u00e1 preparada para realizar<strong> reparos em todas as pe\u00e7as e componentes do seu fog\u00e3o<\/strong>, desde o sistema de igni\u00e7\u00e3o at\u00e9 as v\u00e1lvulas de g\u00e1s.<\/p>\n<p style=\"text-align: center;\"><strong>Os servi\u00e7os que prestamos incluem:<\/strong><\/p>\n<p>[\/vc_column_text][vc_empty_space height=&#8221;20px&#8221;][vc_row_inner][vc_column_inner width=&#8221;1\/2&#8243;][vc_column_text]<strong>Troca de pe\u00e7as:<\/strong> Em muitos casos, o defeito do fog\u00e3o pode ser causado por uma pe\u00e7a danificada ou desgastada. Nossa equipe realiza a<strong> troca de pe\u00e7as com pe\u00e7as originais<\/strong> ou de alta qualidade para garantir o bom funcionamento do seu aparelho.[\/vc_column_text][\/vc_column_inner][vc_column_inner width=&#8221;1\/2&#8243;][vc_column_text]<strong>Verifica\u00e7\u00e3o e ajuste do sistema de igni\u00e7\u00e3o:<\/strong> Se o seu <strong>fog\u00e3o Elettromec<\/strong> n\u00e3o est\u00e1 acendendo ou a fa\u00edsca n\u00e3o est\u00e1 funcionando corretamente, nosso t\u00e9cnico pode realizar ajustes ou substituir as pe\u00e7as necess\u00e1rias para garantir que o sistema de igni\u00e7\u00e3o volte a funcionar.[\/vc_column_text][\/vc_column_inner][\/vc_row_inner][vc_empty_space height=&#8221;20px&#8221;][vc_row_inner][vc_column_inner width=&#8221;1\/2&#8243;][vc_column_text]<strong>Conserto de v\u00e1lvulas de g\u00e1s:<\/strong> Problemas nas v\u00e1lvulas de g\u00e1s podem ser perigosos. Caso o seu fog\u00e3o esteja com vazamento ou apresentando dificuldades para regular a chama, podemos realizar o reparo ou a substitui\u00e7\u00e3o das v\u00e1lvulas de g\u00e1s para garantir a seguran\u00e7a no uso do fog\u00e3o.[\/vc_column_text][\/vc_column_inner][vc_column_inner width=&#8221;1\/2&#8243;][vc_column_text]<strong>Manuten\u00e7\u00e3o geral:<\/strong> Al\u00e9m do<strong> conserto de fog\u00f5es Elettromec<\/strong>, tamb\u00e9m realizamos <strong>manuten\u00e7\u00f5es preventivas<\/strong> que visam identificar problemas antes que se tornem s\u00e9rios. A <strong>manuten\u00e7\u00e3o de fog\u00f5es Elettromec<\/strong> pode incluir a limpeza dos queimadores, checagem de circuitos el\u00e9tricos e o teste geral de todos os componentes.[\/vc_column_text][\/vc_column_inner][\/vc_row_inner][vc_empty_space height=&#8221;20px&#8221;][\/vc_column][\/vc_row][vc_row][vc_column][vc_column_text]<\/p>\n<h2 style=\"text-align: center;\"><span style=\"color: #000080;\"><strong>Por Que Optar pela Assist\u00eancia T\u00e9cnica Elettromec<\/strong><\/span><\/h2>\n<p>[\/vc_column_text][vc_empty_space height=&#8221;10px&#8221;][vc_column_text]Optar pela <strong>Assist\u00eancia T\u00e9cnica Elettromec<\/strong> \u00e9 garantir que seu fog\u00e3o ser\u00e1 tratado por profissionais que t\u00eam o conhecimento necess\u00e1rio para lidar com qualquer tipo de defeito. A<strong> Elettromec<\/strong> \u00e9 uma marca renomada e, por isso, exige um atendimento especializado. Nossa equipe est\u00e1 equipada com ferramentas de alta tecnologia para realizar diagn\u00f3sticos precisos e reparos r\u00e1pidos, de forma eficiente.<\/p>\n<p>Al\u00e9m disso, ao optar por nossa <strong>assist\u00eancia t\u00e9cnica<\/strong>, voc\u00ea est\u00e1 escolhendo a garantia de qualidade. Trabalhamos com <strong>pe\u00e7as originais<\/strong> e <strong>garantia de 90 dias em todos os reparos<\/strong>, qualquer conserto ser\u00e1 feito de acordo com os padr\u00f5es exigidos pelo fabricante. Isso significa que seu <strong>fog\u00e3o Elettromec<\/strong> estar\u00e1 em boas m\u00e3os e voc\u00ea pode continuar utilizando-o com seguran\u00e7a e efici\u00eancia.<\/p>\n<p>Outro ponto importante \u00e9 o tempo de resposta. Sabemos que o fog\u00e3o \u00e9 um eletrodom\u00e9stico essencial no dia a dia de qualquer fam\u00edlia, e por isso priorizamos um atendimento r\u00e1pido e eficiente, com a possibilidade de <strong>agendamento de visitas no hor\u00e1rio que melhor se adequa \u00e0 sua rotina<\/strong>.[\/vc_column_text][vc_empty_space height=&#8221;40px&#8221;][\/vc_column][\/vc_row][vc_row][vc_column width=&#8221;1\/2&#8243;][vc_btn title=&#8221;WHATSAPP ASSIST\u00caNCIA 24H&#8221; style=&#8221;custom&#8221; custom_background=&#8221;#00aa08&#8243; custom_text=&#8221;#ffffff&#8221; shape=&#8221;round&#8221; size=&#8221;lg&#8221; align=&#8221;center&#8221; i_align=&#8221;right&#8221; i_icon_fontawesome=&#8221;fa fa-whatsapp&#8221; link=&#8221;url:https%3A%2F%2Fapi.whatsapp.com%2Fsend%3Fphone%3D551127701103%26text%3DPreciso%2520de%2520uma%2520Assist%25C3%25AAncia%2520T%25C3%25A9cnica%2520para%2520o%2520meu%2520Eletrodom%25C3%25A9stico&#8230;||target:%20_blank|&#8221; add_icon=&#8221;true&#8221;][\/vc_column][vc_column width=&#8221;1\/2&#8243;][vc_btn title=&#8221;LIGUE AGORA: (11) 2770-1103&#8243; style=&#8221;custom&#8221; custom_background=&#8221;#2a00a8&#8243; custom_text=&#8221;#ffffff&#8221; shape=&#8221;round&#8221; size=&#8221;lg&#8221; align=&#8221;center&#8221; i_icon_fontawesome=&#8221;fa fa-phone&#8221; link=&#8221;url:tel%3A%2B551127701103||target:%20_blank|&#8221; add_icon=&#8221;true&#8221;][\/vc_column][\/vc_row][vc_row][vc_column][vc_empty_space height=&#8221;40px&#8221;][\/vc_column][\/vc_row][vc_row][vc_column][vc_column_text]<\/p>\n<h2 style=\"text-align: center;\"><span style=\"color: #000080;\"><strong>Quando Realizar o Conserto de Fog\u00e3o?<\/strong><\/span><\/h2>\n<p>[\/vc_column_text][vc_empty_space height=&#8221;10px&#8221;][vc_column_text]Sabemos que, ao longo do tempo, diversos fatores podem afetar o desempenho do seu <strong>fog\u00e3o Elettromec<\/strong>. Por\u00e9m, existem alguns sinais de alerta que indicam a necessidade de procurar um servi\u00e7o de <strong>assist\u00eancia t\u00e9cnica fog\u00e3o<\/strong> o quanto antes. Se voc\u00ea notar algum desses problemas, n\u00e3o hesite em <strong>entrar em contato conosco para agendar um atendimento<\/strong>:[\/vc_column_text][vc_empty_space height=&#8221;20px&#8221;][vc_row_inner][vc_column_inner width=&#8221;1\/2&#8243;][vc_column_text]<\/p>\n<ul>\n<li>A chama do fog\u00e3o est\u00e1 fraca ou irregular.<\/li>\n<li>O fog\u00e3o n\u00e3o est\u00e1 acendendo ou a igni\u00e7\u00e3o n\u00e3o funciona.<\/li>\n<li>H\u00e1 cheiro de g\u00e1s vindo do fog\u00e3o.<\/li>\n<\/ul>\n<p>[\/vc_column_text][\/vc_column_inner][vc_column_inner width=&#8221;1\/2&#8243;][vc_column_text]<\/p>\n<ul>\n<li>O fog\u00e3o demora para esquentar ou apresenta dificuldades para manter a temperatura.<\/li>\n<li>Os queimadores ou bot\u00f5es est\u00e3o danificados.<\/li>\n<\/ul>\n<p>[\/vc_column_text][\/vc_column_inner][\/vc_row_inner][vc_empty_space height=&#8221;20px&#8221;][vc_column_text]Nossos profissionais ir\u00e3o realizar um diagn\u00f3stico detalhado, oferecendo uma solu\u00e7\u00e3o r\u00e1pida e eficaz para resolver qualquer um desses problemas.[\/vc_column_text][\/vc_column][\/vc_row][vc_row][vc_column][vc_empty_space height=&#8221;20px&#8221;][vc_column_text]<\/p>\n<h2 style=\"text-align: center;\"><span style=\"color: #000080;\"><strong>Contate a Assist\u00eancia T\u00e9cnica Eluxfrio<\/strong><\/span><\/h2>\n<p>[\/vc_column_text][vc_empty_space height=&#8221;10px&#8221;][vc_column_text]Se voc\u00ea precisa de ajuda para o <strong>conserto de fog\u00f5es Elettromec<\/strong>, ou est\u00e1 em busca de um servi\u00e7o de<strong> manuten\u00e7\u00e3o para seu fog\u00e3o Elettromec<\/strong>, estamos \u00e0 disposi\u00e7\u00e3o para atender voc\u00ea. A <strong>Assist\u00eancia T\u00e9cnica Eluxfrio<\/strong> \u00e9 uma das mais confi\u00e1veis da <strong>regi\u00e3o de S\u00e3o Paulo<\/strong> e pode ajudar a garantir que seu fog\u00e3o esteja sempre funcionando como novo.<\/p>\n<p><a href=\"https:\/\/api.whatsapp.com\/send?phone=551127701103&amp;text=Preciso%20de%20uma%20Assist%C3%AAncia%20T%C3%A9cnica%20para%20o%20meu%20Eletrodom%C3%A9stico...\"><strong>Entre em contato conosco para agendar um atendimento especializado<\/strong><\/a>. Nossa equipe est\u00e1 pronta para ajud\u00e1-lo a resolver qualquer <strong>problema com seu fog\u00e3o Elettromec<\/strong>, proporcionando a melhor<strong> assist\u00eancia t\u00e9cnica fog\u00e3o da regi\u00e3o<\/strong>.[\/vc_column_text][vc_empty_space height=&#8221;40px&#8221;][\/vc_column][\/vc_row][vc_row][vc_column width=&#8221;1\/2&#8243;][vc_btn title=&#8221;WHATSAPP ASSIST\u00caNCIA 24H&#8221; style=&#8221;custom&#8221; custom_background=&#8221;#00aa08&#8243; custom_text=&#8221;#ffffff&#8221; shape=&#8221;round&#8221; size=&#8221;lg&#8221; align=&#8221;center&#8221; i_align=&#8221;right&#8221; i_icon_fontawesome=&#8221;fa fa-whatsapp&#8221; link=&#8221;url:https%3A%2F%2Fapi.whatsapp.com%2Fsend%3Fphone%3D551127701103%26text%3DPreciso%2520de%2520uma%2520Assist%25C3%25AAncia%2520T%25C3%25A9cnica%2520para%2520o%2520meu%2520Eletrodom%25C3%25A9stico&#8230;||target:%20_blank|&#8221; add_icon=&#8221;true&#8221;][\/vc_column][vc_column width=&#8221;1\/2&#8243;][vc_btn title=&#8221;LIGUE AGORA: (11) 2770-1103&#8243; style=&#8221;custom&#8221; custom_background=&#8221;#2a00a8&#8243; custom_text=&#8221;#ffffff&#8221; shape=&#8221;round&#8221; size=&#8221;lg&#8221; align=&#8221;center&#8221; i_icon_fontawesome=&#8221;fa fa-phone&#8221; link=&#8221;url:tel%3A%2B551127701103||target:%20_blank|&#8221; add_icon=&#8221;true&#8221;][\/vc_column][\/vc_row][vc_row][vc_column][vc_empty_space height=&#8221;60px&#8221;][\/vc_column][\/vc_row]<\/p>\n","protected":false},"excerpt":{"rendered":"<p>[vc_row][vc_column][vc_column_text] Conserto e Manuten\u00e7\u00e3o de Fog\u00f5es com Profissionais Especializados [\/vc_column_text][vc_empty_space][\/vc_column][\/vc_row][vc_row][vc_column width=&#8221;1\/3&#8243;][vc_single_image image=&#8221;3493&#8243; img_size=&#8221;full&#8221; alignment=&#8221;center&#8221;][\/vc_column][vc_column width=&#8221;2\/3&#8243;][vc_empty_space height=&#8221;15px&#8221;][vc_column_text]Se voc\u00ea est\u00e1 em busca de uma assist\u00eancia t\u00e9cnica confi\u00e1vel para seu fog\u00e3o Elettromec, voc\u00ea est\u00e1 no lugar certo. A Assist\u00eancia T\u00e9cnica Elettromec\u00a0 da Eluxfrio oferece uma gama de servi\u00e7os especializados para garantir que seu fog\u00e3o continue funcionando de forma [&hellip;]<\/p>\n","protected":false},"author":1,"featured_media":0,"parent":0,"menu_order":0,"comment_status":"closed","ping_status":"closed","template":"","meta":[],"yst_prominent_words":[],"_links":{"self":[{"href":"https:\/\/eluxfrio.com.br\/sao-paulo\/wp-json\/wp\/v2\/pages\/3488"}],"collection":[{"href":"https:\/\/eluxfrio.com.br\/sao-paulo\/wp-json\/wp\/v2\/pages"}],"about":[{"href":"https:\/\/eluxfrio.com.br\/sao-paulo\/wp-json\/wp\/v2\/types\/page"}],"author":[{"embeddable":true,"href":"https:\/\/eluxfrio.com.br\/sao-paulo\/wp-json\/wp\/v2\/users\/1"}],"replies":[{"embeddable":true,"href":"https:\/\/eluxfrio.com.br\/sao-paulo\/wp-json\/wp\/v2\/comments?post=3488"}],"version-history":[{"count":0,"href":"https:\/\/eluxfrio.com.br\/sao-paulo\/wp-json\/wp\/v2\/pages\/3488\/revisions"}],"wp:attachment":[{"href":"https:\/\/eluxfrio.com.br\/sao-paulo\/wp-json\/wp\/v2\/media?parent=3488"}],"wp:term":[{"taxonomy":"yst_prominent_words","embeddable":true,"href":"https:\/\/eluxfrio.com.br\/sao-paulo\/wp-json\/wp\/v2\/yst_prominent_words?post=3488"}],"curies":[{"name":"wp","href":"https:\/\/api.w.org\/{rel}","templated":true}]}}