{"id":4453,"date":"2025-08-27T11:13:54","date_gmt":"2025-08-27T14:13:54","guid":{"rendered":"https:\/\/eluxfrio.com.br\/sao-paulo\/?page_id=4453"},"modified":"2025-08-27T15:48:07","modified_gmt":"2025-08-27T18:48:07","slug":"instalacao-especializada-de-eletrodomesticos-em-sao-paulo","status":"publish","type":"page","link":"https:\/\/eluxfrio.com.br\/sao-paulo\/instalacao-especializada-de-eletrodomesticos-em-sao-paulo\/","title":{"rendered":"Instala\u00e7\u00e3o Especializada de Eletrodom\u00e9sticos em S\u00e3o Paulo"},"content":{"rendered":"<p>[vc_row full_width=&#8221;stretch_row_content_no_spaces&#8221; full_height=&#8221;yes&#8221; columns_placement=&#8221;stretch&#8221; equal_height=&#8221;yes&#8221; parallax_speed=&#8221;0&#8243; parallax_x=&#8221;0&#8243; parallax_y=&#8221;0&#8243; css=&#8221;.vc_custom_1756317770719{background-image: url(https:\/\/eluxfrio.com.br\/sao-paulo\/wp-content\/uploads\/2025\/08\/img-fundolp-elux.jpg?id=4465) !important;background-position: center !important;background-repeat: no-repeat !important;background-size: cover !important;}&#8221;][vc_column][vc_empty_space height=&#8221;50px&#8221;][vc_row_inner][vc_column_inner width=&#8221;1\/2&#8243;][vc_single_image image=&#8221;4464&#8243; img_size=&#8221;full&#8221; alignment=&#8221;center&#8221;][\/vc_column_inner][vc_column_inner width=&#8221;1\/2&#8243;][vc_column_text]<\/p>\n<h1><span style=\"color: #ffffff;\"><strong>Instala\u00e7\u00e3o Especializada de Eletrodom\u00e9sticos em S\u00e3o Paulo<\/strong><\/span><\/h1>\n<p><span style=\"color: #ffffff;\">Voc\u00ea precisa de uma empresa que preze pelos eletrodom\u00e9sticos, garanta uma instala\u00e7\u00e3o eficaz e seja confi\u00e1vel? Conte conosco!<\/span><\/p>\n<p><span style=\"color: #ffffff;\">Na Eluxfrio Assist\u00eancia T\u00e9cnica S\u00e3o Paulo, sabemos que cada projeto, residencial ou corporativo, exige excel\u00eancia em todos os detalhes, do planejamento \u00e0 execu\u00e7\u00e3o.<\/span>[\/vc_column_text][vc_empty_space height=&#8221;40px&#8221;][vc_btn title=&#8221;WHATSAPP ASSIST\u00caNCIA 24H&#8221; style=&#8221;custom&#8221; custom_background=&#8221;#00aa08&#8243; custom_text=&#8221;#ffffff&#8221; shape=&#8221;round&#8221; size=&#8221;lg&#8221; i_align=&#8221;right&#8221; i_icon_fontawesome=&#8221;fa fa-whatsapp&#8221; link=&#8221;url:https%3A%2F%2Fapi.whatsapp.com%2Fsend%3Fphone%3D551127701103%26text%3DPreciso%2520de%2520uma%2520Assist%25C3%25AAncia%2520T%25C3%25A9cnica%2520para%2520o%2520meu%2520Eletrodom%25C3%25A9stico&#8230;||target:%20_blank|&#8221; add_icon=&#8221;true&#8221;][\/vc_column_inner][\/vc_row_inner][vc_empty_space height=&#8221;70px&#8221;][\/vc_column][\/vc_row][vc_row][vc_column][vc_empty_space height=&#8221;50px&#8221;][vc_column_text]Por isso, oferecemos um servi\u00e7o personalizado de instala\u00e7\u00e3o de eletrodom\u00e9sticos premium, pensado tanto para arquitetos, engenheiros e empresas de arquitetura quanto para clientes finais que buscam confian\u00e7a e seguran\u00e7a.<\/p>\n<p>Nossa equipe \u00e9 composta por t\u00e9cnicos especializados em multimarcas, com experi\u00eancia comprovada em equipamentos premium. Atuamos na instala\u00e7\u00e3o de m\u00e1quinas de lavar, lava e seca, geladeiras, fog\u00f5es, cooktops e coifas, garantindo precis\u00e3o, seguran\u00e7a e qualidade em cada servi\u00e7o.[\/vc_column_text][vc_empty_space height=&#8221;30px&#8221;][\/vc_column][\/vc_row][vc_row][vc_column][vc_column_text]<\/p>\n<h2 style=\"text-align: center;\"><strong>Marcas Nacionais e Internacionais<\/strong><\/h2>\n<p style=\"text-align: center;\">Trabalhamos com marcas nacionais e internacionais de alto padr\u00e3o, como:<\/p>\n<p>[\/vc_column_text][vc_empty_space height=&#8221;30px&#8221;][\/vc_column][\/vc_row][vc_row][vc_column width=&#8221;1\/6&#8243;][vc_empty_space height=&#8221;100px&#8221;][vc_single_image image=&#8221;4466&#8243; img_size=&#8221;full&#8221; alignment=&#8221;center&#8221;][vc_column_text]<\/p>\n<p style=\"text-align: center;\"><strong>Lofra<\/strong><\/p>\n<p>[\/vc_column_text][\/vc_column][vc_column width=&#8221;1\/6&#8243;][vc_empty_space height=&#8221;105px&#8221;][vc_single_image image=&#8221;4467&#8243; img_size=&#8221;full&#8221; alignment=&#8221;center&#8221;][vc_column_text]<\/p>\n<p style=\"text-align: center;\"><strong>Bertazzoni<\/strong><\/p>\n<p>[\/vc_column_text][\/vc_column][vc_column width=&#8221;1\/6&#8243;][vc_single_image image=&#8221;4468&#8243; img_size=&#8221;full&#8221; alignment=&#8221;center&#8221;][vc_column_text]<\/p>\n<p style=\"text-align: center;\"><strong>Elettromec<\/strong><\/p>\n<p>[\/vc_column_text][\/vc_column][vc_column width=&#8221;1\/6&#8243;][vc_empty_space height=&#8221;120px&#8221;][vc_single_image image=&#8221;4469&#8243; img_size=&#8221;full&#8221; alignment=&#8221;center&#8221;][vc_column_text]<\/p>\n<p style=\"text-align: center;\"><strong>Cuisinart<\/strong><\/p>\n<p>[\/vc_column_text][\/vc_column][vc_column width=&#8221;1\/6&#8243;][vc_empty_space height=&#8221;100px&#8221;][vc_single_image image=&#8221;4470&#8243; img_size=&#8221;full&#8221; alignment=&#8221;center&#8221;][vc_column_text]<\/p>\n<p style=\"text-align: center;\"><strong>Breville<\/strong><\/p>\n<p>[\/vc_column_text][\/vc_column][vc_column width=&#8221;1\/6&#8243;][vc_empty_space height=&#8221;180px&#8221;][vc_single_image image=&#8221;4471&#8243; img_size=&#8221;full&#8221; alignment=&#8221;center&#8221;][vc_column_text]<\/p>\n<p style=\"text-align: center;\"><strong>Falmec<\/strong><\/p>\n<p>[\/vc_column_text][\/vc_column][\/vc_row][vc_row][vc_column][vc_empty_space height=&#8221;30px&#8221;][vc_column_text]<\/p>\n<p style=\"text-align: center;\"><strong>Entre outras marcas premium<\/strong><\/p>\n<p>[\/vc_column_text][vc_empty_space height=&#8221;60px&#8221;][\/vc_column][\/vc_row][vc_row][vc_column width=&#8221;1\/2&#8243;][vc_btn title=&#8221;WHATSAPP ASSIST\u00caNCIA 24H&#8221; style=&#8221;custom&#8221; custom_background=&#8221;#00aa08&#8243; custom_text=&#8221;#ffffff&#8221; shape=&#8221;round&#8221; size=&#8221;lg&#8221; i_align=&#8221;right&#8221; i_icon_fontawesome=&#8221;fa fa-whatsapp&#8221; link=&#8221;url:https%3A%2F%2Fapi.whatsapp.com%2Fsend%3Fphone%3D551127701103%26text%3DPreciso%2520de%2520uma%2520Assist%25C3%25AAncia%2520T%25C3%25A9cnica%2520para%2520o%2520meu%2520Eletrodom%25C3%25A9stico&#8230;||target:%20_blank|&#8221; add_icon=&#8221;true&#8221;][\/vc_column][vc_column width=&#8221;1\/2&#8243;][vc_btn title=&#8221;LIGUE AGORA: (11) 2770-1103&#8243; style=&#8221;custom&#8221; custom_background=&#8221;#2a00a8&#8243; custom_text=&#8221;#ffffff&#8221; shape=&#8221;round&#8221; size=&#8221;lg&#8221; align=&#8221;center&#8221; i_icon_fontawesome=&#8221;fa fa-phone&#8221; link=&#8221;url:tel%3A%2B551127701103||target:%20_blank|&#8221; add_icon=&#8221;true&#8221;][\/vc_column][\/vc_row][vc_row][vc_column][vc_empty_space height=&#8221;50px&#8221;][vc_column_text]<\/p>\n<h3 style=\"text-align: center;\"><strong>Por que escolher a Eluxfrio Assist\u00eancia T\u00e9cnica S\u00e3o Paulo?<\/strong><\/h3>\n<p>[\/vc_column_text][vc_empty_space height=&#8221;40px&#8221;][vc_message message_box_style=&#8221;solid-icon&#8221; message_box_color=&#8221;blue&#8221; icon_fontawesome=&#8221;fa fa-check-circle&#8221;]<span style=\"color: #000000;\">Atendimento exclusivo e personalizado, adaptado \u00e0s necessidades do seu projeto ou resid\u00eancia.<\/span>[\/vc_message][vc_message message_box_style=&#8221;solid-icon&#8221; message_box_color=&#8221;blue&#8221; icon_fontawesome=&#8221;fa fa-check-circle&#8221;]<span style=\"color: #000000;\">Know-how t\u00e9cnico em equipamentos premium multimarcas.<\/span>[\/vc_message][vc_message message_box_style=&#8221;solid-icon&#8221; message_box_color=&#8221;blue&#8221; icon_fontawesome=&#8221;fa fa-check-circle&#8221;]<span style=\"color: #000000;\">Seguran\u00e7a, credibilidade e discri\u00e7\u00e3o em cada servi\u00e7o.<\/span>[\/vc_message][vc_message message_box_style=&#8221;solid-icon&#8221; message_box_color=&#8221;blue&#8221; icon_fontawesome=&#8221;fa fa-check-circle&#8221;]<span style=\"color: #000000;\">Equipe qualificada e constantemente atualizada.<\/span>[\/vc_message][vc_message message_box_style=&#8221;solid-icon&#8221; message_box_color=&#8221;blue&#8221; icon_fontawesome=&#8221;fa fa-check-circle&#8221;]<span style=\"color: #000000;\">Atendimento especializado em S\u00e3o Paulo \u2013 Capital.<\/span>[\/vc_message][\/vc_column][\/vc_row][vc_row][vc_column][vc_empty_space height=&#8221;20px&#8221;][vc_column_text]Na <strong>Eluxfrio<\/strong>, atuamos como o bra\u00e7o t\u00e9cnico do seu projeto, cuidando da instala\u00e7\u00e3o dos eletrodom\u00e9sticos e oferecendo suporte completo para que voc\u00ea entregue ao seu cliente um ambiente sofisticado, funcional e sem preocupa\u00e7\u00f5es.<\/p>\n<p style=\"text-align: center;\"><strong>Entre em contato e descubra como podemos ser seu parceiro de confian\u00e7a em instala\u00e7\u00f5es t\u00e9cnicas domiciliares.<\/strong><\/p>\n<p>[\/vc_column_text][vc_empty_space height=&#8221;50px&#8221;][\/vc_column][\/vc_row][vc_row][vc_column width=&#8221;1\/2&#8243;][vc_btn title=&#8221;WHATSAPP ASSIST\u00caNCIA 24H&#8221; style=&#8221;custom&#8221; custom_background=&#8221;#00aa08&#8243; custom_text=&#8221;#ffffff&#8221; shape=&#8221;round&#8221; size=&#8221;lg&#8221; i_align=&#8221;right&#8221; i_icon_fontawesome=&#8221;fa fa-whatsapp&#8221; link=&#8221;url:https%3A%2F%2Fapi.whatsapp.com%2Fsend%3Fphone%3D551127701103%26text%3DPreciso%2520de%2520uma%2520Assist%25C3%25AAncia%2520T%25C3%25A9cnica%2520para%2520o%2520meu%2520Eletrodom%25C3%25A9stico&#8230;||target:%20_blank|&#8221; add_icon=&#8221;true&#8221;][\/vc_column][vc_column width=&#8221;1\/2&#8243;][vc_btn title=&#8221;LIGUE AGORA: (11) 2770-1103&#8243; style=&#8221;custom&#8221; custom_background=&#8221;#2a00a8&#8243; custom_text=&#8221;#ffffff&#8221; shape=&#8221;round&#8221; size=&#8221;lg&#8221; align=&#8221;center&#8221; i_icon_fontawesome=&#8221;fa fa-phone&#8221; link=&#8221;url:tel%3A%2B551127701103||target:%20_blank|&#8221; add_icon=&#8221;true&#8221;][\/vc_column][\/vc_row][vc_row][vc_column][vc_empty_space height=&#8221;50px&#8221;][\/vc_column][\/vc_row]<\/p>\n","protected":false},"excerpt":{"rendered":"<p>[vc_row full_width=&#8221;stretch_row_content_no_spaces&#8221; full_height=&#8221;yes&#8221; columns_placement=&#8221;stretch&#8221; equal_height=&#8221;yes&#8221; parallax_speed=&#8221;0&#8243; parallax_x=&#8221;0&#8243; parallax_y=&#8221;0&#8243; css=&#8221;.vc_custom_1756317770719{background-image: url(https:\/\/eluxfrio.com.br\/sao-paulo\/wp-content\/uploads\/2025\/08\/img-fundolp-elux.jpg?id=4465) !important;background-position: center !important;background-repeat: no-repeat !important;background-size: cover !important;}&#8221;][vc_column][vc_empty_space height=&#8221;50px&#8221;][vc_row_inner][vc_column_inner width=&#8221;1\/2&#8243;][vc_single_image image=&#8221;4464&#8243; img_size=&#8221;full&#8221; alignment=&#8221;center&#8221;][\/vc_column_inner][vc_column_inner width=&#8221;1\/2&#8243;][vc_column_text] Instala\u00e7\u00e3o Especializada de Eletrodom\u00e9sticos em S\u00e3o Paulo Voc\u00ea precisa de uma empresa que preze pelos eletrodom\u00e9sticos, garanta uma instala\u00e7\u00e3o eficaz e seja confi\u00e1vel? Conte conosco! Na Eluxfrio Assist\u00eancia T\u00e9cnica S\u00e3o Paulo, sabemos [&hellip;]<\/p>\n","protected":false},"author":1,"featured_media":0,"parent":0,"menu_order":0,"comment_status":"closed","ping_status":"closed","template":"templates\/template-fullwidth.php","meta":[],"yst_prominent_words":[],"_links":{"self":[{"href":"https:\/\/eluxfrio.com.br\/sao-paulo\/wp-json\/wp\/v2\/pages\/4453"}],"collection":[{"href":"https:\/\/eluxfrio.com.br\/sao-paulo\/wp-json\/wp\/v2\/pages"}],"about":[{"href":"https:\/\/eluxfrio.com.br\/sao-paulo\/wp-json\/wp\/v2\/types\/page"}],"author":[{"embeddable":true,"href":"https:\/\/eluxfrio.com.br\/sao-paulo\/wp-json\/wp\/v2\/users\/1"}],"replies":[{"embeddable":true,"href":"https:\/\/eluxfrio.com.br\/sao-paulo\/wp-json\/wp\/v2\/comments?post=4453"}],"version-history":[{"count":0,"href":"https:\/\/eluxfrio.com.br\/sao-paulo\/wp-json\/wp\/v2\/pages\/4453\/revisions"}],"wp:attachment":[{"href":"https:\/\/eluxfrio.com.br\/sao-paulo\/wp-json\/wp\/v2\/media?parent=4453"}],"wp:term":[{"taxonomy":"yst_prominent_words","embeddable":true,"href":"https:\/\/eluxfrio.com.br\/sao-paulo\/wp-json\/wp\/v2\/yst_prominent_words?post=4453"}],"curies":[{"name":"wp","href":"https:\/\/api.w.org\/{rel}","templated":true}]}}